{"id":19333,"date":"2026-03-10T14:35:53","date_gmt":"2026-03-10T14:35:53","guid":{"rendered":"https:\/\/mapospheres.eu\/product\/poster-of-malaga-spain-elevation-map\/"},"modified":"2026-03-13T13:57:08","modified_gmt":"2026-03-13T13:57:08","slug":"poster-of-malaga-spain-elevation-map","status":"publish","type":"product","link":"https:\/\/mapospheres.eu\/fr\/product\/poster-de-malaga-espagne-carte-altitude\/","title":{"rendered":"Poster de Malaga Espagne | Carte d'altitude"},"content":{"rendered":"<p><strong>Poster Carte d&rsquo;altitude de M\u00e1laga, Espagne : m\u00e9lange parfait de nature et de culture, d&rsquo;histoire et de modernit\u00e9, cette carte de M\u00e1laga n&rsquo;est pas qu&rsquo;une simple pi\u00e8ce d\u00e9corative, mais un hommage \u00e0 une ville o\u00f9 chaque recoin rec\u00e8le une histoire, et chaque colline une vue qui m\u00e9rite d&rsquo;\u00eatre savour\u00e9e.<\/strong><\/p>\n<p>Cette carte saisissante de M\u00e1laga offre un regard unique et visuellement envo\u00fbtant sur l&rsquo;une des villes les plus enchanteresses d&rsquo;Espagne. Nich\u00e9e entre les collines escarp\u00e9es des Montes de M\u00e1laga et la douce courbe de la M\u00e9diterran\u00e9e, la carte met magnifiquement en valeur la topographie de la ville, ses collines ondulantes et ses douces plaines c\u00f4ti\u00e8res cr\u00e9ant une atmosph\u00e8re \u00e0 la fois dynamique et apaisante. Les courbes de niveau distinctives de la carte soulignent le relief vallonn\u00e9 de M\u00e1laga, o\u00f9 le c\u00e9l\u00e8bre ch\u00e2teau de Gibralfaro se dresse fi\u00e8rement, veillant sur la ville comme il le fait depuis des si\u00e8cles, tel un sage gardien b\u00e9n\u00e9ficiant d&rsquo;une vue panoramique sur la cit\u00e9 bouillonnante et le littoral scintillant. Une douce \u00e9tendue verte de parcs et d&rsquo;espaces naturels marque le c\u0153ur de M\u00e1laga, avec des zones luxuriantes comme l&rsquo;Alameda Principal, invitant les visiteurs \u00e0 se promener \u00e0 l&rsquo;ombre des palmiers. Le Parque de M\u00e1laga, v\u00e9ritable tr\u00e9sor botanique, semble d\u00e9border de vie tandis que sa verdure ondoie sur la carte, offrant un contraste rafra\u00eechissant avec les rues anim\u00e9es de la ville. Les plages voisines de La Malagueta, baign\u00e9es d&rsquo;un bleu azur\u00e9, offrent un \u00e9quilibre saisissant entre vie urbaine et nature, donnant \u00e0 la carte une vitalit\u00e9 aussi intense que la ville elle-m\u00eame. Mais M\u00e1laga n&rsquo;est pas seulement une ville de paysages enchanteurs \u2014 elle est aussi impr\u00e9gn\u00e9e d&rsquo;histoire et de r\u00e9cits qui ont fa\u00e7onn\u00e9 son paysage si singulier. Sur cette carte, les ruelles sinueuses autour de l&rsquo;historique Alcazaba, forteresse imposante qui r\u00e9sonne des \u00e9chos de la domination maure, serpentent comme d&rsquo;anciens chemins vers le pass\u00e9. Le Th\u00e9\u00e2tre Romain voisin, paisiblement nich\u00e9 au pied de l&rsquo;Alcazaba, conte des histoires de civilisations depuis longtemps disparues mais toujours bien pr\u00e9sentes dans l&rsquo;\u00e2me de la ville. Les lieux embl\u00e9matiques de M\u00e1laga, comme la magnifique Cath\u00e9drale \u2014 souvent surnomm\u00e9e \u00ab La Manquita \u00bb pour sa tour inachev\u00e9e \u2014 semblent surgir de la carte, leurs silhouettes iconiques ajoutant \u00e0 la fois \u00e9l\u00e9gance et une touche de myst\u00e8re \u00e0 la composition. Les quartiers color\u00e9s et les ruelles \u00e9troites autour de la vieille ville vibrent de l&rsquo;\u00e9nergie des bars \u00e0 tapas, des rythmes flamenco et des performances de rue improvis\u00e9es, toutes subtilement \u00e9voqu\u00e9es dans les d\u00e9tails de la carte. Encadrant ce paysage urbain si singulier, le contraste vibrant entre mer, ciel et terre cr\u00e9e un \u00e9quilibre qui semble \u00e0 la fois ancr\u00e9 et infini. Que vous ayez arpent\u00e9 ses rues ou que vous r\u00eaviez de le faire, cette carte capture l&rsquo;essence de M\u00e1laga dans toute sa splendeur color\u00e9e et baign\u00e9e de soleil.<\/p>\n","protected":false},"excerpt":{"rendered":"<p>Obtenez ce Poster Carte d&rsquo;altitude de Malaga, Espagne,  en tant que carte murale. Vous pouvez choisir la taille ou le design de votre carte !<\/p>\n","protected":false},"featured_media":20632,"template":"","meta":{"_uag_custom_page_level_css":"","_monsterinsights_skip_tracking":false,"_monsterinsights_sitenote_active":false,"_monsterinsights_sitenote_note":"","_monsterinsights_sitenote_category":0,"site-sidebar-layout":"default","site-content-layout":"","ast-site-content-layout":"default","site-content-style":"default","site-sidebar-style":"default","ast-global-header-display":"","ast-banner-title-visibility":"","ast-main-header-display":"","ast-hfb-above-header-display":"","ast-hfb-below-header-display":"","ast-hfb-mobile-header-display":"","site-post-title":"","ast-breadcrumbs-content":"","ast-featured-img":"","footer-sml-layout":"","ast-disable-related-posts":"","theme-transparent-header-meta":"default","adv-header-id-meta":"","stick-header-meta":"","header-above-stick-meta":"","header-main-stick-meta":"","header-below-stick-meta":"","astra-migrate-meta-layouts":"set","ast-page-background-enabled":"default","ast-page-background-meta":{"desktop":{"background-color":"","background-image":"","background-repeat":"repeat","background-position":"center center","background-size":"auto","background-attachment":"scroll","background-type":"","background-media":"","overlay-type":"","overlay-color":"","overlay-opacity":"","overlay-gradient":""},"tablet":{"background-color":"","background-image":"","background-repeat":"repeat","background-position":"center center","background-size":"auto","background-attachment":"scroll","background-type":"","background-media":"","overlay-type":"","overlay-color":"","overlay-opacity":"","overlay-gradient":""},"mobile":{"background-color":"","background-image":"","background-repeat":"repeat","background-position":"center center","background-size":"auto","background-attachment":"scroll","background-type":"","background-media":"","overlay-type":"","overlay-color":"","overlay-opacity":"","overlay-gradient":""}},"ast-content-background-meta":{"desktop":{"background-color":"var(--ast-global-color-5)","background-image":"","background-repeat":"repeat","background-position":"center center","background-size":"auto","background-attachment":"scroll","background-type":"","background-media":"","overlay-type":"","overlay-color":"","overlay-opacity":"","overlay-gradient":""},"tablet":{"background-color":"var(--ast-global-color-5)","background-image":"","background-repeat":"repeat","background-position":"center center","background-size":"auto","background-attachment":"scroll","background-type":"","background-media":"","overlay-type":"","overlay-color":"","overlay-opacity":"","overlay-gradient":""},"mobile":{"background-color":"var(--ast-global-color-5)","background-image":"","background-repeat":"repeat","background-position":"center center","background-size":"auto","background-attachment":"scroll","background-type":"","background-media":"","overlay-type":"","overlay-color":"","overlay-opacity":"","overlay-gradient":""}}},"product_brand":[],"product_cat":[90,464,465],"product_tag":[34,35,36,39,92,318,319,93,878,99],"class_list":{"0":"post-19333","1":"product","2":"type-product","3":"status-publish","4":"has-post-thumbnail","6":"product_cat-elevation-maps","7":"product_cat-featured_fr","8":"product_cat-featured_esp","9":"product_tag-30x40","10":"product_tag-40x50","11":"product_tag-50x70","12":"product_tag-canvas","13":"product_tag-elevation-map","14":"product_tag-espagne","15":"product_tag-espana","16":"product_tag-europe","17":"product_tag-malaga","18":"product_tag-spain","19":"desktop-align-left","20":"tablet-align-left","21":"mobile-align-left","23":"first","24":"instock","25":"shipping-taxable","26":"purchasable","27":"product-type-variable"},"aioseo_notices":[],"uagb_featured_image_src":{"full":["https:\/\/mapospheres.eu\/wp-content\/uploads\/2026\/03\/ELEV_1FULLPAGE2-1.jpg",1000,1000,false],"thumbnail":["https:\/\/mapospheres.eu\/wp-content\/uploads\/2026\/03\/ELEV_1FULLPAGE2-1-150x150.jpg",150,150,true],"medium":["https:\/\/mapospheres.eu\/wp-content\/uploads\/2026\/03\/ELEV_1FULLPAGE2-1-300x300.jpg",300,300,true],"medium_large":["https:\/\/mapospheres.eu\/wp-content\/uploads\/2026\/03\/ELEV_1FULLPAGE2-1-768x768.jpg",768,768,true],"large":["https:\/\/mapospheres.eu\/wp-content\/uploads\/2026\/03\/ELEV_1FULLPAGE2-1.jpg",1000,1000,false],"1536x1536":["https:\/\/mapospheres.eu\/wp-content\/uploads\/2026\/03\/ELEV_1FULLPAGE2-1.jpg",1000,1000,false],"2048x2048":["https:\/\/mapospheres.eu\/wp-content\/uploads\/2026\/03\/ELEV_1FULLPAGE2-1.jpg",1000,1000,false],"woocommerce_thumbnail":["https:\/\/mapospheres.eu\/wp-content\/uploads\/2026\/03\/ELEV_1FULLPAGE2-1-300x300.jpg",300,300,true],"woocommerce_single":["https:\/\/mapospheres.eu\/wp-content\/uploads\/2026\/03\/ELEV_1FULLPAGE2-1-600x600.jpg",600,600,true],"woocommerce_gallery_thumbnail":["https:\/\/mapospheres.eu\/wp-content\/uploads\/2026\/03\/ELEV_1FULLPAGE2-1-100x100.jpg",100,100,true]},"uagb_author_info":{"display_name":"sgainot04@gmail.com","author_link":"https:\/\/mapospheres.eu\/fr\/author\/"},"uagb_comment_info":0,"uagb_excerpt":"Obtenez ce Poster Carte d'altitude de Malaga, Espagne, en tant que carte murale. Vous pouvez choisir la taille ou le design de votre carte !","_links":{"self":[{"href":"https:\/\/mapospheres.eu\/fr\/wp-json\/wp\/v2\/product\/19333","targetHints":{"allow":["GET"]}}],"collection":[{"href":"https:\/\/mapospheres.eu\/fr\/wp-json\/wp\/v2\/product"}],"about":[{"href":"https:\/\/mapospheres.eu\/fr\/wp-json\/wp\/v2\/types\/product"}],"wp:featuredmedia":[{"embeddable":true,"href":"https:\/\/mapospheres.eu\/fr\/wp-json\/wp\/v2\/media\/20632"}],"wp:attachment":[{"href":"https:\/\/mapospheres.eu\/fr\/wp-json\/wp\/v2\/media?parent=19333"}],"wp:term":[{"taxonomy":"product_brand","embeddable":true,"href":"https:\/\/mapospheres.eu\/fr\/wp-json\/wp\/v2\/product_brand?post=19333"},{"taxonomy":"product_cat","embeddable":true,"href":"https:\/\/mapospheres.eu\/fr\/wp-json\/wp\/v2\/product_cat?post=19333"},{"taxonomy":"product_tag","embeddable":true,"href":"https:\/\/mapospheres.eu\/fr\/wp-json\/wp\/v2\/product_tag?post=19333"}],"curies":[{"name":"wp","href":"https:\/\/api.w.org\/{rel}","templated":true}]}}