{"id":19335,"date":"2026-03-10T14:36:01","date_gmt":"2026-03-10T14:36:01","guid":{"rendered":"https:\/\/mapospheres.eu\/product\/poster-of-bygdoszcz-poland\/"},"modified":"2026-03-13T13:56:48","modified_gmt":"2026-03-13T13:56:48","slug":"poster-of-bygdoszcz-poland","status":"publish","type":"product","link":"https:\/\/mapospheres.eu\/fr\/product\/poster-de-bygdoszcz-pologne\/","title":{"rendered":"Poster de Bygdoszcz | Pologne"},"content":{"rendered":"<p><strong>Poster City map de Bydgoszcz, Pologne : les fa\u00e7ades color\u00e9es des b\u00e2timents historiques apportent une touche de vivacit\u00e9 \u00e0 cette carte, vous transportant dans le temps vers un march\u00e9 grouillant de vie, de rires et de bavardages.<\/strong><\/p>\n<p>Nich\u00e9e sur les rives pittoresques de la rivi\u00e8re Brda, Bydgoszcz se d\u00e9ploie avec gr\u00e2ce sur notre carte, r\u00e9v\u00e9lant ses traits g\u00e9ographiques si singuliers, o\u00f9 collines et cours d&rsquo;eau sinueux sont repr\u00e9sent\u00e9s avec une pr\u00e9cision telle que l&rsquo;on croirait voir couler l&rsquo;essence m\u00eame de la rivi\u00e8re \u00e0 travers les lignes et les contours. La rivi\u00e8re Brda abritait jadis une ondine espi\u00e8gle, qui guidait avec malice les voyageurs le long de son cours sinueux \u2014 peut-\u00eatre en apercevrez-vous la silhouette fugace au fil de votre exploration de la carte ! La beaut\u00e9 g\u00e9n\u00e9reuse de l&rsquo;\u00cele des Moulins, avec ses jardins tranquilles et ses b\u00e2timents historiques, est saisie avec une pr\u00e9cision exquise. Imaginez-vous d\u00e9ambulant dans ces paysages idylliques, le parfum des fleurs embaumant l&rsquo;air et le chant des oiseaux emplissant vos oreilles. Au c\u0153ur de la ville se dresse la majestueuse Vieille Ville, t\u00e9moignage \u00e9loquent du riche patrimoine architectural de Bydgoszcz. La carte met \u00e9galement en lumi\u00e8re l&#8217;embl\u00e9matique Op\u00e9ra de Bydgoszcz, joyau culturel qui enchante son public depuis des si\u00e8cles avec ses repr\u00e9sentations \u00e9blouissantes. Qu&rsquo;il s&rsquo;agisse d&rsquo;un op\u00e9ra envo\u00fbtant ou d&rsquo;un ballet virtuose, l&rsquo;Op\u00e9ra apporte une touche d&rsquo;\u00e9l\u00e9gance et de raffinement \u00e0 la ligne d&rsquo;horizon de la ville.<\/p>\n","protected":false},"excerpt":{"rendered":"<p>Obtenez une City Map \u2013 Carte de ville murale &#8211; imprim\u00e9e de la ville de Bygdoszcz, Pologne.<br \/>\nChoisissez ci-dessous la taille, la couleur et le design de votre carte !<\/p>\n","protected":false},"featured_media":20181,"template":"","meta":{"_uag_custom_page_level_css":"","_monsterinsights_skip_tracking":false,"_monsterinsights_sitenote_active":false,"_monsterinsights_sitenote_note":"","_monsterinsights_sitenote_category":0,"site-sidebar-layout":"default","site-content-layout":"","ast-site-content-layout":"default","site-content-style":"default","site-sidebar-style":"default","ast-global-header-display":"","ast-banner-title-visibility":"","ast-main-header-display":"","ast-hfb-above-header-display":"","ast-hfb-below-header-display":"","ast-hfb-mobile-header-display":"","site-post-title":"","ast-breadcrumbs-content":"","ast-featured-img":"","footer-sml-layout":"","ast-disable-related-posts":"","theme-transparent-header-meta":"default","adv-header-id-meta":"","stick-header-meta":"","header-above-stick-meta":"","header-main-stick-meta":"","header-below-stick-meta":"","astra-migrate-meta-layouts":"set","ast-page-background-enabled":"default","ast-page-background-meta":{"desktop":{"background-color":"","background-image":"","background-repeat":"repeat","background-position":"center center","background-size":"auto","background-attachment":"scroll","background-type":"","background-media":"","overlay-type":"","overlay-color":"","overlay-opacity":"","overlay-gradient":""},"tablet":{"background-color":"","background-image":"","background-repeat":"repeat","background-position":"center center","background-size":"auto","background-attachment":"scroll","background-type":"","background-media":"","overlay-type":"","overlay-color":"","overlay-opacity":"","overlay-gradient":""},"mobile":{"background-color":"","background-image":"","background-repeat":"repeat","background-position":"center center","background-size":"auto","background-attachment":"scroll","background-type":"","background-media":"","overlay-type":"","overlay-color":"","overlay-opacity":"","overlay-gradient":""}},"ast-content-background-meta":{"desktop":{"background-color":"var(--ast-global-color-5)","background-image":"","background-repeat":"repeat","background-position":"center center","background-size":"auto","background-attachment":"scroll","background-type":"","background-media":"","overlay-type":"","overlay-color":"","overlay-opacity":"","overlay-gradient":""},"tablet":{"background-color":"var(--ast-global-color-5)","background-image":"","background-repeat":"repeat","background-position":"center center","background-size":"auto","background-attachment":"scroll","background-type":"","background-media":"","overlay-type":"","overlay-color":"","overlay-opacity":"","overlay-gradient":""},"mobile":{"background-color":"var(--ast-global-color-5)","background-image":"","background-repeat":"repeat","background-position":"center center","background-size":"auto","background-attachment":"scroll","background-type":"","background-media":"","overlay-type":"","overlay-color":"","overlay-opacity":"","overlay-gradient":""}}},"product_brand":[],"product_cat":[18],"product_tag":[34,35,36,37,866,39,40,93,349,855],"class_list":{"0":"post-19335","1":"product","2":"type-product","3":"status-publish","4":"has-post-thumbnail","6":"product_cat-city-maps","7":"product_tag-30x40","8":"product_tag-40x50","9":"product_tag-50x70","10":"product_tag-70x100","11":"product_tag-bygdoszcz","12":"product_tag-canvas","13":"product_tag-city-map","14":"product_tag-europe","15":"product_tag-poland","16":"product_tag-polska","17":"desktop-align-left","18":"tablet-align-left","19":"mobile-align-left","21":"first","22":"instock","23":"shipping-taxable","24":"purchasable","25":"product-type-variable"},"aioseo_notices":[],"uagb_featured_image_src":{"full":["https:\/\/mapospheres.eu\/wp-content\/uploads\/2026\/03\/Z21_NIGHT_FULL__BYGDOSZCZ.jpg",1000,1000,false],"thumbnail":["https:\/\/mapospheres.eu\/wp-content\/uploads\/2026\/03\/Z21_NIGHT_FULL__BYGDOSZCZ-150x150.jpg",150,150,true],"medium":["https:\/\/mapospheres.eu\/wp-content\/uploads\/2026\/03\/Z21_NIGHT_FULL__BYGDOSZCZ-300x300.jpg",300,300,true],"medium_large":["https:\/\/mapospheres.eu\/wp-content\/uploads\/2026\/03\/Z21_NIGHT_FULL__BYGDOSZCZ-768x768.jpg",768,768,true],"large":["https:\/\/mapospheres.eu\/wp-content\/uploads\/2026\/03\/Z21_NIGHT_FULL__BYGDOSZCZ.jpg",1000,1000,false],"1536x1536":["https:\/\/mapospheres.eu\/wp-content\/uploads\/2026\/03\/Z21_NIGHT_FULL__BYGDOSZCZ.jpg",1000,1000,false],"2048x2048":["https:\/\/mapospheres.eu\/wp-content\/uploads\/2026\/03\/Z21_NIGHT_FULL__BYGDOSZCZ.jpg",1000,1000,false],"woocommerce_thumbnail":["https:\/\/mapospheres.eu\/wp-content\/uploads\/2026\/03\/Z21_NIGHT_FULL__BYGDOSZCZ-300x300.jpg",300,300,true],"woocommerce_single":["https:\/\/mapospheres.eu\/wp-content\/uploads\/2026\/03\/Z21_NIGHT_FULL__BYGDOSZCZ-600x600.jpg",600,600,true],"woocommerce_gallery_thumbnail":["https:\/\/mapospheres.eu\/wp-content\/uploads\/2026\/03\/Z21_NIGHT_FULL__BYGDOSZCZ-100x100.jpg",100,100,true]},"uagb_author_info":{"display_name":"sgainot04@gmail.com","author_link":"https:\/\/mapospheres.eu\/fr\/author\/"},"uagb_comment_info":0,"uagb_excerpt":"Obtenez une City Map \u2013 Carte de ville murale - imprim\u00e9e de la ville de Bygdoszcz, Pologne. Choisissez ci-dessous la taille, la couleur et le design de votre carte !","_links":{"self":[{"href":"https:\/\/mapospheres.eu\/fr\/wp-json\/wp\/v2\/product\/19335","targetHints":{"allow":["GET"]}}],"collection":[{"href":"https:\/\/mapospheres.eu\/fr\/wp-json\/wp\/v2\/product"}],"about":[{"href":"https:\/\/mapospheres.eu\/fr\/wp-json\/wp\/v2\/types\/product"}],"wp:featuredmedia":[{"embeddable":true,"href":"https:\/\/mapospheres.eu\/fr\/wp-json\/wp\/v2\/media\/20181"}],"wp:attachment":[{"href":"https:\/\/mapospheres.eu\/fr\/wp-json\/wp\/v2\/media?parent=19335"}],"wp:term":[{"taxonomy":"product_brand","embeddable":true,"href":"https:\/\/mapospheres.eu\/fr\/wp-json\/wp\/v2\/product_brand?post=19335"},{"taxonomy":"product_cat","embeddable":true,"href":"https:\/\/mapospheres.eu\/fr\/wp-json\/wp\/v2\/product_cat?post=19335"},{"taxonomy":"product_tag","embeddable":true,"href":"https:\/\/mapospheres.eu\/fr\/wp-json\/wp\/v2\/product_tag?post=19335"}],"curies":[{"name":"wp","href":"https:\/\/api.w.org\/{rel}","templated":true}]}}