{"id":19336,"date":"2026-03-10T14:36:07","date_gmt":"2026-03-10T14:36:07","guid":{"rendered":"https:\/\/mapospheres.eu\/product\/poster-of-elblag-poland\/"},"modified":"2026-03-13T13:56:55","modified_gmt":"2026-03-13T13:56:55","slug":"poster-of-elblag-poland","status":"publish","type":"product","link":"https:\/\/mapospheres.eu\/fr\/product\/poster-d-elblag-pologne\/","title":{"rendered":"Poster d'Elblag | Pologne"},"content":{"rendered":"<p><strong>Poster City map d&rsquo;Elbl\u0105g, Pologne : un voyage \u00e0 travers la riche histoire et les paysages saisissants d&rsquo;Elbl\u0105g, une \u0153uvre faite pour orner votre mur avec charme et \u00e9l\u00e9gance.<\/strong><\/p>\n<p>Le long des rives tranquilles de la rivi\u00e8re Elbl\u0105g, Elbl\u0105g se d\u00e9ploie avec gr\u00e2ce sur notre carte, r\u00e9v\u00e9lant ses traits g\u00e9ographiques si singuliers. La rivi\u00e8re abritait jadis un esprit aquatique espi\u00e8gle, qui jouait des tours aux voyageurs imprudents \u2014 peut-\u00eatre en apercevrez-vous la silhouette fugace au fil de votre exploration de la carte ! La beaut\u00e9 verdoyante du Planty Park, avec ses all\u00e9es sinueuses et sa flore color\u00e9e, est saisie avec une pr\u00e9cision exquise. Imaginez-vous fl\u00e2nant dans ces jardins apaisants, le parfum des fleurs embaumant l&rsquo;air et le chant des oiseaux r\u00e9sonnant \u00e0 travers les frondaisons. Au c\u0153ur de la ville se dresse la majestueuse cath\u00e9drale Saint-Nicolas, t\u00e9moignage \u00e9loquent du riche patrimoine architectural d&rsquo;Elbl\u0105g. Ce lieu historique embl\u00e9matique, avec ses fl\u00e8ches alti\u00e8res et sa fa\u00e7ade finement cisel\u00e9e, veille sur la ville depuis des si\u00e8cles. Si vous tendez l&rsquo;oreille, vous entendrez les murmures des pierres ancestrales de la cath\u00e9drale, chacune portant en elle un r\u00e9cit du pass\u00e9. La carte d\u00e9taille \u00e9galement avec tendresse la place du March\u00e9 anim\u00e9e, o\u00f9 marchands et commer\u00e7ants se sont rassembl\u00e9s pendant des si\u00e8cles pour acheter, vendre et \u00e9changer. Les fa\u00e7ades color\u00e9es des b\u00e2timents historiques ajoutent une touche de vivacit\u00e9 \u00e0 la carte, vous transportant dans le temps vers un march\u00e9 grouillant de vie, de rires et de bavardages.<\/p>\n","protected":false},"excerpt":{"rendered":"<p>Obtenez une City Map \u2013 Carte de ville murale &#8211; imprim\u00e9e de la ville d&rsquo;Elblag, Pologne.<br \/>\nChoisissez ci-dessous la taille, la couleur et le design de votre carte !<\/p>\n","protected":false},"featured_media":20174,"template":"","meta":{"_uag_custom_page_level_css":"","_monsterinsights_skip_tracking":false,"_monsterinsights_sitenote_active":false,"_monsterinsights_sitenote_note":"","_monsterinsights_sitenote_category":0,"site-sidebar-layout":"default","site-content-layout":"","ast-site-content-layout":"default","site-content-style":"default","site-sidebar-style":"default","ast-global-header-display":"","ast-banner-title-visibility":"","ast-main-header-display":"","ast-hfb-above-header-display":"","ast-hfb-below-header-display":"","ast-hfb-mobile-header-display":"","site-post-title":"","ast-breadcrumbs-content":"","ast-featured-img":"","footer-sml-layout":"","ast-disable-related-posts":"","theme-transparent-header-meta":"default","adv-header-id-meta":"","stick-header-meta":"","header-above-stick-meta":"","header-main-stick-meta":"","header-below-stick-meta":"","astra-migrate-meta-layouts":"set","ast-page-background-enabled":"default","ast-page-background-meta":{"desktop":{"background-color":"","background-image":"","background-repeat":"repeat","background-position":"center center","background-size":"auto","background-attachment":"scroll","background-type":"","background-media":"","overlay-type":"","overlay-color":"","overlay-opacity":"","overlay-gradient":""},"tablet":{"background-color":"","background-image":"","background-repeat":"repeat","background-position":"center center","background-size":"auto","background-attachment":"scroll","background-type":"","background-media":"","overlay-type":"","overlay-color":"","overlay-opacity":"","overlay-gradient":""},"mobile":{"background-color":"","background-image":"","background-repeat":"repeat","background-position":"center center","background-size":"auto","background-attachment":"scroll","background-type":"","background-media":"","overlay-type":"","overlay-color":"","overlay-opacity":"","overlay-gradient":""}},"ast-content-background-meta":{"desktop":{"background-color":"var(--ast-global-color-5)","background-image":"","background-repeat":"repeat","background-position":"center center","background-size":"auto","background-attachment":"scroll","background-type":"","background-media":"","overlay-type":"","overlay-color":"","overlay-opacity":"","overlay-gradient":""},"tablet":{"background-color":"var(--ast-global-color-5)","background-image":"","background-repeat":"repeat","background-position":"center center","background-size":"auto","background-attachment":"scroll","background-type":"","background-media":"","overlay-type":"","overlay-color":"","overlay-opacity":"","overlay-gradient":""},"mobile":{"background-color":"var(--ast-global-color-5)","background-image":"","background-repeat":"repeat","background-position":"center center","background-size":"auto","background-attachment":"scroll","background-type":"","background-media":"","overlay-type":"","overlay-color":"","overlay-opacity":"","overlay-gradient":""}}},"product_brand":[],"product_cat":[18],"product_tag":[34,35,36,37,39,40,865,93,349,855],"class_list":{"0":"post-19336","1":"product","2":"type-product","3":"status-publish","4":"has-post-thumbnail","6":"product_cat-city-maps","7":"product_tag-30x40","8":"product_tag-40x50","9":"product_tag-50x70","10":"product_tag-70x100","11":"product_tag-canvas","12":"product_tag-city-map","13":"product_tag-elblag","14":"product_tag-europe","15":"product_tag-poland","16":"product_tag-polska","17":"desktop-align-left","18":"tablet-align-left","19":"mobile-align-left","21":"first","22":"instock","23":"shipping-taxable","24":"purchasable","25":"product-type-variable"},"aioseo_notices":[],"uagb_featured_image_src":{"full":["https:\/\/mapospheres.eu\/wp-content\/uploads\/2026\/03\/Z27_BW_ROUND__ELBLAG.jpg",1000,1000,false],"thumbnail":["https:\/\/mapospheres.eu\/wp-content\/uploads\/2026\/03\/Z27_BW_ROUND__ELBLAG-150x150.jpg",150,150,true],"medium":["https:\/\/mapospheres.eu\/wp-content\/uploads\/2026\/03\/Z27_BW_ROUND__ELBLAG-300x300.jpg",300,300,true],"medium_large":["https:\/\/mapospheres.eu\/wp-content\/uploads\/2026\/03\/Z27_BW_ROUND__ELBLAG-768x768.jpg",768,768,true],"large":["https:\/\/mapospheres.eu\/wp-content\/uploads\/2026\/03\/Z27_BW_ROUND__ELBLAG.jpg",1000,1000,false],"1536x1536":["https:\/\/mapospheres.eu\/wp-content\/uploads\/2026\/03\/Z27_BW_ROUND__ELBLAG.jpg",1000,1000,false],"2048x2048":["https:\/\/mapospheres.eu\/wp-content\/uploads\/2026\/03\/Z27_BW_ROUND__ELBLAG.jpg",1000,1000,false],"woocommerce_thumbnail":["https:\/\/mapospheres.eu\/wp-content\/uploads\/2026\/03\/Z27_BW_ROUND__ELBLAG-300x300.jpg",300,300,true],"woocommerce_single":["https:\/\/mapospheres.eu\/wp-content\/uploads\/2026\/03\/Z27_BW_ROUND__ELBLAG-600x600.jpg",600,600,true],"woocommerce_gallery_thumbnail":["https:\/\/mapospheres.eu\/wp-content\/uploads\/2026\/03\/Z27_BW_ROUND__ELBLAG-100x100.jpg",100,100,true]},"uagb_author_info":{"display_name":"sgainot04@gmail.com","author_link":"https:\/\/mapospheres.eu\/fr\/author\/"},"uagb_comment_info":0,"uagb_excerpt":"Obtenez une City Map \u2013 Carte de ville murale - imprim\u00e9e de la ville d'Elblag, Pologne. Choisissez ci-dessous la taille, la couleur et le design de votre carte !","_links":{"self":[{"href":"https:\/\/mapospheres.eu\/fr\/wp-json\/wp\/v2\/product\/19336","targetHints":{"allow":["GET"]}}],"collection":[{"href":"https:\/\/mapospheres.eu\/fr\/wp-json\/wp\/v2\/product"}],"about":[{"href":"https:\/\/mapospheres.eu\/fr\/wp-json\/wp\/v2\/types\/product"}],"wp:featuredmedia":[{"embeddable":true,"href":"https:\/\/mapospheres.eu\/fr\/wp-json\/wp\/v2\/media\/20174"}],"wp:attachment":[{"href":"https:\/\/mapospheres.eu\/fr\/wp-json\/wp\/v2\/media?parent=19336"}],"wp:term":[{"taxonomy":"product_brand","embeddable":true,"href":"https:\/\/mapospheres.eu\/fr\/wp-json\/wp\/v2\/product_brand?post=19336"},{"taxonomy":"product_cat","embeddable":true,"href":"https:\/\/mapospheres.eu\/fr\/wp-json\/wp\/v2\/product_cat?post=19336"},{"taxonomy":"product_tag","embeddable":true,"href":"https:\/\/mapospheres.eu\/fr\/wp-json\/wp\/v2\/product_tag?post=19336"}],"curies":[{"name":"wp","href":"https:\/\/api.w.org\/{rel}","templated":true}]}}