{"id":19337,"date":"2026-03-10T14:36:12","date_gmt":"2026-03-10T14:36:12","guid":{"rendered":"https:\/\/mapospheres.eu\/product\/poster-of-elk-poland\/"},"modified":"2026-03-13T13:57:03","modified_gmt":"2026-03-13T13:57:03","slug":"poster-of-elk-poland","status":"publish","type":"product","link":"https:\/\/mapospheres.eu\/fr\/product\/poster-d-elk-pologne\/","title":{"rendered":"Poster d'Elk | Pologne"},"content":{"rendered":"<p><strong>Poster City map d&rsquo;E\u0142k, Pologne : on croirait presque entendre l&rsquo;appel lointain d&rsquo;un \u00e9lan, l&rsquo;animal embl\u00e9matique dont la ville tire son nom, r\u00e9sonner \u00e0 travers la verdure luxuriante.<\/strong><\/p>\n<p>E\u0142k, lov\u00e9e au c\u0153ur du district des Lacs de Mazurie, se d\u00e9ploie sur notre carte avec ses collines ondulantes et ses eaux scintillantes. La carte met magnifiquement en valeur les espaces naturels g\u00e9n\u00e9reux d&rsquo;E\u0142k : le vaste lac d&rsquo;E\u0142k, aux eaux d&rsquo;une clart\u00e9 cristalline, est repr\u00e9sent\u00e9 avec une pr\u00e9cision exquise, vous invitant \u00e0 imaginer le doux clapotis des vagues et les rires des familles savourant une journ\u00e9e d&rsquo;\u00e9t\u00e9 sur ses rives. Ces sanctuaires naturels insufflent la vie \u00e0 la ville, offrant un contraste rafra\u00eechissant avec le paysage urbain. L&rsquo;historique ch\u00e2teau d&rsquo;E\u0142k, perch\u00e9 sur une \u00eele au c\u0153ur m\u00eame du lac. La l\u00e9gende raconte que des chevaliers d\u00e9fendirent jadis ces murailles contre les envahisseurs, et que leurs esprits murmurent encore \u00e0 travers les pierres ancestrales. Ce lieu embl\u00e9matique, \u00e9l\u00e9gamment d\u00e9taill\u00e9 sur notre carte, se dresse en t\u00e9moignage du pass\u00e9 glorieux d&rsquo;E\u0142k et de son attrait intemporel. La promenade anim\u00e9e qui longe les rives du lac, avec ses caf\u00e9s chaleureux et ses march\u00e9s pittoresques, est \u00e9galement captur\u00e9e avec tendresse. Imaginez les bavardages joyeux des habitants et les ar\u00f4mes de viennoiseries fra\u00eechement cuites flottant dans l&rsquo;air, tissant une tapisserie vivante de couleurs et de sons qui donne vie \u00e0 la carte.<\/p>\n","protected":false},"excerpt":{"rendered":"<p>Obtenez une City Map \u2013 Carte de ville murale &#8211; imprim\u00e9e de la ville d&rsquo;Elk, Pologne.<br \/>\nChoisissez ci-dessous la taille, la couleur et le design de votre carte !<\/p>\n","protected":false},"featured_media":20152,"template":"","meta":{"_uag_custom_page_level_css":"","_monsterinsights_skip_tracking":false,"_monsterinsights_sitenote_active":false,"_monsterinsights_sitenote_note":"","_monsterinsights_sitenote_category":0,"site-sidebar-layout":"default","site-content-layout":"","ast-site-content-layout":"default","site-content-style":"default","site-sidebar-style":"default","ast-global-header-display":"","ast-banner-title-visibility":"","ast-main-header-display":"","ast-hfb-above-header-display":"","ast-hfb-below-header-display":"","ast-hfb-mobile-header-display":"","site-post-title":"","ast-breadcrumbs-content":"","ast-featured-img":"","footer-sml-layout":"","ast-disable-related-posts":"","theme-transparent-header-meta":"default","adv-header-id-meta":"","stick-header-meta":"","header-above-stick-meta":"","header-main-stick-meta":"","header-below-stick-meta":"","astra-migrate-meta-layouts":"set","ast-page-background-enabled":"default","ast-page-background-meta":{"desktop":{"background-color":"","background-image":"","background-repeat":"repeat","background-position":"center center","background-size":"auto","background-attachment":"scroll","background-type":"","background-media":"","overlay-type":"","overlay-color":"","overlay-opacity":"","overlay-gradient":""},"tablet":{"background-color":"","background-image":"","background-repeat":"repeat","background-position":"center center","background-size":"auto","background-attachment":"scroll","background-type":"","background-media":"","overlay-type":"","overlay-color":"","overlay-opacity":"","overlay-gradient":""},"mobile":{"background-color":"","background-image":"","background-repeat":"repeat","background-position":"center center","background-size":"auto","background-attachment":"scroll","background-type":"","background-media":"","overlay-type":"","overlay-color":"","overlay-opacity":"","overlay-gradient":""}},"ast-content-background-meta":{"desktop":{"background-color":"var(--ast-global-color-5)","background-image":"","background-repeat":"repeat","background-position":"center center","background-size":"auto","background-attachment":"scroll","background-type":"","background-media":"","overlay-type":"","overlay-color":"","overlay-opacity":"","overlay-gradient":""},"tablet":{"background-color":"var(--ast-global-color-5)","background-image":"","background-repeat":"repeat","background-position":"center center","background-size":"auto","background-attachment":"scroll","background-type":"","background-media":"","overlay-type":"","overlay-color":"","overlay-opacity":"","overlay-gradient":""},"mobile":{"background-color":"var(--ast-global-color-5)","background-image":"","background-repeat":"repeat","background-position":"center center","background-size":"auto","background-attachment":"scroll","background-type":"","background-media":"","overlay-type":"","overlay-color":"","overlay-opacity":"","overlay-gradient":""}}},"product_brand":[],"product_cat":[18],"product_tag":[34,35,36,37,39,40,864,93,349,855],"class_list":{"0":"post-19337","1":"product","2":"type-product","3":"status-publish","4":"has-post-thumbnail","6":"product_cat-city-maps","7":"product_tag-30x40","8":"product_tag-40x50","9":"product_tag-50x70","10":"product_tag-70x100","11":"product_tag-canvas","12":"product_tag-city-map","13":"product_tag-elk","14":"product_tag-europe","15":"product_tag-poland","16":"product_tag-polska","17":"desktop-align-left","18":"tablet-align-left","19":"mobile-align-left","21":"first","22":"instock","23":"shipping-taxable","24":"purchasable","25":"product-type-variable"},"aioseo_notices":[],"uagb_featured_image_src":{"full":["https:\/\/mapospheres.eu\/wp-content\/uploads\/2026\/03\/CANVAS_12_RED_2_ELK.jpg",1000,1000,false],"thumbnail":["https:\/\/mapospheres.eu\/wp-content\/uploads\/2026\/03\/CANVAS_12_RED_2_ELK-150x150.jpg",150,150,true],"medium":["https:\/\/mapospheres.eu\/wp-content\/uploads\/2026\/03\/CANVAS_12_RED_2_ELK-300x300.jpg",300,300,true],"medium_large":["https:\/\/mapospheres.eu\/wp-content\/uploads\/2026\/03\/CANVAS_12_RED_2_ELK-768x768.jpg",768,768,true],"large":["https:\/\/mapospheres.eu\/wp-content\/uploads\/2026\/03\/CANVAS_12_RED_2_ELK.jpg",1000,1000,false],"1536x1536":["https:\/\/mapospheres.eu\/wp-content\/uploads\/2026\/03\/CANVAS_12_RED_2_ELK.jpg",1000,1000,false],"2048x2048":["https:\/\/mapospheres.eu\/wp-content\/uploads\/2026\/03\/CANVAS_12_RED_2_ELK.jpg",1000,1000,false],"woocommerce_thumbnail":["https:\/\/mapospheres.eu\/wp-content\/uploads\/2026\/03\/CANVAS_12_RED_2_ELK-300x300.jpg",300,300,true],"woocommerce_single":["https:\/\/mapospheres.eu\/wp-content\/uploads\/2026\/03\/CANVAS_12_RED_2_ELK-600x600.jpg",600,600,true],"woocommerce_gallery_thumbnail":["https:\/\/mapospheres.eu\/wp-content\/uploads\/2026\/03\/CANVAS_12_RED_2_ELK-100x100.jpg",100,100,true]},"uagb_author_info":{"display_name":"sgainot04@gmail.com","author_link":"https:\/\/mapospheres.eu\/fr\/author\/"},"uagb_comment_info":0,"uagb_excerpt":"Obtenez une City Map \u2013 Carte de ville murale - imprim\u00e9e de la ville d'Elk, Pologne. Choisissez ci-dessous la taille, la couleur et le design de votre carte !","_links":{"self":[{"href":"https:\/\/mapospheres.eu\/fr\/wp-json\/wp\/v2\/product\/19337","targetHints":{"allow":["GET"]}}],"collection":[{"href":"https:\/\/mapospheres.eu\/fr\/wp-json\/wp\/v2\/product"}],"about":[{"href":"https:\/\/mapospheres.eu\/fr\/wp-json\/wp\/v2\/types\/product"}],"wp:featuredmedia":[{"embeddable":true,"href":"https:\/\/mapospheres.eu\/fr\/wp-json\/wp\/v2\/media\/20152"}],"wp:attachment":[{"href":"https:\/\/mapospheres.eu\/fr\/wp-json\/wp\/v2\/media?parent=19337"}],"wp:term":[{"taxonomy":"product_brand","embeddable":true,"href":"https:\/\/mapospheres.eu\/fr\/wp-json\/wp\/v2\/product_brand?post=19337"},{"taxonomy":"product_cat","embeddable":true,"href":"https:\/\/mapospheres.eu\/fr\/wp-json\/wp\/v2\/product_cat?post=19337"},{"taxonomy":"product_tag","embeddable":true,"href":"https:\/\/mapospheres.eu\/fr\/wp-json\/wp\/v2\/product_tag?post=19337"}],"curies":[{"name":"wp","href":"https:\/\/api.w.org\/{rel}","templated":true}]}}