{"id":19341,"date":"2026-03-10T14:36:33","date_gmt":"2026-03-10T14:36:33","guid":{"rendered":"https:\/\/mapospheres.eu\/product\/poster-of-lublin-poland\/"},"modified":"2026-03-12T13:33:10","modified_gmt":"2026-03-12T13:33:10","slug":"poster-of-lublin-poland","status":"publish","type":"product","link":"https:\/\/mapospheres.eu\/fr\/product\/poster-de-lublin-pologne\/","title":{"rendered":"Poster de Lublin | Pologne"},"content":{"rendered":"<p><strong>Poster City map de Lublin, Pologne : laissez cette carte \u00e9veiller votre imagination et nourrir vos r\u00eaveries, offrant un ajout charmant et singulier \u00e0 votre d\u00e9cor, aussi instructif qu&rsquo;envo\u00fbtant.<\/strong><\/p>\n<p>Lublin, berc\u00e9e par les collines ondulantes de l&rsquo;est de la Pologne, se d\u00e9ploie avec gr\u00e2ce sur notre carte, r\u00e9v\u00e9lant la diversit\u00e9 de son relief. Les douces ondulations et les cr\u00eates composent un paysage vivant, murmurant des r\u00e9cits de batailles anciennes et de march\u00e9s m\u00e9di\u00e9vaux. On croit presque entendre l&rsquo;\u00e9cho lointain des sabots de chevaux et le bourdonnement des marchands n\u00e9gociant dans les places anim\u00e9es. Notre carte fait revivre les espaces verts luxuriants de Lublin, v\u00e9ritables poumons de la ville, havres de ressourcement et de joie de vivre. Le vaste Jardin Saxon, avec ses all\u00e9es bord\u00e9es d&rsquo;arbres et ses \u00e9tangs sereins, est repr\u00e9sent\u00e9 dans toute sa splendeur. Au c\u0153ur de la ville, l&rsquo;imposant ch\u00e2teau de Lublin se dresse en sentinelle du pass\u00e9. Ancienne forteresse dress\u00e9e contre les envahisseurs, aujourd&rsquo;hui mus\u00e9e, le ch\u00e2teau rec\u00e8le des r\u00e9cits de rois et de chevaliers, de rebelles et de r\u00e9volutions. La l\u00e9gende murmure que sous ses fondations se dissimule un souterrain secret, menant aux tr\u00e9sors d&rsquo;\u00e9poques depuis longtemps oubli\u00e9es. Ce lieu historique, minutieusement d\u00e9taill\u00e9 sur notre carte, nous rappelle le pass\u00e9 glorieux de Lublin. La carte met \u00e9galement en lumi\u00e8re la pittoresque Vieille Ville, o\u00f9 des ruelles pav\u00e9es serpentent \u00e0 travers un d\u00e9dale d&rsquo;\u00e9difices Renaissance et Baroque. La magnifique Porte de Cracovie, ancienne entr\u00e9e de la ville, se dresse fi\u00e8rement, ayant \u00e9t\u00e9 le t\u00e9moin silencieux de plusieurs si\u00e8cles d&rsquo;histoire. On imagine ais\u00e9ment marchands et voyageurs la franchir, chacun laissant son empreinte sur la tapisserie vivante de Lublin.<\/p>\n","protected":false},"excerpt":{"rendered":"<p>Obtenez une City Map \u2013 Carte de ville murale &#8211; imprim\u00e9e de la ville de Lublin, Pologne.<br \/>\nChoisissez ci-dessous la taille, la couleur et le design de votre carte !<\/p>\n","protected":false},"featured_media":19922,"template":"","meta":{"_uag_custom_page_level_css":"","_monsterinsights_skip_tracking":false,"_monsterinsights_sitenote_active":false,"_monsterinsights_sitenote_note":"","_monsterinsights_sitenote_category":0,"site-sidebar-layout":"default","site-content-layout":"","ast-site-content-layout":"default","site-content-style":"default","site-sidebar-style":"default","ast-global-header-display":"","ast-banner-title-visibility":"","ast-main-header-display":"","ast-hfb-above-header-display":"","ast-hfb-below-header-display":"","ast-hfb-mobile-header-display":"","site-post-title":"","ast-breadcrumbs-content":"","ast-featured-img":"","footer-sml-layout":"","ast-disable-related-posts":"","theme-transparent-header-meta":"default","adv-header-id-meta":"","stick-header-meta":"","header-above-stick-meta":"","header-main-stick-meta":"","header-below-stick-meta":"","astra-migrate-meta-layouts":"set","ast-page-background-enabled":"default","ast-page-background-meta":{"desktop":{"background-color":"","background-image":"","background-repeat":"repeat","background-position":"center center","background-size":"auto","background-attachment":"scroll","background-type":"","background-media":"","overlay-type":"","overlay-color":"","overlay-opacity":"","overlay-gradient":""},"tablet":{"background-color":"","background-image":"","background-repeat":"repeat","background-position":"center center","background-size":"auto","background-attachment":"scroll","background-type":"","background-media":"","overlay-type":"","overlay-color":"","overlay-opacity":"","overlay-gradient":""},"mobile":{"background-color":"","background-image":"","background-repeat":"repeat","background-position":"center center","background-size":"auto","background-attachment":"scroll","background-type":"","background-media":"","overlay-type":"","overlay-color":"","overlay-opacity":"","overlay-gradient":""}},"ast-content-background-meta":{"desktop":{"background-color":"var(--ast-global-color-5)","background-image":"","background-repeat":"repeat","background-position":"center center","background-size":"auto","background-attachment":"scroll","background-type":"","background-media":"","overlay-type":"","overlay-color":"","overlay-opacity":"","overlay-gradient":""},"tablet":{"background-color":"var(--ast-global-color-5)","background-image":"","background-repeat":"repeat","background-position":"center center","background-size":"auto","background-attachment":"scroll","background-type":"","background-media":"","overlay-type":"","overlay-color":"","overlay-opacity":"","overlay-gradient":""},"mobile":{"background-color":"var(--ast-global-color-5)","background-image":"","background-repeat":"repeat","background-position":"center center","background-size":"auto","background-attachment":"scroll","background-type":"","background-media":"","overlay-type":"","overlay-color":"","overlay-opacity":"","overlay-gradient":""}}},"product_brand":[],"product_cat":[18],"product_tag":[34,35,36,37,39,40,93,860,349,855],"class_list":{"0":"post-19341","1":"product","2":"type-product","3":"status-publish","4":"has-post-thumbnail","6":"product_cat-city-maps","7":"product_tag-30x40","8":"product_tag-40x50","9":"product_tag-50x70","10":"product_tag-70x100","11":"product_tag-canvas","12":"product_tag-city-map","13":"product_tag-europe","14":"product_tag-lublin","15":"product_tag-poland","16":"product_tag-polska","17":"desktop-align-left","18":"tablet-align-left","19":"mobile-align-left","21":"first","22":"instock","23":"shipping-taxable","24":"purchasable","25":"product-type-variable"},"aioseo_notices":[],"uagb_featured_image_src":{"full":["https:\/\/mapospheres.eu\/wp-content\/uploads\/2026\/03\/CANVAS_11_NIGHT_3RD_1_LUBLIN.jpg",1000,1000,false],"thumbnail":["https:\/\/mapospheres.eu\/wp-content\/uploads\/2026\/03\/CANVAS_11_NIGHT_3RD_1_LUBLIN-150x150.jpg",150,150,true],"medium":["https:\/\/mapospheres.eu\/wp-content\/uploads\/2026\/03\/CANVAS_11_NIGHT_3RD_1_LUBLIN-300x300.jpg",300,300,true],"medium_large":["https:\/\/mapospheres.eu\/wp-content\/uploads\/2026\/03\/CANVAS_11_NIGHT_3RD_1_LUBLIN-768x768.jpg",768,768,true],"large":["https:\/\/mapospheres.eu\/wp-content\/uploads\/2026\/03\/CANVAS_11_NIGHT_3RD_1_LUBLIN.jpg",1000,1000,false],"1536x1536":["https:\/\/mapospheres.eu\/wp-content\/uploads\/2026\/03\/CANVAS_11_NIGHT_3RD_1_LUBLIN.jpg",1000,1000,false],"2048x2048":["https:\/\/mapospheres.eu\/wp-content\/uploads\/2026\/03\/CANVAS_11_NIGHT_3RD_1_LUBLIN.jpg",1000,1000,false],"woocommerce_thumbnail":["https:\/\/mapospheres.eu\/wp-content\/uploads\/2026\/03\/CANVAS_11_NIGHT_3RD_1_LUBLIN-300x300.jpg",300,300,true],"woocommerce_single":["https:\/\/mapospheres.eu\/wp-content\/uploads\/2026\/03\/CANVAS_11_NIGHT_3RD_1_LUBLIN-600x600.jpg",600,600,true],"woocommerce_gallery_thumbnail":["https:\/\/mapospheres.eu\/wp-content\/uploads\/2026\/03\/CANVAS_11_NIGHT_3RD_1_LUBLIN-100x100.jpg",100,100,true]},"uagb_author_info":{"display_name":"sgainot04@gmail.com","author_link":"https:\/\/mapospheres.eu\/fr\/author\/"},"uagb_comment_info":0,"uagb_excerpt":"Obtenez une City Map \u2013 Carte de ville murale - imprim\u00e9e de la ville de Lublin, Pologne. Choisissez ci-dessous la taille, la couleur et le design de votre carte !","_links":{"self":[{"href":"https:\/\/mapospheres.eu\/fr\/wp-json\/wp\/v2\/product\/19341","targetHints":{"allow":["GET"]}}],"collection":[{"href":"https:\/\/mapospheres.eu\/fr\/wp-json\/wp\/v2\/product"}],"about":[{"href":"https:\/\/mapospheres.eu\/fr\/wp-json\/wp\/v2\/types\/product"}],"wp:featuredmedia":[{"embeddable":true,"href":"https:\/\/mapospheres.eu\/fr\/wp-json\/wp\/v2\/media\/19922"}],"wp:attachment":[{"href":"https:\/\/mapospheres.eu\/fr\/wp-json\/wp\/v2\/media?parent=19341"}],"wp:term":[{"taxonomy":"product_brand","embeddable":true,"href":"https:\/\/mapospheres.eu\/fr\/wp-json\/wp\/v2\/product_brand?post=19341"},{"taxonomy":"product_cat","embeddable":true,"href":"https:\/\/mapospheres.eu\/fr\/wp-json\/wp\/v2\/product_cat?post=19341"},{"taxonomy":"product_tag","embeddable":true,"href":"https:\/\/mapospheres.eu\/fr\/wp-json\/wp\/v2\/product_tag?post=19341"}],"curies":[{"name":"wp","href":"https:\/\/api.w.org\/{rel}","templated":true}]}}