{"id":19342,"date":"2026-03-10T14:36:37","date_gmt":"2026-03-10T14:36:37","guid":{"rendered":"https:\/\/mapospheres.eu\/product\/poster-of-olsztyn-poland\/"},"modified":"2026-03-12T13:33:14","modified_gmt":"2026-03-12T13:33:14","slug":"poster-of-olsztyn-poland","status":"publish","type":"product","link":"https:\/\/mapospheres.eu\/fr\/product\/poster-d-olsztyn-pologne\/","title":{"rendered":"Poster d'Olsztyn | Pologne"},"content":{"rendered":"<p><strong>Poster City map d&rsquo;Olsztyn, Pologne : une contribution au monde de la science.<\/strong><\/p>\n<p>Nich\u00e9e dans le pittoresque district des Lacs de Mazurie, Olsztyn est une ville o\u00f9 nature et histoire s&rsquo;entrelacent avec une gr\u00e2ce naturelle. On sent la terre sous ses pieds raconter les r\u00e9cits des anciens chevaliers teutoniques et des habitants r\u00e9silients d&rsquo;autrefois. Ces d\u00e9tails topographiques cr\u00e9ent une impression de profondeur et de mouvement, faisant surgir la ville comme par enchantement sur votre mur. Olsztyn est une ville de verdure : le Jakubowo Park, avec ses all\u00e9es tranquilles et son \u00e9tang serein, offre une \u00e9chapp\u00e9e paisible au c\u0153ur m\u00eame de la cit\u00e9. On imagine ais\u00e9ment le fr\u00e9missement des feuilles et le chant des oiseaux qui animent ces havres de nature, ajoutant une touche de s\u00e9r\u00e9nit\u00e9 v\u00e9g\u00e9tale \u00e0 votre int\u00e9rieur. Au c\u0153ur de la ville se dresse le majestueux ch\u00e2teau d&rsquo;Olsztyn, relique des temps m\u00e9di\u00e9vaux qui r\u00e9sonnait jadis du cliquetis des armures et des murmures de secrets ancestraux. La l\u00e9gende raconte que le grand astronome Nicolas Copernic arpenta ces couloirs, levant peut-\u00eatre les yeux vers les m\u00eames \u00e9toiles qui scintillent aujourd&rsquo;hui sur notre carte. Ce joyau historique, magnifiquement d\u00e9taill\u00e9, nous rappelle le riche pass\u00e9 d&rsquo;Olsztyn et sa contribution au monde de la science. La carte d\u00e9taille \u00e9galement avec tendresse les lacs miroitants qui pars\u00e8ment le paysage, et tout particuli\u00e8rement le vaste lac Ukiel. Cette \u00e9tendue d&rsquo;eau est le souffle vital de la ville, un espace de vie o\u00f9 habitants et visiteurs se retrouvent pour voguer, nager et se pr\u00e9lasser au soleil. Imaginez les \u00e9clats joyeux des baigneurs et le doux clapotis de l&rsquo;eau contre la rive, apportant une touche rafra\u00eechissante et vivifiante \u00e0 votre espace de vie.<\/p>\n","protected":false},"excerpt":{"rendered":"<p>Obtenez une City Map \u2013 Carte de ville murale &#8211; imprim\u00e9e de la ville d&rsquo;Olsztyn, Pologne.<br \/>\nChoisissez ci-dessous la taille, la couleur et le design de votre carte !<\/p>\n","protected":false},"featured_media":19901,"template":"","meta":{"_uag_custom_page_level_css":"","_monsterinsights_skip_tracking":false,"_monsterinsights_sitenote_active":false,"_monsterinsights_sitenote_note":"","_monsterinsights_sitenote_category":0,"site-sidebar-layout":"default","site-content-layout":"","ast-site-content-layout":"default","site-content-style":"default","site-sidebar-style":"default","ast-global-header-display":"","ast-banner-title-visibility":"","ast-main-header-display":"","ast-hfb-above-header-display":"","ast-hfb-below-header-display":"","ast-hfb-mobile-header-display":"","site-post-title":"","ast-breadcrumbs-content":"","ast-featured-img":"","footer-sml-layout":"","ast-disable-related-posts":"","theme-transparent-header-meta":"default","adv-header-id-meta":"","stick-header-meta":"","header-above-stick-meta":"","header-main-stick-meta":"","header-below-stick-meta":"","astra-migrate-meta-layouts":"set","ast-page-background-enabled":"default","ast-page-background-meta":{"desktop":{"background-color":"","background-image":"","background-repeat":"repeat","background-position":"center center","background-size":"auto","background-attachment":"scroll","background-type":"","background-media":"","overlay-type":"","overlay-color":"","overlay-opacity":"","overlay-gradient":""},"tablet":{"background-color":"","background-image":"","background-repeat":"repeat","background-position":"center center","background-size":"auto","background-attachment":"scroll","background-type":"","background-media":"","overlay-type":"","overlay-color":"","overlay-opacity":"","overlay-gradient":""},"mobile":{"background-color":"","background-image":"","background-repeat":"repeat","background-position":"center center","background-size":"auto","background-attachment":"scroll","background-type":"","background-media":"","overlay-type":"","overlay-color":"","overlay-opacity":"","overlay-gradient":""}},"ast-content-background-meta":{"desktop":{"background-color":"var(--ast-global-color-5)","background-image":"","background-repeat":"repeat","background-position":"center center","background-size":"auto","background-attachment":"scroll","background-type":"","background-media":"","overlay-type":"","overlay-color":"","overlay-opacity":"","overlay-gradient":""},"tablet":{"background-color":"var(--ast-global-color-5)","background-image":"","background-repeat":"repeat","background-position":"center center","background-size":"auto","background-attachment":"scroll","background-type":"","background-media":"","overlay-type":"","overlay-color":"","overlay-opacity":"","overlay-gradient":""},"mobile":{"background-color":"var(--ast-global-color-5)","background-image":"","background-repeat":"repeat","background-position":"center center","background-size":"auto","background-attachment":"scroll","background-type":"","background-media":"","overlay-type":"","overlay-color":"","overlay-opacity":"","overlay-gradient":""}}},"product_brand":[],"product_cat":[18],"product_tag":[34,35,36,37,39,40,93,858,349,855],"class_list":{"0":"post-19342","1":"product","2":"type-product","3":"status-publish","4":"has-post-thumbnail","6":"product_cat-city-maps","7":"product_tag-30x40","8":"product_tag-40x50","9":"product_tag-50x70","10":"product_tag-70x100","11":"product_tag-canvas","12":"product_tag-city-map","13":"product_tag-europe","14":"product_tag-olsztyn","15":"product_tag-poland","16":"product_tag-polska","17":"desktop-align-left","18":"tablet-align-left","19":"mobile-align-left","21":"first","22":"instock","23":"shipping-taxable","24":"purchasable","25":"product-type-variable"},"aioseo_notices":[],"uagb_featured_image_src":{"full":["https:\/\/mapospheres.eu\/wp-content\/uploads\/2026\/03\/CANVAS_14_NIGHTROUND_4_OLSZTYN.jpg",1000,1000,false],"thumbnail":["https:\/\/mapospheres.eu\/wp-content\/uploads\/2026\/03\/CANVAS_14_NIGHTROUND_4_OLSZTYN-150x150.jpg",150,150,true],"medium":["https:\/\/mapospheres.eu\/wp-content\/uploads\/2026\/03\/CANVAS_14_NIGHTROUND_4_OLSZTYN-300x300.jpg",300,300,true],"medium_large":["https:\/\/mapospheres.eu\/wp-content\/uploads\/2026\/03\/CANVAS_14_NIGHTROUND_4_OLSZTYN-768x768.jpg",768,768,true],"large":["https:\/\/mapospheres.eu\/wp-content\/uploads\/2026\/03\/CANVAS_14_NIGHTROUND_4_OLSZTYN.jpg",1000,1000,false],"1536x1536":["https:\/\/mapospheres.eu\/wp-content\/uploads\/2026\/03\/CANVAS_14_NIGHTROUND_4_OLSZTYN.jpg",1000,1000,false],"2048x2048":["https:\/\/mapospheres.eu\/wp-content\/uploads\/2026\/03\/CANVAS_14_NIGHTROUND_4_OLSZTYN.jpg",1000,1000,false],"woocommerce_thumbnail":["https:\/\/mapospheres.eu\/wp-content\/uploads\/2026\/03\/CANVAS_14_NIGHTROUND_4_OLSZTYN-300x300.jpg",300,300,true],"woocommerce_single":["https:\/\/mapospheres.eu\/wp-content\/uploads\/2026\/03\/CANVAS_14_NIGHTROUND_4_OLSZTYN-600x600.jpg",600,600,true],"woocommerce_gallery_thumbnail":["https:\/\/mapospheres.eu\/wp-content\/uploads\/2026\/03\/CANVAS_14_NIGHTROUND_4_OLSZTYN-100x100.jpg",100,100,true]},"uagb_author_info":{"display_name":"sgainot04@gmail.com","author_link":"https:\/\/mapospheres.eu\/fr\/author\/"},"uagb_comment_info":0,"uagb_excerpt":"Obtenez une City Map \u2013 Carte de ville murale - imprim\u00e9e de la ville d'Olsztyn, Pologne. Choisissez ci-dessous la taille, la couleur et le design de votre carte !","_links":{"self":[{"href":"https:\/\/mapospheres.eu\/fr\/wp-json\/wp\/v2\/product\/19342","targetHints":{"allow":["GET"]}}],"collection":[{"href":"https:\/\/mapospheres.eu\/fr\/wp-json\/wp\/v2\/product"}],"about":[{"href":"https:\/\/mapospheres.eu\/fr\/wp-json\/wp\/v2\/types\/product"}],"wp:featuredmedia":[{"embeddable":true,"href":"https:\/\/mapospheres.eu\/fr\/wp-json\/wp\/v2\/media\/19901"}],"wp:attachment":[{"href":"https:\/\/mapospheres.eu\/fr\/wp-json\/wp\/v2\/media?parent=19342"}],"wp:term":[{"taxonomy":"product_brand","embeddable":true,"href":"https:\/\/mapospheres.eu\/fr\/wp-json\/wp\/v2\/product_brand?post=19342"},{"taxonomy":"product_cat","embeddable":true,"href":"https:\/\/mapospheres.eu\/fr\/wp-json\/wp\/v2\/product_cat?post=19342"},{"taxonomy":"product_tag","embeddable":true,"href":"https:\/\/mapospheres.eu\/fr\/wp-json\/wp\/v2\/product_tag?post=19342"}],"curies":[{"name":"wp","href":"https:\/\/api.w.org\/{rel}","templated":true}]}}