{"id":19343,"date":"2026-03-10T14:36:43","date_gmt":"2026-03-10T14:36:43","guid":{"rendered":"https:\/\/mapospheres.eu\/product\/poster-of-poznan-poland\/"},"modified":"2026-03-12T13:33:19","modified_gmt":"2026-03-12T13:33:19","slug":"poster-of-poznan-poland","status":"publish","type":"product","link":"https:\/\/mapospheres.eu\/fr\/product\/poster-de-poznan-pologne\/","title":{"rendered":"Poster de Poznan | Pologne"},"content":{"rendered":"<p><strong>Poster City map de Poznan, Pologne : un joyau de l&rsquo;ouest de la Pologne.<\/strong><\/p>\n<p>Nich\u00e9e sur les rives de la rivi\u00e8re Warta, Poznan se d\u00e9ploie comme un r\u00e9cit tir\u00e9 d&rsquo;un vieux livre de contes, o\u00f9 chaque colline et chaque vall\u00e9e murmure les secrets des jours r\u00e9volus. On croit presque voir les anciens chevaliers polonais galoper \u00e0 travers ces terres, leurs aventures grav\u00e9es dans l&rsquo;\u00e2me m\u00eame du paysage. Les espaces verts insufflent la vie \u00e0 cette carte, avec des parcs et des jardins verdoyants sem\u00e9s comme des \u00e9meraudes \u00e0 travers la ville. Le Cytadela Park, une vaste \u00e9tendue luxuriante, offre un refuge serein et t\u00e9moigne de l&rsquo;attachement de Poznan \u00e0 la pr\u00e9servation de sa beaut\u00e9 naturelle. Imaginez le doux fr\u00e9missement des feuilles tandis que les habitants de la ville se prom\u00e8nent dans ces sanctuaires de verdure, savourant l&rsquo;harmonie entre nature et vie urbaine. La Vieille Ville, avec ses ruelles pav\u00e9es et son splendide H\u00f4tel de Ville de style Renaissance, \u00e9merge avec vivacit\u00e9 sur cette carte, marquant le c\u0153ur historique palpitant de Poznan. En contemplant les lieux embl\u00e9matiques minutieusement d\u00e9taill\u00e9s, la l\u00e9gende des boucs de Poznan qui s&rsquo;affrontent sur la tour de l&rsquo;horloge de l&rsquo;H\u00f4tel de Ville prend vie sous vos yeux ! S&rsquo;\u00e9levant doucement depuis les plaines environnantes, les hauteurs autour du lac Malta vous invitent \u00e0 explorer les havres de loisirs de Poznan. Cette carte capture l&rsquo;essence des rives du lac Malta, o\u00f9 r\u00e9gates et sports d&rsquo;hiver offrent des frissons en toutes saisons. Imaginez les \u00e9chos joyeux des sportifs et des familles savourant ce cadre pittoresque, leurs rires se m\u00ealant \u00e0 la splendeur naturelle.<\/p>\n","protected":false},"excerpt":{"rendered":"<p>Obtenez une City Map \u2013 Carte de ville murale &#8211; imprim\u00e9e de la ville de Poznan, Pologne.<br \/>\nChoisissez ci-dessous la taille, la couleur et le design de votre carte !<\/p>\n","protected":false},"featured_media":19912,"template":"","meta":{"_uag_custom_page_level_css":"","_monsterinsights_skip_tracking":false,"_monsterinsights_sitenote_active":false,"_monsterinsights_sitenote_note":"","_monsterinsights_sitenote_category":0,"site-sidebar-layout":"default","site-content-layout":"","ast-site-content-layout":"default","site-content-style":"default","site-sidebar-style":"default","ast-global-header-display":"","ast-banner-title-visibility":"","ast-main-header-display":"","ast-hfb-above-header-display":"","ast-hfb-below-header-display":"","ast-hfb-mobile-header-display":"","site-post-title":"","ast-breadcrumbs-content":"","ast-featured-img":"","footer-sml-layout":"","ast-disable-related-posts":"","theme-transparent-header-meta":"default","adv-header-id-meta":"","stick-header-meta":"","header-above-stick-meta":"","header-main-stick-meta":"","header-below-stick-meta":"","astra-migrate-meta-layouts":"set","ast-page-background-enabled":"default","ast-page-background-meta":{"desktop":{"background-color":"","background-image":"","background-repeat":"repeat","background-position":"center center","background-size":"auto","background-attachment":"scroll","background-type":"","background-media":"","overlay-type":"","overlay-color":"","overlay-opacity":"","overlay-gradient":""},"tablet":{"background-color":"","background-image":"","background-repeat":"repeat","background-position":"center center","background-size":"auto","background-attachment":"scroll","background-type":"","background-media":"","overlay-type":"","overlay-color":"","overlay-opacity":"","overlay-gradient":""},"mobile":{"background-color":"","background-image":"","background-repeat":"repeat","background-position":"center center","background-size":"auto","background-attachment":"scroll","background-type":"","background-media":"","overlay-type":"","overlay-color":"","overlay-opacity":"","overlay-gradient":""}},"ast-content-background-meta":{"desktop":{"background-color":"var(--ast-global-color-5)","background-image":"","background-repeat":"repeat","background-position":"center center","background-size":"auto","background-attachment":"scroll","background-type":"","background-media":"","overlay-type":"","overlay-color":"","overlay-opacity":"","overlay-gradient":""},"tablet":{"background-color":"var(--ast-global-color-5)","background-image":"","background-repeat":"repeat","background-position":"center center","background-size":"auto","background-attachment":"scroll","background-type":"","background-media":"","overlay-type":"","overlay-color":"","overlay-opacity":"","overlay-gradient":""},"mobile":{"background-color":"var(--ast-global-color-5)","background-image":"","background-repeat":"repeat","background-position":"center center","background-size":"auto","background-attachment":"scroll","background-type":"","background-media":"","overlay-type":"","overlay-color":"","overlay-opacity":"","overlay-gradient":""}}},"product_brand":[],"product_cat":[18],"product_tag":[34,35,36,37,39,40,93,349,855,859],"class_list":{"0":"post-19343","1":"product","2":"type-product","3":"status-publish","4":"has-post-thumbnail","6":"product_cat-city-maps","7":"product_tag-30x40","8":"product_tag-40x50","9":"product_tag-50x70","10":"product_tag-70x100","11":"product_tag-canvas","12":"product_tag-city-map","13":"product_tag-europe","14":"product_tag-poland","15":"product_tag-polska","16":"product_tag-poznan","17":"desktop-align-left","18":"tablet-align-left","19":"mobile-align-left","21":"first","22":"instock","23":"shipping-taxable","24":"purchasable","25":"product-type-variable"},"aioseo_notices":[],"uagb_featured_image_src":{"full":["https:\/\/mapospheres.eu\/wp-content\/uploads\/2026\/03\/CANVAS_13_BW_MP_3_POZNAN.jpg",1000,1000,false],"thumbnail":["https:\/\/mapospheres.eu\/wp-content\/uploads\/2026\/03\/CANVAS_13_BW_MP_3_POZNAN-150x150.jpg",150,150,true],"medium":["https:\/\/mapospheres.eu\/wp-content\/uploads\/2026\/03\/CANVAS_13_BW_MP_3_POZNAN-300x300.jpg",300,300,true],"medium_large":["https:\/\/mapospheres.eu\/wp-content\/uploads\/2026\/03\/CANVAS_13_BW_MP_3_POZNAN-768x768.jpg",768,768,true],"large":["https:\/\/mapospheres.eu\/wp-content\/uploads\/2026\/03\/CANVAS_13_BW_MP_3_POZNAN.jpg",1000,1000,false],"1536x1536":["https:\/\/mapospheres.eu\/wp-content\/uploads\/2026\/03\/CANVAS_13_BW_MP_3_POZNAN.jpg",1000,1000,false],"2048x2048":["https:\/\/mapospheres.eu\/wp-content\/uploads\/2026\/03\/CANVAS_13_BW_MP_3_POZNAN.jpg",1000,1000,false],"woocommerce_thumbnail":["https:\/\/mapospheres.eu\/wp-content\/uploads\/2026\/03\/CANVAS_13_BW_MP_3_POZNAN-300x300.jpg",300,300,true],"woocommerce_single":["https:\/\/mapospheres.eu\/wp-content\/uploads\/2026\/03\/CANVAS_13_BW_MP_3_POZNAN-600x600.jpg",600,600,true],"woocommerce_gallery_thumbnail":["https:\/\/mapospheres.eu\/wp-content\/uploads\/2026\/03\/CANVAS_13_BW_MP_3_POZNAN-100x100.jpg",100,100,true]},"uagb_author_info":{"display_name":"sgainot04@gmail.com","author_link":"https:\/\/mapospheres.eu\/fr\/author\/"},"uagb_comment_info":0,"uagb_excerpt":"Obtenez une City Map \u2013 Carte de ville murale - imprim\u00e9e de la ville de Poznan, Pologne. Choisissez ci-dessous la taille, la couleur et le design de votre carte !","_links":{"self":[{"href":"https:\/\/mapospheres.eu\/fr\/wp-json\/wp\/v2\/product\/19343","targetHints":{"allow":["GET"]}}],"collection":[{"href":"https:\/\/mapospheres.eu\/fr\/wp-json\/wp\/v2\/product"}],"about":[{"href":"https:\/\/mapospheres.eu\/fr\/wp-json\/wp\/v2\/types\/product"}],"wp:featuredmedia":[{"embeddable":true,"href":"https:\/\/mapospheres.eu\/fr\/wp-json\/wp\/v2\/media\/19912"}],"wp:attachment":[{"href":"https:\/\/mapospheres.eu\/fr\/wp-json\/wp\/v2\/media?parent=19343"}],"wp:term":[{"taxonomy":"product_brand","embeddable":true,"href":"https:\/\/mapospheres.eu\/fr\/wp-json\/wp\/v2\/product_brand?post=19343"},{"taxonomy":"product_cat","embeddable":true,"href":"https:\/\/mapospheres.eu\/fr\/wp-json\/wp\/v2\/product_cat?post=19343"},{"taxonomy":"product_tag","embeddable":true,"href":"https:\/\/mapospheres.eu\/fr\/wp-json\/wp\/v2\/product_tag?post=19343"}],"curies":[{"name":"wp","href":"https:\/\/api.w.org\/{rel}","templated":true}]}}