{"id":19344,"date":"2026-03-10T14:36:46","date_gmt":"2026-03-10T14:36:46","guid":{"rendered":"https:\/\/mapospheres.eu\/product\/poster-of-rzeszow-poland\/"},"modified":"2026-03-19T09:24:00","modified_gmt":"2026-03-19T09:24:00","slug":"poster-of-rzeszow-poland","status":"publish","type":"product","link":"https:\/\/mapospheres.eu\/fr\/product\/poster-de-rzeszow-pologne\/","title":{"rendered":"Poster de Rzeszow | Pologne"},"content":{"rendered":"<p><strong>Poster City map de Rzeszow, Pologne : cette carte, une porte ouverte sur l&rsquo;\u00e2me de la ville.<\/strong><\/p>\n<p>Rzeszow, lov\u00e9e avec gr\u00e2ce sur les rives de la rivi\u00e8re Wis\u0142ok, est une ville o\u00f9 histoire et modernit\u00e9 s&rsquo;enlacent dans une danse harmonieuse. Le vaste Olszynki Park, avec ses all\u00e9es sereines et sa verdure g\u00e9n\u00e9reuse, offre un sanctuaire bienvenu loin de l&rsquo;agitation de la cit\u00e9. Tout pr\u00e8s, l&rsquo;attrait paisible du Lubomirski Castle Park promet un voyage \u00e0 travers des jardins soign\u00e9s et des terres charg\u00e9es d&rsquo;histoire. Chaque espace vert est un havre de tranquillit\u00e9, vous invitant \u00e0 imaginer de douces apr\u00e8s-midis berc\u00e9es par l&rsquo;\u00e9treinte de la nature. Le majestueux ch\u00e2teau de Rzeszow se dresse en t\u00e9moignage de l&rsquo;h\u00e9ritage riche de la ville. La Place du March\u00e9, carrefour anim\u00e9 depuis l&rsquo;\u00e9poque m\u00e9di\u00e9vale, pulse de vie et r\u00e9sonne des \u00e9chos d&rsquo;un commerce et d&rsquo;une camaraderie vieux de plusieurs si\u00e8cles. Ne manquez pas la fontaine multim\u00e9dia de Rzeszow, merveille moderne qui apporte une touche ludique et po\u00e9tique \u00e0 la toile historique de la ville. Notre carte illustre \u00e9galement avec beaut\u00e9 le cours de la rivi\u00e8re Wis\u0142ok, serpentant avec gr\u00e2ce \u00e0 travers la cit\u00e9 et ajoutant un \u00e9l\u00e9ment po\u00e9tique au paysage. Les ponts, chacun dot\u00e9 de son propre charme singulier \u2014 du plus historique au plus contemporain \u2014 enjambent la rivi\u00e8re, tissant des liens entre le pass\u00e9 et le pr\u00e9sent et invitant aux r\u00e9cits de voyages anciens et nouveaux.<\/p>\n","protected":false},"excerpt":{"rendered":"<p>Obtenez une City Map \u2013 Carte de ville murale &#8211; imprim\u00e9e de la ville de Rzeszow, Pologne.<br \/>\nChoisissez ci-dessous la taille, la couleur et le design de votre carte !<\/p>\n","protected":false},"featured_media":19676,"template":"","meta":{"_uag_custom_page_level_css":"","_monsterinsights_skip_tracking":false,"_monsterinsights_sitenote_active":false,"_monsterinsights_sitenote_note":"","_monsterinsights_sitenote_category":0,"site-sidebar-layout":"default","site-content-layout":"","ast-site-content-layout":"default","site-content-style":"default","site-sidebar-style":"default","ast-global-header-display":"","ast-banner-title-visibility":"","ast-main-header-display":"","ast-hfb-above-header-display":"","ast-hfb-below-header-display":"","ast-hfb-mobile-header-display":"","site-post-title":"","ast-breadcrumbs-content":"","ast-featured-img":"","footer-sml-layout":"","ast-disable-related-posts":"","theme-transparent-header-meta":"default","adv-header-id-meta":"","stick-header-meta":"","header-above-stick-meta":"","header-main-stick-meta":"","header-below-stick-meta":"","astra-migrate-meta-layouts":"set","ast-page-background-enabled":"default","ast-page-background-meta":{"desktop":{"background-color":"","background-image":"","background-repeat":"repeat","background-position":"center center","background-size":"auto","background-attachment":"scroll","background-type":"","background-media":"","overlay-type":"","overlay-color":"","overlay-opacity":"","overlay-gradient":""},"tablet":{"background-color":"","background-image":"","background-repeat":"repeat","background-position":"center center","background-size":"auto","background-attachment":"scroll","background-type":"","background-media":"","overlay-type":"","overlay-color":"","overlay-opacity":"","overlay-gradient":""},"mobile":{"background-color":"","background-image":"","background-repeat":"repeat","background-position":"center center","background-size":"auto","background-attachment":"scroll","background-type":"","background-media":"","overlay-type":"","overlay-color":"","overlay-opacity":"","overlay-gradient":""}},"ast-content-background-meta":{"desktop":{"background-color":"var(--ast-global-color-5)","background-image":"","background-repeat":"repeat","background-position":"center center","background-size":"auto","background-attachment":"scroll","background-type":"","background-media":"","overlay-type":"","overlay-color":"","overlay-opacity":"","overlay-gradient":""},"tablet":{"background-color":"var(--ast-global-color-5)","background-image":"","background-repeat":"repeat","background-position":"center center","background-size":"auto","background-attachment":"scroll","background-type":"","background-media":"","overlay-type":"","overlay-color":"","overlay-opacity":"","overlay-gradient":""},"mobile":{"background-color":"var(--ast-global-color-5)","background-image":"","background-repeat":"repeat","background-position":"center center","background-size":"auto","background-attachment":"scroll","background-type":"","background-media":"","overlay-type":"","overlay-color":"","overlay-opacity":"","overlay-gradient":""}}},"product_brand":[],"product_cat":[18],"product_tag":[34,35,36,37,39,40,93,349,855,857],"class_list":{"0":"post-19344","1":"product","2":"type-product","3":"status-publish","4":"has-post-thumbnail","6":"product_cat-city-maps","7":"product_tag-30x40","8":"product_tag-40x50","9":"product_tag-50x70","10":"product_tag-70x100","11":"product_tag-canvas","12":"product_tag-city-map","13":"product_tag-europe","14":"product_tag-poland","15":"product_tag-polska","16":"product_tag-rzeszow","17":"desktop-align-left","18":"tablet-align-left","19":"mobile-align-left","21":"first","22":"instock","23":"shipping-taxable","24":"purchasable","25":"product-type-variable"},"aioseo_notices":[],"uagb_featured_image_src":{"full":["https:\/\/mapospheres.eu\/wp-content\/uploads\/2026\/03\/CANVAS_16_BWROUND_2ND_6_RZESZOW.jpg",1000,1000,false],"thumbnail":["https:\/\/mapospheres.eu\/wp-content\/uploads\/2026\/03\/CANVAS_16_BWROUND_2ND_6_RZESZOW-150x150.jpg",150,150,true],"medium":["https:\/\/mapospheres.eu\/wp-content\/uploads\/2026\/03\/CANVAS_16_BWROUND_2ND_6_RZESZOW-300x300.jpg",300,300,true],"medium_large":["https:\/\/mapospheres.eu\/wp-content\/uploads\/2026\/03\/CANVAS_16_BWROUND_2ND_6_RZESZOW-768x768.jpg",768,768,true],"large":["https:\/\/mapospheres.eu\/wp-content\/uploads\/2026\/03\/CANVAS_16_BWROUND_2ND_6_RZESZOW.jpg",1000,1000,false],"1536x1536":["https:\/\/mapospheres.eu\/wp-content\/uploads\/2026\/03\/CANVAS_16_BWROUND_2ND_6_RZESZOW.jpg",1000,1000,false],"2048x2048":["https:\/\/mapospheres.eu\/wp-content\/uploads\/2026\/03\/CANVAS_16_BWROUND_2ND_6_RZESZOW.jpg",1000,1000,false],"woocommerce_thumbnail":["https:\/\/mapospheres.eu\/wp-content\/uploads\/2026\/03\/CANVAS_16_BWROUND_2ND_6_RZESZOW-300x300.jpg",300,300,true],"woocommerce_single":["https:\/\/mapospheres.eu\/wp-content\/uploads\/2026\/03\/CANVAS_16_BWROUND_2ND_6_RZESZOW-600x600.jpg",600,600,true],"woocommerce_gallery_thumbnail":["https:\/\/mapospheres.eu\/wp-content\/uploads\/2026\/03\/CANVAS_16_BWROUND_2ND_6_RZESZOW-100x100.jpg",100,100,true]},"uagb_author_info":{"display_name":"sgainot04@gmail.com","author_link":"https:\/\/mapospheres.eu\/fr\/author\/"},"uagb_comment_info":0,"uagb_excerpt":"Obtenez une City Map \u2013 Carte de ville murale - imprim\u00e9e de la ville de Rzeszow, Pologne. Choisissez ci-dessous la taille, la couleur et le design de votre carte !","_links":{"self":[{"href":"https:\/\/mapospheres.eu\/fr\/wp-json\/wp\/v2\/product\/19344","targetHints":{"allow":["GET"]}}],"collection":[{"href":"https:\/\/mapospheres.eu\/fr\/wp-json\/wp\/v2\/product"}],"about":[{"href":"https:\/\/mapospheres.eu\/fr\/wp-json\/wp\/v2\/types\/product"}],"wp:featuredmedia":[{"embeddable":true,"href":"https:\/\/mapospheres.eu\/fr\/wp-json\/wp\/v2\/media\/19676"}],"wp:attachment":[{"href":"https:\/\/mapospheres.eu\/fr\/wp-json\/wp\/v2\/media?parent=19344"}],"wp:term":[{"taxonomy":"product_brand","embeddable":true,"href":"https:\/\/mapospheres.eu\/fr\/wp-json\/wp\/v2\/product_brand?post=19344"},{"taxonomy":"product_cat","embeddable":true,"href":"https:\/\/mapospheres.eu\/fr\/wp-json\/wp\/v2\/product_cat?post=19344"},{"taxonomy":"product_tag","embeddable":true,"href":"https:\/\/mapospheres.eu\/fr\/wp-json\/wp\/v2\/product_tag?post=19344"}],"curies":[{"name":"wp","href":"https:\/\/api.w.org\/{rel}","templated":true}]}}