{"id":19346,"date":"2026-03-10T14:36:56","date_gmt":"2026-03-10T14:36:56","guid":{"rendered":"https:\/\/mapospheres.eu\/product\/poster-of-birmingham-uk\/"},"modified":"2026-03-19T09:23:20","modified_gmt":"2026-03-19T09:23:20","slug":"poster-of-birmingham-uk","status":"publish","type":"product","link":"https:\/\/mapospheres.eu\/fr\/product\/poster-de-birmingham-royaume-uni\/","title":{"rendered":"Poster de Birmingham | Royaume-Uni"},"content":{"rendered":"<p><strong>Poster City map de Birmingham, West Midlands : imaginez un r\u00e9seau complexe de rues et d&rsquo;art\u00e8res, tissant leur chemin \u00e0 travers le c\u0153ur de la ville comme les fils d&rsquo;une riche tapisserie.<\/strong><\/p>\n<p>Ici, au gr\u00e9 des douces ondulations du terrain, s&rsquo;\u00e9tend un paysage aussi vari\u00e9 qu&rsquo;envo\u00fbtant, o\u00f9 rivi\u00e8res, canaux et parcs ajoutent profondeur et caract\u00e8re \u00e0 la carte. De la beaut\u00e9 g\u00e9n\u00e9reuse de Cannon Hill Park, o\u00f9 des cygnes glissent avec gr\u00e2ce sur des lacs miroitants, \u00e0 la s\u00e9r\u00e9nit\u00e9 apaisante de Sutton Park, o\u00f9 d&rsquo;anciennes for\u00eats r\u00e9sonnent du chant des oiseaux, les splendeurs de la nature s&rsquo;\u00e9panouissent dans toute leur magnificence. Le Birmingham Museum and Art Gallery, dont la fa\u00e7ade \u00e9l\u00e9gante rend hommage \u00e0 l&rsquo;h\u00e9ritage culturel de la ville, et l&#8217;embl\u00e9matique Bullring Shopping Centre se dressent comme des phares de modernit\u00e9, symboles de l&rsquo;\u00e9lan dynamique de Birmingham. Perdez-vous dans les rues anim\u00e9es du Jewellery Quarter, o\u00f9 des artisans exercent leur art au c\u0153ur d&rsquo;\u00e9difices historiques et de caf\u00e9s pleins de charme. Ou \u00e9merveillez-vous devant l&rsquo;architecture saisissante de la Library of Birmingham, o\u00f9 savoir et imagination se rejoignent dans un \u00e9blouissant \u00e9lan de cr\u00e9ativit\u00e9.<\/p>\n","protected":false},"excerpt":{"rendered":"<p>Obtenez une City Map \u2013 Carte de ville murale &#8211; imprim\u00e9e de la ville de Birmingham, Royaume-Uni.<br \/>\nChoisissez ci-dessous la taille, la couleur et le design de votre carte !<\/p>\n","protected":false},"featured_media":19653,"template":"","meta":{"_uag_custom_page_level_css":"","_monsterinsights_skip_tracking":false,"_monsterinsights_sitenote_active":false,"_monsterinsights_sitenote_note":"","_monsterinsights_sitenote_category":0,"site-sidebar-layout":"default","site-content-layout":"","ast-site-content-layout":"default","site-content-style":"default","site-sidebar-style":"default","ast-global-header-display":"","ast-banner-title-visibility":"","ast-main-header-display":"","ast-hfb-above-header-display":"","ast-hfb-below-header-display":"","ast-hfb-mobile-header-display":"","site-post-title":"","ast-breadcrumbs-content":"","ast-featured-img":"","footer-sml-layout":"","ast-disable-related-posts":"","theme-transparent-header-meta":"default","adv-header-id-meta":"","stick-header-meta":"","header-above-stick-meta":"","header-main-stick-meta":"","header-below-stick-meta":"","astra-migrate-meta-layouts":"set","ast-page-background-enabled":"default","ast-page-background-meta":{"desktop":{"background-color":"","background-image":"","background-repeat":"repeat","background-position":"center center","background-size":"auto","background-attachment":"scroll","background-type":"","background-media":"","overlay-type":"","overlay-color":"","overlay-opacity":"","overlay-gradient":""},"tablet":{"background-color":"","background-image":"","background-repeat":"repeat","background-position":"center center","background-size":"auto","background-attachment":"scroll","background-type":"","background-media":"","overlay-type":"","overlay-color":"","overlay-opacity":"","overlay-gradient":""},"mobile":{"background-color":"","background-image":"","background-repeat":"repeat","background-position":"center center","background-size":"auto","background-attachment":"scroll","background-type":"","background-media":"","overlay-type":"","overlay-color":"","overlay-opacity":"","overlay-gradient":""}},"ast-content-background-meta":{"desktop":{"background-color":"var(--ast-global-color-5)","background-image":"","background-repeat":"repeat","background-position":"center center","background-size":"auto","background-attachment":"scroll","background-type":"","background-media":"","overlay-type":"","overlay-color":"","overlay-opacity":"","overlay-gradient":""},"tablet":{"background-color":"var(--ast-global-color-5)","background-image":"","background-repeat":"repeat","background-position":"center center","background-size":"auto","background-attachment":"scroll","background-type":"","background-media":"","overlay-type":"","overlay-color":"","overlay-opacity":"","overlay-gradient":""},"mobile":{"background-color":"var(--ast-global-color-5)","background-image":"","background-repeat":"repeat","background-position":"center center","background-size":"auto","background-attachment":"scroll","background-type":"","background-media":"","overlay-type":"","overlay-color":"","overlay-opacity":"","overlay-gradient":""}}},"product_brand":[],"product_cat":[18,338],"product_tag":[34,35,36,37,853,39,40,186,93,854,117,188],"class_list":{"0":"post-19346","1":"product","2":"type-product","3":"status-publish","4":"has-post-thumbnail","6":"product_cat-city-maps","7":"product_cat-featured_eng","8":"product_tag-30x40","9":"product_tag-40x50","10":"product_tag-50x70","11":"product_tag-70x100","12":"product_tag-birmingham","13":"product_tag-canvas","14":"product_tag-city-map","15":"product_tag-england","16":"product_tag-europe","17":"product_tag-midlands","18":"product_tag-uk","19":"product_tag-united-kingdom","20":"desktop-align-left","21":"tablet-align-left","22":"mobile-align-left","24":"first","25":"instock","26":"shipping-taxable","27":"purchasable","28":"product-type-variable"},"aioseo_notices":[],"uagb_featured_image_src":{"full":["https:\/\/mapospheres.eu\/wp-content\/uploads\/2026\/03\/Z21_NIGHT_FULL__BIRIMINGHAM.jpg",1000,1000,false],"thumbnail":["https:\/\/mapospheres.eu\/wp-content\/uploads\/2026\/03\/Z21_NIGHT_FULL__BIRIMINGHAM-150x150.jpg",150,150,true],"medium":["https:\/\/mapospheres.eu\/wp-content\/uploads\/2026\/03\/Z21_NIGHT_FULL__BIRIMINGHAM-300x300.jpg",300,300,true],"medium_large":["https:\/\/mapospheres.eu\/wp-content\/uploads\/2026\/03\/Z21_NIGHT_FULL__BIRIMINGHAM-768x768.jpg",768,768,true],"large":["https:\/\/mapospheres.eu\/wp-content\/uploads\/2026\/03\/Z21_NIGHT_FULL__BIRIMINGHAM.jpg",1000,1000,false],"1536x1536":["https:\/\/mapospheres.eu\/wp-content\/uploads\/2026\/03\/Z21_NIGHT_FULL__BIRIMINGHAM.jpg",1000,1000,false],"2048x2048":["https:\/\/mapospheres.eu\/wp-content\/uploads\/2026\/03\/Z21_NIGHT_FULL__BIRIMINGHAM.jpg",1000,1000,false],"woocommerce_thumbnail":["https:\/\/mapospheres.eu\/wp-content\/uploads\/2026\/03\/Z21_NIGHT_FULL__BIRIMINGHAM-300x300.jpg",300,300,true],"woocommerce_single":["https:\/\/mapospheres.eu\/wp-content\/uploads\/2026\/03\/Z21_NIGHT_FULL__BIRIMINGHAM-600x600.jpg",600,600,true],"woocommerce_gallery_thumbnail":["https:\/\/mapospheres.eu\/wp-content\/uploads\/2026\/03\/Z21_NIGHT_FULL__BIRIMINGHAM-100x100.jpg",100,100,true]},"uagb_author_info":{"display_name":"sgainot04@gmail.com","author_link":"https:\/\/mapospheres.eu\/fr\/author\/"},"uagb_comment_info":0,"uagb_excerpt":"Obtenez une City Map \u2013 Carte de ville murale - imprim\u00e9e de la ville de Birmingham, Royaume-Uni. Choisissez ci-dessous la taille, la couleur et le design de votre carte !","_links":{"self":[{"href":"https:\/\/mapospheres.eu\/fr\/wp-json\/wp\/v2\/product\/19346","targetHints":{"allow":["GET"]}}],"collection":[{"href":"https:\/\/mapospheres.eu\/fr\/wp-json\/wp\/v2\/product"}],"about":[{"href":"https:\/\/mapospheres.eu\/fr\/wp-json\/wp\/v2\/types\/product"}],"wp:featuredmedia":[{"embeddable":true,"href":"https:\/\/mapospheres.eu\/fr\/wp-json\/wp\/v2\/media\/19653"}],"wp:attachment":[{"href":"https:\/\/mapospheres.eu\/fr\/wp-json\/wp\/v2\/media?parent=19346"}],"wp:term":[{"taxonomy":"product_brand","embeddable":true,"href":"https:\/\/mapospheres.eu\/fr\/wp-json\/wp\/v2\/product_brand?post=19346"},{"taxonomy":"product_cat","embeddable":true,"href":"https:\/\/mapospheres.eu\/fr\/wp-json\/wp\/v2\/product_cat?post=19346"},{"taxonomy":"product_tag","embeddable":true,"href":"https:\/\/mapospheres.eu\/fr\/wp-json\/wp\/v2\/product_tag?post=19346"}],"curies":[{"name":"wp","href":"https:\/\/api.w.org\/{rel}","templated":true}]}}