{"id":19351,"date":"2026-03-10T14:37:20","date_gmt":"2026-03-10T14:37:20","guid":{"rendered":"https:\/\/mapospheres.eu\/product\/poster-of-manchester-uk\/"},"modified":"2026-03-19T09:23:51","modified_gmt":"2026-03-19T09:23:51","slug":"poster-of-manchester-uk","status":"publish","type":"product","link":"https:\/\/mapospheres.eu\/fr\/product\/poster-de-manchester-royaume-uni\/","title":{"rendered":"Poster de Manchester | Royaume-Uni"},"content":{"rendered":"<p><strong>Poster City map de Manchester, Cheshire : que vous soyez passionn\u00e9 d&rsquo;histoire, fanatique de football ou simplement amateur des belles choses de la vie, cette carte est une ode d\u00e9licieuse \u00e0 une ville qui n&rsquo;en finit pas de se r\u00e9inventer.<\/strong><\/p>\n<p>Nich\u00e9e au c\u0153ur du Nord-Ouest de l&rsquo;Angleterre, Manchester est magnifiquement sillonn\u00e9e par la rivi\u00e8re Irwell et la rivi\u00e8re Mersey, dont les m\u00e9andres apportent une douceur fluide au paysage dynamique de la ville. Le relief oscille entre les plaines qui bercent son c\u0153ur urbain palpitant et les collines ondulantes qui encadrent ses faubourgs, offrant un panorama aussi vari\u00e9 que son h\u00e9ritage culturel. Les vastes \u00e9tendues verdoyantes de Heaton Park, l&rsquo;un des plus grands parcs municipaux d&rsquo;Europe, forment une oasis luxuriante o\u00f9 les habitants s&rsquo;\u00e9chappent du tourbillon urbain. Ce parc g\u00e9n\u00e9reux, dot\u00e9 d&rsquo;un lac de canotage et d&rsquo;un espace animalier, t\u00e9moigne de l&rsquo;engagement de Manchester \u00e0 pr\u00e9server ses espaces naturels. Tout pr\u00e8s, le paisible Fletcher Moss Park et ses Jardins Botaniques vous invitent \u00e0 vous perdre parmi des plantes exotiques et des all\u00e9es apaisantes. Dominant la ligne d&rsquo;horizon, l&#8217;embl\u00e9matique Beetham Tower s&rsquo;\u00e9l\u00e8ve comme un symbole moderne du g\u00e9nie architectural de Manchester, tandis que la cath\u00e9drale historique et la splendeur n\u00e9o-gothique de la John Rylands Library offrent des fen\u00eatres ouvertes sur le pass\u00e9 glorieux de la cit\u00e9. Pour les \u00e2mes sportives, le l\u00e9gendaire Old Trafford et le flamboyant Etihad Stadium sont des terres sacr\u00e9es o\u00f9 les r\u00eaves de football prennent vie. La carte met \u00e9galement en lumi\u00e8re l&rsquo;h\u00e9ritage industriel de Manchester, \u00e0 travers des lieux embl\u00e9matiques tels que le Science and Industry Museum, o\u00f9 r\u00e9sonnent encore les \u00e9chos de la R\u00e9volution industrielle. Les canaux qui animaient jadis les filatures de coton ajoutent d\u00e9sormais un charme pittoresque, traversant la ville comme une tapisserie d&rsquo;histoire liquide. Dans le plus pur esprit mancunien, cette carte ne se contente pas de cartographier la ville \u2014 elle raconte son \u00e2me, depuis les ruelles pav\u00e9es du Northern Quarter, d\u00e9bordantes de street art et de boutiques singuli\u00e8res, jusqu&rsquo;\u00e0 la modernit\u00e9 cr\u00e9atrice de MediaCityUK, o\u00f9 l&rsquo;\u00e9nergie de l&rsquo;imagination ne conna\u00eet aucune fronti\u00e8re.<\/p>\n","protected":false},"excerpt":{"rendered":"<p>Obtenez une City Map \u2013 Carte de ville murale &#8211; imprim\u00e9e de la ville de Manchester, Royaume-Uni.<br \/>\nChoisissez ci-dessous la taille, la couleur et le design de votre carte !<\/p>\n","protected":false},"featured_media":19420,"template":"","meta":{"_uag_custom_page_level_css":"","_monsterinsights_skip_tracking":false,"_monsterinsights_sitenote_active":false,"_monsterinsights_sitenote_note":"","_monsterinsights_sitenote_category":0,"site-sidebar-layout":"default","site-content-layout":"","ast-site-content-layout":"default","site-content-style":"default","site-sidebar-style":"default","ast-global-header-display":"","ast-banner-title-visibility":"","ast-main-header-display":"","ast-hfb-above-header-display":"","ast-hfb-below-header-display":"","ast-hfb-mobile-header-display":"","site-post-title":"","ast-breadcrumbs-content":"","ast-featured-img":"","footer-sml-layout":"","ast-disable-related-posts":"","theme-transparent-header-meta":"default","adv-header-id-meta":"","stick-header-meta":"","header-above-stick-meta":"","header-main-stick-meta":"","header-below-stick-meta":"","astra-migrate-meta-layouts":"set","ast-page-background-enabled":"default","ast-page-background-meta":{"desktop":{"background-color":"","background-image":"","background-repeat":"repeat","background-position":"center center","background-size":"auto","background-attachment":"scroll","background-type":"","background-media":"","overlay-type":"","overlay-color":"","overlay-opacity":"","overlay-gradient":""},"tablet":{"background-color":"","background-image":"","background-repeat":"repeat","background-position":"center center","background-size":"auto","background-attachment":"scroll","background-type":"","background-media":"","overlay-type":"","overlay-color":"","overlay-opacity":"","overlay-gradient":""},"mobile":{"background-color":"","background-image":"","background-repeat":"repeat","background-position":"center center","background-size":"auto","background-attachment":"scroll","background-type":"","background-media":"","overlay-type":"","overlay-color":"","overlay-opacity":"","overlay-gradient":""}},"ast-content-background-meta":{"desktop":{"background-color":"var(--ast-global-color-5)","background-image":"","background-repeat":"repeat","background-position":"center center","background-size":"auto","background-attachment":"scroll","background-type":"","background-media":"","overlay-type":"","overlay-color":"","overlay-opacity":"","overlay-gradient":""},"tablet":{"background-color":"var(--ast-global-color-5)","background-image":"","background-repeat":"repeat","background-position":"center center","background-size":"auto","background-attachment":"scroll","background-type":"","background-media":"","overlay-type":"","overlay-color":"","overlay-opacity":"","overlay-gradient":""},"mobile":{"background-color":"var(--ast-global-color-5)","background-image":"","background-repeat":"repeat","background-position":"center center","background-size":"auto","background-attachment":"scroll","background-type":"","background-media":"","overlay-type":"","overlay-color":"","overlay-opacity":"","overlay-gradient":""}}},"product_brand":[],"product_cat":[18,338],"product_tag":[34,35,36,37,39,847,40,186,93,848,117,188],"class_list":{"0":"post-19351","1":"product","2":"type-product","3":"status-publish","4":"has-post-thumbnail","6":"product_cat-city-maps","7":"product_cat-featured_eng","8":"product_tag-30x40","9":"product_tag-40x50","10":"product_tag-50x70","11":"product_tag-70x100","12":"product_tag-canvas","13":"product_tag-cheshire","14":"product_tag-city-map","15":"product_tag-england","16":"product_tag-europe","17":"product_tag-manchester","18":"product_tag-uk","19":"product_tag-united-kingdom","20":"desktop-align-left","21":"tablet-align-left","22":"mobile-align-left","24":"first","25":"instock","26":"shipping-taxable","27":"purchasable","28":"product-type-variable"},"aioseo_notices":[],"uagb_featured_image_src":{"full":["https:\/\/mapospheres.eu\/wp-content\/uploads\/2026\/03\/CANVAS_12_RED_2_MANCHESTER.jpg",1000,1000,false],"thumbnail":["https:\/\/mapospheres.eu\/wp-content\/uploads\/2026\/03\/CANVAS_12_RED_2_MANCHESTER-150x150.jpg",150,150,true],"medium":["https:\/\/mapospheres.eu\/wp-content\/uploads\/2026\/03\/CANVAS_12_RED_2_MANCHESTER-300x300.jpg",300,300,true],"medium_large":["https:\/\/mapospheres.eu\/wp-content\/uploads\/2026\/03\/CANVAS_12_RED_2_MANCHESTER-768x768.jpg",768,768,true],"large":["https:\/\/mapospheres.eu\/wp-content\/uploads\/2026\/03\/CANVAS_12_RED_2_MANCHESTER.jpg",1000,1000,false],"1536x1536":["https:\/\/mapospheres.eu\/wp-content\/uploads\/2026\/03\/CANVAS_12_RED_2_MANCHESTER.jpg",1000,1000,false],"2048x2048":["https:\/\/mapospheres.eu\/wp-content\/uploads\/2026\/03\/CANVAS_12_RED_2_MANCHESTER.jpg",1000,1000,false],"woocommerce_thumbnail":["https:\/\/mapospheres.eu\/wp-content\/uploads\/2026\/03\/CANVAS_12_RED_2_MANCHESTER-300x300.jpg",300,300,true],"woocommerce_single":["https:\/\/mapospheres.eu\/wp-content\/uploads\/2026\/03\/CANVAS_12_RED_2_MANCHESTER-600x600.jpg",600,600,true],"woocommerce_gallery_thumbnail":["https:\/\/mapospheres.eu\/wp-content\/uploads\/2026\/03\/CANVAS_12_RED_2_MANCHESTER-100x100.jpg",100,100,true]},"uagb_author_info":{"display_name":"sgainot04@gmail.com","author_link":"https:\/\/mapospheres.eu\/fr\/author\/"},"uagb_comment_info":0,"uagb_excerpt":"Obtenez une City Map \u2013 Carte de ville murale - imprim\u00e9e de la ville de Manchester, Royaume-Uni. Choisissez ci-dessous la taille, la couleur et le design de votre carte !","_links":{"self":[{"href":"https:\/\/mapospheres.eu\/fr\/wp-json\/wp\/v2\/product\/19351","targetHints":{"allow":["GET"]}}],"collection":[{"href":"https:\/\/mapospheres.eu\/fr\/wp-json\/wp\/v2\/product"}],"about":[{"href":"https:\/\/mapospheres.eu\/fr\/wp-json\/wp\/v2\/types\/product"}],"wp:featuredmedia":[{"embeddable":true,"href":"https:\/\/mapospheres.eu\/fr\/wp-json\/wp\/v2\/media\/19420"}],"wp:attachment":[{"href":"https:\/\/mapospheres.eu\/fr\/wp-json\/wp\/v2\/media?parent=19351"}],"wp:term":[{"taxonomy":"product_brand","embeddable":true,"href":"https:\/\/mapospheres.eu\/fr\/wp-json\/wp\/v2\/product_brand?post=19351"},{"taxonomy":"product_cat","embeddable":true,"href":"https:\/\/mapospheres.eu\/fr\/wp-json\/wp\/v2\/product_cat?post=19351"},{"taxonomy":"product_tag","embeddable":true,"href":"https:\/\/mapospheres.eu\/fr\/wp-json\/wp\/v2\/product_tag?post=19351"}],"curies":[{"name":"wp","href":"https:\/\/api.w.org\/{rel}","templated":true}]}}