{"id":19352,"date":"2026-03-10T14:37:25","date_gmt":"2026-03-10T14:37:25","guid":{"rendered":"https:\/\/mapospheres.eu\/product\/poster-of-newcastle-upon-tyne-uk\/"},"modified":"2026-03-19T09:23:55","modified_gmt":"2026-03-19T09:23:55","slug":"poster-of-newcastle-upon-tyne-uk","status":"publish","type":"product","link":"https:\/\/mapospheres.eu\/fr\/product\/poster-de-newcastle-upon-tyne-royaume-uni\/","title":{"rendered":"Poster de Newcastle upon Tyne | Royaume-Uni"},"content":{"rendered":"<p><strong>Poster City map de Newcastle upon Tyne, Northumbria, Angleterre : chaque d\u00e9tour est une page d&rsquo;une histoire tiss\u00e9e de l\u00e9gendes, de culture et d&rsquo;une bonne dose d&rsquo;humour Geordie.<\/strong><\/p>\n<p>Posez les yeux sur la rivi\u00e8re Tyne qui coule majestueusement \u00e0 travers le c\u0153ur de la ville, ses eaux refl\u00e9tant des si\u00e8cles d&rsquo;histoire et d&rsquo;innombrables r\u00e9cits de marins, de marchands et d&rsquo;aventuriers. L&#8217;embl\u00e9matique Tyne Bridge s&rsquo;\u00e9lance avec gr\u00e2ce au-dessus du fleuve, sentinelle d&rsquo;acier qui a contempl\u00e9 la m\u00e9tamorphose de Newcastle \u00e0 travers les \u00e2ges. La carte se pars\u00e8me de touches de verdure, t\u00e9moignant de l&rsquo;attachement de la ville \u00e0 pr\u00e9server sa beaut\u00e9 naturelle. Leazes Park, avec son lac paisible et ses frondaisons g\u00e9n\u00e9reuses, offre un havre de s\u00e9r\u00e9nit\u00e9 au c\u0153ur de l&rsquo;effervescence urbaine. Jesmond Dene, une vall\u00e9e pittoresque sculpt\u00e9e par la nature, vous invite \u00e0 vous perdre sur ses sentiers ombrag\u00e9s et peut-\u00eatre \u00e0 croiser l&rsquo;un des derniers \u00e9cureuils roux. L&rsquo;imposant Newcastle Castle, dont les pierres ancestrales sont impr\u00e9gn\u00e9es d&rsquo;histoire, murmure les r\u00e9cits des conqu\u00eates normandes et des chevaliers m\u00e9di\u00e9vaux. Le Sage Gateshead, aux courbes fluides et \u00e0 la fa\u00e7ade de verre, se dresse comme un manifeste de l&rsquo;effervescence culturelle de Newcastle. L&rsquo;\u00e9l\u00e9gante Grey Street, souvent c\u00e9l\u00e9br\u00e9e comme l&rsquo;une des plus belles art\u00e8res d&rsquo;Angleterre, serpente \u00e0 travers la carte, bord\u00e9e d&rsquo;architecture g\u00e9orgienne et d&rsquo;un charme qui ressuscite la grandeur pass\u00e9e de la cit\u00e9. Et n&rsquo;oublions pas la cath\u00e9drale Saint-Nicolas, dont le clocher guide les voyageurs depuis des si\u00e8cles, phare de l&rsquo;\u00e2me intemporelle de la ville.<\/p>\n","protected":false},"excerpt":{"rendered":"<p>Obtenez une City Map \u2013 Carte de ville murale &#8211; imprim\u00e9e de la ville de Newcastle upon Tyne, Royaume-Uni.<br \/>\nChoisissez ci-dessous la taille, la couleur et le design de votre carte !<\/p>\n","protected":false},"featured_media":19410,"template":"","meta":{"_uag_custom_page_level_css":"","_monsterinsights_skip_tracking":false,"_monsterinsights_sitenote_active":false,"_monsterinsights_sitenote_note":"","_monsterinsights_sitenote_category":0,"site-sidebar-layout":"default","site-content-layout":"","ast-site-content-layout":"default","site-content-style":"default","site-sidebar-style":"default","ast-global-header-display":"","ast-banner-title-visibility":"","ast-main-header-display":"","ast-hfb-above-header-display":"","ast-hfb-below-header-display":"","ast-hfb-mobile-header-display":"","site-post-title":"","ast-breadcrumbs-content":"","ast-featured-img":"","footer-sml-layout":"","ast-disable-related-posts":"","theme-transparent-header-meta":"default","adv-header-id-meta":"","stick-header-meta":"","header-above-stick-meta":"","header-main-stick-meta":"","header-below-stick-meta":"","astra-migrate-meta-layouts":"set","ast-page-background-enabled":"default","ast-page-background-meta":{"desktop":{"background-color":"","background-image":"","background-repeat":"repeat","background-position":"center center","background-size":"auto","background-attachment":"scroll","background-type":"","background-media":"","overlay-type":"","overlay-color":"","overlay-opacity":"","overlay-gradient":""},"tablet":{"background-color":"","background-image":"","background-repeat":"repeat","background-position":"center center","background-size":"auto","background-attachment":"scroll","background-type":"","background-media":"","overlay-type":"","overlay-color":"","overlay-opacity":"","overlay-gradient":""},"mobile":{"background-color":"","background-image":"","background-repeat":"repeat","background-position":"center center","background-size":"auto","background-attachment":"scroll","background-type":"","background-media":"","overlay-type":"","overlay-color":"","overlay-opacity":"","overlay-gradient":""}},"ast-content-background-meta":{"desktop":{"background-color":"var(--ast-global-color-5)","background-image":"","background-repeat":"repeat","background-position":"center center","background-size":"auto","background-attachment":"scroll","background-type":"","background-media":"","overlay-type":"","overlay-color":"","overlay-opacity":"","overlay-gradient":""},"tablet":{"background-color":"var(--ast-global-color-5)","background-image":"","background-repeat":"repeat","background-position":"center center","background-size":"auto","background-attachment":"scroll","background-type":"","background-media":"","overlay-type":"","overlay-color":"","overlay-opacity":"","overlay-gradient":""},"mobile":{"background-color":"var(--ast-global-color-5)","background-image":"","background-repeat":"repeat","background-position":"center center","background-size":"auto","background-attachment":"scroll","background-type":"","background-media":"","overlay-type":"","overlay-color":"","overlay-opacity":"","overlay-gradient":""}}},"product_brand":[],"product_cat":[18,338],"product_tag":[34,35,36,37,39,40,186,93,845,846,117,188],"class_list":{"0":"post-19352","1":"product","2":"type-product","3":"status-publish","4":"has-post-thumbnail","6":"product_cat-city-maps","7":"product_cat-featured_eng","8":"product_tag-30x40","9":"product_tag-40x50","10":"product_tag-50x70","11":"product_tag-70x100","12":"product_tag-canvas","13":"product_tag-city-map","14":"product_tag-england","15":"product_tag-europe","16":"product_tag-newcastle-upon-tyne","17":"product_tag-northumbria","18":"product_tag-uk","19":"product_tag-united-kingdom","20":"desktop-align-left","21":"tablet-align-left","22":"mobile-align-left","24":"first","25":"instock","26":"shipping-taxable","27":"purchasable","28":"product-type-variable"},"aioseo_notices":[],"uagb_featured_image_src":{"full":["https:\/\/mapospheres.eu\/wp-content\/uploads\/2026\/03\/CANVAS_14_NIGHTROUND_4_NEWCASTLE.jpg",1000,1000,false],"thumbnail":["https:\/\/mapospheres.eu\/wp-content\/uploads\/2026\/03\/CANVAS_14_NIGHTROUND_4_NEWCASTLE-150x150.jpg",150,150,true],"medium":["https:\/\/mapospheres.eu\/wp-content\/uploads\/2026\/03\/CANVAS_14_NIGHTROUND_4_NEWCASTLE-300x300.jpg",300,300,true],"medium_large":["https:\/\/mapospheres.eu\/wp-content\/uploads\/2026\/03\/CANVAS_14_NIGHTROUND_4_NEWCASTLE-768x768.jpg",768,768,true],"large":["https:\/\/mapospheres.eu\/wp-content\/uploads\/2026\/03\/CANVAS_14_NIGHTROUND_4_NEWCASTLE.jpg",1000,1000,false],"1536x1536":["https:\/\/mapospheres.eu\/wp-content\/uploads\/2026\/03\/CANVAS_14_NIGHTROUND_4_NEWCASTLE.jpg",1000,1000,false],"2048x2048":["https:\/\/mapospheres.eu\/wp-content\/uploads\/2026\/03\/CANVAS_14_NIGHTROUND_4_NEWCASTLE.jpg",1000,1000,false],"woocommerce_thumbnail":["https:\/\/mapospheres.eu\/wp-content\/uploads\/2026\/03\/CANVAS_14_NIGHTROUND_4_NEWCASTLE-300x300.jpg",300,300,true],"woocommerce_single":["https:\/\/mapospheres.eu\/wp-content\/uploads\/2026\/03\/CANVAS_14_NIGHTROUND_4_NEWCASTLE-600x600.jpg",600,600,true],"woocommerce_gallery_thumbnail":["https:\/\/mapospheres.eu\/wp-content\/uploads\/2026\/03\/CANVAS_14_NIGHTROUND_4_NEWCASTLE-100x100.jpg",100,100,true]},"uagb_author_info":{"display_name":"sgainot04@gmail.com","author_link":"https:\/\/mapospheres.eu\/fr\/author\/"},"uagb_comment_info":0,"uagb_excerpt":"Obtenez une City Map \u2013 Carte de ville murale - imprim\u00e9e de la ville de Newcastle upon Tyne, Royaume-Uni. Choisissez ci-dessous la taille, la couleur et le design de votre carte !","_links":{"self":[{"href":"https:\/\/mapospheres.eu\/fr\/wp-json\/wp\/v2\/product\/19352","targetHints":{"allow":["GET"]}}],"collection":[{"href":"https:\/\/mapospheres.eu\/fr\/wp-json\/wp\/v2\/product"}],"about":[{"href":"https:\/\/mapospheres.eu\/fr\/wp-json\/wp\/v2\/types\/product"}],"wp:featuredmedia":[{"embeddable":true,"href":"https:\/\/mapospheres.eu\/fr\/wp-json\/wp\/v2\/media\/19410"}],"wp:attachment":[{"href":"https:\/\/mapospheres.eu\/fr\/wp-json\/wp\/v2\/media?parent=19352"}],"wp:term":[{"taxonomy":"product_brand","embeddable":true,"href":"https:\/\/mapospheres.eu\/fr\/wp-json\/wp\/v2\/product_brand?post=19352"},{"taxonomy":"product_cat","embeddable":true,"href":"https:\/\/mapospheres.eu\/fr\/wp-json\/wp\/v2\/product_cat?post=19352"},{"taxonomy":"product_tag","embeddable":true,"href":"https:\/\/mapospheres.eu\/fr\/wp-json\/wp\/v2\/product_tag?post=19352"}],"curies":[{"name":"wp","href":"https:\/\/api.w.org\/{rel}","templated":true}]}}