{"id":21509,"date":"2026-03-17T13:54:58","date_gmt":"2026-03-17T13:54:58","guid":{"rendered":"https:\/\/mapospheres.eu\/product\/poster-of-vilnius-lithuania\/"},"modified":"2026-05-04T13:56:42","modified_gmt":"2026-05-04T13:56:42","slug":"poster-of-vilnius-lithuania","status":"publish","type":"product","link":"https:\/\/mapospheres.eu\/fr\/product\/poster-de-vilnius-lituanie\/","title":{"rendered":"Poster de Vilnius | Lituanie"},"content":{"rendered":"<p><strong>Poster City map de Vilnius, Lituanie : d\u00e9couvrez Vilnius, la capitale de la Lituanie, avec une carte qui donne vie \u00e0 son m\u00e9lange unique d\u2019histoire, de g\u00e9ographie et de charme.<\/strong><\/p>\n<p>Vilnius repose sur les rives de la rivi\u00e8re Neris, qui serpente \u00e0 travers la ville et la divise en plusieurs quartiers aux identit\u00e9s distinctes. La carte met en valeur ses collines pittoresques, notamment celle o\u00f9 s\u2019\u00e9l\u00e8ve fi\u00e8rement la tour de Gediminas, gardienne du pass\u00e9 offrant un panorama qui embrasse toute la ville. Depuis ce point de vue, la vieille ville, class\u00e9e au patrimoine mondial de l\u2019UNESCO, se d\u00e9ploie en contrebas, avec son d\u00e9dale de ruelles \u00e9troites et ses fa\u00e7ades color\u00e9es qui racontent des si\u00e8cles d\u2019histoire.<\/p>\n<p>La carte r\u00e9v\u00e8le aussi la richesse naturelle qui fait la singularit\u00e9 de Vilnius. La ville est ponctu\u00e9e de parcs verdoyants, v\u00e9ritables havres de paix au c\u0153ur du tissu urbain. \u00c0 l\u2019est, le parc Vingis s\u2019\u00e9tend avec ses vastes espaces ouverts et ses sentiers tranquilles, accueillant concerts et moments de vie collective. Plus au sud, les jardins Bernardins offrent une promenade apaisante entre v\u00e9g\u00e9tation et fleurs, tandis que le vaste parc r\u00e9gional de Pavilniai dessine un refuge de collines et de for\u00eats o\u00f9 la ville s\u2019efface au profit du silence de la nature.<\/p>\n<p>Parmi les lignes de la carte apparaissent aussi les joyaux architecturaux de la capitale. La majestueuse cath\u00e9drale de Vilnius, avec sa fa\u00e7ade n\u00e9oclassique imposante, domine le c\u0153ur de la ville. \u00c0 quelques pas, l\u2019\u00e9glise gothique Sainte-Anne attire tous les regards par la finesse de ses formes, au point que, selon la l\u00e9gende, Napol\u00e9on aurait voulu l\u2019emporter jusqu\u2019\u00e0 Paris. Et puis il y a U\u017eupis, quartier boh\u00e8me et libre, autoproclam\u00e9 r\u00e9publique, dot\u00e9 de sa propre constitution et d\u2019un esprit artistique \u00e0 la fois po\u00e9tique et fantasque.<\/p>\n","protected":false},"excerpt":{"rendered":"<p>Achetez une City Map \u2013 Carte de ville murale &#8211; imprim\u00e9e de la ville de Vilnius, Lituanie.<br \/>\nChoisissez ci-dessous la taille, la couleur et le design de votre carte !<\/p>\n","protected":false},"featured_media":26238,"template":"","meta":{"_uag_custom_page_level_css":"","_monsterinsights_skip_tracking":false,"_monsterinsights_sitenote_active":false,"_monsterinsights_sitenote_note":"","_monsterinsights_sitenote_category":0,"site-sidebar-layout":"default","site-content-layout":"","ast-site-content-layout":"default","site-content-style":"default","site-sidebar-style":"default","ast-global-header-display":"","ast-banner-title-visibility":"","ast-main-header-display":"","ast-hfb-above-header-display":"","ast-hfb-below-header-display":"","ast-hfb-mobile-header-display":"","site-post-title":"","ast-breadcrumbs-content":"","ast-featured-img":"","footer-sml-layout":"","ast-disable-related-posts":"","theme-transparent-header-meta":"default","adv-header-id-meta":"","stick-header-meta":"","header-above-stick-meta":"","header-main-stick-meta":"","header-below-stick-meta":"","astra-migrate-meta-layouts":"set","ast-page-background-enabled":"default","ast-page-background-meta":{"desktop":{"background-color":"","background-image":"","background-repeat":"repeat","background-position":"center center","background-size":"auto","background-attachment":"scroll","background-type":"","background-media":"","overlay-type":"","overlay-color":"","overlay-opacity":"","overlay-gradient":""},"tablet":{"background-color":"","background-image":"","background-repeat":"repeat","background-position":"center center","background-size":"auto","background-attachment":"scroll","background-type":"","background-media":"","overlay-type":"","overlay-color":"","overlay-opacity":"","overlay-gradient":""},"mobile":{"background-color":"","background-image":"","background-repeat":"repeat","background-position":"center center","background-size":"auto","background-attachment":"scroll","background-type":"","background-media":"","overlay-type":"","overlay-color":"","overlay-opacity":"","overlay-gradient":""}},"ast-content-background-meta":{"desktop":{"background-color":"var(--ast-global-color-5)","background-image":"","background-repeat":"repeat","background-position":"center center","background-size":"auto","background-attachment":"scroll","background-type":"","background-media":"","overlay-type":"","overlay-color":"","overlay-opacity":"","overlay-gradient":""},"tablet":{"background-color":"var(--ast-global-color-5)","background-image":"","background-repeat":"repeat","background-position":"center center","background-size":"auto","background-attachment":"scroll","background-type":"","background-media":"","overlay-type":"","overlay-color":"","overlay-opacity":"","overlay-gradient":""},"mobile":{"background-color":"var(--ast-global-color-5)","background-image":"","background-repeat":"repeat","background-position":"center center","background-size":"auto","background-attachment":"scroll","background-type":"","background-media":"","overlay-type":"","overlay-color":"","overlay-opacity":"","overlay-gradient":""}}},"product_brand":[],"product_cat":[18],"product_tag":[34,35,36,37,1168,39,40,93,1069,1070,1169],"class_list":{"0":"post-21509","1":"product","2":"type-product","3":"status-publish","4":"has-post-thumbnail","6":"product_cat-city-maps","7":"product_tag-30x40","8":"product_tag-40x50","9":"product_tag-50x70","10":"product_tag-70x100","11":"product_tag-baltic","12":"product_tag-canvas","13":"product_tag-city-map","14":"product_tag-europe","15":"product_tag-lietuva","16":"product_tag-lithuania","17":"product_tag-vilnius","18":"desktop-align-left","19":"tablet-align-left","20":"mobile-align-left","22":"first","23":"instock","24":"shipping-taxable","25":"purchasable","26":"product-type-variable"},"aioseo_notices":[],"uagb_featured_image_src":{"full":["https:\/\/mapospheres.eu\/wp-content\/uploads\/2026\/03\/Z21_NIGHT_FULL__VILNIUS.jpg",1000,1000,false],"thumbnail":["https:\/\/mapospheres.eu\/wp-content\/uploads\/2026\/03\/Z21_NIGHT_FULL__VILNIUS-150x150.jpg",150,150,true],"medium":["https:\/\/mapospheres.eu\/wp-content\/uploads\/2026\/03\/Z21_NIGHT_FULL__VILNIUS-300x300.jpg",300,300,true],"medium_large":["https:\/\/mapospheres.eu\/wp-content\/uploads\/2026\/03\/Z21_NIGHT_FULL__VILNIUS-768x768.jpg",768,768,true],"large":["https:\/\/mapospheres.eu\/wp-content\/uploads\/2026\/03\/Z21_NIGHT_FULL__VILNIUS.jpg",1000,1000,false],"1536x1536":["https:\/\/mapospheres.eu\/wp-content\/uploads\/2026\/03\/Z21_NIGHT_FULL__VILNIUS.jpg",1000,1000,false],"2048x2048":["https:\/\/mapospheres.eu\/wp-content\/uploads\/2026\/03\/Z21_NIGHT_FULL__VILNIUS.jpg",1000,1000,false],"woocommerce_thumbnail":["https:\/\/mapospheres.eu\/wp-content\/uploads\/2026\/03\/Z21_NIGHT_FULL__VILNIUS-300x300.jpg",300,300,true],"woocommerce_single":["https:\/\/mapospheres.eu\/wp-content\/uploads\/2026\/03\/Z21_NIGHT_FULL__VILNIUS-600x600.jpg",600,600,true],"woocommerce_gallery_thumbnail":["https:\/\/mapospheres.eu\/wp-content\/uploads\/2026\/03\/Z21_NIGHT_FULL__VILNIUS-100x100.jpg",100,100,true]},"uagb_author_info":{"display_name":"sgainot04@gmail.com","author_link":"https:\/\/mapospheres.eu\/fr\/author\/"},"uagb_comment_info":0,"uagb_excerpt":"Achetez une City Map \u2013 Carte de ville murale - imprim\u00e9e de la ville de Vilnius, Lituanie. Choisissez ci-dessous la taille, la couleur et le design de votre carte !","_links":{"self":[{"href":"https:\/\/mapospheres.eu\/fr\/wp-json\/wp\/v2\/product\/21509","targetHints":{"allow":["GET"]}}],"collection":[{"href":"https:\/\/mapospheres.eu\/fr\/wp-json\/wp\/v2\/product"}],"about":[{"href":"https:\/\/mapospheres.eu\/fr\/wp-json\/wp\/v2\/types\/product"}],"wp:featuredmedia":[{"embeddable":true,"href":"https:\/\/mapospheres.eu\/fr\/wp-json\/wp\/v2\/media\/26238"}],"wp:attachment":[{"href":"https:\/\/mapospheres.eu\/fr\/wp-json\/wp\/v2\/media?parent=21509"}],"wp:term":[{"taxonomy":"product_brand","embeddable":true,"href":"https:\/\/mapospheres.eu\/fr\/wp-json\/wp\/v2\/product_brand?post=21509"},{"taxonomy":"product_cat","embeddable":true,"href":"https:\/\/mapospheres.eu\/fr\/wp-json\/wp\/v2\/product_cat?post=21509"},{"taxonomy":"product_tag","embeddable":true,"href":"https:\/\/mapospheres.eu\/fr\/wp-json\/wp\/v2\/product_tag?post=21509"}],"curies":[{"name":"wp","href":"https:\/\/api.w.org\/{rel}","templated":true}]}}