{"id":21510,"date":"2026-03-17T13:55:04","date_gmt":"2026-03-17T13:55:04","guid":{"rendered":"https:\/\/mapospheres.eu\/product\/poster-of-zagreb-croatia\/"},"modified":"2026-05-04T13:56:44","modified_gmt":"2026-05-04T13:56:44","slug":"poster-of-zagreb-croatia","status":"publish","type":"product","link":"https:\/\/mapospheres.eu\/fr\/product\/poster-de-zagreb-croatie\/","title":{"rendered":"Poster de Zagreb | Croatie"},"content":{"rendered":"<p><strong>Poster City map de Zagreb, Croatie : avec son m\u00e9lange d\u2019histoire, de nature et de charme urbain, c\u2019est une pi\u00e8ce parfaite \u00e0 accrocher au mur, rappel constant de l\u2019esprit unique de cette capitale croate.<\/strong><\/p>\n<p>Entrez au c\u0153ur de la Croatie avec cette carte saisissante de Zagreb, o\u00f9 la vie urbaine se fond harmonieusement dans la nature. Au premier regard, la ville s\u2019\u00e9tire sur les pentes de la montagne Medvednica au nord, tandis que la rivi\u00e8re Sava serpente au sud, dessinant une s\u00e9paration naturelle dans le paysage. La carte r\u00e9v\u00e8le un relief vallonn\u00e9 plein de charme, o\u00f9 la vieille Ville Haute tr\u00f4ne comme une couronne sur la colline, dominant la Ville Basse anim\u00e9e qui s\u2019\u00e9tend en contrebas, riche en parcs, places et b\u00e2timents historiques.<\/p>\n<p>Les espaces verts de Zagreb, v\u00e9ritables tr\u00e9sors discrets, prennent vie sur cette carte. Le vaste parc Maksimir, avec ses lacs paisibles et ses sentiers sinueux, offre une \u00e9chapp\u00e9e sereine en plein c\u0153ur de la ville. \u00c0 l\u2019ouest, la grande \u00e9tendue bois\u00e9e de Tu\u0161kanac invite \u00e0 la promenade \u00e0 travers ses chemins ombrag\u00e9s, tandis que le parc Zrinjevac, proche du centre, se pr\u00eate parfaitement \u00e0 une fl\u00e2nerie ou \u00e0 un moment de repos sous la canop\u00e9e de ses arbres majestueux.<\/p>\n<p>Tiss\u00e9s dans le trac\u00e9 de la ville, ses monuments racontent chacun une histoire. De la cath\u00e9drale de Zagreb, dont les fl\u00e8ches jumelles s\u2019\u00e9lancent vers le ciel, \u00e0 la pittoresque Porte de Pierre, o\u00f9 une ancienne image de la Vierge est v\u00e9n\u00e9r\u00e9e pour ses miracles, la ville d\u00e9voile des strates de m\u00e9moire et de l\u00e9gendes. La carte met \u00e9galement en lumi\u00e8re les ruelles \u00e9troites et pleines de caract\u00e8re de la vieille Ville Haute, o\u00f9 le funiculaire \u2014 l\u2019un des plus courts au monde \u2014 relie la Ville Basse, et o\u00f9 les pav\u00e9s sinueux invitent \u00e0 la d\u00e9couverte et \u00e0 la surprise \u00e0 chaque d\u00e9tour.<\/p>\n","protected":false},"excerpt":{"rendered":"<p>Achetez une City Map \u2013 Carte de ville murale &#8211; imprim\u00e9e de la ville de Zagreb, Croatie.<br \/>\nChoisissez ci-dessous la taille, la couleur et le design de votre carte !<\/p>\n","protected":false},"featured_media":26256,"template":"","meta":{"_uag_custom_page_level_css":"","_monsterinsights_skip_tracking":false,"_monsterinsights_sitenote_active":false,"_monsterinsights_sitenote_note":"","_monsterinsights_sitenote_category":0,"site-sidebar-layout":"default","site-content-layout":"","ast-site-content-layout":"default","site-content-style":"default","site-sidebar-style":"default","ast-global-header-display":"","ast-banner-title-visibility":"","ast-main-header-display":"","ast-hfb-above-header-display":"","ast-hfb-below-header-display":"","ast-hfb-mobile-header-display":"","site-post-title":"","ast-breadcrumbs-content":"","ast-featured-img":"","footer-sml-layout":"","ast-disable-related-posts":"","theme-transparent-header-meta":"default","adv-header-id-meta":"","stick-header-meta":"","header-above-stick-meta":"","header-main-stick-meta":"","header-below-stick-meta":"","astra-migrate-meta-layouts":"set","ast-page-background-enabled":"default","ast-page-background-meta":{"desktop":{"background-color":"","background-image":"","background-repeat":"repeat","background-position":"center center","background-size":"auto","background-attachment":"scroll","background-type":"","background-media":"","overlay-type":"","overlay-color":"","overlay-opacity":"","overlay-gradient":""},"tablet":{"background-color":"","background-image":"","background-repeat":"repeat","background-position":"center center","background-size":"auto","background-attachment":"scroll","background-type":"","background-media":"","overlay-type":"","overlay-color":"","overlay-opacity":"","overlay-gradient":""},"mobile":{"background-color":"","background-image":"","background-repeat":"repeat","background-position":"center center","background-size":"auto","background-attachment":"scroll","background-type":"","background-media":"","overlay-type":"","overlay-color":"","overlay-opacity":"","overlay-gradient":""}},"ast-content-background-meta":{"desktop":{"background-color":"var(--ast-global-color-5)","background-image":"","background-repeat":"repeat","background-position":"center center","background-size":"auto","background-attachment":"scroll","background-type":"","background-media":"","overlay-type":"","overlay-color":"","overlay-opacity":"","overlay-gradient":""},"tablet":{"background-color":"var(--ast-global-color-5)","background-image":"","background-repeat":"repeat","background-position":"center center","background-size":"auto","background-attachment":"scroll","background-type":"","background-media":"","overlay-type":"","overlay-color":"","overlay-opacity":"","overlay-gradient":""},"mobile":{"background-color":"var(--ast-global-color-5)","background-image":"","background-repeat":"repeat","background-position":"center center","background-size":"auto","background-attachment":"scroll","background-type":"","background-media":"","overlay-type":"","overlay-color":"","overlay-opacity":"","overlay-gradient":""}}},"product_brand":[],"product_cat":[18],"product_tag":[34,35,36,37,39,40,1170,93,1171,1172],"class_list":{"0":"post-21510","1":"product","2":"type-product","3":"status-publish","4":"has-post-thumbnail","6":"product_cat-city-maps","7":"product_tag-30x40","8":"product_tag-40x50","9":"product_tag-50x70","10":"product_tag-70x100","11":"product_tag-canvas","12":"product_tag-city-map","13":"product_tag-croatia","14":"product_tag-europe","15":"product_tag-hrvatska","16":"product_tag-zagreb","17":"desktop-align-left","18":"tablet-align-left","19":"mobile-align-left","21":"first","22":"instock","23":"shipping-taxable","24":"purchasable","25":"product-type-variable"},"aioseo_notices":[],"uagb_featured_image_src":{"full":["https:\/\/mapospheres.eu\/wp-content\/uploads\/2026\/03\/Z27_BW_ROUND__ZAGREB.jpg",1000,1000,false],"thumbnail":["https:\/\/mapospheres.eu\/wp-content\/uploads\/2026\/03\/Z27_BW_ROUND__ZAGREB-150x150.jpg",150,150,true],"medium":["https:\/\/mapospheres.eu\/wp-content\/uploads\/2026\/03\/Z27_BW_ROUND__ZAGREB-300x300.jpg",300,300,true],"medium_large":["https:\/\/mapospheres.eu\/wp-content\/uploads\/2026\/03\/Z27_BW_ROUND__ZAGREB-768x768.jpg",768,768,true],"large":["https:\/\/mapospheres.eu\/wp-content\/uploads\/2026\/03\/Z27_BW_ROUND__ZAGREB.jpg",1000,1000,false],"1536x1536":["https:\/\/mapospheres.eu\/wp-content\/uploads\/2026\/03\/Z27_BW_ROUND__ZAGREB.jpg",1000,1000,false],"2048x2048":["https:\/\/mapospheres.eu\/wp-content\/uploads\/2026\/03\/Z27_BW_ROUND__ZAGREB.jpg",1000,1000,false],"woocommerce_thumbnail":["https:\/\/mapospheres.eu\/wp-content\/uploads\/2026\/03\/Z27_BW_ROUND__ZAGREB-300x300.jpg",300,300,true],"woocommerce_single":["https:\/\/mapospheres.eu\/wp-content\/uploads\/2026\/03\/Z27_BW_ROUND__ZAGREB-600x600.jpg",600,600,true],"woocommerce_gallery_thumbnail":["https:\/\/mapospheres.eu\/wp-content\/uploads\/2026\/03\/Z27_BW_ROUND__ZAGREB-100x100.jpg",100,100,true]},"uagb_author_info":{"display_name":"sgainot04@gmail.com","author_link":"https:\/\/mapospheres.eu\/fr\/author\/"},"uagb_comment_info":0,"uagb_excerpt":"Achetez une City Map \u2013 Carte de ville murale - imprim\u00e9e de la ville de Zagreb, Croatie. Choisissez ci-dessous la taille, la couleur et le design de votre carte !","_links":{"self":[{"href":"https:\/\/mapospheres.eu\/fr\/wp-json\/wp\/v2\/product\/21510","targetHints":{"allow":["GET"]}}],"collection":[{"href":"https:\/\/mapospheres.eu\/fr\/wp-json\/wp\/v2\/product"}],"about":[{"href":"https:\/\/mapospheres.eu\/fr\/wp-json\/wp\/v2\/types\/product"}],"wp:featuredmedia":[{"embeddable":true,"href":"https:\/\/mapospheres.eu\/fr\/wp-json\/wp\/v2\/media\/26256"}],"wp:attachment":[{"href":"https:\/\/mapospheres.eu\/fr\/wp-json\/wp\/v2\/media?parent=21510"}],"wp:term":[{"taxonomy":"product_brand","embeddable":true,"href":"https:\/\/mapospheres.eu\/fr\/wp-json\/wp\/v2\/product_brand?post=21510"},{"taxonomy":"product_cat","embeddable":true,"href":"https:\/\/mapospheres.eu\/fr\/wp-json\/wp\/v2\/product_cat?post=21510"},{"taxonomy":"product_tag","embeddable":true,"href":"https:\/\/mapospheres.eu\/fr\/wp-json\/wp\/v2\/product_tag?post=21510"}],"curies":[{"name":"wp","href":"https:\/\/api.w.org\/{rel}","templated":true}]}}