{"id":21511,"date":"2026-03-17T13:55:09","date_gmt":"2026-03-17T13:55:09","guid":{"rendered":"https:\/\/mapospheres.eu\/product\/poster-of-dubrovnik-croatia\/"},"modified":"2026-05-04T13:56:38","modified_gmt":"2026-05-04T13:56:38","slug":"poster-of-dubrovnik-croatia","status":"publish","type":"product","link":"https:\/\/mapospheres.eu\/fr\/product\/poster-de-dubrovnik-croatie\/","title":{"rendered":"Poster de Dubrovnik | Croatie"},"content":{"rendered":"<p><strong>Poster City map de Dubrovnik, Croatie : cette carte n\u2019est pas seulement un moyen de naviguer dans Dubrovnik, mais une fen\u00eatre ouverte sur son \u00e2me.<\/strong><\/p>\n<p>D\u00e9couvrez la beaut\u00e9 de Dubrovnik, joyau c\u00f4tier o\u00f9 l\u2019histoire et la nature se rencontrent de la mani\u00e8re la plus saisissante. Cette carte r\u00e9v\u00e8le le trac\u00e9 d\u00e9licat de la vieille ville, inscrite au patrimoine mondial de l\u2019UNESCO, lov\u00e9e contre le bleu scintillant de la mer Adriatique. Elle met en lumi\u00e8re un relief spectaculaire, o\u00f9 les falaises abruptes plongent vers le littoral, offrant un d\u00e9cor grandiose aux toits de tuiles ocre qui caract\u00e9risent la cit\u00e9.<\/p>\n<p>Les ruelles sinueuses d\u00e9voilent le charme d\u2019une architecture s\u00e9culaire : des puissantes remparts qui prot\u00e9geaient autrefois ses habitants jusqu\u2019au majestueux palais du Recteur, fier t\u00e9moin d\u2019un pass\u00e9 de puissance et de prestige. Au c\u0153ur de ce paysage, les collines verdoyantes du mont Sr\u0111 s\u2019\u00e9l\u00e8vent doucement, invitant \u00e0 imaginer des panoramas \u00e0 couper le souffle sur la mer et la ville, accessibles aux marcheurs audacieux comme aux voyageurs pr\u00e9f\u00e9rant la lenteur du t\u00e9l\u00e9ph\u00e9rique.<\/p>\n<p>Les parcs luxuriants, tels que le paisible parc Gradac, offrent ombre et fra\u00eecheur sous le soleil m\u00e9diterran\u00e9en, devenant des havres o\u00f9 habitants et visiteurs viennent se ressourcer. Et, si l\u2019on regarde au large, l\u2019\u00eele de Lokrum appara\u00eet, tapie dans la verdure, avec son ancien monast\u00e8re et ses for\u00eats denses, murmurant encore des l\u00e9gendes de myst\u00e8re et d\u2019histoire.<\/p>\n","protected":false},"excerpt":{"rendered":"<p>Achetez une City Map \u2013 Carte de ville murale &#8211; imprim\u00e9e de la ville de Dubrovnik, Croatie.<br \/>\nChoisissez ci-dessous la taille, la couleur et le design de votre carte !<\/p>\n","protected":false},"featured_media":26259,"template":"","meta":{"_uag_custom_page_level_css":"","_monsterinsights_skip_tracking":false,"_monsterinsights_sitenote_active":false,"_monsterinsights_sitenote_note":"","_monsterinsights_sitenote_category":0,"site-sidebar-layout":"default","site-content-layout":"","ast-site-content-layout":"default","site-content-style":"default","site-sidebar-style":"default","ast-global-header-display":"","ast-banner-title-visibility":"","ast-main-header-display":"","ast-hfb-above-header-display":"","ast-hfb-below-header-display":"","ast-hfb-mobile-header-display":"","site-post-title":"","ast-breadcrumbs-content":"","ast-featured-img":"","footer-sml-layout":"","ast-disable-related-posts":"","theme-transparent-header-meta":"default","adv-header-id-meta":"","stick-header-meta":"","header-above-stick-meta":"","header-main-stick-meta":"","header-below-stick-meta":"","astra-migrate-meta-layouts":"set","ast-page-background-enabled":"default","ast-page-background-meta":{"desktop":{"background-color":"","background-image":"","background-repeat":"repeat","background-position":"center center","background-size":"auto","background-attachment":"scroll","background-type":"","background-media":"","overlay-type":"","overlay-color":"","overlay-opacity":"","overlay-gradient":""},"tablet":{"background-color":"","background-image":"","background-repeat":"repeat","background-position":"center center","background-size":"auto","background-attachment":"scroll","background-type":"","background-media":"","overlay-type":"","overlay-color":"","overlay-opacity":"","overlay-gradient":""},"mobile":{"background-color":"","background-image":"","background-repeat":"repeat","background-position":"center center","background-size":"auto","background-attachment":"scroll","background-type":"","background-media":"","overlay-type":"","overlay-color":"","overlay-opacity":"","overlay-gradient":""}},"ast-content-background-meta":{"desktop":{"background-color":"var(--ast-global-color-5)","background-image":"","background-repeat":"repeat","background-position":"center center","background-size":"auto","background-attachment":"scroll","background-type":"","background-media":"","overlay-type":"","overlay-color":"","overlay-opacity":"","overlay-gradient":""},"tablet":{"background-color":"var(--ast-global-color-5)","background-image":"","background-repeat":"repeat","background-position":"center center","background-size":"auto","background-attachment":"scroll","background-type":"","background-media":"","overlay-type":"","overlay-color":"","overlay-opacity":"","overlay-gradient":""},"mobile":{"background-color":"var(--ast-global-color-5)","background-image":"","background-repeat":"repeat","background-position":"center center","background-size":"auto","background-attachment":"scroll","background-type":"","background-media":"","overlay-type":"","overlay-color":"","overlay-opacity":"","overlay-gradient":""}}},"product_brand":[],"product_cat":[18],"product_tag":[34,35,36,37,39,40,1170,1173,93,1171],"class_list":{"0":"post-21511","1":"product","2":"type-product","3":"status-publish","4":"has-post-thumbnail","6":"product_cat-city-maps","7":"product_tag-30x40","8":"product_tag-40x50","9":"product_tag-50x70","10":"product_tag-70x100","11":"product_tag-canvas","12":"product_tag-city-map","13":"product_tag-croatia","14":"product_tag-dubrovnik","15":"product_tag-europe","16":"product_tag-hrvatska","17":"desktop-align-left","18":"tablet-align-left","19":"mobile-align-left","21":"first","22":"instock","23":"shipping-taxable","24":"purchasable","25":"product-type-variable"},"aioseo_notices":[],"uagb_featured_image_src":{"full":["https:\/\/mapospheres.eu\/wp-content\/uploads\/2026\/03\/CANVAS_14_NIGHTROUND_4_DUBROVNIK.jpg",1000,1000,false],"thumbnail":["https:\/\/mapospheres.eu\/wp-content\/uploads\/2026\/03\/CANVAS_14_NIGHTROUND_4_DUBROVNIK-150x150.jpg",150,150,true],"medium":["https:\/\/mapospheres.eu\/wp-content\/uploads\/2026\/03\/CANVAS_14_NIGHTROUND_4_DUBROVNIK-300x300.jpg",300,300,true],"medium_large":["https:\/\/mapospheres.eu\/wp-content\/uploads\/2026\/03\/CANVAS_14_NIGHTROUND_4_DUBROVNIK-768x768.jpg",768,768,true],"large":["https:\/\/mapospheres.eu\/wp-content\/uploads\/2026\/03\/CANVAS_14_NIGHTROUND_4_DUBROVNIK.jpg",1000,1000,false],"1536x1536":["https:\/\/mapospheres.eu\/wp-content\/uploads\/2026\/03\/CANVAS_14_NIGHTROUND_4_DUBROVNIK.jpg",1000,1000,false],"2048x2048":["https:\/\/mapospheres.eu\/wp-content\/uploads\/2026\/03\/CANVAS_14_NIGHTROUND_4_DUBROVNIK.jpg",1000,1000,false],"woocommerce_thumbnail":["https:\/\/mapospheres.eu\/wp-content\/uploads\/2026\/03\/CANVAS_14_NIGHTROUND_4_DUBROVNIK-300x300.jpg",300,300,true],"woocommerce_single":["https:\/\/mapospheres.eu\/wp-content\/uploads\/2026\/03\/CANVAS_14_NIGHTROUND_4_DUBROVNIK-600x600.jpg",600,600,true],"woocommerce_gallery_thumbnail":["https:\/\/mapospheres.eu\/wp-content\/uploads\/2026\/03\/CANVAS_14_NIGHTROUND_4_DUBROVNIK-100x100.jpg",100,100,true]},"uagb_author_info":{"display_name":"sgainot04@gmail.com","author_link":"https:\/\/mapospheres.eu\/fr\/author\/"},"uagb_comment_info":0,"uagb_excerpt":"Achetez une City Map \u2013 Carte de ville murale - imprim\u00e9e de la ville de Dubrovnik, Croatie. Choisissez ci-dessous la taille, la couleur et le design de votre carte !","_links":{"self":[{"href":"https:\/\/mapospheres.eu\/fr\/wp-json\/wp\/v2\/product\/21511","targetHints":{"allow":["GET"]}}],"collection":[{"href":"https:\/\/mapospheres.eu\/fr\/wp-json\/wp\/v2\/product"}],"about":[{"href":"https:\/\/mapospheres.eu\/fr\/wp-json\/wp\/v2\/types\/product"}],"wp:featuredmedia":[{"embeddable":true,"href":"https:\/\/mapospheres.eu\/fr\/wp-json\/wp\/v2\/media\/26259"}],"wp:attachment":[{"href":"https:\/\/mapospheres.eu\/fr\/wp-json\/wp\/v2\/media?parent=21511"}],"wp:term":[{"taxonomy":"product_brand","embeddable":true,"href":"https:\/\/mapospheres.eu\/fr\/wp-json\/wp\/v2\/product_brand?post=21511"},{"taxonomy":"product_cat","embeddable":true,"href":"https:\/\/mapospheres.eu\/fr\/wp-json\/wp\/v2\/product_cat?post=21511"},{"taxonomy":"product_tag","embeddable":true,"href":"https:\/\/mapospheres.eu\/fr\/wp-json\/wp\/v2\/product_tag?post=21511"}],"curies":[{"name":"wp","href":"https:\/\/api.w.org\/{rel}","templated":true}]}}