{"id":21512,"date":"2026-03-17T13:55:14","date_gmt":"2026-03-17T13:55:14","guid":{"rendered":"https:\/\/mapospheres.eu\/product\/poster-of-lodz-poland\/"},"modified":"2026-05-04T13:56:40","modified_gmt":"2026-05-04T13:56:40","slug":"poster-of-lodz-poland","status":"publish","type":"product","link":"https:\/\/mapospheres.eu\/fr\/product\/poster-de-lodz-pologne\/","title":{"rendered":"Poster de \u0141\u00f3d\u017a | Pologne"},"content":{"rendered":"<p><strong>Poster City map de \u0141\u00f3d\u017a, Pologne : il offre une narration visuelle d\u2019une ville qui n\u2019a jamais eu peur de se r\u00e9inventer.<\/strong><\/p>\n<p>Cette carte de \u0141\u00f3d\u017a d\u00e9voile un aper\u00e7u d\u2019une cit\u00e9 o\u00f9 l\u2019histoire industrielle et la nature se rencontrent dans une harmonie inattendue. Situ\u00e9e au c\u0153ur de la Pologne, \u0141\u00f3d\u017a se d\u00e9ploie selon une organisation \u00e9tonnamment lin\u00e9aire : ses rues s\u2019\u00e9tirent sur la plaine comme des fils sur un m\u00e9tier \u00e0 tisser, en \u00e9cho \u00e0 son pass\u00e9 de c\u0153ur industriel du textile polonais. La ville repose dans une vall\u00e9e, doucement enlac\u00e9e par de basses collines qui dessinent un horizon discret autour de l\u2019effervescence urbaine. Ces reliefs, sans \u00eatre imposants, insufflent profondeur et relief au paysage, venant adoucir la rigueur de son h\u00e9ritage industriel.<\/p>\n<p>En parcourant la carte, on per\u00e7oit la mani\u00e8re dont \u0141\u00f3d\u017a a grandi et s\u2019est transform\u00e9e au fil du temps. Ses espaces verts t\u00e9moignent de la volont\u00e9 d\u2019unir nature et vie urbaine. \u00c0 l\u2019ouest, l\u2019immense for\u00eat de \u0141agiewniki s\u2019\u00e9tend comme un poumon vert, refuge apaisant o\u00f9 habitants et visiteurs \u00e9chappent au souffle industriel de la ville. Non loin, les jardins luxuriants du Botanica apportent une parenth\u00e8se de s\u00e9r\u00e9nit\u00e9 au c\u0153ur d\u2019une m\u00e9tropole en mouvement.<\/p>\n<p>Et puis il y a la c\u00e9l\u00e8bre rue Piotrkowska, art\u00e8re vivante de la ville, qui traverse \u0141\u00f3d\u017a presque sans interruption. Bord\u00e9e de b\u00e2timents historiques et de caf\u00e9s anim\u00e9s, elle incarne la m\u00e9tamorphose de la ville : d\u2019un centre industriel brut \u00e0 un foyer de cr\u00e9ativit\u00e9 et de culture. Le complexe de Manufaktura, autrefois vaste usine textile, est aujourd\u2019hui un lieu vibrant d\u00e9di\u00e9 au shopping, \u00e0 la gastronomie et \u00e0 la culture \u2014 symbole \u00e9clatant de r\u00e9silience et de renaissance.<\/p>\n<p>Les anciens b\u00e2timents industriels, majestueux t\u00e9moins du pass\u00e9, dialoguent d\u00e9sormais avec les gratte-ciel modernes qui les entourent. Ensemble, ils racontent l\u2019\u00e9volution de \u0141\u00f3d\u017a, o\u00f9 la puissance industrielle d\u2019hier se fond dans l\u2019\u00e9nergie urbaine contemporaine.<\/p>\n","protected":false},"excerpt":{"rendered":"<p>Achetez une City Map \u2013 Carte de ville murale &#8211; imprim\u00e9e de la ville de \u0141\u00f3d\u017a, Pologne.<br \/>\nChoisissez ci-dessous la taille, la couleur et le design de votre carte !<\/p>\n","protected":false},"featured_media":26268,"template":"","meta":{"_uag_custom_page_level_css":"","_monsterinsights_skip_tracking":false,"_monsterinsights_sitenote_active":false,"_monsterinsights_sitenote_note":"","_monsterinsights_sitenote_category":0,"site-sidebar-layout":"default","site-content-layout":"","ast-site-content-layout":"default","site-content-style":"default","site-sidebar-style":"default","ast-global-header-display":"","ast-banner-title-visibility":"","ast-main-header-display":"","ast-hfb-above-header-display":"","ast-hfb-below-header-display":"","ast-hfb-mobile-header-display":"","site-post-title":"","ast-breadcrumbs-content":"","ast-featured-img":"","footer-sml-layout":"","ast-disable-related-posts":"","theme-transparent-header-meta":"default","adv-header-id-meta":"","stick-header-meta":"","header-above-stick-meta":"","header-main-stick-meta":"","header-below-stick-meta":"","astra-migrate-meta-layouts":"set","ast-page-background-enabled":"default","ast-page-background-meta":{"desktop":{"background-color":"","background-image":"","background-repeat":"repeat","background-position":"center center","background-size":"auto","background-attachment":"scroll","background-type":"","background-media":"","overlay-type":"","overlay-color":"","overlay-opacity":"","overlay-gradient":""},"tablet":{"background-color":"","background-image":"","background-repeat":"repeat","background-position":"center center","background-size":"auto","background-attachment":"scroll","background-type":"","background-media":"","overlay-type":"","overlay-color":"","overlay-opacity":"","overlay-gradient":""},"mobile":{"background-color":"","background-image":"","background-repeat":"repeat","background-position":"center center","background-size":"auto","background-attachment":"scroll","background-type":"","background-media":"","overlay-type":"","overlay-color":"","overlay-opacity":"","overlay-gradient":""}},"ast-content-background-meta":{"desktop":{"background-color":"var(--ast-global-color-5)","background-image":"","background-repeat":"repeat","background-position":"center center","background-size":"auto","background-attachment":"scroll","background-type":"","background-media":"","overlay-type":"","overlay-color":"","overlay-opacity":"","overlay-gradient":""},"tablet":{"background-color":"var(--ast-global-color-5)","background-image":"","background-repeat":"repeat","background-position":"center center","background-size":"auto","background-attachment":"scroll","background-type":"","background-media":"","overlay-type":"","overlay-color":"","overlay-opacity":"","overlay-gradient":""},"mobile":{"background-color":"var(--ast-global-color-5)","background-image":"","background-repeat":"repeat","background-position":"center center","background-size":"auto","background-attachment":"scroll","background-type":"","background-media":"","overlay-type":"","overlay-color":"","overlay-opacity":"","overlay-gradient":""}}},"product_brand":[],"product_cat":[18],"product_tag":[34,35,36,37,39,40,93,1174,349,855],"class_list":{"0":"post-21512","1":"product","2":"type-product","3":"status-publish","4":"has-post-thumbnail","6":"product_cat-city-maps","7":"product_tag-30x40","8":"product_tag-40x50","9":"product_tag-50x70","10":"product_tag-70x100","11":"product_tag-canvas","12":"product_tag-city-map","13":"product_tag-europe","14":"product_tag-lodz","15":"product_tag-poland","16":"product_tag-polska","17":"desktop-align-left","18":"tablet-align-left","19":"mobile-align-left","21":"first","22":"instock","23":"shipping-taxable","24":"purchasable","25":"product-type-variable"},"aioseo_notices":[],"uagb_featured_image_src":{"full":["https:\/\/mapospheres.eu\/wp-content\/uploads\/2026\/03\/CANVAS_11_NIGHT_3RD_1_LODZ.jpg",1000,1000,false],"thumbnail":["https:\/\/mapospheres.eu\/wp-content\/uploads\/2026\/03\/CANVAS_11_NIGHT_3RD_1_LODZ-150x150.jpg",150,150,true],"medium":["https:\/\/mapospheres.eu\/wp-content\/uploads\/2026\/03\/CANVAS_11_NIGHT_3RD_1_LODZ-300x300.jpg",300,300,true],"medium_large":["https:\/\/mapospheres.eu\/wp-content\/uploads\/2026\/03\/CANVAS_11_NIGHT_3RD_1_LODZ-768x768.jpg",768,768,true],"large":["https:\/\/mapospheres.eu\/wp-content\/uploads\/2026\/03\/CANVAS_11_NIGHT_3RD_1_LODZ.jpg",1000,1000,false],"1536x1536":["https:\/\/mapospheres.eu\/wp-content\/uploads\/2026\/03\/CANVAS_11_NIGHT_3RD_1_LODZ.jpg",1000,1000,false],"2048x2048":["https:\/\/mapospheres.eu\/wp-content\/uploads\/2026\/03\/CANVAS_11_NIGHT_3RD_1_LODZ.jpg",1000,1000,false],"woocommerce_thumbnail":["https:\/\/mapospheres.eu\/wp-content\/uploads\/2026\/03\/CANVAS_11_NIGHT_3RD_1_LODZ-300x300.jpg",300,300,true],"woocommerce_single":["https:\/\/mapospheres.eu\/wp-content\/uploads\/2026\/03\/CANVAS_11_NIGHT_3RD_1_LODZ-600x600.jpg",600,600,true],"woocommerce_gallery_thumbnail":["https:\/\/mapospheres.eu\/wp-content\/uploads\/2026\/03\/CANVAS_11_NIGHT_3RD_1_LODZ-100x100.jpg",100,100,true]},"uagb_author_info":{"display_name":"sgainot04@gmail.com","author_link":"https:\/\/mapospheres.eu\/fr\/author\/"},"uagb_comment_info":0,"uagb_excerpt":"Achetez une City Map \u2013 Carte de ville murale - imprim\u00e9e de la ville de \u0141\u00f3d\u017a, Pologne. Choisissez ci-dessous la taille, la couleur et le design de votre carte !","_links":{"self":[{"href":"https:\/\/mapospheres.eu\/fr\/wp-json\/wp\/v2\/product\/21512","targetHints":{"allow":["GET"]}}],"collection":[{"href":"https:\/\/mapospheres.eu\/fr\/wp-json\/wp\/v2\/product"}],"about":[{"href":"https:\/\/mapospheres.eu\/fr\/wp-json\/wp\/v2\/types\/product"}],"wp:featuredmedia":[{"embeddable":true,"href":"https:\/\/mapospheres.eu\/fr\/wp-json\/wp\/v2\/media\/26268"}],"wp:attachment":[{"href":"https:\/\/mapospheres.eu\/fr\/wp-json\/wp\/v2\/media?parent=21512"}],"wp:term":[{"taxonomy":"product_brand","embeddable":true,"href":"https:\/\/mapospheres.eu\/fr\/wp-json\/wp\/v2\/product_brand?post=21512"},{"taxonomy":"product_cat","embeddable":true,"href":"https:\/\/mapospheres.eu\/fr\/wp-json\/wp\/v2\/product_cat?post=21512"},{"taxonomy":"product_tag","embeddable":true,"href":"https:\/\/mapospheres.eu\/fr\/wp-json\/wp\/v2\/product_tag?post=21512"}],"curies":[{"name":"wp","href":"https:\/\/api.w.org\/{rel}","templated":true}]}}