{"id":21513,"date":"2026-03-17T13:55:18","date_gmt":"2026-03-17T13:55:18","guid":{"rendered":"https:\/\/mapospheres.eu\/product\/poster-of-thessaloniki-greece\/"},"modified":"2026-04-16T12:42:47","modified_gmt":"2026-04-16T12:42:47","slug":"poster-of-thessaloniki-greece","status":"publish","type":"product","link":"https:\/\/mapospheres.eu\/fr\/product\/poster-de-thessalonique-grece\/","title":{"rendered":"Poster de Thessalonique | Gr\u00e8ce"},"content":{"rendered":"<p><strong>Poster City map de Thessalonique, Gr\u00e8ce : carrefour vivant de cultures, d\u2019histoires et de g\u00e9ographies depuis des si\u00e8cles.<\/strong><\/p>\n<p>Bord\u00e9e par les eaux scintillantes de la mer \u00c9g\u00e9e, la ville s\u2019\u00e9tire avec \u00e9l\u00e9gance au pied de collines douces qui s\u2019\u00e9l\u00e8vent vers l\u2019ouest. Parmi elles, le mont Hortiatis veille en silence, enveloppant Thessalonique d\u2019une \u00e9treinte naturelle et offrant des panoramas saisissants sur la ville d\u00e9ploy\u00e9e en contrebas. Le relief ondule et se creuse, d\u00e9voilant des \u00eelots de verdure et des respirations naturelles qui viennent \u00e9quilibrer l\u2019\u00e9tendue urbaine, conf\u00e9rant \u00e0 la carte une harmonie apaisante. Au fil du regard, les embl\u00e8mes de la ville jalonnent la carte et racontent son pass\u00e9 foisonnant. La Tour Blanche, symbole embl\u00e9matique, se dresse fi\u00e8rement en bord de mer, t\u00e9moin silencieux de son h\u00e9ritage byzantin. Non loin, les vestiges de l\u2019ancien Forum romain et l\u2019arc de Gal\u00e8re murmurent les souvenirs d\u2019une \u00e9poque o\u00f9 Thessalonique rayonnait au c\u0153ur de l\u2019Empire romain. Les strates de l\u2019histoire se d\u00e9voilent \u00e0 chaque d\u00e9tour, des \u00e9glises byzantines aux \u00e9difices ottomans, tissant une mosa\u00efque culturelle unique. Malgr\u00e9 son \u00e9nergie urbaine vibrante, Thessalonique cultive pr\u00e9cieusement ses espaces verts. La vaste place Aristote, ouverte et lumineuse, invite \u00e0 la fl\u00e2nerie en lien direct avec le front de mer, lieu de rencontre privil\u00e9gi\u00e9 des habitants et des voyageurs. La carte r\u00e9v\u00e8le \u00e9galement des havres plus discrets, comme le campus verdoyant de l\u2019universit\u00e9 Aristote ou les jardins paisibles de la galerie municipale d\u2019art, refuges secrets o\u00f9 s\u2019\u00e9chapper sans quitter la ville. Entre mer, collines et m\u00e9moire, Thessalonique compose une harmonie visuelle singuli\u00e8re : cette carte devient alors bien plus qu\u2019un guide, une v\u00e9ritable ode \u00e0 son \u00e2me intemporelle.<\/p>\n","protected":false},"excerpt":{"rendered":"<p>Achetez une City Map \u2013 Carte de ville murale &#8211; imprim\u00e9e de la ville de Thessalonique, Gr\u00e8ce.<br \/>\nChoisissez ci-dessous la taille, la couleur et le design de votre carte !<\/p>\n","protected":false},"featured_media":26073,"template":"","meta":{"_uag_custom_page_level_css":"","_monsterinsights_skip_tracking":false,"_monsterinsights_sitenote_active":false,"_monsterinsights_sitenote_note":"","_monsterinsights_sitenote_category":0,"site-sidebar-layout":"default","site-content-layout":"","ast-site-content-layout":"default","site-content-style":"default","site-sidebar-style":"default","ast-global-header-display":"","ast-banner-title-visibility":"","ast-main-header-display":"","ast-hfb-above-header-display":"","ast-hfb-below-header-display":"","ast-hfb-mobile-header-display":"","site-post-title":"","ast-breadcrumbs-content":"","ast-featured-img":"","footer-sml-layout":"","ast-disable-related-posts":"","theme-transparent-header-meta":"default","adv-header-id-meta":"","stick-header-meta":"","header-above-stick-meta":"","header-main-stick-meta":"","header-below-stick-meta":"","astra-migrate-meta-layouts":"set","ast-page-background-enabled":"default","ast-page-background-meta":{"desktop":{"background-color":"","background-image":"","background-repeat":"repeat","background-position":"center center","background-size":"auto","background-attachment":"scroll","background-type":"","background-media":"","overlay-type":"","overlay-color":"","overlay-opacity":"","overlay-gradient":""},"tablet":{"background-color":"","background-image":"","background-repeat":"repeat","background-position":"center center","background-size":"auto","background-attachment":"scroll","background-type":"","background-media":"","overlay-type":"","overlay-color":"","overlay-opacity":"","overlay-gradient":""},"mobile":{"background-color":"","background-image":"","background-repeat":"repeat","background-position":"center center","background-size":"auto","background-attachment":"scroll","background-type":"","background-media":"","overlay-type":"","overlay-color":"","overlay-opacity":"","overlay-gradient":""}},"ast-content-background-meta":{"desktop":{"background-color":"var(--ast-global-color-5)","background-image":"","background-repeat":"repeat","background-position":"center center","background-size":"auto","background-attachment":"scroll","background-type":"","background-media":"","overlay-type":"","overlay-color":"","overlay-opacity":"","overlay-gradient":""},"tablet":{"background-color":"var(--ast-global-color-5)","background-image":"","background-repeat":"repeat","background-position":"center center","background-size":"auto","background-attachment":"scroll","background-type":"","background-media":"","overlay-type":"","overlay-color":"","overlay-opacity":"","overlay-gradient":""},"mobile":{"background-color":"var(--ast-global-color-5)","background-image":"","background-repeat":"repeat","background-position":"center center","background-size":"auto","background-attachment":"scroll","background-type":"","background-media":"","overlay-type":"","overlay-color":"","overlay-opacity":"","overlay-gradient":""}}},"product_brand":[],"product_cat":[18,338],"product_tag":[34,35,36,37,39,40,93,352,1167],"class_list":{"0":"post-21513","1":"product","2":"type-product","3":"status-publish","4":"has-post-thumbnail","6":"product_cat-city-maps","7":"product_cat-featured_eng","8":"product_tag-30x40","9":"product_tag-40x50","10":"product_tag-50x70","11":"product_tag-70x100","12":"product_tag-canvas","13":"product_tag-city-map","14":"product_tag-europe","15":"product_tag-greece","16":"product_tag-thessaloniki","17":"desktop-align-left","18":"tablet-align-left","19":"mobile-align-left","21":"first","22":"instock","23":"shipping-taxable","24":"product-type-variable"},"aioseo_notices":[],"uagb_featured_image_src":{"full":["https:\/\/mapospheres.eu\/wp-content\/uploads\/2026\/03\/CANVAS_11_NIGHT_3RD_1_THESSALONIKI.jpg",1000,1000,false],"thumbnail":["https:\/\/mapospheres.eu\/wp-content\/uploads\/2026\/03\/CANVAS_11_NIGHT_3RD_1_THESSALONIKI-150x150.jpg",150,150,true],"medium":["https:\/\/mapospheres.eu\/wp-content\/uploads\/2026\/03\/CANVAS_11_NIGHT_3RD_1_THESSALONIKI-300x300.jpg",300,300,true],"medium_large":["https:\/\/mapospheres.eu\/wp-content\/uploads\/2026\/03\/CANVAS_11_NIGHT_3RD_1_THESSALONIKI-768x768.jpg",768,768,true],"large":["https:\/\/mapospheres.eu\/wp-content\/uploads\/2026\/03\/CANVAS_11_NIGHT_3RD_1_THESSALONIKI.jpg",1000,1000,false],"1536x1536":["https:\/\/mapospheres.eu\/wp-content\/uploads\/2026\/03\/CANVAS_11_NIGHT_3RD_1_THESSALONIKI.jpg",1000,1000,false],"2048x2048":["https:\/\/mapospheres.eu\/wp-content\/uploads\/2026\/03\/CANVAS_11_NIGHT_3RD_1_THESSALONIKI.jpg",1000,1000,false],"woocommerce_thumbnail":["https:\/\/mapospheres.eu\/wp-content\/uploads\/2026\/03\/CANVAS_11_NIGHT_3RD_1_THESSALONIKI-300x300.jpg",300,300,true],"woocommerce_single":["https:\/\/mapospheres.eu\/wp-content\/uploads\/2026\/03\/CANVAS_11_NIGHT_3RD_1_THESSALONIKI-600x600.jpg",600,600,true],"woocommerce_gallery_thumbnail":["https:\/\/mapospheres.eu\/wp-content\/uploads\/2026\/03\/CANVAS_11_NIGHT_3RD_1_THESSALONIKI-100x100.jpg",100,100,true]},"uagb_author_info":{"display_name":"sgainot04@gmail.com","author_link":"https:\/\/mapospheres.eu\/fr\/author\/"},"uagb_comment_info":0,"uagb_excerpt":"Achetez une City Map \u2013 Carte de ville murale - imprim\u00e9e de la ville de Thessalonique, Gr\u00e8ce. Choisissez ci-dessous la taille, la couleur et le design de votre carte !","_links":{"self":[{"href":"https:\/\/mapospheres.eu\/fr\/wp-json\/wp\/v2\/product\/21513","targetHints":{"allow":["GET"]}}],"collection":[{"href":"https:\/\/mapospheres.eu\/fr\/wp-json\/wp\/v2\/product"}],"about":[{"href":"https:\/\/mapospheres.eu\/fr\/wp-json\/wp\/v2\/types\/product"}],"wp:featuredmedia":[{"embeddable":true,"href":"https:\/\/mapospheres.eu\/fr\/wp-json\/wp\/v2\/media\/26073"}],"wp:attachment":[{"href":"https:\/\/mapospheres.eu\/fr\/wp-json\/wp\/v2\/media?parent=21513"}],"wp:term":[{"taxonomy":"product_brand","embeddable":true,"href":"https:\/\/mapospheres.eu\/fr\/wp-json\/wp\/v2\/product_brand?post=21513"},{"taxonomy":"product_cat","embeddable":true,"href":"https:\/\/mapospheres.eu\/fr\/wp-json\/wp\/v2\/product_cat?post=21513"},{"taxonomy":"product_tag","embeddable":true,"href":"https:\/\/mapospheres.eu\/fr\/wp-json\/wp\/v2\/product_tag?post=21513"}],"curies":[{"name":"wp","href":"https:\/\/api.w.org\/{rel}","templated":true}]}}