{"id":21514,"date":"2026-03-17T13:55:23","date_gmt":"2026-03-17T13:55:23","guid":{"rendered":"https:\/\/mapospheres.eu\/product\/poster-of-guate-guatemala\/"},"modified":"2026-04-16T12:41:49","modified_gmt":"2026-04-16T12:41:49","slug":"poster-of-guate-guatemala","status":"publish","type":"product","link":"https:\/\/mapospheres.eu\/fr\/product\/poster-de-la-ville-de-guatemala-guatemala\/","title":{"rendered":"Poster de la ville de Guatemala | Guatemala"},"content":{"rendered":"<p><strong>Poster City map de la ville de Guatemala, Guatemala : imaginez l\u2019ascension lente des volcans voisins, le tumulte des march\u00e9s, et ces recoins silencieux o\u00f9 les r\u00e9cits du pass\u00e9 reposent sous la surface de la ville.<\/strong><\/p>\n<p>Aux abords de paysages volcaniques saisissants, la ville se dessine sous l\u2019ombre majestueuse de sommets imposants tels que le Volc\u00e1n de Agua, dont les pentes projettent leur silhouette grandiose sur les rues anim\u00e9es en contrebas. Au nord, l\u2019urbanit\u00e9 s\u2019efface peu \u00e0 peu pour laisser place \u00e0 l\u2019\u00e9tendue g\u00e9n\u00e9reuse du Valle de la Ermita, \u00e9crin de verdure apaisant qui contraste avec l\u2019effervescence citadine. En parcourant la carte, se r\u00e9v\u00e8lent de nombreux espaces verts, v\u00e9ritables respirations de la ville, \u00e0 l\u2019image du Parque Central nich\u00e9 au c\u0153ur de la vieille ville, l\u00e0 o\u00f9 se rencontrent l\u2019histoire et le pr\u00e9sent. Entour\u00e9 d\u2019\u00e9difices d\u2019\u00e9poque coloniale, ce lieu murmure les pas de g\u00e9n\u00e9rations enti\u00e8res ayant foul\u00e9 ses all\u00e9es. Non loin, le vaste Parque Metropolitano et ses lacs paisibles offrent une \u00e9chapp\u00e9e douce \u00e0 ceux qui cherchent \u00e0 ralentir le rythme. Ici, les arbres et les clairi\u00e8res semblent veiller en silence, gardiens des r\u00e9cits qui fa\u00e7onnent Guatemala City. Au-del\u00e0 de l\u2019empreinte de la nature, la ville r\u00e9v\u00e8le aussi ses monuments embl\u00e9matiques : le Palais national et la majestueuse Catedral Metropolitana s\u2019\u00e9l\u00e8vent avec prestance, porteurs d\u2019une m\u00e9moire profonde. Leurs fa\u00e7ades imposantes captent le regard et \u00e9voquent un pass\u00e9 o\u00f9 les rues vibraient sous les pas d\u2019empereurs et de r\u00e9volutionnaires. Pourtant, la carte embrasse aussi l\u2019\u00e9lan contemporain : le centre-ville palpite d\u2019une \u00e9nergie constante, celle d\u2019une cit\u00e9 en mouvement, toujours tourn\u00e9e vers l\u2019avenir sans jamais renier ses racines.<\/p>\n","protected":false},"excerpt":{"rendered":"<p>Achetez une City Map \u2013 Carte de ville murale &#8211; imprim\u00e9e de la ville de Guatemala, Guatemala.<br \/>\nChoisissez ci-dessous la taille, la couleur et le design de votre carte !<\/p>\n","protected":false},"featured_media":26055,"template":"","meta":{"_uag_custom_page_level_css":"","_monsterinsights_skip_tracking":false,"_monsterinsights_sitenote_active":false,"_monsterinsights_sitenote_note":"","_monsterinsights_sitenote_category":0,"site-sidebar-layout":"default","site-content-layout":"","ast-site-content-layout":"default","site-content-style":"default","site-sidebar-style":"default","ast-global-header-display":"","ast-banner-title-visibility":"","ast-main-header-display":"","ast-hfb-above-header-display":"","ast-hfb-below-header-display":"","ast-hfb-mobile-header-display":"","site-post-title":"","ast-breadcrumbs-content":"","ast-featured-img":"","footer-sml-layout":"","ast-disable-related-posts":"","theme-transparent-header-meta":"default","adv-header-id-meta":"","stick-header-meta":"","header-above-stick-meta":"","header-main-stick-meta":"","header-below-stick-meta":"","astra-migrate-meta-layouts":"set","ast-page-background-enabled":"default","ast-page-background-meta":{"desktop":{"background-color":"","background-image":"","background-repeat":"repeat","background-position":"center center","background-size":"auto","background-attachment":"scroll","background-type":"","background-media":"","overlay-type":"","overlay-color":"","overlay-opacity":"","overlay-gradient":""},"tablet":{"background-color":"","background-image":"","background-repeat":"repeat","background-position":"center center","background-size":"auto","background-attachment":"scroll","background-type":"","background-media":"","overlay-type":"","overlay-color":"","overlay-opacity":"","overlay-gradient":""},"mobile":{"background-color":"","background-image":"","background-repeat":"repeat","background-position":"center center","background-size":"auto","background-attachment":"scroll","background-type":"","background-media":"","overlay-type":"","overlay-color":"","overlay-opacity":"","overlay-gradient":""}},"ast-content-background-meta":{"desktop":{"background-color":"var(--ast-global-color-5)","background-image":"","background-repeat":"repeat","background-position":"center center","background-size":"auto","background-attachment":"scroll","background-type":"","background-media":"","overlay-type":"","overlay-color":"","overlay-opacity":"","overlay-gradient":""},"tablet":{"background-color":"var(--ast-global-color-5)","background-image":"","background-repeat":"repeat","background-position":"center center","background-size":"auto","background-attachment":"scroll","background-type":"","background-media":"","overlay-type":"","overlay-color":"","overlay-opacity":"","overlay-gradient":""},"mobile":{"background-color":"var(--ast-global-color-5)","background-image":"","background-repeat":"repeat","background-position":"center center","background-size":"auto","background-attachment":"scroll","background-type":"","background-media":"","overlay-type":"","overlay-color":"","overlay-opacity":"","overlay-gradient":""}}},"product_brand":[],"product_cat":[18,465],"product_tag":[34,35,36,37,39,105,40,1163,1164,1165,1166,42],"class_list":{"0":"post-21514","1":"product","2":"type-product","3":"status-publish","4":"has-post-thumbnail","6":"product_cat-city-maps","7":"product_cat-featured_esp","8":"product_tag-30x40","9":"product_tag-40x50","10":"product_tag-50x70","11":"product_tag-70x100","12":"product_tag-canvas","13":"product_tag-central-america","14":"product_tag-city-map","15":"product_tag-guate","16":"product_tag-guatemala","17":"product_tag-guatemala-city","18":"product_tag-guatemala-ciudad","19":"product_tag-south-america","20":"desktop-align-left","21":"tablet-align-left","22":"mobile-align-left","24":"first","25":"instock","26":"shipping-taxable","27":"product-type-variable"},"aioseo_notices":[],"uagb_featured_image_src":{"full":["https:\/\/mapospheres.eu\/wp-content\/uploads\/2026\/03\/CANVAS_11_NIGHT_3RD_1_GUATEMALA.jpg",1000,1000,false],"thumbnail":["https:\/\/mapospheres.eu\/wp-content\/uploads\/2026\/03\/CANVAS_11_NIGHT_3RD_1_GUATEMALA-150x150.jpg",150,150,true],"medium":["https:\/\/mapospheres.eu\/wp-content\/uploads\/2026\/03\/CANVAS_11_NIGHT_3RD_1_GUATEMALA-300x300.jpg",300,300,true],"medium_large":["https:\/\/mapospheres.eu\/wp-content\/uploads\/2026\/03\/CANVAS_11_NIGHT_3RD_1_GUATEMALA-768x768.jpg",768,768,true],"large":["https:\/\/mapospheres.eu\/wp-content\/uploads\/2026\/03\/CANVAS_11_NIGHT_3RD_1_GUATEMALA.jpg",1000,1000,false],"1536x1536":["https:\/\/mapospheres.eu\/wp-content\/uploads\/2026\/03\/CANVAS_11_NIGHT_3RD_1_GUATEMALA.jpg",1000,1000,false],"2048x2048":["https:\/\/mapospheres.eu\/wp-content\/uploads\/2026\/03\/CANVAS_11_NIGHT_3RD_1_GUATEMALA.jpg",1000,1000,false],"woocommerce_thumbnail":["https:\/\/mapospheres.eu\/wp-content\/uploads\/2026\/03\/CANVAS_11_NIGHT_3RD_1_GUATEMALA-300x300.jpg",300,300,true],"woocommerce_single":["https:\/\/mapospheres.eu\/wp-content\/uploads\/2026\/03\/CANVAS_11_NIGHT_3RD_1_GUATEMALA-600x600.jpg",600,600,true],"woocommerce_gallery_thumbnail":["https:\/\/mapospheres.eu\/wp-content\/uploads\/2026\/03\/CANVAS_11_NIGHT_3RD_1_GUATEMALA-100x100.jpg",100,100,true]},"uagb_author_info":{"display_name":"sgainot04@gmail.com","author_link":"https:\/\/mapospheres.eu\/fr\/author\/"},"uagb_comment_info":0,"uagb_excerpt":"Achetez une City Map \u2013 Carte de ville murale - imprim\u00e9e de la ville de Guatemala, Guatemala. Choisissez ci-dessous la taille, la couleur et le design de votre carte !","_links":{"self":[{"href":"https:\/\/mapospheres.eu\/fr\/wp-json\/wp\/v2\/product\/21514","targetHints":{"allow":["GET"]}}],"collection":[{"href":"https:\/\/mapospheres.eu\/fr\/wp-json\/wp\/v2\/product"}],"about":[{"href":"https:\/\/mapospheres.eu\/fr\/wp-json\/wp\/v2\/types\/product"}],"wp:featuredmedia":[{"embeddable":true,"href":"https:\/\/mapospheres.eu\/fr\/wp-json\/wp\/v2\/media\/26055"}],"wp:attachment":[{"href":"https:\/\/mapospheres.eu\/fr\/wp-json\/wp\/v2\/media?parent=21514"}],"wp:term":[{"taxonomy":"product_brand","embeddable":true,"href":"https:\/\/mapospheres.eu\/fr\/wp-json\/wp\/v2\/product_brand?post=21514"},{"taxonomy":"product_cat","embeddable":true,"href":"https:\/\/mapospheres.eu\/fr\/wp-json\/wp\/v2\/product_cat?post=21514"},{"taxonomy":"product_tag","embeddable":true,"href":"https:\/\/mapospheres.eu\/fr\/wp-json\/wp\/v2\/product_tag?post=21514"}],"curies":[{"name":"wp","href":"https:\/\/api.w.org\/{rel}","templated":true}]}}