{"id":21515,"date":"2026-03-17T13:55:28","date_gmt":"2026-03-17T13:55:28","guid":{"rendered":"https:\/\/mapospheres.eu\/product\/poster-of-kyoto-japan\/"},"modified":"2026-04-16T12:40:13","modified_gmt":"2026-04-16T12:40:13","slug":"poster-of-kyoto-japan","status":"publish","type":"product","link":"https:\/\/mapospheres.eu\/fr\/product\/poster-de-kyoto-japon\/","title":{"rendered":"Poster de Kyoto | Japon"},"content":{"rendered":"<p><strong>Poster City map de Kyoto, Japon : la carte de Kyoto ouvre une fen\u00eatre sur le c\u0153ur du Japon, vous invitant \u00e0 explorer une ville qui incarne depuis toujours l\u2019harmonie entre l\u2019homme et la nature.<\/strong><\/p>\n<p>Nich\u00e9e entre des cha\u00eenes de montagnes, Kyoto repose dans une vall\u00e9e ceinte de collines, dessinant un relief singulier qui conf\u00e8re \u00e0 cette carte profondeur et po\u00e9sie. \u00c0 l\u2019est, les pentes d\u00e9licates des montagnes Higashiyama s\u2019\u00e9l\u00e8vent avec gr\u00e2ce, tandis qu\u2019\u00e0 l\u2019ouest, la cha\u00eene de Kiyotaki veille en silence, offrant \u00e0 Kyoto un paysage empreint de s\u00e9r\u00e9nit\u00e9. Ce d\u00e9cor naturel enveloppe la ville d\u2019une sensation de refuge, comme si elle dissimulait mille secrets pr\u00e9cieux au d\u00e9tour de chacune de ses ruelles. La carte fait \u00e9clore les espaces verts luxuriants qui font la renomm\u00e9e de Kyoto, o\u00f9 parcs et jardins verdoyants se dispersent tels des \u00e9clats de nature au c\u0153ur de la ville. Le c\u00e9l\u00e8bre temple Kiyomizu-dera se dresse sur les hauteurs, offrant des panoramas majestueux, encadr\u00e9s par des arbres qui s\u2019embrasent de couleurs au printemps et \u00e0 l\u2019automne. Elle d\u00e9voile aussi les sentiers sinueux de la for\u00eat de bambous d\u2019Arashiyama, o\u00f9 les tiges \u00e9lanc\u00e9es murmurent une atmosph\u00e8re paisible et presque irr\u00e9elle. Non loin de l\u00e0, la rivi\u00e8re Katsura s\u2019\u00e9coule avec douceur \u00e0 l\u2019ouest de la ville, invitant \u00e0 une \u00e9chapp\u00e9e apaisante au fil de l\u2019eau. Les tr\u00e9sors historiques de Kyoto jalonnent la carte comme autant de joyaux. Le Pavillon d\u2019Or, Kinkaku-ji, resplendit dans son \u00e9crin de tranquillit\u00e9, se refl\u00e9tant dans un \u00e9tang miroitant, tandis que les embl\u00e9matiques torii vermillon du sanctuaire Fushimi Inari tracent un chemin spectaculaire \u00e0 flanc de colline, fascinant les voyageurs depuis des si\u00e8cles. Le Palais imp\u00e9rial, ancienne r\u00e9sidence des empereurs du Japon, s\u2019\u00e9tend avec \u00e9l\u00e9gance, entour\u00e9 de jardins paisibles et de vastes terrains, v\u00e9ritable havre de qui\u00e9tude au c\u0153ur de la ville.<\/p>\n","protected":false},"excerpt":{"rendered":"<p>Achetez une City Map \u2013 Carte de ville murale &#8211; imprim\u00e9e de la ville de Kyoto, Japon.<br \/>\nChoisissez ci-dessous la taille, la couleur et le design de votre carte !<\/p>\n","protected":false},"featured_media":26056,"template":"","meta":{"_uag_custom_page_level_css":"","_monsterinsights_skip_tracking":false,"_monsterinsights_sitenote_active":false,"_monsterinsights_sitenote_note":"","_monsterinsights_sitenote_category":0,"site-sidebar-layout":"default","site-content-layout":"","ast-site-content-layout":"default","site-content-style":"default","site-sidebar-style":"default","ast-global-header-display":"","ast-banner-title-visibility":"","ast-main-header-display":"","ast-hfb-above-header-display":"","ast-hfb-below-header-display":"","ast-hfb-mobile-header-display":"","site-post-title":"","ast-breadcrumbs-content":"","ast-featured-img":"","footer-sml-layout":"","ast-disable-related-posts":"","theme-transparent-header-meta":"default","adv-header-id-meta":"","stick-header-meta":"","header-above-stick-meta":"","header-main-stick-meta":"","header-below-stick-meta":"","astra-migrate-meta-layouts":"set","ast-page-background-enabled":"default","ast-page-background-meta":{"desktop":{"background-color":"","background-image":"","background-repeat":"repeat","background-position":"center center","background-size":"auto","background-attachment":"scroll","background-type":"","background-media":"","overlay-type":"","overlay-color":"","overlay-opacity":"","overlay-gradient":""},"tablet":{"background-color":"","background-image":"","background-repeat":"repeat","background-position":"center center","background-size":"auto","background-attachment":"scroll","background-type":"","background-media":"","overlay-type":"","overlay-color":"","overlay-opacity":"","overlay-gradient":""},"mobile":{"background-color":"","background-image":"","background-repeat":"repeat","background-position":"center center","background-size":"auto","background-attachment":"scroll","background-type":"","background-media":"","overlay-type":"","overlay-color":"","overlay-opacity":"","overlay-gradient":""}},"ast-content-background-meta":{"desktop":{"background-color":"var(--ast-global-color-5)","background-image":"","background-repeat":"repeat","background-position":"center center","background-size":"auto","background-attachment":"scroll","background-type":"","background-media":"","overlay-type":"","overlay-color":"","overlay-opacity":"","overlay-gradient":""},"tablet":{"background-color":"var(--ast-global-color-5)","background-image":"","background-repeat":"repeat","background-position":"center center","background-size":"auto","background-attachment":"scroll","background-type":"","background-media":"","overlay-type":"","overlay-color":"","overlay-opacity":"","overlay-gradient":""},"mobile":{"background-color":"var(--ast-global-color-5)","background-image":"","background-repeat":"repeat","background-position":"center center","background-size":"auto","background-attachment":"scroll","background-type":"","background-media":"","overlay-type":"","overlay-color":"","overlay-opacity":"","overlay-gradient":""}}},"product_brand":[],"product_cat":[18,338,464],"product_tag":[34,35,36,37,226,39,40,467,1162],"class_list":{"0":"post-21515","1":"product","2":"type-product","3":"status-publish","4":"has-post-thumbnail","6":"product_cat-city-maps","7":"product_cat-featured_eng","8":"product_cat-featured_fr","9":"product_tag-30x40","10":"product_tag-40x50","11":"product_tag-50x70","12":"product_tag-70x100","13":"product_tag-asia","14":"product_tag-canvas","15":"product_tag-city-map","16":"product_tag-japan","17":"product_tag-kyoto","18":"desktop-align-left","19":"tablet-align-left","20":"mobile-align-left","22":"first","23":"instock","24":"shipping-taxable","25":"product-type-variable"},"aioseo_notices":[],"uagb_featured_image_src":{"full":["https:\/\/mapospheres.eu\/wp-content\/uploads\/2026\/03\/Z21_NIGHT_FULL__KYOTO.jpg",1000,1000,false],"thumbnail":["https:\/\/mapospheres.eu\/wp-content\/uploads\/2026\/03\/Z21_NIGHT_FULL__KYOTO-150x150.jpg",150,150,true],"medium":["https:\/\/mapospheres.eu\/wp-content\/uploads\/2026\/03\/Z21_NIGHT_FULL__KYOTO-300x300.jpg",300,300,true],"medium_large":["https:\/\/mapospheres.eu\/wp-content\/uploads\/2026\/03\/Z21_NIGHT_FULL__KYOTO-768x768.jpg",768,768,true],"large":["https:\/\/mapospheres.eu\/wp-content\/uploads\/2026\/03\/Z21_NIGHT_FULL__KYOTO.jpg",1000,1000,false],"1536x1536":["https:\/\/mapospheres.eu\/wp-content\/uploads\/2026\/03\/Z21_NIGHT_FULL__KYOTO.jpg",1000,1000,false],"2048x2048":["https:\/\/mapospheres.eu\/wp-content\/uploads\/2026\/03\/Z21_NIGHT_FULL__KYOTO.jpg",1000,1000,false],"woocommerce_thumbnail":["https:\/\/mapospheres.eu\/wp-content\/uploads\/2026\/03\/Z21_NIGHT_FULL__KYOTO-300x300.jpg",300,300,true],"woocommerce_single":["https:\/\/mapospheres.eu\/wp-content\/uploads\/2026\/03\/Z21_NIGHT_FULL__KYOTO-600x600.jpg",600,600,true],"woocommerce_gallery_thumbnail":["https:\/\/mapospheres.eu\/wp-content\/uploads\/2026\/03\/Z21_NIGHT_FULL__KYOTO-100x100.jpg",100,100,true]},"uagb_author_info":{"display_name":"sgainot04@gmail.com","author_link":"https:\/\/mapospheres.eu\/fr\/author\/"},"uagb_comment_info":0,"uagb_excerpt":"Achetez une City Map \u2013 Carte de ville murale - imprim\u00e9e de la ville de Kyoto, Japon. Choisissez ci-dessous la taille, la couleur et le design de votre carte !","_links":{"self":[{"href":"https:\/\/mapospheres.eu\/fr\/wp-json\/wp\/v2\/product\/21515","targetHints":{"allow":["GET"]}}],"collection":[{"href":"https:\/\/mapospheres.eu\/fr\/wp-json\/wp\/v2\/product"}],"about":[{"href":"https:\/\/mapospheres.eu\/fr\/wp-json\/wp\/v2\/types\/product"}],"wp:featuredmedia":[{"embeddable":true,"href":"https:\/\/mapospheres.eu\/fr\/wp-json\/wp\/v2\/media\/26056"}],"wp:attachment":[{"href":"https:\/\/mapospheres.eu\/fr\/wp-json\/wp\/v2\/media?parent=21515"}],"wp:term":[{"taxonomy":"product_brand","embeddable":true,"href":"https:\/\/mapospheres.eu\/fr\/wp-json\/wp\/v2\/product_brand?post=21515"},{"taxonomy":"product_cat","embeddable":true,"href":"https:\/\/mapospheres.eu\/fr\/wp-json\/wp\/v2\/product_cat?post=21515"},{"taxonomy":"product_tag","embeddable":true,"href":"https:\/\/mapospheres.eu\/fr\/wp-json\/wp\/v2\/product_tag?post=21515"}],"curies":[{"name":"wp","href":"https:\/\/api.w.org\/{rel}","templated":true}]}}