{"id":21516,"date":"2026-03-17T13:55:33","date_gmt":"2026-03-17T13:55:33","guid":{"rendered":"https:\/\/mapospheres.eu\/product\/poster-of-tehran-iran\/"},"modified":"2026-04-16T12:38:59","modified_gmt":"2026-04-16T12:38:59","slug":"poster-of-tehran-iran","status":"publish","type":"product","link":"https:\/\/mapospheres.eu\/fr\/product\/poster-de-teheran-iran\/","title":{"rendered":"Poster de T\u00e9h\u00e9ran | Iran"},"content":{"rendered":"<p><strong>Poster City Map de T\u00e9h\u00e9ran, Iran : invitez une ville infinie et foisonnante \u00e0 s\u2019\u00e9tendre sur vos murs !<\/strong><\/p>\n<p>Lov\u00e9e au pied des majestueuses montagnes de l\u2019Alborz, la topographie de T\u00e9h\u00e9ran se dessine sous la protection de sommets escarp\u00e9s qui veillent au nord, leurs cimes enneig\u00e9es rappelant sans cesse la beaut\u00e9 sauvage qui enlace la m\u00e9tropole vibrante. Au sud, la terre s\u2019ouvre et s\u2019adoucit, s\u2019\u00e9tirant vers l\u2019immensit\u00e9 du plateau central iranien, offrant un contraste saisissant avec la fronti\u00e8re montagneuse de la ville. L\u2019un des charmes les plus envo\u00fbtants de cette carte r\u00e9side dans le lien intime que T\u00e9h\u00e9ran entretient avec ses espaces verts. Capitale effervescente et moderne, elle abrite pourtant une constellation inattendue de parcs et de jardins. Le vaste parc Laleh s\u2019\u00e9panouit tel un havre de verdure au c\u0153ur du tissu urbain, refuge paisible loin de l\u2019agitation citadine. Plus au nord, la montagne Tochal, pris\u00e9e des promeneurs et des r\u00eaveurs, incarne ce dialogue constant entre la ville et la nature, avec ses pistes de ski et ses sentiers suspendus au-dessus de la ville, d\u00e9voilant des panoramas \u00e0 couper le souffle. Dominant l\u2019horizon, la tour Milad s\u2019\u00e9l\u00e8ve avec fiert\u00e9, silhouette contemporaine et embl\u00e8me audacieux, comptant parmi les plus hautes structures d\u2019Iran. Au c\u0153ur de la ville, le somptueux palais du Golestan murmure les \u00e9chos du pass\u00e9 royal, entre architecture raffin\u00e9e et jardins luxuriants. La carte capture \u00e9galement le charme intemporel du grand bazar, d\u00e9dale vibrant d\u2019\u00e9choppes et de ruelles o\u00f9 pass\u00e9 et pr\u00e9sent s\u2019entrelacent avec harmonie.<\/p>\n","protected":false},"excerpt":{"rendered":"<p>Achetez une City Map \u2013 Carte de ville murale &#8211; imprim\u00e9e de la ville de T\u00e9h\u00e9ran, Iran.<br \/>\nChoisissez ci-dessous la taille, la couleur et le design de votre carte !<\/p>\n","protected":false},"featured_media":26039,"template":"","meta":{"_uag_custom_page_level_css":"","_monsterinsights_skip_tracking":false,"_monsterinsights_sitenote_active":false,"_monsterinsights_sitenote_note":"","_monsterinsights_sitenote_category":0,"site-sidebar-layout":"default","site-content-layout":"","ast-site-content-layout":"default","site-content-style":"default","site-sidebar-style":"default","ast-global-header-display":"","ast-banner-title-visibility":"","ast-main-header-display":"","ast-hfb-above-header-display":"","ast-hfb-below-header-display":"","ast-hfb-mobile-header-display":"","site-post-title":"","ast-breadcrumbs-content":"","ast-featured-img":"","footer-sml-layout":"","ast-disable-related-posts":"","theme-transparent-header-meta":"default","adv-header-id-meta":"","stick-header-meta":"","header-above-stick-meta":"","header-main-stick-meta":"","header-below-stick-meta":"","astra-migrate-meta-layouts":"set","ast-page-background-enabled":"default","ast-page-background-meta":{"desktop":{"background-color":"","background-image":"","background-repeat":"repeat","background-position":"center center","background-size":"auto","background-attachment":"scroll","background-type":"","background-media":"","overlay-type":"","overlay-color":"","overlay-opacity":"","overlay-gradient":""},"tablet":{"background-color":"","background-image":"","background-repeat":"repeat","background-position":"center center","background-size":"auto","background-attachment":"scroll","background-type":"","background-media":"","overlay-type":"","overlay-color":"","overlay-opacity":"","overlay-gradient":""},"mobile":{"background-color":"","background-image":"","background-repeat":"repeat","background-position":"center center","background-size":"auto","background-attachment":"scroll","background-type":"","background-media":"","overlay-type":"","overlay-color":"","overlay-opacity":"","overlay-gradient":""}},"ast-content-background-meta":{"desktop":{"background-color":"var(--ast-global-color-5)","background-image":"","background-repeat":"repeat","background-position":"center center","background-size":"auto","background-attachment":"scroll","background-type":"","background-media":"","overlay-type":"","overlay-color":"","overlay-opacity":"","overlay-gradient":""},"tablet":{"background-color":"var(--ast-global-color-5)","background-image":"","background-repeat":"repeat","background-position":"center center","background-size":"auto","background-attachment":"scroll","background-type":"","background-media":"","overlay-type":"","overlay-color":"","overlay-opacity":"","overlay-gradient":""},"mobile":{"background-color":"var(--ast-global-color-5)","background-image":"","background-repeat":"repeat","background-position":"center center","background-size":"auto","background-attachment":"scroll","background-type":"","background-media":"","overlay-type":"","overlay-color":"","overlay-opacity":"","overlay-gradient":""}}},"product_brand":[],"product_cat":[18,338],"product_tag":[34,35,36,37,226,39,40,326,1161],"class_list":{"0":"post-21516","1":"product","2":"type-product","3":"status-publish","4":"has-post-thumbnail","6":"product_cat-city-maps","7":"product_cat-featured_eng","8":"product_tag-30x40","9":"product_tag-40x50","10":"product_tag-50x70","11":"product_tag-70x100","12":"product_tag-asia","13":"product_tag-canvas","14":"product_tag-city-map","15":"product_tag-iran","16":"product_tag-tehran","17":"desktop-align-left","18":"tablet-align-left","19":"mobile-align-left","21":"first","22":"instock","23":"shipping-taxable","24":"product-type-variable"},"aioseo_notices":[],"uagb_featured_image_src":{"full":["https:\/\/mapospheres.eu\/wp-content\/uploads\/2026\/03\/CANVAS_13_BW_MP_3_TEHRAN.jpg",1000,1000,false],"thumbnail":["https:\/\/mapospheres.eu\/wp-content\/uploads\/2026\/03\/CANVAS_13_BW_MP_3_TEHRAN-150x150.jpg",150,150,true],"medium":["https:\/\/mapospheres.eu\/wp-content\/uploads\/2026\/03\/CANVAS_13_BW_MP_3_TEHRAN-300x300.jpg",300,300,true],"medium_large":["https:\/\/mapospheres.eu\/wp-content\/uploads\/2026\/03\/CANVAS_13_BW_MP_3_TEHRAN-768x768.jpg",768,768,true],"large":["https:\/\/mapospheres.eu\/wp-content\/uploads\/2026\/03\/CANVAS_13_BW_MP_3_TEHRAN.jpg",1000,1000,false],"1536x1536":["https:\/\/mapospheres.eu\/wp-content\/uploads\/2026\/03\/CANVAS_13_BW_MP_3_TEHRAN.jpg",1000,1000,false],"2048x2048":["https:\/\/mapospheres.eu\/wp-content\/uploads\/2026\/03\/CANVAS_13_BW_MP_3_TEHRAN.jpg",1000,1000,false],"woocommerce_thumbnail":["https:\/\/mapospheres.eu\/wp-content\/uploads\/2026\/03\/CANVAS_13_BW_MP_3_TEHRAN-300x300.jpg",300,300,true],"woocommerce_single":["https:\/\/mapospheres.eu\/wp-content\/uploads\/2026\/03\/CANVAS_13_BW_MP_3_TEHRAN-600x600.jpg",600,600,true],"woocommerce_gallery_thumbnail":["https:\/\/mapospheres.eu\/wp-content\/uploads\/2026\/03\/CANVAS_13_BW_MP_3_TEHRAN-100x100.jpg",100,100,true]},"uagb_author_info":{"display_name":"sgainot04@gmail.com","author_link":"https:\/\/mapospheres.eu\/fr\/author\/"},"uagb_comment_info":0,"uagb_excerpt":"Achetez une City Map \u2013 Carte de ville murale - imprim\u00e9e de la ville de T\u00e9h\u00e9ran, Iran. Choisissez ci-dessous la taille, la couleur et le design de votre carte !","_links":{"self":[{"href":"https:\/\/mapospheres.eu\/fr\/wp-json\/wp\/v2\/product\/21516","targetHints":{"allow":["GET"]}}],"collection":[{"href":"https:\/\/mapospheres.eu\/fr\/wp-json\/wp\/v2\/product"}],"about":[{"href":"https:\/\/mapospheres.eu\/fr\/wp-json\/wp\/v2\/types\/product"}],"wp:featuredmedia":[{"embeddable":true,"href":"https:\/\/mapospheres.eu\/fr\/wp-json\/wp\/v2\/media\/26039"}],"wp:attachment":[{"href":"https:\/\/mapospheres.eu\/fr\/wp-json\/wp\/v2\/media?parent=21516"}],"wp:term":[{"taxonomy":"product_brand","embeddable":true,"href":"https:\/\/mapospheres.eu\/fr\/wp-json\/wp\/v2\/product_brand?post=21516"},{"taxonomy":"product_cat","embeddable":true,"href":"https:\/\/mapospheres.eu\/fr\/wp-json\/wp\/v2\/product_cat?post=21516"},{"taxonomy":"product_tag","embeddable":true,"href":"https:\/\/mapospheres.eu\/fr\/wp-json\/wp\/v2\/product_tag?post=21516"}],"curies":[{"name":"wp","href":"https:\/\/api.w.org\/{rel}","templated":true}]}}