{"id":21517,"date":"2026-03-17T13:55:36","date_gmt":"2026-03-17T13:55:36","guid":{"rendered":"https:\/\/mapospheres.eu\/product\/poster-of-montpellier-france\/"},"modified":"2026-04-15T13:40:03","modified_gmt":"2026-04-15T13:40:03","slug":"poster-of-montpellier-france","status":"publish","type":"product","link":"https:\/\/mapospheres.eu\/fr\/product\/poster-de-montpellier-france\/","title":{"rendered":"Poster de Montpellier | France"},"content":{"rendered":"<p><strong>Poster City map de Montpellier, France : cette carte capture toute l\u2019essence de cette ville magnifique et en perp\u00e9tuelle \u00e9volution, dans un design capable d\u2019apporter caract\u00e8re et chaleur \u00e0 n\u2019importe quelle pi\u00e8ce.<\/strong><\/p>\n<p>La carte de Montpellier, France, offre un regard envo\u00fbtant sur le c\u0153ur vibrant de la r\u00e9gion du Languedoc, m\u00ealant histoire et modernit\u00e9 avec une \u00e9l\u00e9gante simplicit\u00e9. Elle r\u00e9v\u00e8le la topographie singuli\u00e8re de la ville, entre collines douces et vall\u00e9es qui s\u2019\u00e9tirent en direction de la M\u00e9diterran\u00e9e. Le relief, subtilement ondul\u00e9, compose un \u00e9crin apaisant qui met en valeur le contraste entre le centre historique et les paysages environnants. Les parcs et espaces verts de Montpellier apparaissent sur la carte comme autant de respirations diss\u00e9min\u00e9es au c\u0153ur de l\u2019effervescence urbaine. Le c\u00e9l\u00e8bre Jardin des Plantes, l\u2019un des plus anciens jardins botaniques de France, s\u2019\u00e9l\u00e8ve fi\u00e8rement pr\u00e8s du centre-ville, invitant \u00e0 la fl\u00e2nerie parmi des arbres s\u00e9culaires et des esp\u00e8ces v\u00e9g\u00e9tales fascinantes. Non loin, le Lez serpente \u00e0 travers la ville, reliant les quartiers dans un mouvement fluide et rafra\u00eechissant. La carte met en lumi\u00e8re la majestueuse place de la Com\u00e9die, v\u00e9ritable c\u0153ur battant de la cit\u00e9, o\u00f9 habitants et visiteurs se retrouvent, souvent un caf\u00e9 \u00e0 la main, pour savourer la lumi\u00e8re et l\u2019atmosph\u00e8re anim\u00e9e. Les anciennes portes m\u00e9di\u00e9vales, comme la porte du Peyrou, rappellent le pass\u00e9 fortifi\u00e9 de Montpellier, tandis que la splendide cath\u00e9drale Saint-Pierre s\u2019impose comme un joyau architectural h\u00e9rit\u00e9 du Moyen \u00c2ge.<\/p>\n","protected":false},"excerpt":{"rendered":"<p>Achetez une City Map \u2013 Carte de ville murale &#8211; imprim\u00e9e de la ville de Montpellier, France.<br \/>\nChoisissez ci-dessous la taille, la couleur et le design de votre carte !<\/p>\n","protected":false},"featured_media":25812,"template":"","meta":{"_uag_custom_page_level_css":"","_monsterinsights_skip_tracking":false,"_monsterinsights_sitenote_active":false,"_monsterinsights_sitenote_note":"","_monsterinsights_sitenote_category":0,"site-sidebar-layout":"default","site-content-layout":"","ast-site-content-layout":"default","site-content-style":"default","site-sidebar-style":"default","ast-global-header-display":"","ast-banner-title-visibility":"","ast-main-header-display":"","ast-hfb-above-header-display":"","ast-hfb-below-header-display":"","ast-hfb-mobile-header-display":"","site-post-title":"","ast-breadcrumbs-content":"","ast-featured-img":"","footer-sml-layout":"","ast-disable-related-posts":"","theme-transparent-header-meta":"default","adv-header-id-meta":"","stick-header-meta":"","header-above-stick-meta":"","header-main-stick-meta":"","header-below-stick-meta":"","astra-migrate-meta-layouts":"set","ast-page-background-enabled":"default","ast-page-background-meta":{"desktop":{"background-color":"","background-image":"","background-repeat":"repeat","background-position":"center center","background-size":"auto","background-attachment":"scroll","background-type":"","background-media":"","overlay-type":"","overlay-color":"","overlay-opacity":"","overlay-gradient":""},"tablet":{"background-color":"","background-image":"","background-repeat":"repeat","background-position":"center center","background-size":"auto","background-attachment":"scroll","background-type":"","background-media":"","overlay-type":"","overlay-color":"","overlay-opacity":"","overlay-gradient":""},"mobile":{"background-color":"","background-image":"","background-repeat":"repeat","background-position":"center center","background-size":"auto","background-attachment":"scroll","background-type":"","background-media":"","overlay-type":"","overlay-color":"","overlay-opacity":"","overlay-gradient":""}},"ast-content-background-meta":{"desktop":{"background-color":"var(--ast-global-color-5)","background-image":"","background-repeat":"repeat","background-position":"center center","background-size":"auto","background-attachment":"scroll","background-type":"","background-media":"","overlay-type":"","overlay-color":"","overlay-opacity":"","overlay-gradient":""},"tablet":{"background-color":"var(--ast-global-color-5)","background-image":"","background-repeat":"repeat","background-position":"center center","background-size":"auto","background-attachment":"scroll","background-type":"","background-media":"","overlay-type":"","overlay-color":"","overlay-opacity":"","overlay-gradient":""},"mobile":{"background-color":"var(--ast-global-color-5)","background-image":"","background-repeat":"repeat","background-position":"center center","background-size":"auto","background-attachment":"scroll","background-type":"","background-media":"","overlay-type":"","overlay-color":"","overlay-opacity":"","overlay-gradient":""}}},"product_brand":[],"product_cat":[18,464],"product_tag":[34,35,36,37,39,40,93,100,1160],"class_list":{"0":"post-21517","1":"product","2":"type-product","3":"status-publish","4":"has-post-thumbnail","6":"product_cat-city-maps","7":"product_cat-featured_fr","8":"product_tag-30x40","9":"product_tag-40x50","10":"product_tag-50x70","11":"product_tag-70x100","12":"product_tag-canvas","13":"product_tag-city-map","14":"product_tag-europe","15":"product_tag-france","16":"product_tag-montpellier","17":"desktop-align-left","18":"tablet-align-left","19":"mobile-align-left","21":"first","22":"instock","23":"shipping-taxable","24":"purchasable","25":"product-type-variable"},"aioseo_notices":[],"uagb_featured_image_src":{"full":["https:\/\/mapospheres.eu\/wp-content\/uploads\/2026\/03\/CANVAS_16_NIGHT_2ND_MONTPELLIER.jpg",1000,1000,false],"thumbnail":["https:\/\/mapospheres.eu\/wp-content\/uploads\/2026\/03\/CANVAS_16_NIGHT_2ND_MONTPELLIER-150x150.jpg",150,150,true],"medium":["https:\/\/mapospheres.eu\/wp-content\/uploads\/2026\/03\/CANVAS_16_NIGHT_2ND_MONTPELLIER-300x300.jpg",300,300,true],"medium_large":["https:\/\/mapospheres.eu\/wp-content\/uploads\/2026\/03\/CANVAS_16_NIGHT_2ND_MONTPELLIER-768x768.jpg",768,768,true],"large":["https:\/\/mapospheres.eu\/wp-content\/uploads\/2026\/03\/CANVAS_16_NIGHT_2ND_MONTPELLIER.jpg",1000,1000,false],"1536x1536":["https:\/\/mapospheres.eu\/wp-content\/uploads\/2026\/03\/CANVAS_16_NIGHT_2ND_MONTPELLIER.jpg",1000,1000,false],"2048x2048":["https:\/\/mapospheres.eu\/wp-content\/uploads\/2026\/03\/CANVAS_16_NIGHT_2ND_MONTPELLIER.jpg",1000,1000,false],"woocommerce_thumbnail":["https:\/\/mapospheres.eu\/wp-content\/uploads\/2026\/03\/CANVAS_16_NIGHT_2ND_MONTPELLIER-300x300.jpg",300,300,true],"woocommerce_single":["https:\/\/mapospheres.eu\/wp-content\/uploads\/2026\/03\/CANVAS_16_NIGHT_2ND_MONTPELLIER-600x600.jpg",600,600,true],"woocommerce_gallery_thumbnail":["https:\/\/mapospheres.eu\/wp-content\/uploads\/2026\/03\/CANVAS_16_NIGHT_2ND_MONTPELLIER-100x100.jpg",100,100,true]},"uagb_author_info":{"display_name":"sgainot04@gmail.com","author_link":"https:\/\/mapospheres.eu\/fr\/author\/"},"uagb_comment_info":0,"uagb_excerpt":"Achetez une City Map \u2013 Carte de ville murale - imprim\u00e9e de la ville de Montpellier, France. Choisissez ci-dessous la taille, la couleur et le design de votre carte !","_links":{"self":[{"href":"https:\/\/mapospheres.eu\/fr\/wp-json\/wp\/v2\/product\/21517","targetHints":{"allow":["GET"]}}],"collection":[{"href":"https:\/\/mapospheres.eu\/fr\/wp-json\/wp\/v2\/product"}],"about":[{"href":"https:\/\/mapospheres.eu\/fr\/wp-json\/wp\/v2\/types\/product"}],"wp:featuredmedia":[{"embeddable":true,"href":"https:\/\/mapospheres.eu\/fr\/wp-json\/wp\/v2\/media\/25812"}],"wp:attachment":[{"href":"https:\/\/mapospheres.eu\/fr\/wp-json\/wp\/v2\/media?parent=21517"}],"wp:term":[{"taxonomy":"product_brand","embeddable":true,"href":"https:\/\/mapospheres.eu\/fr\/wp-json\/wp\/v2\/product_brand?post=21517"},{"taxonomy":"product_cat","embeddable":true,"href":"https:\/\/mapospheres.eu\/fr\/wp-json\/wp\/v2\/product_cat?post=21517"},{"taxonomy":"product_tag","embeddable":true,"href":"https:\/\/mapospheres.eu\/fr\/wp-json\/wp\/v2\/product_tag?post=21517"}],"curies":[{"name":"wp","href":"https:\/\/api.w.org\/{rel}","templated":true}]}}