{"id":21518,"date":"2026-03-17T13:55:42","date_gmt":"2026-03-17T13:55:42","guid":{"rendered":"https:\/\/mapospheres.eu\/product\/poster-of-annecy-france\/"},"modified":"2026-04-15T13:39:49","modified_gmt":"2026-04-15T13:39:49","slug":"poster-of-annecy-france","status":"publish","type":"product","link":"https:\/\/mapospheres.eu\/fr\/product\/poster-dannecy-france\/","title":{"rendered":"Poster d'Annecy | France"},"content":{"rendered":"<p><strong>Poster City map d&rsquo;Annecy, France\u00a0: des ruelles m\u00e9di\u00e9vales aux sommets alpins, cette carte d\u2019Annecy r\u00e9v\u00e8le l\u2019\u00e9quilibre parfait entre nature et histoire, dans une harmonie d\u2019une rare douceur.<\/strong><\/p>\n<p>La carte d\u2019Annecy d\u00e9voile la beaut\u00e9 d\u2019une ville qui semble avoir \u00e9t\u00e9 dessin\u00e9e par la nature elle-m\u00eame. Nich\u00e9e entre les sommets enneig\u00e9s des Alpes fran\u00e7aises et les eaux d\u2019un bleu cristallin du lac d\u2019Annecy, la cit\u00e9 s\u2019inscrit dans l\u2019un des paysages les plus enchanteurs de France. Le lac, souvent consid\u00e9r\u00e9 comme l\u2019un des plus purs d\u2019Europe, s\u2019\u00e9tire tel un miroir, refl\u00e9tant les montagnes environnantes et les contours de la ville. En suivant les courbes d\u00e9licates de la carte, apparaissent les rives paisibles o\u00f9 habitants et visiteurs fl\u00e2nent entre promenades, pistes cyclables et instants suspendus sous les arbres. Le plan de la ville forme un doux labyrinthe de ruelles anciennes et de canaux qui serpentent au c\u0153ur de son centre historique. La Vieille Ville, avec ses fa\u00e7ades aux teintes pastel et ses ruelles pav\u00e9es, murmure encore l\u2019\u00e9cho de son pass\u00e9 m\u00e9di\u00e9val. Le ch\u00e2teau d\u2019Annecy, perch\u00e9 au-dessus de la cit\u00e9 comme un veilleur silencieux, domine l\u2019ensemble et offre des panoramas exceptionnels sur le lac et les montagnes qui fascinent les voyageurs depuis des si\u00e8cles. Non loin de l\u00e0, le Palais de l\u2019\u00cele, ancienne forteresse pos\u00e9e sur un \u00eelot au milieu du Thiou, s\u2019impose comme l\u2019un des symboles les plus embl\u00e9matiques de l\u2019histoire ann\u00e9cienne. Au-del\u00e0 du centre, la carte met en lumi\u00e8re de nombreux espaces verts qui font d\u2019Annecy un v\u00e9ritable havre de paix. Les Jardins de l\u2019Europe offrent une parenth\u00e8se ombrag\u00e9e face au lac, tandis que le parc Charles Bosson invite \u00e0 la d\u00e9tente et aux promenades au bord de l\u2019eau. Les montagnes environnantes, aux pentes douces et couvertes de for\u00eats, appellent \u00e0 l\u2019exploration, tandis que le Semnoz, \u00e0 l\u2019ouest, ouvre des panoramas grandioses sur toute la r\u00e9gion.<\/p>\n","protected":false},"excerpt":{"rendered":"<p>Achetez une City Map \u2013 Carte de ville murale &#8211; imprim\u00e9e de la ville d&rsquo;Annecy, France.<br \/>\nChoisissez ci-dessous la taille, la couleur et le design de votre carte !<\/p>\n","protected":false},"featured_media":25797,"template":"","meta":{"_uag_custom_page_level_css":"","_monsterinsights_skip_tracking":false,"_monsterinsights_sitenote_active":false,"_monsterinsights_sitenote_note":"","_monsterinsights_sitenote_category":0,"site-sidebar-layout":"default","site-content-layout":"","ast-site-content-layout":"default","site-content-style":"default","site-sidebar-style":"default","ast-global-header-display":"","ast-banner-title-visibility":"","ast-main-header-display":"","ast-hfb-above-header-display":"","ast-hfb-below-header-display":"","ast-hfb-mobile-header-display":"","site-post-title":"","ast-breadcrumbs-content":"","ast-featured-img":"","footer-sml-layout":"","ast-disable-related-posts":"","theme-transparent-header-meta":"default","adv-header-id-meta":"","stick-header-meta":"","header-above-stick-meta":"","header-main-stick-meta":"","header-below-stick-meta":"","astra-migrate-meta-layouts":"set","ast-page-background-enabled":"default","ast-page-background-meta":{"desktop":{"background-color":"","background-image":"","background-repeat":"repeat","background-position":"center center","background-size":"auto","background-attachment":"scroll","background-type":"","background-media":"","overlay-type":"","overlay-color":"","overlay-opacity":"","overlay-gradient":""},"tablet":{"background-color":"","background-image":"","background-repeat":"repeat","background-position":"center center","background-size":"auto","background-attachment":"scroll","background-type":"","background-media":"","overlay-type":"","overlay-color":"","overlay-opacity":"","overlay-gradient":""},"mobile":{"background-color":"","background-image":"","background-repeat":"repeat","background-position":"center center","background-size":"auto","background-attachment":"scroll","background-type":"","background-media":"","overlay-type":"","overlay-color":"","overlay-opacity":"","overlay-gradient":""}},"ast-content-background-meta":{"desktop":{"background-color":"var(--ast-global-color-5)","background-image":"","background-repeat":"repeat","background-position":"center center","background-size":"auto","background-attachment":"scroll","background-type":"","background-media":"","overlay-type":"","overlay-color":"","overlay-opacity":"","overlay-gradient":""},"tablet":{"background-color":"var(--ast-global-color-5)","background-image":"","background-repeat":"repeat","background-position":"center center","background-size":"auto","background-attachment":"scroll","background-type":"","background-media":"","overlay-type":"","overlay-color":"","overlay-opacity":"","overlay-gradient":""},"mobile":{"background-color":"var(--ast-global-color-5)","background-image":"","background-repeat":"repeat","background-position":"center center","background-size":"auto","background-attachment":"scroll","background-type":"","background-media":"","overlay-type":"","overlay-color":"","overlay-opacity":"","overlay-gradient":""}}},"product_brand":[],"product_cat":[18],"product_tag":[34,35,36,37,1159,39,40,93,100],"class_list":{"0":"post-21518","1":"product","2":"type-product","3":"status-publish","4":"has-post-thumbnail","6":"product_cat-city-maps","7":"product_tag-30x40","8":"product_tag-40x50","9":"product_tag-50x70","10":"product_tag-70x100","11":"product_tag-annecy","12":"product_tag-canvas","13":"product_tag-city-map","14":"product_tag-europe","15":"product_tag-france","16":"desktop-align-left","17":"tablet-align-left","18":"mobile-align-left","20":"first","21":"instock","22":"shipping-taxable","23":"purchasable","24":"product-type-variable"},"aioseo_notices":[],"uagb_featured_image_src":{"full":["https:\/\/mapospheres.eu\/wp-content\/uploads\/2026\/03\/CANVAS_14_NIGHTROUND_4_ANNECY.jpg",1000,1000,false],"thumbnail":["https:\/\/mapospheres.eu\/wp-content\/uploads\/2026\/03\/CANVAS_14_NIGHTROUND_4_ANNECY-150x150.jpg",150,150,true],"medium":["https:\/\/mapospheres.eu\/wp-content\/uploads\/2026\/03\/CANVAS_14_NIGHTROUND_4_ANNECY-300x300.jpg",300,300,true],"medium_large":["https:\/\/mapospheres.eu\/wp-content\/uploads\/2026\/03\/CANVAS_14_NIGHTROUND_4_ANNECY-768x768.jpg",768,768,true],"large":["https:\/\/mapospheres.eu\/wp-content\/uploads\/2026\/03\/CANVAS_14_NIGHTROUND_4_ANNECY.jpg",1000,1000,false],"1536x1536":["https:\/\/mapospheres.eu\/wp-content\/uploads\/2026\/03\/CANVAS_14_NIGHTROUND_4_ANNECY.jpg",1000,1000,false],"2048x2048":["https:\/\/mapospheres.eu\/wp-content\/uploads\/2026\/03\/CANVAS_14_NIGHTROUND_4_ANNECY.jpg",1000,1000,false],"woocommerce_thumbnail":["https:\/\/mapospheres.eu\/wp-content\/uploads\/2026\/03\/CANVAS_14_NIGHTROUND_4_ANNECY-300x300.jpg",300,300,true],"woocommerce_single":["https:\/\/mapospheres.eu\/wp-content\/uploads\/2026\/03\/CANVAS_14_NIGHTROUND_4_ANNECY-600x600.jpg",600,600,true],"woocommerce_gallery_thumbnail":["https:\/\/mapospheres.eu\/wp-content\/uploads\/2026\/03\/CANVAS_14_NIGHTROUND_4_ANNECY-100x100.jpg",100,100,true]},"uagb_author_info":{"display_name":"sgainot04@gmail.com","author_link":"https:\/\/mapospheres.eu\/fr\/author\/"},"uagb_comment_info":0,"uagb_excerpt":"Achetez une City Map \u2013 Carte de ville murale - imprim\u00e9e de la ville d'Annecy, France. Choisissez ci-dessous la taille, la couleur et le design de votre carte !","_links":{"self":[{"href":"https:\/\/mapospheres.eu\/fr\/wp-json\/wp\/v2\/product\/21518","targetHints":{"allow":["GET"]}}],"collection":[{"href":"https:\/\/mapospheres.eu\/fr\/wp-json\/wp\/v2\/product"}],"about":[{"href":"https:\/\/mapospheres.eu\/fr\/wp-json\/wp\/v2\/types\/product"}],"wp:featuredmedia":[{"embeddable":true,"href":"https:\/\/mapospheres.eu\/fr\/wp-json\/wp\/v2\/media\/25797"}],"wp:attachment":[{"href":"https:\/\/mapospheres.eu\/fr\/wp-json\/wp\/v2\/media?parent=21518"}],"wp:term":[{"taxonomy":"product_brand","embeddable":true,"href":"https:\/\/mapospheres.eu\/fr\/wp-json\/wp\/v2\/product_brand?post=21518"},{"taxonomy":"product_cat","embeddable":true,"href":"https:\/\/mapospheres.eu\/fr\/wp-json\/wp\/v2\/product_cat?post=21518"},{"taxonomy":"product_tag","embeddable":true,"href":"https:\/\/mapospheres.eu\/fr\/wp-json\/wp\/v2\/product_tag?post=21518"}],"curies":[{"name":"wp","href":"https:\/\/api.w.org\/{rel}","templated":true}]}}