{"id":21519,"date":"2026-03-17T13:55:47","date_gmt":"2026-03-17T13:55:47","guid":{"rendered":"https:\/\/mapospheres.eu\/product\/poster-of-cannes-france\/"},"modified":"2026-04-15T13:39:53","modified_gmt":"2026-04-15T13:39:53","slug":"poster-of-cannes-france","status":"publish","type":"product","link":"https:\/\/mapospheres.eu\/fr\/product\/poster-de-cannes-france\/","title":{"rendered":"Poster de Cannes | France"},"content":{"rendered":"<p><strong>Poster City map de Cannes, France\u00a0: cette carte capture l\u2019essence de Cannes, l\u00e0 o\u00f9 la mer, les collines et les \u00e9toiles se rencontrent. Bien plus qu\u2019une carte, c\u2019est une fen\u00eatre ouverte sur une ville riche de r\u00e9cits, des forts anciens aux festivals de cin\u00e9ma.<\/strong><\/p>\n<p>La carte de Cannes d\u00e9voile un panorama enchanteur o\u00f9 l\u2019\u00e9clat de la M\u00e9diterran\u00e9e se m\u00eale au charme intemporel de la C\u00f4te d\u2019Azur. Lov\u00e9e le long du littoral, la ville est berc\u00e9e \u00e0 l\u2019ouest par les collines du massif de l\u2019Est\u00e9rel, dont les roches rouges offrent un contraste saisissant avec le bleu profond de la mer. Le trac\u00e9 urbain \u00e9pouse le rivage, tandis que la c\u00e9l\u00e8bre Croisette s\u2019\u00e9tire en bord de mer, bord\u00e9e de palmiers et d\u2019h\u00f4tels prestigieux, t\u00e9moins silencieux de l\u2019essor du Festival de Cannes, qui attire chaque ann\u00e9e \u00e9toiles et r\u00eaveurs. En observant la carte avec attention, apparaissent de pr\u00e9cieux \u00e9crins de verdure, comme le paisible parc de la Croix-des-Gardes, perch\u00e9 sur les hauteurs et offrant des vues panoramiques sur la ville. Ces espaces ne sont pas seulement des refuges naturels, mais aussi des lieux charg\u00e9s d\u2019histoire. Autrefois, les environs de Cannes attiraient les grandes fortunes venues y b\u00e2tir leurs demeures estivales, et la carte en garde la m\u00e9moire, avec ses \u00e9l\u00e9gantes avenues serpentant vers des havres de tranquillit\u00e9 o\u00f9 le parfum des pins se m\u00eale aux embruns marins. La carte met \u00e9galement en lumi\u00e8re le Vieux Port, anim\u00e9 et lumineux, o\u00f9 les yachts dansent doucement sur l\u2019eau, ainsi que le quartier du Suquet, c\u0153ur historique de la ville. L\u00e0, les ruelles pav\u00e9es s\u2019\u00e9l\u00e8vent vers le Ch\u00e2teau de la Castre, datant du XVIe si\u00e8cle, offrant un point de vue spectaculaire sur Cannes et sa baie. Au large, les \u00eeles de L\u00e9rins, avec leurs monast\u00e8res et leur beaut\u00e9 paisible, rappellent un pass\u00e9 plus discret, presque hors du temps, loin du faste et de l\u2019\u00e9clat qui font aujourd\u2019hui la renomm\u00e9e de Cannes.<\/p>\n","protected":false},"excerpt":{"rendered":"<p>Achetez une City Map \u2013 Carte de ville murale &#8211; imprim\u00e9e de la ville de Cannes, France.<br \/>\nChoisissez ci-dessous la taille, la couleur et le design de votre carte !<\/p>\n","protected":false},"featured_media":25783,"template":"","meta":{"_uag_custom_page_level_css":"","_monsterinsights_skip_tracking":false,"_monsterinsights_sitenote_active":false,"_monsterinsights_sitenote_note":"","_monsterinsights_sitenote_category":0,"site-sidebar-layout":"default","site-content-layout":"","ast-site-content-layout":"default","site-content-style":"default","site-sidebar-style":"default","ast-global-header-display":"","ast-banner-title-visibility":"","ast-main-header-display":"","ast-hfb-above-header-display":"","ast-hfb-below-header-display":"","ast-hfb-mobile-header-display":"","site-post-title":"","ast-breadcrumbs-content":"","ast-featured-img":"","footer-sml-layout":"","ast-disable-related-posts":"","theme-transparent-header-meta":"default","adv-header-id-meta":"","stick-header-meta":"","header-above-stick-meta":"","header-main-stick-meta":"","header-below-stick-meta":"","astra-migrate-meta-layouts":"set","ast-page-background-enabled":"default","ast-page-background-meta":{"desktop":{"background-color":"","background-image":"","background-repeat":"repeat","background-position":"center center","background-size":"auto","background-attachment":"scroll","background-type":"","background-media":"","overlay-type":"","overlay-color":"","overlay-opacity":"","overlay-gradient":""},"tablet":{"background-color":"","background-image":"","background-repeat":"repeat","background-position":"center center","background-size":"auto","background-attachment":"scroll","background-type":"","background-media":"","overlay-type":"","overlay-color":"","overlay-opacity":"","overlay-gradient":""},"mobile":{"background-color":"","background-image":"","background-repeat":"repeat","background-position":"center center","background-size":"auto","background-attachment":"scroll","background-type":"","background-media":"","overlay-type":"","overlay-color":"","overlay-opacity":"","overlay-gradient":""}},"ast-content-background-meta":{"desktop":{"background-color":"var(--ast-global-color-5)","background-image":"","background-repeat":"repeat","background-position":"center center","background-size":"auto","background-attachment":"scroll","background-type":"","background-media":"","overlay-type":"","overlay-color":"","overlay-opacity":"","overlay-gradient":""},"tablet":{"background-color":"var(--ast-global-color-5)","background-image":"","background-repeat":"repeat","background-position":"center center","background-size":"auto","background-attachment":"scroll","background-type":"","background-media":"","overlay-type":"","overlay-color":"","overlay-opacity":"","overlay-gradient":""},"mobile":{"background-color":"var(--ast-global-color-5)","background-image":"","background-repeat":"repeat","background-position":"center center","background-size":"auto","background-attachment":"scroll","background-type":"","background-media":"","overlay-type":"","overlay-color":"","overlay-opacity":"","overlay-gradient":""}}},"product_brand":[],"product_cat":[18,338,464],"product_tag":[34,35,36,37,1158,39,40,93,100],"class_list":{"0":"post-21519","1":"product","2":"type-product","3":"status-publish","4":"has-post-thumbnail","6":"product_cat-city-maps","7":"product_cat-featured_eng","8":"product_cat-featured_fr","9":"product_tag-30x40","10":"product_tag-40x50","11":"product_tag-50x70","12":"product_tag-70x100","13":"product_tag-cannes","14":"product_tag-canvas","15":"product_tag-city-map","16":"product_tag-europe","17":"product_tag-france","18":"desktop-align-left","19":"tablet-align-left","20":"mobile-align-left","22":"first","23":"instock","24":"shipping-taxable","25":"purchasable","26":"product-type-variable"},"aioseo_notices":[],"uagb_featured_image_src":{"full":["https:\/\/mapospheres.eu\/wp-content\/uploads\/2026\/03\/CANVAS_11_BW_3RD_CANNES.jpg",1000,1000,false],"thumbnail":["https:\/\/mapospheres.eu\/wp-content\/uploads\/2026\/03\/CANVAS_11_BW_3RD_CANNES-150x150.jpg",150,150,true],"medium":["https:\/\/mapospheres.eu\/wp-content\/uploads\/2026\/03\/CANVAS_11_BW_3RD_CANNES-300x300.jpg",300,300,true],"medium_large":["https:\/\/mapospheres.eu\/wp-content\/uploads\/2026\/03\/CANVAS_11_BW_3RD_CANNES-768x768.jpg",768,768,true],"large":["https:\/\/mapospheres.eu\/wp-content\/uploads\/2026\/03\/CANVAS_11_BW_3RD_CANNES.jpg",1000,1000,false],"1536x1536":["https:\/\/mapospheres.eu\/wp-content\/uploads\/2026\/03\/CANVAS_11_BW_3RD_CANNES.jpg",1000,1000,false],"2048x2048":["https:\/\/mapospheres.eu\/wp-content\/uploads\/2026\/03\/CANVAS_11_BW_3RD_CANNES.jpg",1000,1000,false],"woocommerce_thumbnail":["https:\/\/mapospheres.eu\/wp-content\/uploads\/2026\/03\/CANVAS_11_BW_3RD_CANNES-300x300.jpg",300,300,true],"woocommerce_single":["https:\/\/mapospheres.eu\/wp-content\/uploads\/2026\/03\/CANVAS_11_BW_3RD_CANNES-600x600.jpg",600,600,true],"woocommerce_gallery_thumbnail":["https:\/\/mapospheres.eu\/wp-content\/uploads\/2026\/03\/CANVAS_11_BW_3RD_CANNES-100x100.jpg",100,100,true]},"uagb_author_info":{"display_name":"sgainot04@gmail.com","author_link":"https:\/\/mapospheres.eu\/fr\/author\/"},"uagb_comment_info":0,"uagb_excerpt":"Achetez une City Map \u2013 Carte de ville murale - imprim\u00e9e de la ville de Cannes, France. Choisissez ci-dessous la taille, la couleur et le design de votre carte !","_links":{"self":[{"href":"https:\/\/mapospheres.eu\/fr\/wp-json\/wp\/v2\/product\/21519","targetHints":{"allow":["GET"]}}],"collection":[{"href":"https:\/\/mapospheres.eu\/fr\/wp-json\/wp\/v2\/product"}],"about":[{"href":"https:\/\/mapospheres.eu\/fr\/wp-json\/wp\/v2\/types\/product"}],"wp:featuredmedia":[{"embeddable":true,"href":"https:\/\/mapospheres.eu\/fr\/wp-json\/wp\/v2\/media\/25783"}],"wp:attachment":[{"href":"https:\/\/mapospheres.eu\/fr\/wp-json\/wp\/v2\/media?parent=21519"}],"wp:term":[{"taxonomy":"product_brand","embeddable":true,"href":"https:\/\/mapospheres.eu\/fr\/wp-json\/wp\/v2\/product_brand?post=21519"},{"taxonomy":"product_cat","embeddable":true,"href":"https:\/\/mapospheres.eu\/fr\/wp-json\/wp\/v2\/product_cat?post=21519"},{"taxonomy":"product_tag","embeddable":true,"href":"https:\/\/mapospheres.eu\/fr\/wp-json\/wp\/v2\/product_tag?post=21519"}],"curies":[{"name":"wp","href":"https:\/\/api.w.org\/{rel}","templated":true}]}}