{"id":21520,"date":"2026-03-17T13:55:51","date_gmt":"2026-03-17T13:55:51","guid":{"rendered":"https:\/\/mapospheres.eu\/product\/poster-of-toulon-france\/"},"modified":"2026-04-15T13:40:11","modified_gmt":"2026-04-15T13:40:11","slug":"poster-of-toulon-france","status":"publish","type":"product","link":"https:\/\/mapospheres.eu\/fr\/product\/poster-de-toulon-france\/","title":{"rendered":"Poster de Toulon | France"},"content":{"rendered":"<p><strong>Poster City map de Toulon, France : que l\u2019on soit attir\u00e9 par ses collines, son port ou ses ruelles pleines de charme, cette carte de Toulon offre une vision intemporelle d\u2019une ville o\u00f9 la beaut\u00e9 de la nature rencontre le souffle de l\u2019histoire.<\/strong><\/p>\n<p>La carte de Toulon saisit l\u2019\u00e2me de cette cit\u00e9 c\u00f4ti\u00e8re, o\u00f9 nature et histoire s\u2019entrelacent pour composer un paysage saisissant. Blottie au creux d\u2019une rade profonde et prot\u00e9g\u00e9e le long de la M\u00e9diterran\u00e9e, Toulon est encadr\u00e9e par des collines abruptes qui s\u2019\u00e9l\u00e8vent en arri\u00e8re-plan, parmi lesquelles le c\u00e9l\u00e8bre Mont Faron. Depuis ces hauteurs, la ville se d\u00e9ploie en \u00e9pousant le rivage, son port anim\u00e9 t\u00e9moignant d\u2019un pass\u00e9 et d\u2019un pr\u00e9sent intimement li\u00e9s \u00e0 la puissance maritime fran\u00e7aise. En s\u2019attardant sur la carte, apparaissent des \u00e9crins de verdure invitant \u00e0 la respiration. Les jardins luxuriants du Jardin Alexandre 1er, nich\u00e9s pr\u00e8s du centre, offrent une parenth\u00e8se paisible, tandis que le vaste parc naturel du Mont Faron s\u2019\u00e9tend sur les hauteurs, riche de sa faune et de sa flore, et d\u00e9voile des panoramas spectaculaires sur la rade en contrebas. En suivant les ruelles sinueuses du centre ancien, la carte m\u00e8ne vers des places baign\u00e9es de lumi\u00e8re, o\u00f9 le temps semble suspendu et o\u00f9 le pass\u00e9 murmure encore. L\u2019histoire navale de la ville s\u2019impose avec \u00e9vidence, notamment \u00e0 travers la base navale de Toulon, site strat\u00e9gique majeur depuis des si\u00e8cles. Sur les hauteurs, les forts \u2014 tels que le fort Saint-Nicolas et le fort Balaguier \u2014 veillent en silence, gardiens immobiles dominant la ville. Ces lignes architecturales, m\u00eal\u00e9es \u00e0 l\u2019\u00e9clat des eaux m\u00e9diterran\u00e9ennes, font de Toulon un lieu o\u00f9 la terre, la mer et l\u2019histoire se rejoignent en parfaite harmonie.<\/p>\n","protected":false},"excerpt":{"rendered":"<p>Achetez une City Map \u2013 Carte de ville murale &#8211; imprim\u00e9e de la ville de Toulon, France.<br \/>\nChoisissez ci-dessous la taille, la couleur et le design de votre carte !<\/p>\n","protected":false},"featured_media":25774,"template":"","meta":{"_uag_custom_page_level_css":"","_monsterinsights_skip_tracking":false,"_monsterinsights_sitenote_active":false,"_monsterinsights_sitenote_note":"","_monsterinsights_sitenote_category":0,"site-sidebar-layout":"default","site-content-layout":"","ast-site-content-layout":"default","site-content-style":"default","site-sidebar-style":"default","ast-global-header-display":"","ast-banner-title-visibility":"","ast-main-header-display":"","ast-hfb-above-header-display":"","ast-hfb-below-header-display":"","ast-hfb-mobile-header-display":"","site-post-title":"","ast-breadcrumbs-content":"","ast-featured-img":"","footer-sml-layout":"","ast-disable-related-posts":"","theme-transparent-header-meta":"default","adv-header-id-meta":"","stick-header-meta":"","header-above-stick-meta":"","header-main-stick-meta":"","header-below-stick-meta":"","astra-migrate-meta-layouts":"set","ast-page-background-enabled":"default","ast-page-background-meta":{"desktop":{"background-color":"","background-image":"","background-repeat":"repeat","background-position":"center center","background-size":"auto","background-attachment":"scroll","background-type":"","background-media":"","overlay-type":"","overlay-color":"","overlay-opacity":"","overlay-gradient":""},"tablet":{"background-color":"","background-image":"","background-repeat":"repeat","background-position":"center center","background-size":"auto","background-attachment":"scroll","background-type":"","background-media":"","overlay-type":"","overlay-color":"","overlay-opacity":"","overlay-gradient":""},"mobile":{"background-color":"","background-image":"","background-repeat":"repeat","background-position":"center center","background-size":"auto","background-attachment":"scroll","background-type":"","background-media":"","overlay-type":"","overlay-color":"","overlay-opacity":"","overlay-gradient":""}},"ast-content-background-meta":{"desktop":{"background-color":"var(--ast-global-color-5)","background-image":"","background-repeat":"repeat","background-position":"center center","background-size":"auto","background-attachment":"scroll","background-type":"","background-media":"","overlay-type":"","overlay-color":"","overlay-opacity":"","overlay-gradient":""},"tablet":{"background-color":"var(--ast-global-color-5)","background-image":"","background-repeat":"repeat","background-position":"center center","background-size":"auto","background-attachment":"scroll","background-type":"","background-media":"","overlay-type":"","overlay-color":"","overlay-opacity":"","overlay-gradient":""},"mobile":{"background-color":"var(--ast-global-color-5)","background-image":"","background-repeat":"repeat","background-position":"center center","background-size":"auto","background-attachment":"scroll","background-type":"","background-media":"","overlay-type":"","overlay-color":"","overlay-opacity":"","overlay-gradient":""}}},"product_brand":[],"product_cat":[18,464],"product_tag":[34,35,36,37,39,40,93,100,1157],"class_list":{"0":"post-21520","1":"product","2":"type-product","3":"status-publish","4":"has-post-thumbnail","6":"product_cat-city-maps","7":"product_cat-featured_fr","8":"product_tag-30x40","9":"product_tag-40x50","10":"product_tag-50x70","11":"product_tag-70x100","12":"product_tag-canvas","13":"product_tag-city-map","14":"product_tag-europe","15":"product_tag-france","16":"product_tag-toulon","17":"desktop-align-left","18":"tablet-align-left","19":"mobile-align-left","21":"first","22":"instock","23":"shipping-taxable","24":"purchasable","25":"product-type-variable"},"aioseo_notices":[],"uagb_featured_image_src":{"full":["https:\/\/mapospheres.eu\/wp-content\/uploads\/2026\/03\/CANVAS_15_REDROUND_5_TOULON.jpg",1000,1000,false],"thumbnail":["https:\/\/mapospheres.eu\/wp-content\/uploads\/2026\/03\/CANVAS_15_REDROUND_5_TOULON-150x150.jpg",150,150,true],"medium":["https:\/\/mapospheres.eu\/wp-content\/uploads\/2026\/03\/CANVAS_15_REDROUND_5_TOULON-300x300.jpg",300,300,true],"medium_large":["https:\/\/mapospheres.eu\/wp-content\/uploads\/2026\/03\/CANVAS_15_REDROUND_5_TOULON-768x768.jpg",768,768,true],"large":["https:\/\/mapospheres.eu\/wp-content\/uploads\/2026\/03\/CANVAS_15_REDROUND_5_TOULON.jpg",1000,1000,false],"1536x1536":["https:\/\/mapospheres.eu\/wp-content\/uploads\/2026\/03\/CANVAS_15_REDROUND_5_TOULON.jpg",1000,1000,false],"2048x2048":["https:\/\/mapospheres.eu\/wp-content\/uploads\/2026\/03\/CANVAS_15_REDROUND_5_TOULON.jpg",1000,1000,false],"woocommerce_thumbnail":["https:\/\/mapospheres.eu\/wp-content\/uploads\/2026\/03\/CANVAS_15_REDROUND_5_TOULON-300x300.jpg",300,300,true],"woocommerce_single":["https:\/\/mapospheres.eu\/wp-content\/uploads\/2026\/03\/CANVAS_15_REDROUND_5_TOULON-600x600.jpg",600,600,true],"woocommerce_gallery_thumbnail":["https:\/\/mapospheres.eu\/wp-content\/uploads\/2026\/03\/CANVAS_15_REDROUND_5_TOULON-100x100.jpg",100,100,true]},"uagb_author_info":{"display_name":"sgainot04@gmail.com","author_link":"https:\/\/mapospheres.eu\/fr\/author\/"},"uagb_comment_info":0,"uagb_excerpt":"Achetez une City Map \u2013 Carte de ville murale - imprim\u00e9e de la ville de Toulon, France. Choisissez ci-dessous la taille, la couleur et le design de votre carte !","_links":{"self":[{"href":"https:\/\/mapospheres.eu\/fr\/wp-json\/wp\/v2\/product\/21520","targetHints":{"allow":["GET"]}}],"collection":[{"href":"https:\/\/mapospheres.eu\/fr\/wp-json\/wp\/v2\/product"}],"about":[{"href":"https:\/\/mapospheres.eu\/fr\/wp-json\/wp\/v2\/types\/product"}],"wp:featuredmedia":[{"embeddable":true,"href":"https:\/\/mapospheres.eu\/fr\/wp-json\/wp\/v2\/media\/25774"}],"wp:attachment":[{"href":"https:\/\/mapospheres.eu\/fr\/wp-json\/wp\/v2\/media?parent=21520"}],"wp:term":[{"taxonomy":"product_brand","embeddable":true,"href":"https:\/\/mapospheres.eu\/fr\/wp-json\/wp\/v2\/product_brand?post=21520"},{"taxonomy":"product_cat","embeddable":true,"href":"https:\/\/mapospheres.eu\/fr\/wp-json\/wp\/v2\/product_cat?post=21520"},{"taxonomy":"product_tag","embeddable":true,"href":"https:\/\/mapospheres.eu\/fr\/wp-json\/wp\/v2\/product_tag?post=21520"}],"curies":[{"name":"wp","href":"https:\/\/api.w.org\/{rel}","templated":true}]}}