{"id":21524,"date":"2026-03-17T13:56:10","date_gmt":"2026-03-17T13:56:10","guid":{"rendered":"https:\/\/mapospheres.eu\/product\/poster-of-grenoble-france\/"},"modified":"2026-04-15T13:39:55","modified_gmt":"2026-04-15T13:39:55","slug":"poster-of-grenoble-france","status":"publish","type":"product","link":"https:\/\/mapospheres.eu\/fr\/product\/poster-de-grenoble-france\/","title":{"rendered":"Poster de Grenoble | France"},"content":{"rendered":"<p><strong>Poster City map de Grenoble, France\u00a0: le charme visuel na\u00eet de l\u2019entrelacement des reliefs naturels avec le tissu urbain, rappel constant que Grenoble est une ville fa\u00e7onn\u00e9e par ses montagnes \u2014 dans son \u00e2me autant que dans ses horizons.<\/strong><\/p>\n<p>Nich\u00e9e entre les majestueuses Alpes fran\u00e7aises, Grenoble est une ville o\u00f9 les montagnes semblent rejoindre les rues, offrant un paysage \u00e0 la fois spectaculaire et accueillant. La carte de Grenoble est une v\u00e9ritable \u0153uvre topographique, capturant la position unique de la ville au pied des massifs de la Chartreuse et du Vercors. Son trac\u00e9 s\u2019\u00e9tend au creux d\u2019une vall\u00e9e o\u00f9 l\u2019Is\u00e8re s\u2019\u00e9coule avec gr\u00e2ce, traversant la ville comme un fil d\u2019histoire, t\u00e9moin silencieux des si\u00e8cles pass\u00e9s. Du c\u0153ur anim\u00e9 de la cit\u00e9 \u00e0 ses lisi\u00e8res apais\u00e9es, la carte se ponctue d\u2019espaces verts qui viennent adoucir l\u2019effervescence urbaine. Le Parc Paul Mistral, vaste \u00e9crin de verdure, respire au centre de la ville comme une invitation \u00e0 la pause et \u00e0 la contemplation. Au nord, la Bastille, perch\u00e9e sur son \u00e9peron escarp\u00e9, veille \u00e0 la fois comme un ancien bastion d\u00e9fensif et comme un belv\u00e9d\u00e8re offrant une vue saisissante sur la ville et les cimes enneig\u00e9es au loin. Chaque d\u00e9tour semble raconter une histoire, des places discr\u00e8tes aux ponts \u00e9l\u00e9gants qui enjambent l\u2019Is\u00e8re. Et parmi eux, la carte met en lumi\u00e8re le c\u00e9l\u00e8bre Pont de l\u2019Is\u00e8re, lien vivant entre la ville et ses paysages environnants, offrant \u00e0 ceux qui le traversent \u00e0 pied une travers\u00e9e aussi paisible que pittoresque.<\/p>\n","protected":false},"excerpt":{"rendered":"<p>Achetez une City Map \u2013 Carte de ville murale &#8211; imprim\u00e9e de la ville de Grenoble, France.<br \/>\nChoisissez ci-dessous la taille, la couleur et le design de votre carte !<\/p>\n","protected":false},"featured_media":25545,"template":"","meta":{"_uag_custom_page_level_css":"","_monsterinsights_skip_tracking":false,"_monsterinsights_sitenote_active":false,"_monsterinsights_sitenote_note":"","_monsterinsights_sitenote_category":0,"site-sidebar-layout":"default","site-content-layout":"","ast-site-content-layout":"default","site-content-style":"default","site-sidebar-style":"default","ast-global-header-display":"","ast-banner-title-visibility":"","ast-main-header-display":"","ast-hfb-above-header-display":"","ast-hfb-below-header-display":"","ast-hfb-mobile-header-display":"","site-post-title":"","ast-breadcrumbs-content":"","ast-featured-img":"","footer-sml-layout":"","ast-disable-related-posts":"","theme-transparent-header-meta":"default","adv-header-id-meta":"","stick-header-meta":"","header-above-stick-meta":"","header-main-stick-meta":"","header-below-stick-meta":"","astra-migrate-meta-layouts":"set","ast-page-background-enabled":"default","ast-page-background-meta":{"desktop":{"background-color":"","background-image":"","background-repeat":"repeat","background-position":"center center","background-size":"auto","background-attachment":"scroll","background-type":"","background-media":"","overlay-type":"","overlay-color":"","overlay-opacity":"","overlay-gradient":""},"tablet":{"background-color":"","background-image":"","background-repeat":"repeat","background-position":"center center","background-size":"auto","background-attachment":"scroll","background-type":"","background-media":"","overlay-type":"","overlay-color":"","overlay-opacity":"","overlay-gradient":""},"mobile":{"background-color":"","background-image":"","background-repeat":"repeat","background-position":"center center","background-size":"auto","background-attachment":"scroll","background-type":"","background-media":"","overlay-type":"","overlay-color":"","overlay-opacity":"","overlay-gradient":""}},"ast-content-background-meta":{"desktop":{"background-color":"var(--ast-global-color-5)","background-image":"","background-repeat":"repeat","background-position":"center center","background-size":"auto","background-attachment":"scroll","background-type":"","background-media":"","overlay-type":"","overlay-color":"","overlay-opacity":"","overlay-gradient":""},"tablet":{"background-color":"var(--ast-global-color-5)","background-image":"","background-repeat":"repeat","background-position":"center center","background-size":"auto","background-attachment":"scroll","background-type":"","background-media":"","overlay-type":"","overlay-color":"","overlay-opacity":"","overlay-gradient":""},"mobile":{"background-color":"var(--ast-global-color-5)","background-image":"","background-repeat":"repeat","background-position":"center center","background-size":"auto","background-attachment":"scroll","background-type":"","background-media":"","overlay-type":"","overlay-color":"","overlay-opacity":"","overlay-gradient":""}}},"product_brand":[],"product_cat":[18,464],"product_tag":[34,35,36,37,39,40,93,100,1153],"class_list":{"0":"post-21524","1":"product","2":"type-product","3":"status-publish","4":"has-post-thumbnail","6":"product_cat-city-maps","7":"product_cat-featured_fr","8":"product_tag-30x40","9":"product_tag-40x50","10":"product_tag-50x70","11":"product_tag-70x100","12":"product_tag-canvas","13":"product_tag-city-map","14":"product_tag-europe","15":"product_tag-france","16":"product_tag-grenoble","17":"desktop-align-left","18":"tablet-align-left","19":"mobile-align-left","21":"first","22":"instock","23":"shipping-taxable","24":"purchasable","25":"product-type-variable"},"aioseo_notices":[],"uagb_featured_image_src":{"full":["https:\/\/mapospheres.eu\/wp-content\/uploads\/2026\/03\/CANVAS_15_REDROUND_5_GRENOBLE.jpg",1000,1000,false],"thumbnail":["https:\/\/mapospheres.eu\/wp-content\/uploads\/2026\/03\/CANVAS_15_REDROUND_5_GRENOBLE-150x150.jpg",150,150,true],"medium":["https:\/\/mapospheres.eu\/wp-content\/uploads\/2026\/03\/CANVAS_15_REDROUND_5_GRENOBLE-300x300.jpg",300,300,true],"medium_large":["https:\/\/mapospheres.eu\/wp-content\/uploads\/2026\/03\/CANVAS_15_REDROUND_5_GRENOBLE-768x768.jpg",768,768,true],"large":["https:\/\/mapospheres.eu\/wp-content\/uploads\/2026\/03\/CANVAS_15_REDROUND_5_GRENOBLE.jpg",1000,1000,false],"1536x1536":["https:\/\/mapospheres.eu\/wp-content\/uploads\/2026\/03\/CANVAS_15_REDROUND_5_GRENOBLE.jpg",1000,1000,false],"2048x2048":["https:\/\/mapospheres.eu\/wp-content\/uploads\/2026\/03\/CANVAS_15_REDROUND_5_GRENOBLE.jpg",1000,1000,false],"woocommerce_thumbnail":["https:\/\/mapospheres.eu\/wp-content\/uploads\/2026\/03\/CANVAS_15_REDROUND_5_GRENOBLE-300x300.jpg",300,300,true],"woocommerce_single":["https:\/\/mapospheres.eu\/wp-content\/uploads\/2026\/03\/CANVAS_15_REDROUND_5_GRENOBLE-600x600.jpg",600,600,true],"woocommerce_gallery_thumbnail":["https:\/\/mapospheres.eu\/wp-content\/uploads\/2026\/03\/CANVAS_15_REDROUND_5_GRENOBLE-100x100.jpg",100,100,true]},"uagb_author_info":{"display_name":"sgainot04@gmail.com","author_link":"https:\/\/mapospheres.eu\/fr\/author\/"},"uagb_comment_info":0,"uagb_excerpt":"Achetez une City Map \u2013 Carte de ville murale - imprim\u00e9e de la ville de Grenoble, France. Choisissez ci-dessous la taille, la couleur et le design de votre carte !","_links":{"self":[{"href":"https:\/\/mapospheres.eu\/fr\/wp-json\/wp\/v2\/product\/21524","targetHints":{"allow":["GET"]}}],"collection":[{"href":"https:\/\/mapospheres.eu\/fr\/wp-json\/wp\/v2\/product"}],"about":[{"href":"https:\/\/mapospheres.eu\/fr\/wp-json\/wp\/v2\/types\/product"}],"wp:featuredmedia":[{"embeddable":true,"href":"https:\/\/mapospheres.eu\/fr\/wp-json\/wp\/v2\/media\/25545"}],"wp:attachment":[{"href":"https:\/\/mapospheres.eu\/fr\/wp-json\/wp\/v2\/media?parent=21524"}],"wp:term":[{"taxonomy":"product_brand","embeddable":true,"href":"https:\/\/mapospheres.eu\/fr\/wp-json\/wp\/v2\/product_brand?post=21524"},{"taxonomy":"product_cat","embeddable":true,"href":"https:\/\/mapospheres.eu\/fr\/wp-json\/wp\/v2\/product_cat?post=21524"},{"taxonomy":"product_tag","embeddable":true,"href":"https:\/\/mapospheres.eu\/fr\/wp-json\/wp\/v2\/product_tag?post=21524"}],"curies":[{"name":"wp","href":"https:\/\/api.w.org\/{rel}","templated":true}]}}