{"id":21525,"date":"2026-03-17T13:56:15","date_gmt":"2026-03-17T13:56:15","guid":{"rendered":"https:\/\/mapospheres.eu\/product\/poster-of-le-havre-france\/"},"modified":"2026-04-15T13:39:59","modified_gmt":"2026-04-15T13:39:59","slug":"poster-of-le-havre-france","status":"publish","type":"product","link":"https:\/\/mapospheres.eu\/fr\/product\/poster-du-havre-france\/","title":{"rendered":"Poster du Havre | France"},"content":{"rendered":"<p><strong>Poster City map du Havre, France\u00a0: c\u00e9l\u00e9brer ses racines maritimes tout en embrassant l\u2019avenir \u00e0 bras ouverts. La carte refl\u00e8te cet \u00e9quilibre singulier, capturant \u00e0 la fois l\u2019ancien port et la ville contemporaine, vibrante, qui s\u2019est \u00e9panouie autour de lui.<\/strong><\/p>\n<p>La carte de Le Havre, France, offre un regard unique sur cette cit\u00e9 portuaire o\u00f9 la mer, la terre et le ciel se fondent en un panorama harmonieux. \u00c0 la lisi\u00e8re de la Manche, la g\u00e9ographie du Havre est fa\u00e7onn\u00e9e par son port anim\u00e9 et par les vastes plaines ouvertes qui s\u2019\u00e9tirent jusqu\u2019\u00e0 l\u2019horizon. La carte en saisit avec \u00e9l\u00e9gance la structure, \u00e9pousant la longue ligne c\u00f4ti\u00e8re qui suit la courbe de la Seine se jetant dans la mer. La position maritime du Havre en est l\u2019essence m\u00eame. La carte d\u00e9voile l\u2019ampleur de ses docks et de ses chenaux, t\u00e9moins d\u2019une activit\u00e9 portuaire qui rythme la ville depuis des si\u00e8cles. \u00c0 l\u2019entr\u00e9e du port, le phare se dresse fi\u00e8rement, guidant les navires vers un refuge s\u00fbr \u2014 pr\u00e9sence lumineuse marquant la fronti\u00e8re entre la terre et l\u2019oc\u00e9an, entre m\u00e9moire et devenir. Pourtant, au-del\u00e0 de son identit\u00e9 industrielle, Le Havre r\u00e9v\u00e8le aussi une ville de respiration et de verdure, offrant des havres de paix \u00e0 quelques pas seulement des flots. Le Jardin Suspendu, perch\u00e9 sur les hauteurs d\u2019un ancien fort, ouvre une vue imprenable sur la ville et la mer, ses plantes luxuriantes et ses fleurs \u00e9clatantes venant colorer la carte d\u2019une touche vivante. Plus bas, le Parc de la Plage, avec ses larges pelouses et sa proximit\u00e9 imm\u00e9diate avec le rivage, devient un lieu privil\u00e9gi\u00e9 pour savourer la brise marine, que l\u2019on soit habitant ou voyageur. Ainsi, le dessin de la ville tisse un lien subtil entre nature et industrie, int\u00e9grant avec soin les espaces publics dans la trame urbaine.<\/p>\n","protected":false},"excerpt":{"rendered":"<p>Achetez une City Map \u2013 Carte de ville murale &#8211; imprim\u00e9e de la ville du Havre, France.<br \/>\nChoisissez ci-dessous la taille, la couleur et le design de votre carte !<\/p>\n","protected":false},"featured_media":25535,"template":"","meta":{"_uag_custom_page_level_css":"","_monsterinsights_skip_tracking":false,"_monsterinsights_sitenote_active":false,"_monsterinsights_sitenote_note":"","_monsterinsights_sitenote_category":0,"site-sidebar-layout":"default","site-content-layout":"","ast-site-content-layout":"default","site-content-style":"default","site-sidebar-style":"default","ast-global-header-display":"","ast-banner-title-visibility":"","ast-main-header-display":"","ast-hfb-above-header-display":"","ast-hfb-below-header-display":"","ast-hfb-mobile-header-display":"","site-post-title":"","ast-breadcrumbs-content":"","ast-featured-img":"","footer-sml-layout":"","ast-disable-related-posts":"","theme-transparent-header-meta":"default","adv-header-id-meta":"","stick-header-meta":"","header-above-stick-meta":"","header-main-stick-meta":"","header-below-stick-meta":"","astra-migrate-meta-layouts":"set","ast-page-background-enabled":"default","ast-page-background-meta":{"desktop":{"background-color":"","background-image":"","background-repeat":"repeat","background-position":"center center","background-size":"auto","background-attachment":"scroll","background-type":"","background-media":"","overlay-type":"","overlay-color":"","overlay-opacity":"","overlay-gradient":""},"tablet":{"background-color":"","background-image":"","background-repeat":"repeat","background-position":"center center","background-size":"auto","background-attachment":"scroll","background-type":"","background-media":"","overlay-type":"","overlay-color":"","overlay-opacity":"","overlay-gradient":""},"mobile":{"background-color":"","background-image":"","background-repeat":"repeat","background-position":"center center","background-size":"auto","background-attachment":"scroll","background-type":"","background-media":"","overlay-type":"","overlay-color":"","overlay-opacity":"","overlay-gradient":""}},"ast-content-background-meta":{"desktop":{"background-color":"var(--ast-global-color-5)","background-image":"","background-repeat":"repeat","background-position":"center center","background-size":"auto","background-attachment":"scroll","background-type":"","background-media":"","overlay-type":"","overlay-color":"","overlay-opacity":"","overlay-gradient":""},"tablet":{"background-color":"var(--ast-global-color-5)","background-image":"","background-repeat":"repeat","background-position":"center center","background-size":"auto","background-attachment":"scroll","background-type":"","background-media":"","overlay-type":"","overlay-color":"","overlay-opacity":"","overlay-gradient":""},"mobile":{"background-color":"var(--ast-global-color-5)","background-image":"","background-repeat":"repeat","background-position":"center center","background-size":"auto","background-attachment":"scroll","background-type":"","background-media":"","overlay-type":"","overlay-color":"","overlay-opacity":"","overlay-gradient":""}}},"product_brand":[],"product_cat":[18,464],"product_tag":[34,35,36,37,39,40,93,100,1152],"class_list":{"0":"post-21525","1":"product","2":"type-product","3":"status-publish","4":"has-post-thumbnail","6":"product_cat-city-maps","7":"product_cat-featured_fr","8":"product_tag-30x40","9":"product_tag-40x50","10":"product_tag-50x70","11":"product_tag-70x100","12":"product_tag-canvas","13":"product_tag-city-map","14":"product_tag-europe","15":"product_tag-france","16":"product_tag-le-havre","17":"desktop-align-left","18":"tablet-align-left","19":"mobile-align-left","21":"first","22":"instock","23":"shipping-taxable","24":"purchasable","25":"product-type-variable"},"aioseo_notices":[],"uagb_featured_image_src":{"full":["https:\/\/mapospheres.eu\/wp-content\/uploads\/2026\/03\/CANVAS_16_NIGHT_2ND_LEHAVRE.jpg",1000,1000,false],"thumbnail":["https:\/\/mapospheres.eu\/wp-content\/uploads\/2026\/03\/CANVAS_16_NIGHT_2ND_LEHAVRE-150x150.jpg",150,150,true],"medium":["https:\/\/mapospheres.eu\/wp-content\/uploads\/2026\/03\/CANVAS_16_NIGHT_2ND_LEHAVRE-300x300.jpg",300,300,true],"medium_large":["https:\/\/mapospheres.eu\/wp-content\/uploads\/2026\/03\/CANVAS_16_NIGHT_2ND_LEHAVRE-768x768.jpg",768,768,true],"large":["https:\/\/mapospheres.eu\/wp-content\/uploads\/2026\/03\/CANVAS_16_NIGHT_2ND_LEHAVRE.jpg",1000,1000,false],"1536x1536":["https:\/\/mapospheres.eu\/wp-content\/uploads\/2026\/03\/CANVAS_16_NIGHT_2ND_LEHAVRE.jpg",1000,1000,false],"2048x2048":["https:\/\/mapospheres.eu\/wp-content\/uploads\/2026\/03\/CANVAS_16_NIGHT_2ND_LEHAVRE.jpg",1000,1000,false],"woocommerce_thumbnail":["https:\/\/mapospheres.eu\/wp-content\/uploads\/2026\/03\/CANVAS_16_NIGHT_2ND_LEHAVRE-300x300.jpg",300,300,true],"woocommerce_single":["https:\/\/mapospheres.eu\/wp-content\/uploads\/2026\/03\/CANVAS_16_NIGHT_2ND_LEHAVRE-600x600.jpg",600,600,true],"woocommerce_gallery_thumbnail":["https:\/\/mapospheres.eu\/wp-content\/uploads\/2026\/03\/CANVAS_16_NIGHT_2ND_LEHAVRE-100x100.jpg",100,100,true]},"uagb_author_info":{"display_name":"sgainot04@gmail.com","author_link":"https:\/\/mapospheres.eu\/fr\/author\/"},"uagb_comment_info":0,"uagb_excerpt":"Achetez une City Map \u2013 Carte de ville murale - imprim\u00e9e de la ville du Havre, France. Choisissez ci-dessous la taille, la couleur et le design de votre carte !","_links":{"self":[{"href":"https:\/\/mapospheres.eu\/fr\/wp-json\/wp\/v2\/product\/21525","targetHints":{"allow":["GET"]}}],"collection":[{"href":"https:\/\/mapospheres.eu\/fr\/wp-json\/wp\/v2\/product"}],"about":[{"href":"https:\/\/mapospheres.eu\/fr\/wp-json\/wp\/v2\/types\/product"}],"wp:featuredmedia":[{"embeddable":true,"href":"https:\/\/mapospheres.eu\/fr\/wp-json\/wp\/v2\/media\/25535"}],"wp:attachment":[{"href":"https:\/\/mapospheres.eu\/fr\/wp-json\/wp\/v2\/media?parent=21525"}],"wp:term":[{"taxonomy":"product_brand","embeddable":true,"href":"https:\/\/mapospheres.eu\/fr\/wp-json\/wp\/v2\/product_brand?post=21525"},{"taxonomy":"product_cat","embeddable":true,"href":"https:\/\/mapospheres.eu\/fr\/wp-json\/wp\/v2\/product_cat?post=21525"},{"taxonomy":"product_tag","embeddable":true,"href":"https:\/\/mapospheres.eu\/fr\/wp-json\/wp\/v2\/product_tag?post=21525"}],"curies":[{"name":"wp","href":"https:\/\/api.w.org\/{rel}","templated":true}]}}