{"id":21526,"date":"2026-03-17T13:56:19","date_gmt":"2026-03-17T13:56:19","guid":{"rendered":"https:\/\/mapospheres.eu\/product\/poster-of-rennes-france\/"},"modified":"2026-04-15T13:40:09","modified_gmt":"2026-04-15T13:40:09","slug":"poster-of-rennes-france","status":"publish","type":"product","link":"https:\/\/mapospheres.eu\/fr\/product\/poster-de-rennes-france\/","title":{"rendered":"Poster de Rennes | France"},"content":{"rendered":"<p><strong>Poster City map de Rennes, France : une ville de contrastes<\/strong><\/p>\n<p>Situ\u00e9e \u00e0 la confluence de l\u2019Ille et de la Vilaine, Rennes voit sa g\u00e9ographie fa\u00e7onn\u00e9e par ces deux rivi\u00e8res qui serpentent \u00e0 travers la ville, dessinant ses contours et esquissant ses fronti\u00e8res naturelles. La carte r\u00e9v\u00e8le les ondulations du relief, entre douces collines \u00e0 l\u2019est et plaines ouvertes \u00e0 l\u2019ouest, o\u00f9 les eaux s\u2019\u00e9tirent en vastes marais. C\u2019est une ville n\u00e9e de l\u2019eau, berc\u00e9e par le vert, o\u00f9 parcs et jardins insufflent \u00e0 chaque instant une respiration apaisante. La carte met en lumi\u00e8re ses \u00e9crins de verdure, tels que le Parc du Thabor, jardin d\u2019\u00e9l\u00e9gance m\u00ealant harmonie \u00e0 la fran\u00e7aise et recoins luxuriants empreints de s\u00e9r\u00e9nit\u00e9. Avec ses all\u00e9es bord\u00e9es d\u2019arbres et ses prairies ouvertes, il offre une parenth\u00e8se enchant\u00e9e au c\u0153ur de la ville, invitant promeneurs et r\u00eaveurs \u00e0 suspendre le temps. Non loin, le Parc des Gayeulles, plus vaste et plus sauvage, laisse la nature s\u2019exprimer librement, avec ses sentiers sinueux et ses lacs paisibles, refuge id\u00e9al pour qui souhaite explorer l\u2019\u00e2me naturelle de Rennes. Rennes est une ville de contrastes. D\u2019un c\u00f4t\u00e9, elle d\u00e9voile un riche h\u00e9ritage m\u00e9di\u00e9val, entre maisons \u00e0 colombages et ruelles pav\u00e9es qui s\u2019enroulent autour de l\u2019imposante cath\u00e9drale de Rennes. La carte suit ces trac\u00e9s sinueux o\u00f9 l\u2019histoire semble murmurer \u00e0 chaque d\u00e9tour. Le majestueux Parlement de Bretagne du XVIIe si\u00e8cle, par la noblesse de son architecture, incarne le c\u0153ur du pouvoir judiciaire d\u2019autrefois. Mais la carte ne se contente pas de saisir le pr\u00e9sent : elle fait aussi r\u00e9sonner les \u00e9chos des si\u00e8cles pass\u00e9s \u2014 des anciens remparts aux vestiges des portes de la ville, chaque ligne, chaque courbe r\u00e9v\u00e8le l\u2019empreinte du pass\u00e9 d\u00e9fensif de Rennes.<\/p>\n","protected":false},"excerpt":{"rendered":"<p>Achetez une City Map \u2013 Carte de ville murale &#8211; imprim\u00e9e de la ville de Rennes, France.<br \/>\nChoisissez ci-dessous la taille, la couleur et le design de votre carte !<\/p>\n","protected":false},"featured_media":25523,"template":"","meta":{"_uag_custom_page_level_css":"","_monsterinsights_skip_tracking":false,"_monsterinsights_sitenote_active":false,"_monsterinsights_sitenote_note":"","_monsterinsights_sitenote_category":0,"site-sidebar-layout":"default","site-content-layout":"","ast-site-content-layout":"default","site-content-style":"default","site-sidebar-style":"default","ast-global-header-display":"","ast-banner-title-visibility":"","ast-main-header-display":"","ast-hfb-above-header-display":"","ast-hfb-below-header-display":"","ast-hfb-mobile-header-display":"","site-post-title":"","ast-breadcrumbs-content":"","ast-featured-img":"","footer-sml-layout":"","ast-disable-related-posts":"","theme-transparent-header-meta":"default","adv-header-id-meta":"","stick-header-meta":"","header-above-stick-meta":"","header-main-stick-meta":"","header-below-stick-meta":"","astra-migrate-meta-layouts":"set","ast-page-background-enabled":"default","ast-page-background-meta":{"desktop":{"background-color":"","background-image":"","background-repeat":"repeat","background-position":"center center","background-size":"auto","background-attachment":"scroll","background-type":"","background-media":"","overlay-type":"","overlay-color":"","overlay-opacity":"","overlay-gradient":""},"tablet":{"background-color":"","background-image":"","background-repeat":"repeat","background-position":"center center","background-size":"auto","background-attachment":"scroll","background-type":"","background-media":"","overlay-type":"","overlay-color":"","overlay-opacity":"","overlay-gradient":""},"mobile":{"background-color":"","background-image":"","background-repeat":"repeat","background-position":"center center","background-size":"auto","background-attachment":"scroll","background-type":"","background-media":"","overlay-type":"","overlay-color":"","overlay-opacity":"","overlay-gradient":""}},"ast-content-background-meta":{"desktop":{"background-color":"var(--ast-global-color-5)","background-image":"","background-repeat":"repeat","background-position":"center center","background-size":"auto","background-attachment":"scroll","background-type":"","background-media":"","overlay-type":"","overlay-color":"","overlay-opacity":"","overlay-gradient":""},"tablet":{"background-color":"var(--ast-global-color-5)","background-image":"","background-repeat":"repeat","background-position":"center center","background-size":"auto","background-attachment":"scroll","background-type":"","background-media":"","overlay-type":"","overlay-color":"","overlay-opacity":"","overlay-gradient":""},"mobile":{"background-color":"var(--ast-global-color-5)","background-image":"","background-repeat":"repeat","background-position":"center center","background-size":"auto","background-attachment":"scroll","background-type":"","background-media":"","overlay-type":"","overlay-color":"","overlay-opacity":"","overlay-gradient":""}}},"product_brand":[],"product_cat":[18,464],"product_tag":[34,35,36,37,39,40,93,100,1151],"class_list":{"0":"post-21526","1":"product","2":"type-product","3":"status-publish","4":"has-post-thumbnail","6":"product_cat-city-maps","7":"product_cat-featured_fr","8":"product_tag-30x40","9":"product_tag-40x50","10":"product_tag-50x70","11":"product_tag-70x100","12":"product_tag-canvas","13":"product_tag-city-map","14":"product_tag-europe","15":"product_tag-france","16":"product_tag-rennes","17":"desktop-align-left","18":"tablet-align-left","19":"mobile-align-left","21":"first","22":"instock","23":"shipping-taxable","24":"purchasable","25":"product-type-variable"},"aioseo_notices":[],"uagb_featured_image_src":{"full":["https:\/\/mapospheres.eu\/wp-content\/uploads\/2026\/03\/CANVAS_16_NIGHT_2ND_RENNES.jpg",1000,1000,false],"thumbnail":["https:\/\/mapospheres.eu\/wp-content\/uploads\/2026\/03\/CANVAS_16_NIGHT_2ND_RENNES-150x150.jpg",150,150,true],"medium":["https:\/\/mapospheres.eu\/wp-content\/uploads\/2026\/03\/CANVAS_16_NIGHT_2ND_RENNES-300x300.jpg",300,300,true],"medium_large":["https:\/\/mapospheres.eu\/wp-content\/uploads\/2026\/03\/CANVAS_16_NIGHT_2ND_RENNES-768x768.jpg",768,768,true],"large":["https:\/\/mapospheres.eu\/wp-content\/uploads\/2026\/03\/CANVAS_16_NIGHT_2ND_RENNES.jpg",1000,1000,false],"1536x1536":["https:\/\/mapospheres.eu\/wp-content\/uploads\/2026\/03\/CANVAS_16_NIGHT_2ND_RENNES.jpg",1000,1000,false],"2048x2048":["https:\/\/mapospheres.eu\/wp-content\/uploads\/2026\/03\/CANVAS_16_NIGHT_2ND_RENNES.jpg",1000,1000,false],"woocommerce_thumbnail":["https:\/\/mapospheres.eu\/wp-content\/uploads\/2026\/03\/CANVAS_16_NIGHT_2ND_RENNES-300x300.jpg",300,300,true],"woocommerce_single":["https:\/\/mapospheres.eu\/wp-content\/uploads\/2026\/03\/CANVAS_16_NIGHT_2ND_RENNES-600x600.jpg",600,600,true],"woocommerce_gallery_thumbnail":["https:\/\/mapospheres.eu\/wp-content\/uploads\/2026\/03\/CANVAS_16_NIGHT_2ND_RENNES-100x100.jpg",100,100,true]},"uagb_author_info":{"display_name":"sgainot04@gmail.com","author_link":"https:\/\/mapospheres.eu\/fr\/author\/"},"uagb_comment_info":0,"uagb_excerpt":"Achetez une City Map \u2013 Carte de ville murale - imprim\u00e9e de la ville de Rennes, France. Choisissez ci-dessous la taille, la couleur et le design de votre carte !","_links":{"self":[{"href":"https:\/\/mapospheres.eu\/fr\/wp-json\/wp\/v2\/product\/21526","targetHints":{"allow":["GET"]}}],"collection":[{"href":"https:\/\/mapospheres.eu\/fr\/wp-json\/wp\/v2\/product"}],"about":[{"href":"https:\/\/mapospheres.eu\/fr\/wp-json\/wp\/v2\/types\/product"}],"wp:featuredmedia":[{"embeddable":true,"href":"https:\/\/mapospheres.eu\/fr\/wp-json\/wp\/v2\/media\/25523"}],"wp:attachment":[{"href":"https:\/\/mapospheres.eu\/fr\/wp-json\/wp\/v2\/media?parent=21526"}],"wp:term":[{"taxonomy":"product_brand","embeddable":true,"href":"https:\/\/mapospheres.eu\/fr\/wp-json\/wp\/v2\/product_brand?post=21526"},{"taxonomy":"product_cat","embeddable":true,"href":"https:\/\/mapospheres.eu\/fr\/wp-json\/wp\/v2\/product_cat?post=21526"},{"taxonomy":"product_tag","embeddable":true,"href":"https:\/\/mapospheres.eu\/fr\/wp-json\/wp\/v2\/product_tag?post=21526"}],"curies":[{"name":"wp","href":"https:\/\/api.w.org\/{rel}","templated":true}]}}