{"id":21527,"date":"2026-03-17T13:56:24","date_gmt":"2026-03-17T13:56:24","guid":{"rendered":"https:\/\/mapospheres.eu\/product\/poster-of-lorient-france\/"},"modified":"2026-04-15T13:40:01","modified_gmt":"2026-04-15T13:40:01","slug":"poster-of-lorient-france","status":"publish","type":"product","link":"https:\/\/mapospheres.eu\/fr\/product\/poster-de-lorient-france\/","title":{"rendered":"Poster de Lorient | France"},"content":{"rendered":"<p><strong>Poster City Map de Lorient, Bretagne : rien n\u2019est plus \u00e9l\u00e9gant ni plus captivant qu\u2019un port maritime sublim\u00e9 en carte murale\u00a0!<\/strong><\/p>\n<p>Lorient se d\u00e9voile ici comme une carte d\u2019une beaut\u00e9 saisissante\u00a0! Nich\u00e9e sur la c\u00f4te sud de la Bretagne, l\u00e0 o\u00f9 le Scorff et le Blavet unissent leurs eaux avant de se fondre dans l\u2019oc\u00e9an Atlantique, la ville et sa g\u00e9ographie composent une carte remarquable, l\u2019une de nos favorites chez mapospheres\u00a0! Charg\u00e9e d\u2019histoire, Lorient entretient un lien profond avec son pass\u00e9 maritime. Autrefois c\u0153ur battant de la Compagnie fran\u00e7aise des Indes orientales, son port demeure aujourd\u2019hui encore l\u2019un de ses symboles les plus embl\u00e9matiques. Sur la carte, la zone portuaire se dessine avec clart\u00e9\u00a0: un lieu vibrant o\u00f9 l\u2019on croirait entendre l\u2019\u00e9cho des navires d\u2019antan prenant le large vers des horizons lointains. Non loin du port, la Cit\u00e9 de la Voile Eric Tabarly s\u2019\u00e9l\u00e8ve comme un hommage contemporain \u00e0 l\u2019h\u00e9ritage nautique de Lorient, c\u00e9l\u00e9brant le l\u00e9gendaire marin fran\u00e7ais. La composition de la carte refl\u00e8te avec finesse l\u2019\u00e2me maritime de la ville, mettant en lumi\u00e8re cette pr\u00e9sence de l\u2019eau, \u00e0 la fois pr\u00e9cieuse et indomptable. Par touches subtiles, la carte laisse aussi appara\u00eetre les traces du pass\u00e9 de guerre de Lorient. Les imposantes bases de sous-marins qui bordent le port rappellent le r\u00f4le strat\u00e9gique de la ville durant la Seconde Guerre mondiale, leurs lignes massives contrastant avec la douceur naturelle des paysages environnants. Pourtant, au fil des rues que l\u2019on suit du regard, Lorient r\u00e9v\u00e8le une harmonie singuli\u00e8re o\u00f9 l\u2019histoire et la vie contemporaine se rencontrent, entre march\u00e9s anim\u00e9s et recoins paisibles de la vieille ville.<\/p>\n","protected":false},"excerpt":{"rendered":"<p>Achetez une City Map \u2013 Carte de ville murale &#8211; imprim\u00e9e de la ville de Lorient, France.<br \/>\nChoisissez ci-dessous la taille, la couleur et le design de votre carte !<\/p>\n","protected":false},"featured_media":25506,"template":"","meta":{"_uag_custom_page_level_css":"","_monsterinsights_skip_tracking":false,"_monsterinsights_sitenote_active":false,"_monsterinsights_sitenote_note":"","_monsterinsights_sitenote_category":0,"site-sidebar-layout":"default","site-content-layout":"","ast-site-content-layout":"default","site-content-style":"default","site-sidebar-style":"default","ast-global-header-display":"","ast-banner-title-visibility":"","ast-main-header-display":"","ast-hfb-above-header-display":"","ast-hfb-below-header-display":"","ast-hfb-mobile-header-display":"","site-post-title":"","ast-breadcrumbs-content":"","ast-featured-img":"","footer-sml-layout":"","ast-disable-related-posts":"","theme-transparent-header-meta":"default","adv-header-id-meta":"","stick-header-meta":"","header-above-stick-meta":"","header-main-stick-meta":"","header-below-stick-meta":"","astra-migrate-meta-layouts":"set","ast-page-background-enabled":"default","ast-page-background-meta":{"desktop":{"background-color":"","background-image":"","background-repeat":"repeat","background-position":"center center","background-size":"auto","background-attachment":"scroll","background-type":"","background-media":"","overlay-type":"","overlay-color":"","overlay-opacity":"","overlay-gradient":""},"tablet":{"background-color":"","background-image":"","background-repeat":"repeat","background-position":"center center","background-size":"auto","background-attachment":"scroll","background-type":"","background-media":"","overlay-type":"","overlay-color":"","overlay-opacity":"","overlay-gradient":""},"mobile":{"background-color":"","background-image":"","background-repeat":"repeat","background-position":"center center","background-size":"auto","background-attachment":"scroll","background-type":"","background-media":"","overlay-type":"","overlay-color":"","overlay-opacity":"","overlay-gradient":""}},"ast-content-background-meta":{"desktop":{"background-color":"var(--ast-global-color-5)","background-image":"","background-repeat":"repeat","background-position":"center center","background-size":"auto","background-attachment":"scroll","background-type":"","background-media":"","overlay-type":"","overlay-color":"","overlay-opacity":"","overlay-gradient":""},"tablet":{"background-color":"var(--ast-global-color-5)","background-image":"","background-repeat":"repeat","background-position":"center center","background-size":"auto","background-attachment":"scroll","background-type":"","background-media":"","overlay-type":"","overlay-color":"","overlay-opacity":"","overlay-gradient":""},"mobile":{"background-color":"var(--ast-global-color-5)","background-image":"","background-repeat":"repeat","background-position":"center center","background-size":"auto","background-attachment":"scroll","background-type":"","background-media":"","overlay-type":"","overlay-color":"","overlay-opacity":"","overlay-gradient":""}}},"product_brand":[],"product_cat":[18,464],"product_tag":[34,35,36,37,625,626,39,40,93,100,1150,882],"class_list":{"0":"post-21527","1":"product","2":"type-product","3":"status-publish","4":"has-post-thumbnail","6":"product_cat-city-maps","7":"product_cat-featured_fr","8":"product_tag-30x40","9":"product_tag-40x50","10":"product_tag-50x70","11":"product_tag-70x100","12":"product_tag-bretagne","13":"product_tag-brittany","14":"product_tag-canvas","15":"product_tag-city-map","16":"product_tag-europe","17":"product_tag-france","18":"product_tag-lorient","19":"product_tag-morbihan","20":"desktop-align-left","21":"tablet-align-left","22":"mobile-align-left","24":"first","25":"instock","26":"shipping-taxable","27":"purchasable","28":"product-type-variable"},"aioseo_notices":[],"uagb_featured_image_src":{"full":["https:\/\/mapospheres.eu\/wp-content\/uploads\/2026\/03\/CANVAS_11_BW_3RD_LORIENT.jpg",1000,1000,false],"thumbnail":["https:\/\/mapospheres.eu\/wp-content\/uploads\/2026\/03\/CANVAS_11_BW_3RD_LORIENT-150x150.jpg",150,150,true],"medium":["https:\/\/mapospheres.eu\/wp-content\/uploads\/2026\/03\/CANVAS_11_BW_3RD_LORIENT-300x300.jpg",300,300,true],"medium_large":["https:\/\/mapospheres.eu\/wp-content\/uploads\/2026\/03\/CANVAS_11_BW_3RD_LORIENT-768x768.jpg",768,768,true],"large":["https:\/\/mapospheres.eu\/wp-content\/uploads\/2026\/03\/CANVAS_11_BW_3RD_LORIENT.jpg",1000,1000,false],"1536x1536":["https:\/\/mapospheres.eu\/wp-content\/uploads\/2026\/03\/CANVAS_11_BW_3RD_LORIENT.jpg",1000,1000,false],"2048x2048":["https:\/\/mapospheres.eu\/wp-content\/uploads\/2026\/03\/CANVAS_11_BW_3RD_LORIENT.jpg",1000,1000,false],"woocommerce_thumbnail":["https:\/\/mapospheres.eu\/wp-content\/uploads\/2026\/03\/CANVAS_11_BW_3RD_LORIENT-300x300.jpg",300,300,true],"woocommerce_single":["https:\/\/mapospheres.eu\/wp-content\/uploads\/2026\/03\/CANVAS_11_BW_3RD_LORIENT-600x600.jpg",600,600,true],"woocommerce_gallery_thumbnail":["https:\/\/mapospheres.eu\/wp-content\/uploads\/2026\/03\/CANVAS_11_BW_3RD_LORIENT-100x100.jpg",100,100,true]},"uagb_author_info":{"display_name":"sgainot04@gmail.com","author_link":"https:\/\/mapospheres.eu\/fr\/author\/"},"uagb_comment_info":0,"uagb_excerpt":"Achetez une City Map \u2013 Carte de ville murale - imprim\u00e9e de la ville de Lorient, France. Choisissez ci-dessous la taille, la couleur et le design de votre carte !","_links":{"self":[{"href":"https:\/\/mapospheres.eu\/fr\/wp-json\/wp\/v2\/product\/21527","targetHints":{"allow":["GET"]}}],"collection":[{"href":"https:\/\/mapospheres.eu\/fr\/wp-json\/wp\/v2\/product"}],"about":[{"href":"https:\/\/mapospheres.eu\/fr\/wp-json\/wp\/v2\/types\/product"}],"wp:featuredmedia":[{"embeddable":true,"href":"https:\/\/mapospheres.eu\/fr\/wp-json\/wp\/v2\/media\/25506"}],"wp:attachment":[{"href":"https:\/\/mapospheres.eu\/fr\/wp-json\/wp\/v2\/media?parent=21527"}],"wp:term":[{"taxonomy":"product_brand","embeddable":true,"href":"https:\/\/mapospheres.eu\/fr\/wp-json\/wp\/v2\/product_brand?post=21527"},{"taxonomy":"product_cat","embeddable":true,"href":"https:\/\/mapospheres.eu\/fr\/wp-json\/wp\/v2\/product_cat?post=21527"},{"taxonomy":"product_tag","embeddable":true,"href":"https:\/\/mapospheres.eu\/fr\/wp-json\/wp\/v2\/product_tag?post=21527"}],"curies":[{"name":"wp","href":"https:\/\/api.w.org\/{rel}","templated":true}]}}