{"id":21528,"date":"2026-03-17T13:56:28","date_gmt":"2026-03-17T13:56:28","guid":{"rendered":"https:\/\/mapospheres.eu\/product\/poster-of-ajaccio-france\/"},"modified":"2026-04-14T08:03:11","modified_gmt":"2026-04-14T08:03:11","slug":"poster-of-ajaccio-france","status":"publish","type":"product","link":"https:\/\/mapospheres.eu\/fr\/product\/poster-dajaccio-france\/","title":{"rendered":"Poster d'Ajaccio | France"},"content":{"rendered":"<p><strong>Poster City map d\u2019Ajaccio, France : Le long du littoral sinueux, se dessinent les trac\u00e9s d\u2019anciennes routes, encore charg\u00e9es des r\u00e9cits du pass\u00e9 tourment\u00e9 de la Corse \u2014 l\u00e0 o\u00f9 batailles et \u00e9changes maritimes ont jadis fa\u00e7onn\u00e9 la terre.<\/strong><\/p>\n<p>La carte de la ville d\u2019Ajaccio, en France, d\u00e9voile une vision pleine de charme de ce joyau c\u00f4tier, nich\u00e9 sur les rivages escarp\u00e9s de la Corse. Elle r\u00e9v\u00e8le avec finesse la topographie naturelle de la ville, des pentes douces qui s\u2019\u00e9l\u00e8vent depuis la mer M\u00e9diterran\u00e9e jusqu\u2019aux collines plus imposantes qui l\u2019enserrent, jusqu\u2019aux silhouettes lointaines du Monte Gozzi. Le relief y compose une harmonie de falaises abruptes, de vall\u00e9es verdoyantes et de collines ondulantes, subtilement retranscrite dans les courbes de la carte. La ville repose au pied des \u00celes Sanguinaires, cet archipel rocheux qui veille sur l\u2019horizon, offrant un contraste saisissant avec le tissu urbain. En parcourant la carte, vous d\u00e9couvrirez les espaces verts qui conf\u00e8rent \u00e0 Ajaccio une douceur apaisante. Des lieux comme le parc Berth\u00e9l\u00e9my serpentent \u00e0 travers la ville, offrant des instants de qui\u00e9tude loin de l\u2019animation. Les jardins, ombrag\u00e9s de palmiers \u00e9lanc\u00e9s et par\u00e9s de bougainvilliers en fleurs, diffusent une atmosph\u00e8re typiquement m\u00e9diterran\u00e9enne, entre lumi\u00e8re et s\u00e9r\u00e9nit\u00e9. La Citadelle s\u2019y dessine \u00e9galement, forteresse ancienne dress\u00e9e face au port, b\u00e2tie au XVIe si\u00e8cle \u00e0 une \u00e9poque o\u00f9 les pirates fr\u00e9quentaient ces eaux autant que les voyageurs d\u2019aujourd\u2019hui. Non loin, la Maison Bonaparte se distingue fi\u00e8rement \u2014 lieu de naissance de Napol\u00e9on Bonaparte \u2014 inscrivant dans la carte une empreinte d\u2019histoire imp\u00e9riale. Cette filiation avec le c\u00e9l\u00e8bre g\u00e9n\u00e9ral corse conf\u00e8re \u00e0 Ajaccio une profondeur singuli\u00e8re, rappelant qu\u2019elle fut jadis une modeste cit\u00e9 devenue le berceau d\u2019un destin hors du commun.<\/p>\n","protected":false},"excerpt":{"rendered":"<p>Achetez une City Map \u2013 Carte de ville murale &#8211; imprim\u00e9e de la ville d&rsquo;Ajaccio, France.<br \/>\nChoisissez ci-dessous la taille, la couleur et le design de votre carte !<\/p>\n","protected":false},"featured_media":25128,"template":"","meta":{"_uag_custom_page_level_css":"","_monsterinsights_skip_tracking":false,"_monsterinsights_sitenote_active":false,"_monsterinsights_sitenote_note":"","_monsterinsights_sitenote_category":0,"site-sidebar-layout":"default","site-content-layout":"","ast-site-content-layout":"default","site-content-style":"default","site-sidebar-style":"default","ast-global-header-display":"","ast-banner-title-visibility":"","ast-main-header-display":"","ast-hfb-above-header-display":"","ast-hfb-below-header-display":"","ast-hfb-mobile-header-display":"","site-post-title":"","ast-breadcrumbs-content":"","ast-featured-img":"","footer-sml-layout":"","ast-disable-related-posts":"","theme-transparent-header-meta":"default","adv-header-id-meta":"","stick-header-meta":"","header-above-stick-meta":"","header-main-stick-meta":"","header-below-stick-meta":"","astra-migrate-meta-layouts":"set","ast-page-background-enabled":"default","ast-page-background-meta":{"desktop":{"background-color":"","background-image":"","background-repeat":"repeat","background-position":"center center","background-size":"auto","background-attachment":"scroll","background-type":"","background-media":"","overlay-type":"","overlay-color":"","overlay-opacity":"","overlay-gradient":""},"tablet":{"background-color":"","background-image":"","background-repeat":"repeat","background-position":"center center","background-size":"auto","background-attachment":"scroll","background-type":"","background-media":"","overlay-type":"","overlay-color":"","overlay-opacity":"","overlay-gradient":""},"mobile":{"background-color":"","background-image":"","background-repeat":"repeat","background-position":"center center","background-size":"auto","background-attachment":"scroll","background-type":"","background-media":"","overlay-type":"","overlay-color":"","overlay-opacity":"","overlay-gradient":""}},"ast-content-background-meta":{"desktop":{"background-color":"var(--ast-global-color-5)","background-image":"","background-repeat":"repeat","background-position":"center center","background-size":"auto","background-attachment":"scroll","background-type":"","background-media":"","overlay-type":"","overlay-color":"","overlay-opacity":"","overlay-gradient":""},"tablet":{"background-color":"var(--ast-global-color-5)","background-image":"","background-repeat":"repeat","background-position":"center center","background-size":"auto","background-attachment":"scroll","background-type":"","background-media":"","overlay-type":"","overlay-color":"","overlay-opacity":"","overlay-gradient":""},"mobile":{"background-color":"var(--ast-global-color-5)","background-image":"","background-repeat":"repeat","background-position":"center center","background-size":"auto","background-attachment":"scroll","background-type":"","background-media":"","overlay-type":"","overlay-color":"","overlay-opacity":"","overlay-gradient":""}}},"product_brand":[],"product_cat":[18,464],"product_tag":[34,35,36,37,1141,39,40,1142,1143,93,100],"class_list":{"0":"post-21528","1":"product","2":"type-product","3":"status-publish","4":"has-post-thumbnail","6":"product_cat-city-maps","7":"product_cat-featured_fr","8":"product_tag-30x40","9":"product_tag-40x50","10":"product_tag-50x70","11":"product_tag-70x100","12":"product_tag-ajaccio","13":"product_tag-canvas","14":"product_tag-city-map","15":"product_tag-corse","16":"product_tag-corsica","17":"product_tag-europe","18":"product_tag-france","19":"desktop-align-left","20":"tablet-align-left","21":"mobile-align-left","23":"first","24":"instock","25":"shipping-taxable","26":"purchasable","27":"product-type-variable"},"aioseo_notices":[],"uagb_featured_image_src":{"full":["https:\/\/mapospheres.eu\/wp-content\/uploads\/2026\/03\/CANVAS_16_BWROUND_2ND_6_AJACCIO.jpg",1000,1000,false],"thumbnail":["https:\/\/mapospheres.eu\/wp-content\/uploads\/2026\/03\/CANVAS_16_BWROUND_2ND_6_AJACCIO-150x150.jpg",150,150,true],"medium":["https:\/\/mapospheres.eu\/wp-content\/uploads\/2026\/03\/CANVAS_16_BWROUND_2ND_6_AJACCIO-300x300.jpg",300,300,true],"medium_large":["https:\/\/mapospheres.eu\/wp-content\/uploads\/2026\/03\/CANVAS_16_BWROUND_2ND_6_AJACCIO-768x768.jpg",768,768,true],"large":["https:\/\/mapospheres.eu\/wp-content\/uploads\/2026\/03\/CANVAS_16_BWROUND_2ND_6_AJACCIO.jpg",1000,1000,false],"1536x1536":["https:\/\/mapospheres.eu\/wp-content\/uploads\/2026\/03\/CANVAS_16_BWROUND_2ND_6_AJACCIO.jpg",1000,1000,false],"2048x2048":["https:\/\/mapospheres.eu\/wp-content\/uploads\/2026\/03\/CANVAS_16_BWROUND_2ND_6_AJACCIO.jpg",1000,1000,false],"woocommerce_thumbnail":["https:\/\/mapospheres.eu\/wp-content\/uploads\/2026\/03\/CANVAS_16_BWROUND_2ND_6_AJACCIO-300x300.jpg",300,300,true],"woocommerce_single":["https:\/\/mapospheres.eu\/wp-content\/uploads\/2026\/03\/CANVAS_16_BWROUND_2ND_6_AJACCIO-600x600.jpg",600,600,true],"woocommerce_gallery_thumbnail":["https:\/\/mapospheres.eu\/wp-content\/uploads\/2026\/03\/CANVAS_16_BWROUND_2ND_6_AJACCIO-100x100.jpg",100,100,true]},"uagb_author_info":{"display_name":"sgainot04@gmail.com","author_link":"https:\/\/mapospheres.eu\/fr\/author\/"},"uagb_comment_info":0,"uagb_excerpt":"Achetez une City Map \u2013 Carte de ville murale - imprim\u00e9e de la ville d'Ajaccio, France. Choisissez ci-dessous la taille, la couleur et le design de votre carte !","_links":{"self":[{"href":"https:\/\/mapospheres.eu\/fr\/wp-json\/wp\/v2\/product\/21528","targetHints":{"allow":["GET"]}}],"collection":[{"href":"https:\/\/mapospheres.eu\/fr\/wp-json\/wp\/v2\/product"}],"about":[{"href":"https:\/\/mapospheres.eu\/fr\/wp-json\/wp\/v2\/types\/product"}],"wp:featuredmedia":[{"embeddable":true,"href":"https:\/\/mapospheres.eu\/fr\/wp-json\/wp\/v2\/media\/25128"}],"wp:attachment":[{"href":"https:\/\/mapospheres.eu\/fr\/wp-json\/wp\/v2\/media?parent=21528"}],"wp:term":[{"taxonomy":"product_brand","embeddable":true,"href":"https:\/\/mapospheres.eu\/fr\/wp-json\/wp\/v2\/product_brand?post=21528"},{"taxonomy":"product_cat","embeddable":true,"href":"https:\/\/mapospheres.eu\/fr\/wp-json\/wp\/v2\/product_cat?post=21528"},{"taxonomy":"product_tag","embeddable":true,"href":"https:\/\/mapospheres.eu\/fr\/wp-json\/wp\/v2\/product_tag?post=21528"}],"curies":[{"name":"wp","href":"https:\/\/api.w.org\/{rel}","templated":true}]}}