{"id":21529,"date":"2026-03-17T13:56:32","date_gmt":"2026-03-17T13:56:32","guid":{"rendered":"https:\/\/mapospheres.eu\/product\/poster-of-sao-miguel-azores-elevation-map\/"},"modified":"2026-04-14T08:52:09","modified_gmt":"2026-04-14T08:52:09","slug":"poster-of-sao-miguel-azores-elevation-map","status":"publish","type":"product","link":"https:\/\/mapospheres.eu\/fr\/product\/poster-de-sao-miguel-azores-carte-daltitude\/","title":{"rendered":"Poster de Sao Miguel Azores | Carte d'altitude"},"content":{"rendered":"<p><strong>Poster City map de S\u00e3o Miguel, A\u00e7ores : Une \u0153uvre d\u2019art qui capture le c\u0153ur m\u00eame des A\u00e7ores \u2014 l\u00e0 o\u00f9 les forces volcaniques anciennes rencontrent des espaces verts luxuriants, et o\u00f9 la nature vibre autant d\u2019histoires que de couleurs.<\/strong><\/p>\n<p>Connue comme \u00ab l\u2019\u00cele Verte \u00bb, S\u00e3o Miguel est une terre fa\u00e7onn\u00e9e par l\u2019activit\u00e9 volcanique, o\u00f9 collines escarp\u00e9es, crat\u00e8res profonds et paysages luxuriants racontent une histoire de feu et d\u2019eau. La carte r\u00e9v\u00e8le son relief spectaculaire, o\u00f9 des sommets \u00e9lev\u00e9s \u00e9mergent d\u2019un oc\u00e9an d\u2019herbages et de for\u00eats, tandis que des caldeiras volcaniques \u2014 certaines paisibles, d\u2019autres encore fumantes \u2014 ponctuent le territoire comme d\u2019anciennes cicatrices vivantes de la nature. Au c\u0153ur de l\u2019\u00eele se trouve le c\u00e9l\u00e8bre Sete Cidades, un immense crat\u00e8re volcanique abritant deux lacs scintillants, l\u2019un vert et l\u2019autre bleu, comme si l\u2019\u00eele elle-m\u00eame avait tremp\u00e9 ses pieds dans l\u2019oc\u00e9an. Les pentes abruptes et en terrasses qui entourent ces lacs t\u00e9moignent de si\u00e8cles de culture et de vie humaine, tandis que les parois ac\u00e9r\u00e9es de la caldeira rappellent le pass\u00e9 incandescent de S\u00e3o Miguel. Des montagnes volcaniques centrales jusqu\u2019aux falaises c\u00f4ti\u00e8res qui plongent directement dans l\u2019Atlantique, cette carte met en lumi\u00e8re une \u00eele faite de contrastes : une nature sauvage et indompt\u00e9e d\u2019un c\u00f4t\u00e9, une vie rurale paisible de l\u2019autre. Les sources thermales, comme celles de Furnas, remontent des profondeurs de la terre, m\u00ealant \u00e9nergie g\u00e9othermique et v\u00e9g\u00e9tation luxuriante, donnant \u00e0 l\u2019\u00eele son caract\u00e8re unique. Ici, le sol semble litt\u00e9ralement respirer, et le paysage se transforme sans cesse sous les pas. Les contours de la carte racontent non seulement la g\u00e9ographie de l\u2019\u00eele, mais aussi l\u2019histoire des peuples qui y vivent depuis des si\u00e8cles \u2014 apprivoisant ses volcans et trouvant la beaut\u00e9 dans un territoire en perp\u00e9tuelle \u00e9volution.<\/p>\n","protected":false},"excerpt":{"rendered":"<p>Achetez ce Poster Carte d&rsquo;altitude de Sao Miguel, A\u00e7ores, Portugal en tant que carte murale. Vous pouvez choisir la taille ou le design de votre carte !<\/p>\n","protected":false},"featured_media":25386,"template":"","meta":{"_uag_custom_page_level_css":"","_monsterinsights_skip_tracking":false,"_monsterinsights_sitenote_active":false,"_monsterinsights_sitenote_note":"","_monsterinsights_sitenote_category":0,"site-sidebar-layout":"default","site-content-layout":"","ast-site-content-layout":"default","site-content-style":"default","site-sidebar-style":"default","ast-global-header-display":"","ast-banner-title-visibility":"","ast-main-header-display":"","ast-hfb-above-header-display":"","ast-hfb-below-header-display":"","ast-hfb-mobile-header-display":"","site-post-title":"","ast-breadcrumbs-content":"","ast-featured-img":"","footer-sml-layout":"","ast-disable-related-posts":"","theme-transparent-header-meta":"default","adv-header-id-meta":"","stick-header-meta":"","header-above-stick-meta":"","header-main-stick-meta":"","header-below-stick-meta":"","astra-migrate-meta-layouts":"set","ast-page-background-enabled":"default","ast-page-background-meta":{"desktop":{"background-color":"","background-image":"","background-repeat":"repeat","background-position":"center center","background-size":"auto","background-attachment":"scroll","background-type":"","background-media":"","overlay-type":"","overlay-color":"","overlay-opacity":"","overlay-gradient":""},"tablet":{"background-color":"","background-image":"","background-repeat":"repeat","background-position":"center center","background-size":"auto","background-attachment":"scroll","background-type":"","background-media":"","overlay-type":"","overlay-color":"","overlay-opacity":"","overlay-gradient":""},"mobile":{"background-color":"","background-image":"","background-repeat":"repeat","background-position":"center center","background-size":"auto","background-attachment":"scroll","background-type":"","background-media":"","overlay-type":"","overlay-color":"","overlay-opacity":"","overlay-gradient":""}},"ast-content-background-meta":{"desktop":{"background-color":"var(--ast-global-color-5)","background-image":"","background-repeat":"repeat","background-position":"center center","background-size":"auto","background-attachment":"scroll","background-type":"","background-media":"","overlay-type":"","overlay-color":"","overlay-opacity":"","overlay-gradient":""},"tablet":{"background-color":"var(--ast-global-color-5)","background-image":"","background-repeat":"repeat","background-position":"center center","background-size":"auto","background-attachment":"scroll","background-type":"","background-media":"","overlay-type":"","overlay-color":"","overlay-opacity":"","overlay-gradient":""},"mobile":{"background-color":"var(--ast-global-color-5)","background-image":"","background-repeat":"repeat","background-position":"center center","background-size":"auto","background-attachment":"scroll","background-type":"","background-media":"","overlay-type":"","overlay-color":"","overlay-opacity":"","overlay-gradient":""}}},"product_brand":[],"product_cat":[90,465],"product_tag":[34,35,36,895,896,39,92,93,479,1149],"class_list":{"0":"post-21529","1":"product","2":"type-product","3":"status-publish","4":"has-post-thumbnail","6":"product_cat-elevation-maps","7":"product_cat-featured_esp","8":"product_tag-30x40","9":"product_tag-40x50","10":"product_tag-50x70","11":"product_tag-acores","12":"product_tag-azores","13":"product_tag-canvas","14":"product_tag-elevation-map","15":"product_tag-europe","16":"product_tag-portugal","17":"product_tag-sao-miguel","18":"desktop-align-left","19":"tablet-align-left","20":"mobile-align-left","22":"first","23":"instock","24":"shipping-taxable","25":"purchasable","26":"product-type-variable"},"aioseo_notices":[],"uagb_featured_image_src":{"full":["https:\/\/mapospheres.eu\/wp-content\/uploads\/2026\/03\/ELEV_CANVAS_FULL2_Landscape_SAOMIGUEL.jpg",1000,1000,false],"thumbnail":["https:\/\/mapospheres.eu\/wp-content\/uploads\/2026\/03\/ELEV_CANVAS_FULL2_Landscape_SAOMIGUEL-150x150.jpg",150,150,true],"medium":["https:\/\/mapospheres.eu\/wp-content\/uploads\/2026\/03\/ELEV_CANVAS_FULL2_Landscape_SAOMIGUEL-300x300.jpg",300,300,true],"medium_large":["https:\/\/mapospheres.eu\/wp-content\/uploads\/2026\/03\/ELEV_CANVAS_FULL2_Landscape_SAOMIGUEL-768x768.jpg",768,768,true],"large":["https:\/\/mapospheres.eu\/wp-content\/uploads\/2026\/03\/ELEV_CANVAS_FULL2_Landscape_SAOMIGUEL.jpg",1000,1000,false],"1536x1536":["https:\/\/mapospheres.eu\/wp-content\/uploads\/2026\/03\/ELEV_CANVAS_FULL2_Landscape_SAOMIGUEL.jpg",1000,1000,false],"2048x2048":["https:\/\/mapospheres.eu\/wp-content\/uploads\/2026\/03\/ELEV_CANVAS_FULL2_Landscape_SAOMIGUEL.jpg",1000,1000,false],"woocommerce_thumbnail":["https:\/\/mapospheres.eu\/wp-content\/uploads\/2026\/03\/ELEV_CANVAS_FULL2_Landscape_SAOMIGUEL-300x300.jpg",300,300,true],"woocommerce_single":["https:\/\/mapospheres.eu\/wp-content\/uploads\/2026\/03\/ELEV_CANVAS_FULL2_Landscape_SAOMIGUEL-600x600.jpg",600,600,true],"woocommerce_gallery_thumbnail":["https:\/\/mapospheres.eu\/wp-content\/uploads\/2026\/03\/ELEV_CANVAS_FULL2_Landscape_SAOMIGUEL-100x100.jpg",100,100,true]},"uagb_author_info":{"display_name":"sgainot04@gmail.com","author_link":"https:\/\/mapospheres.eu\/fr\/author\/"},"uagb_comment_info":0,"uagb_excerpt":"Achetez ce Poster Carte d'altitude de Sao Miguel, A\u00e7ores, Portugal en tant que carte murale. Vous pouvez choisir la taille ou le design de votre carte !","_links":{"self":[{"href":"https:\/\/mapospheres.eu\/fr\/wp-json\/wp\/v2\/product\/21529","targetHints":{"allow":["GET"]}}],"collection":[{"href":"https:\/\/mapospheres.eu\/fr\/wp-json\/wp\/v2\/product"}],"about":[{"href":"https:\/\/mapospheres.eu\/fr\/wp-json\/wp\/v2\/types\/product"}],"wp:featuredmedia":[{"embeddable":true,"href":"https:\/\/mapospheres.eu\/fr\/wp-json\/wp\/v2\/media\/25386"}],"wp:attachment":[{"href":"https:\/\/mapospheres.eu\/fr\/wp-json\/wp\/v2\/media?parent=21529"}],"wp:term":[{"taxonomy":"product_brand","embeddable":true,"href":"https:\/\/mapospheres.eu\/fr\/wp-json\/wp\/v2\/product_brand?post=21529"},{"taxonomy":"product_cat","embeddable":true,"href":"https:\/\/mapospheres.eu\/fr\/wp-json\/wp\/v2\/product_cat?post=21529"},{"taxonomy":"product_tag","embeddable":true,"href":"https:\/\/mapospheres.eu\/fr\/wp-json\/wp\/v2\/product_tag?post=21529"}],"curies":[{"name":"wp","href":"https:\/\/api.w.org\/{rel}","templated":true}]}}