{"id":21530,"date":"2026-03-17T13:56:34","date_gmt":"2026-03-17T13:56:34","guid":{"rendered":"https:\/\/mapospheres.eu\/product\/poster-of-tongariro-elevation-map\/"},"modified":"2026-04-14T08:52:09","modified_gmt":"2026-04-14T08:52:09","slug":"poster-of-tongariro-elevation-map","status":"publish","type":"product","link":"https:\/\/mapospheres.eu\/fr\/product\/poster-de-tongariro-carte-daltitude\/","title":{"rendered":"Poster de Tongariro | Carte d'altitude"},"content":{"rendered":"<p><strong>Poster City map de Tongariro, Nouvelle-Z\u00e9lande : Un m\u00e9lange de merveilles g\u00e9ologiques et de la riche histoire m\u0101orie de la r\u00e9gion \u2014 o\u00f9 les montagnes sont sacr\u00e9es pour les iwi (tribus) locales \u2014 cette carte offre une vision saisissante des paysages grandioses de Tongariro.<\/strong><\/p>\n<p>La carte d\u2019\u00e9l\u00e9vation de Tongariro, Nouvelle-Z\u00e9lande, d\u00e9voile un instant spectaculaire de l\u2019un des paysages les plus embl\u00e9matiques du pays. Domin\u00e9e par les sommets majestueux du mont Tongariro, du mont Ngauruhoe et du mont Ruapehu, cette carte capture toute la puissance brute et la beaut\u00e9 du plateau volcanique. Les contours ac\u00e9r\u00e9s de ces anciens volcans s\u2019\u00e9l\u00e8vent abruptement au-dessus des vall\u00e9es environnantes, leurs crat\u00e8res et ar\u00eates sommitales contrastant fortement avec les plaines situ\u00e9es en contrebas. Ici, le paysage est une alliance saisissante entre feu et s\u00e9r\u00e9nit\u00e9, o\u00f9 la terre demeure intens\u00e9ment vivante. Cette r\u00e9gion ne se limite pas \u00e0 ses volcans. La carte r\u00e9v\u00e8le \u00e9galement de vastes \u00e9tendues de for\u00eats indig\u00e8nes et de greenspaces luxuriants, notamment le c\u00e9l\u00e8bre parc national de Tongariro. Ce site class\u00e9 au patrimoine mondial de l\u2019UNESCO abrite des prairies alpines et des lacs paisibles, tels que les spectaculaires Lacs \u00c9meraude, dont les eaux contrastent avec la roche volcanique sombre. Les vall\u00e9es profondes et accident\u00e9es, ainsi que les rivi\u00e8res qui serpentent \u00e0 travers le parc, racontent l\u2019histoire d\u2019une terre fa\u00e7onn\u00e9e par le feu et la glace, o\u00f9 la force de la nature est omnipr\u00e9sente. En observant la carte, on d\u00e9couvre \u00e9galement le trac\u00e9 du Tongariro Alpine Crossing, l\u2019une des randonn\u00e9es les plus c\u00e9l\u00e8bres au monde. Ce sentier traverse le c\u0153ur du paysage volcanique, o\u00f9 les marcheurs \u00e9voluent entre anciennes coul\u00e9es de lave et fumerolles actives \u2014 rappel constant de l\u2019activit\u00e9 g\u00e9othermique du territoire. La carte donne vie \u00e0 cette aventure, r\u00e9v\u00e9lant les cr\u00eates \u00e9lev\u00e9es et les vall\u00e9es profondes et crat\u00e9ris\u00e9es qui rendent ce parcours absolument unique.<\/p>\n","protected":false},"excerpt":{"rendered":"<p>Achetez ce Poster Carte d&rsquo;altitude de Tongariro, Nouvelle-Z\u00e9lande, en tant que carte murale. Vous pouvez choisir la taille ou le design de votre carte !<\/p>\n","protected":false},"featured_media":25383,"template":"","meta":{"_uag_custom_page_level_css":"","_monsterinsights_skip_tracking":false,"_monsterinsights_sitenote_active":false,"_monsterinsights_sitenote_note":"","_monsterinsights_sitenote_category":0,"site-sidebar-layout":"default","site-content-layout":"","ast-site-content-layout":"default","site-content-style":"default","site-sidebar-style":"default","ast-global-header-display":"","ast-banner-title-visibility":"","ast-main-header-display":"","ast-hfb-above-header-display":"","ast-hfb-below-header-display":"","ast-hfb-mobile-header-display":"","site-post-title":"","ast-breadcrumbs-content":"","ast-featured-img":"","footer-sml-layout":"","ast-disable-related-posts":"","theme-transparent-header-meta":"default","adv-header-id-meta":"","stick-header-meta":"","header-above-stick-meta":"","header-main-stick-meta":"","header-below-stick-meta":"","astra-migrate-meta-layouts":"set","ast-page-background-enabled":"default","ast-page-background-meta":{"desktop":{"background-color":"","background-image":"","background-repeat":"repeat","background-position":"center center","background-size":"auto","background-attachment":"scroll","background-type":"","background-media":"","overlay-type":"","overlay-color":"","overlay-opacity":"","overlay-gradient":""},"tablet":{"background-color":"","background-image":"","background-repeat":"repeat","background-position":"center center","background-size":"auto","background-attachment":"scroll","background-type":"","background-media":"","overlay-type":"","overlay-color":"","overlay-opacity":"","overlay-gradient":""},"mobile":{"background-color":"","background-image":"","background-repeat":"repeat","background-position":"center center","background-size":"auto","background-attachment":"scroll","background-type":"","background-media":"","overlay-type":"","overlay-color":"","overlay-opacity":"","overlay-gradient":""}},"ast-content-background-meta":{"desktop":{"background-color":"var(--ast-global-color-5)","background-image":"","background-repeat":"repeat","background-position":"center center","background-size":"auto","background-attachment":"scroll","background-type":"","background-media":"","overlay-type":"","overlay-color":"","overlay-opacity":"","overlay-gradient":""},"tablet":{"background-color":"var(--ast-global-color-5)","background-image":"","background-repeat":"repeat","background-position":"center center","background-size":"auto","background-attachment":"scroll","background-type":"","background-media":"","overlay-type":"","overlay-color":"","overlay-opacity":"","overlay-gradient":""},"mobile":{"background-color":"var(--ast-global-color-5)","background-image":"","background-repeat":"repeat","background-position":"center center","background-size":"auto","background-attachment":"scroll","background-type":"","background-media":"","overlay-type":"","overlay-color":"","overlay-opacity":"","overlay-gradient":""}}},"product_brand":[],"product_cat":[90],"product_tag":[34,35,36,896,39,92,393,334,1148],"class_list":{"0":"post-21530","1":"product","2":"type-product","3":"status-publish","4":"has-post-thumbnail","6":"product_cat-elevation-maps","7":"product_tag-30x40","8":"product_tag-40x50","9":"product_tag-50x70","10":"product_tag-azores","11":"product_tag-canvas","12":"product_tag-elevation-map","13":"product_tag-new-zealand","14":"product_tag-oceania","15":"product_tag-tongariro","16":"desktop-align-left","17":"tablet-align-left","18":"mobile-align-left","20":"first","21":"instock","22":"shipping-taxable","23":"purchasable","24":"product-type-variable"},"aioseo_notices":[],"uagb_featured_image_src":{"full":["https:\/\/mapospheres.eu\/wp-content\/uploads\/2026\/03\/ELEV_FANCYVIEW__TONGARIRO.jpg",1000,1000,false],"thumbnail":["https:\/\/mapospheres.eu\/wp-content\/uploads\/2026\/03\/ELEV_FANCYVIEW__TONGARIRO-150x150.jpg",150,150,true],"medium":["https:\/\/mapospheres.eu\/wp-content\/uploads\/2026\/03\/ELEV_FANCYVIEW__TONGARIRO-300x300.jpg",300,300,true],"medium_large":["https:\/\/mapospheres.eu\/wp-content\/uploads\/2026\/03\/ELEV_FANCYVIEW__TONGARIRO-768x768.jpg",768,768,true],"large":["https:\/\/mapospheres.eu\/wp-content\/uploads\/2026\/03\/ELEV_FANCYVIEW__TONGARIRO.jpg",1000,1000,false],"1536x1536":["https:\/\/mapospheres.eu\/wp-content\/uploads\/2026\/03\/ELEV_FANCYVIEW__TONGARIRO.jpg",1000,1000,false],"2048x2048":["https:\/\/mapospheres.eu\/wp-content\/uploads\/2026\/03\/ELEV_FANCYVIEW__TONGARIRO.jpg",1000,1000,false],"woocommerce_thumbnail":["https:\/\/mapospheres.eu\/wp-content\/uploads\/2026\/03\/ELEV_FANCYVIEW__TONGARIRO-300x300.jpg",300,300,true],"woocommerce_single":["https:\/\/mapospheres.eu\/wp-content\/uploads\/2026\/03\/ELEV_FANCYVIEW__TONGARIRO-600x600.jpg",600,600,true],"woocommerce_gallery_thumbnail":["https:\/\/mapospheres.eu\/wp-content\/uploads\/2026\/03\/ELEV_FANCYVIEW__TONGARIRO-100x100.jpg",100,100,true]},"uagb_author_info":{"display_name":"sgainot04@gmail.com","author_link":"https:\/\/mapospheres.eu\/fr\/author\/"},"uagb_comment_info":0,"uagb_excerpt":"Achetez ce Poster Carte d'altitude de Tongariro, Nouvelle-Z\u00e9lande, en tant que carte murale. Vous pouvez choisir la taille ou le design de votre carte !","_links":{"self":[{"href":"https:\/\/mapospheres.eu\/fr\/wp-json\/wp\/v2\/product\/21530","targetHints":{"allow":["GET"]}}],"collection":[{"href":"https:\/\/mapospheres.eu\/fr\/wp-json\/wp\/v2\/product"}],"about":[{"href":"https:\/\/mapospheres.eu\/fr\/wp-json\/wp\/v2\/types\/product"}],"wp:featuredmedia":[{"embeddable":true,"href":"https:\/\/mapospheres.eu\/fr\/wp-json\/wp\/v2\/media\/25383"}],"wp:attachment":[{"href":"https:\/\/mapospheres.eu\/fr\/wp-json\/wp\/v2\/media?parent=21530"}],"wp:term":[{"taxonomy":"product_brand","embeddable":true,"href":"https:\/\/mapospheres.eu\/fr\/wp-json\/wp\/v2\/product_brand?post=21530"},{"taxonomy":"product_cat","embeddable":true,"href":"https:\/\/mapospheres.eu\/fr\/wp-json\/wp\/v2\/product_cat?post=21530"},{"taxonomy":"product_tag","embeddable":true,"href":"https:\/\/mapospheres.eu\/fr\/wp-json\/wp\/v2\/product_tag?post=21530"}],"curies":[{"name":"wp","href":"https:\/\/api.w.org\/{rel}","templated":true}]}}