{"id":21532,"date":"2026-03-17T13:56:42","date_gmt":"2026-03-17T13:56:42","guid":{"rendered":"https:\/\/mapospheres.eu\/product\/poster-of-portugal-elevation-map\/"},"modified":"2026-04-14T08:52:07","modified_gmt":"2026-04-14T08:52:07","slug":"poster-of-portugal-elevation-map","status":"publish","type":"product","link":"https:\/\/mapospheres.eu\/fr\/product\/poster-du-portugal-carte-daltitude\/","title":{"rendered":"Poster du Portugal | Carte d'altitude"},"content":{"rendered":"<p><strong>Poster City map du Portugal : Une c\u00e9l\u00e9bration de l\u2019histoire, de la culture du pays et de la danse intemporelle entre la terre et ses habitants.<\/strong><\/p>\n<p>Cette carte met en lumi\u00e8re la topographie spectaculaire du Portugal, o\u00f9 les collines abruptes du nord c\u00e8dent progressivement la place aux douces ondulations du sud. Le centre du pays est domin\u00e9 par la Serra da Estrela, dont les sommets enneig\u00e9s se dressent comme des sentinelles au-dessus des terres, tandis que les plaines paisibles de l\u2019Alentejo s\u2019\u00e9tendent jusqu\u2019\u00e0 l\u2019horizon, offrant un contraste apaisant avec les reliefs plus marqu\u00e9s. Cette carte ne se contente pas de repr\u00e9senter les altitudes : elle raconte l\u2019histoire d\u2019une terre fa\u00e7onn\u00e9e \u00e0 la fois par la nature et par le temps. Des fleuves du nord qui sculptent de profondes vall\u00e9es aux falaises du sud qui plongent dans l\u2019oc\u00e9an Atlantique, le territoire se d\u00e9ploie dans une diversit\u00e9 saisissante, \u00e0 l\u2019image des r\u00e9cits de ceux qui l\u2019habitent. La fertile vall\u00e9e du Douro, c\u00e9l\u00e8bre pour ses vignobles en terrasses et son fleuve sinueux, offre un spectacle grandiose, o\u00f9 les pentes escarp\u00e9es s\u2019\u00e9l\u00e8vent depuis l\u2019eau comme un amphith\u00e9\u00e2tre naturel. Les grands rep\u00e8res du Portugal y figurent \u00e9galement, des sommets majestueux du parc de la Serra do Ger\u00eas jusqu\u2019\u00e0 Lisbonne, o\u00f9 le fleuve Tage serpente doucement entre collines et littoral. Les plaines dor\u00e9es de l\u2019Alentejo sont parsem\u00e9es de ch\u00e2teaux historiques, vestiges de batailles anciennes et de royaumes disparus, se dressant fi\u00e8rement au milieu des vastes paysages. La carte r\u00e9v\u00e8le aussi les falaises embl\u00e9matiques de l\u2019Algarve, o\u00f9 la terre rencontre la mer dans un spectacle saisissant de puissance naturelle.<\/p>\n","protected":false},"excerpt":{"rendered":"<p>Achetez ce Poster Carte d&rsquo;altitude du Portugal, en tant que carte murale. Vous pouvez choisir la taille ou le design de votre carte !<\/p>\n","protected":false},"featured_media":25356,"template":"","meta":{"_uag_custom_page_level_css":"","_monsterinsights_skip_tracking":false,"_monsterinsights_sitenote_active":false,"_monsterinsights_sitenote_note":"","_monsterinsights_sitenote_category":0,"site-sidebar-layout":"default","site-content-layout":"","ast-site-content-layout":"default","site-content-style":"default","site-sidebar-style":"default","ast-global-header-display":"","ast-banner-title-visibility":"","ast-main-header-display":"","ast-hfb-above-header-display":"","ast-hfb-below-header-display":"","ast-hfb-mobile-header-display":"","site-post-title":"","ast-breadcrumbs-content":"","ast-featured-img":"","footer-sml-layout":"","ast-disable-related-posts":"","theme-transparent-header-meta":"default","adv-header-id-meta":"","stick-header-meta":"","header-above-stick-meta":"","header-main-stick-meta":"","header-below-stick-meta":"","astra-migrate-meta-layouts":"set","ast-page-background-enabled":"default","ast-page-background-meta":{"desktop":{"background-color":"","background-image":"","background-repeat":"repeat","background-position":"center center","background-size":"auto","background-attachment":"scroll","background-type":"","background-media":"","overlay-type":"","overlay-color":"","overlay-opacity":"","overlay-gradient":""},"tablet":{"background-color":"","background-image":"","background-repeat":"repeat","background-position":"center center","background-size":"auto","background-attachment":"scroll","background-type":"","background-media":"","overlay-type":"","overlay-color":"","overlay-opacity":"","overlay-gradient":""},"mobile":{"background-color":"","background-image":"","background-repeat":"repeat","background-position":"center center","background-size":"auto","background-attachment":"scroll","background-type":"","background-media":"","overlay-type":"","overlay-color":"","overlay-opacity":"","overlay-gradient":""}},"ast-content-background-meta":{"desktop":{"background-color":"var(--ast-global-color-5)","background-image":"","background-repeat":"repeat","background-position":"center center","background-size":"auto","background-attachment":"scroll","background-type":"","background-media":"","overlay-type":"","overlay-color":"","overlay-opacity":"","overlay-gradient":""},"tablet":{"background-color":"var(--ast-global-color-5)","background-image":"","background-repeat":"repeat","background-position":"center center","background-size":"auto","background-attachment":"scroll","background-type":"","background-media":"","overlay-type":"","overlay-color":"","overlay-opacity":"","overlay-gradient":""},"mobile":{"background-color":"var(--ast-global-color-5)","background-image":"","background-repeat":"repeat","background-position":"center center","background-size":"auto","background-attachment":"scroll","background-type":"","background-media":"","overlay-type":"","overlay-color":"","overlay-opacity":"","overlay-gradient":""}}},"product_brand":[],"product_cat":[90,465],"product_tag":[34,35,36,92,93,479],"class_list":{"0":"post-21532","1":"product","2":"type-product","3":"status-publish","4":"has-post-thumbnail","6":"product_cat-elevation-maps","7":"product_cat-featured_esp","8":"product_tag-30x40","9":"product_tag-40x50","10":"product_tag-50x70","11":"product_tag-elevation-map","12":"product_tag-europe","13":"product_tag-portugal","14":"desktop-align-left","15":"tablet-align-left","16":"mobile-align-left","18":"first","19":"instock","20":"shipping-taxable","21":"purchasable","22":"product-type-variable"},"aioseo_notices":[],"uagb_featured_image_src":{"full":["https:\/\/mapospheres.eu\/wp-content\/uploads\/2026\/03\/ELEV_CANVAS_FANCY_PORTUGAL.jpg",1000,1000,false],"thumbnail":["https:\/\/mapospheres.eu\/wp-content\/uploads\/2026\/03\/ELEV_CANVAS_FANCY_PORTUGAL-150x150.jpg",150,150,true],"medium":["https:\/\/mapospheres.eu\/wp-content\/uploads\/2026\/03\/ELEV_CANVAS_FANCY_PORTUGAL-300x300.jpg",300,300,true],"medium_large":["https:\/\/mapospheres.eu\/wp-content\/uploads\/2026\/03\/ELEV_CANVAS_FANCY_PORTUGAL-768x768.jpg",768,768,true],"large":["https:\/\/mapospheres.eu\/wp-content\/uploads\/2026\/03\/ELEV_CANVAS_FANCY_PORTUGAL.jpg",1000,1000,false],"1536x1536":["https:\/\/mapospheres.eu\/wp-content\/uploads\/2026\/03\/ELEV_CANVAS_FANCY_PORTUGAL.jpg",1000,1000,false],"2048x2048":["https:\/\/mapospheres.eu\/wp-content\/uploads\/2026\/03\/ELEV_CANVAS_FANCY_PORTUGAL.jpg",1000,1000,false],"woocommerce_thumbnail":["https:\/\/mapospheres.eu\/wp-content\/uploads\/2026\/03\/ELEV_CANVAS_FANCY_PORTUGAL-300x300.jpg",300,300,true],"woocommerce_single":["https:\/\/mapospheres.eu\/wp-content\/uploads\/2026\/03\/ELEV_CANVAS_FANCY_PORTUGAL-600x600.jpg",600,600,true],"woocommerce_gallery_thumbnail":["https:\/\/mapospheres.eu\/wp-content\/uploads\/2026\/03\/ELEV_CANVAS_FANCY_PORTUGAL-100x100.jpg",100,100,true]},"uagb_author_info":{"display_name":"sgainot04@gmail.com","author_link":"https:\/\/mapospheres.eu\/fr\/author\/"},"uagb_comment_info":0,"uagb_excerpt":"Achetez ce Poster Carte d'altitude du Portugal, en tant que carte murale. Vous pouvez choisir la taille ou le design de votre carte !","_links":{"self":[{"href":"https:\/\/mapospheres.eu\/fr\/wp-json\/wp\/v2\/product\/21532","targetHints":{"allow":["GET"]}}],"collection":[{"href":"https:\/\/mapospheres.eu\/fr\/wp-json\/wp\/v2\/product"}],"about":[{"href":"https:\/\/mapospheres.eu\/fr\/wp-json\/wp\/v2\/types\/product"}],"wp:featuredmedia":[{"embeddable":true,"href":"https:\/\/mapospheres.eu\/fr\/wp-json\/wp\/v2\/media\/25356"}],"wp:attachment":[{"href":"https:\/\/mapospheres.eu\/fr\/wp-json\/wp\/v2\/media?parent=21532"}],"wp:term":[{"taxonomy":"product_brand","embeddable":true,"href":"https:\/\/mapospheres.eu\/fr\/wp-json\/wp\/v2\/product_brand?post=21532"},{"taxonomy":"product_cat","embeddable":true,"href":"https:\/\/mapospheres.eu\/fr\/wp-json\/wp\/v2\/product_cat?post=21532"},{"taxonomy":"product_tag","embeddable":true,"href":"https:\/\/mapospheres.eu\/fr\/wp-json\/wp\/v2\/product_tag?post=21532"}],"curies":[{"name":"wp","href":"https:\/\/api.w.org\/{rel}","templated":true}]}}