{"id":21533,"date":"2026-03-17T13:56:45","date_gmt":"2026-03-17T13:56:45","guid":{"rendered":"https:\/\/mapospheres.eu\/product\/poster-of-ariege-elevation-map\/"},"modified":"2026-04-14T08:52:07","modified_gmt":"2026-04-14T08:52:07","slug":"poster-of-ariege-elevation-map","status":"publish","type":"product","link":"https:\/\/mapospheres.eu\/fr\/product\/poster-de-l-ariege-carte-daltitude\/","title":{"rendered":"Poster de l'Ari\u00e8ge | Carte d'altitude"},"content":{"rendered":"<p><strong>Poster City map de l\u2019Ari\u00e8ge, France : Que l\u2019on soit attir\u00e9 par les sommets vertigineux ou par le charme discret des vall\u00e9es, la carte de l\u2019Ari\u00e8ge vous transporte dans un lieu o\u00f9 la terre elle-m\u00eame raconte l\u2019histoire des si\u00e8cles pass\u00e9s.<\/strong><\/p>\n<p>Nich\u00e9 au pied des Pyr\u00e9n\u00e9es, l\u2019Ari\u00e8ge d\u00e9voile un paysage fa\u00e7onn\u00e9 par des forces naturelles mill\u00e9naires et par la pr\u00e9sence humaine au fil de l\u2019histoire. La carte met en valeur les cr\u00eates montagneuses abruptes et sinueuses qui structurent le territoire, avec leurs pics \u00e9lev\u00e9s et leurs vall\u00e9es profondes, composant une topographie aussi grandiose qu\u2019aventureuse. Les rivi\u00e8res et torrents tracent leur chemin \u00e0 travers la montagne, creusant des gorges secr\u00e8tes et des vallons paisibles, id\u00e9aux pour les explorateurs ou ceux en qu\u00eate de s\u00e9r\u00e9nit\u00e9. Ce qui rend cette carte particuli\u00e8rement envo\u00fbtante, ce sont aussi les douces ondulations des collines, ponctu\u00e9es de for\u00eats \u00e9parses et de vastes prairies. Le paysage rural y respire une harmonie v\u00e9g\u00e9tale, offrant un contraste saisissant avec la rudesse des reliefs pyr\u00e9n\u00e9ens. La r\u00e9gion est jalonn\u00e9e de villages m\u00e9di\u00e9vaux, o\u00f9 les pierres anciennes semblent attendre encore le passage d\u2019un chevalier d\u2019autrefois. Des monuments historiques, tels que le ch\u00e2teau de Foix, se dressent fi\u00e8rement au c\u0153ur de cette nature pr\u00e9serv\u00e9e, ajoutant une touche de majest\u00e9 au calme environnant. L\u2019Ari\u00e8ge est une terre profond\u00e9ment marqu\u00e9e par l\u2019histoire, o\u00f9 les r\u00e9cits des ch\u00e2teaux cathares, des tr\u00e9sors enfouis et de l\u2019\u00e2me pyr\u00e9n\u00e9enne prennent vie \u00e0 travers les reliefs de la carte. C\u2019est un \u00e9quilibre parfait entre grandeur naturelle et h\u00e9ritage humain, faisant de cette carte une \u0153uvre intemporelle pour sublimer tout int\u00e9rieur.<\/p>\n","protected":false},"excerpt":{"rendered":"<p>Achetez ce Poster Carte d&rsquo;altitude de l&rsquo;Ari\u00e8ge, France, en tant que carte murale. Vous pouvez choisir la taille ou le design de votre carte !<\/p>\n","protected":false},"featured_media":25368,"template":"","meta":{"_uag_custom_page_level_css":"","_monsterinsights_skip_tracking":false,"_monsterinsights_sitenote_active":false,"_monsterinsights_sitenote_note":"","_monsterinsights_sitenote_category":0,"site-sidebar-layout":"default","site-content-layout":"","ast-site-content-layout":"default","site-content-style":"default","site-sidebar-style":"default","ast-global-header-display":"","ast-banner-title-visibility":"","ast-main-header-display":"","ast-hfb-above-header-display":"","ast-hfb-below-header-display":"","ast-hfb-mobile-header-display":"","site-post-title":"","ast-breadcrumbs-content":"","ast-featured-img":"","footer-sml-layout":"","ast-disable-related-posts":"","theme-transparent-header-meta":"default","adv-header-id-meta":"","stick-header-meta":"","header-above-stick-meta":"","header-main-stick-meta":"","header-below-stick-meta":"","astra-migrate-meta-layouts":"set","ast-page-background-enabled":"default","ast-page-background-meta":{"desktop":{"background-color":"","background-image":"","background-repeat":"repeat","background-position":"center center","background-size":"auto","background-attachment":"scroll","background-type":"","background-media":"","overlay-type":"","overlay-color":"","overlay-opacity":"","overlay-gradient":""},"tablet":{"background-color":"","background-image":"","background-repeat":"repeat","background-position":"center center","background-size":"auto","background-attachment":"scroll","background-type":"","background-media":"","overlay-type":"","overlay-color":"","overlay-opacity":"","overlay-gradient":""},"mobile":{"background-color":"","background-image":"","background-repeat":"repeat","background-position":"center center","background-size":"auto","background-attachment":"scroll","background-type":"","background-media":"","overlay-type":"","overlay-color":"","overlay-opacity":"","overlay-gradient":""}},"ast-content-background-meta":{"desktop":{"background-color":"var(--ast-global-color-5)","background-image":"","background-repeat":"repeat","background-position":"center center","background-size":"auto","background-attachment":"scroll","background-type":"","background-media":"","overlay-type":"","overlay-color":"","overlay-opacity":"","overlay-gradient":""},"tablet":{"background-color":"var(--ast-global-color-5)","background-image":"","background-repeat":"repeat","background-position":"center center","background-size":"auto","background-attachment":"scroll","background-type":"","background-media":"","overlay-type":"","overlay-color":"","overlay-opacity":"","overlay-gradient":""},"mobile":{"background-color":"var(--ast-global-color-5)","background-image":"","background-repeat":"repeat","background-position":"center center","background-size":"auto","background-attachment":"scroll","background-type":"","background-media":"","overlay-type":"","overlay-color":"","overlay-opacity":"","overlay-gradient":""}}},"product_brand":[],"product_cat":[90,464],"product_tag":[34,35,36,1147,39,92,93,100],"class_list":{"0":"post-21533","1":"product","2":"type-product","3":"status-publish","4":"has-post-thumbnail","6":"product_cat-elevation-maps","7":"product_cat-featured_fr","8":"product_tag-30x40","9":"product_tag-40x50","10":"product_tag-50x70","11":"product_tag-ariege","12":"product_tag-canvas","13":"product_tag-elevation-map","14":"product_tag-europe","15":"product_tag-france","16":"desktop-align-left","17":"tablet-align-left","18":"mobile-align-left","20":"first","21":"instock","22":"shipping-taxable","23":"purchasable","24":"product-type-variable"},"aioseo_notices":[],"uagb_featured_image_src":{"full":["https:\/\/mapospheres.eu\/wp-content\/uploads\/2026\/03\/ELEV_CANVAS_FANCY.jpg",1000,1000,false],"thumbnail":["https:\/\/mapospheres.eu\/wp-content\/uploads\/2026\/03\/ELEV_CANVAS_FANCY-150x150.jpg",150,150,true],"medium":["https:\/\/mapospheres.eu\/wp-content\/uploads\/2026\/03\/ELEV_CANVAS_FANCY-300x300.jpg",300,300,true],"medium_large":["https:\/\/mapospheres.eu\/wp-content\/uploads\/2026\/03\/ELEV_CANVAS_FANCY-768x768.jpg",768,768,true],"large":["https:\/\/mapospheres.eu\/wp-content\/uploads\/2026\/03\/ELEV_CANVAS_FANCY.jpg",1000,1000,false],"1536x1536":["https:\/\/mapospheres.eu\/wp-content\/uploads\/2026\/03\/ELEV_CANVAS_FANCY.jpg",1000,1000,false],"2048x2048":["https:\/\/mapospheres.eu\/wp-content\/uploads\/2026\/03\/ELEV_CANVAS_FANCY.jpg",1000,1000,false],"woocommerce_thumbnail":["https:\/\/mapospheres.eu\/wp-content\/uploads\/2026\/03\/ELEV_CANVAS_FANCY-300x300.jpg",300,300,true],"woocommerce_single":["https:\/\/mapospheres.eu\/wp-content\/uploads\/2026\/03\/ELEV_CANVAS_FANCY-600x600.jpg",600,600,true],"woocommerce_gallery_thumbnail":["https:\/\/mapospheres.eu\/wp-content\/uploads\/2026\/03\/ELEV_CANVAS_FANCY-100x100.jpg",100,100,true]},"uagb_author_info":{"display_name":"sgainot04@gmail.com","author_link":"https:\/\/mapospheres.eu\/fr\/author\/"},"uagb_comment_info":0,"uagb_excerpt":"Achetez ce Poster Carte d'altitude de l'Ari\u00e8ge, France, en tant que carte murale. Vous pouvez choisir la taille ou le design de votre carte !","_links":{"self":[{"href":"https:\/\/mapospheres.eu\/fr\/wp-json\/wp\/v2\/product\/21533","targetHints":{"allow":["GET"]}}],"collection":[{"href":"https:\/\/mapospheres.eu\/fr\/wp-json\/wp\/v2\/product"}],"about":[{"href":"https:\/\/mapospheres.eu\/fr\/wp-json\/wp\/v2\/types\/product"}],"wp:featuredmedia":[{"embeddable":true,"href":"https:\/\/mapospheres.eu\/fr\/wp-json\/wp\/v2\/media\/25368"}],"wp:attachment":[{"href":"https:\/\/mapospheres.eu\/fr\/wp-json\/wp\/v2\/media?parent=21533"}],"wp:term":[{"taxonomy":"product_brand","embeddable":true,"href":"https:\/\/mapospheres.eu\/fr\/wp-json\/wp\/v2\/product_brand?post=21533"},{"taxonomy":"product_cat","embeddable":true,"href":"https:\/\/mapospheres.eu\/fr\/wp-json\/wp\/v2\/product_cat?post=21533"},{"taxonomy":"product_tag","embeddable":true,"href":"https:\/\/mapospheres.eu\/fr\/wp-json\/wp\/v2\/product_tag?post=21533"}],"curies":[{"name":"wp","href":"https:\/\/api.w.org\/{rel}","templated":true}]}}