{"id":21534,"date":"2026-03-17T13:56:49","date_gmt":"2026-03-17T13:56:49","guid":{"rendered":"https:\/\/mapospheres.eu\/product\/poster-of-alicante-spain\/"},"modified":"2026-04-14T08:52:05","modified_gmt":"2026-04-14T08:52:05","slug":"poster-of-alicante-spain","status":"publish","type":"product","link":"https:\/\/mapospheres.eu\/fr\/product\/poster-d-alicante-espagne\/","title":{"rendered":"Poster d'Alicante | Espagne"},"content":{"rendered":"<p><strong>Poster City map de Alicante, Espagne : Parfaite pour sublimer n\u2019importe quel mur, cette carte rappelle une ville qui a toujours prosp\u00e9r\u00e9 au carrefour des cultures, de la mer et du soleil.<\/strong><\/p>\n<p>Situ\u00e9e entre la mer M\u00e9diterran\u00e9e et les sommets escarp\u00e9s de la Sierra de San Juli\u00e1n, la g\u00e9ographie d\u2019Alicante offre un m\u00e9lange fascinant de plages de sable fin, de collines rocheuses et de vall\u00e9es aux pentes douces. La carte r\u00e9v\u00e8le les courbes \u00e9l\u00e9gantes du littoral, o\u00f9 l\u2019embl\u00e9matique plage du Postiguet rencontre les eaux turquoise, tandis que la terre s\u2019\u00e9l\u00e8ve avec majest\u00e9 vers l\u2019imposant ch\u00e2teau de Santa B\u00e1rbara, perch\u00e9 au-dessus de la ville comme un gardien silencieux du pass\u00e9. Des espaces verts ponctuent la cit\u00e9, offrant des refuges paisibles au c\u0153ur de ses rues vibrantes. Le luxuriant Parque de Canalejas, avec ses larges avenues et ses bosquets ombrag\u00e9s, illustre parfaitement cette harmonie entre nature et vie urbaine \u00e0 Alicante. La carte met \u00e9galement en lumi\u00e8re les abords de l\u2019Explanada de Espa\u00f1a, superbe promenade bord\u00e9e de palmiers qui relie le port anim\u00e9 au c\u0153ur historique de la ville. Cette carte est bien plus qu\u2019un simple trac\u00e9 g\u00e9ographique : elle capture un instant de l\u2019histoire d\u2019Alicante, depuis ses origines romaines jusqu\u2019\u00e0 son r\u00f4le actuel de carrefour m\u00e9diterran\u00e9en moderne. Que l\u2019on soit s\u00e9duit par la vieille ville et ses ruelles \u00e9troites aux fa\u00e7ades color\u00e9es, ou par le dynamisme du front de mer, cette carte invite \u00e0 red\u00e9couvrir la ville sous un regard nouveau et po\u00e9tique.<\/p>\n","protected":false},"excerpt":{"rendered":"<p>Achetez une City Map \u2013 Carte de ville murale &#8211; imprim\u00e9e de la ville d&rsquo;Alicante, Espagne.<br \/>\nChoisissez ci-dessous la taille, la couleur et le design de votre carte !<\/p>\n","protected":false},"featured_media":25345,"template":"","meta":{"_uag_custom_page_level_css":"","_monsterinsights_skip_tracking":false,"_monsterinsights_sitenote_active":false,"_monsterinsights_sitenote_note":"","_monsterinsights_sitenote_category":0,"site-sidebar-layout":"default","site-content-layout":"","ast-site-content-layout":"default","site-content-style":"default","site-sidebar-style":"default","ast-global-header-display":"","ast-banner-title-visibility":"","ast-main-header-display":"","ast-hfb-above-header-display":"","ast-hfb-below-header-display":"","ast-hfb-mobile-header-display":"","site-post-title":"","ast-breadcrumbs-content":"","ast-featured-img":"","footer-sml-layout":"","ast-disable-related-posts":"","theme-transparent-header-meta":"default","adv-header-id-meta":"","stick-header-meta":"","header-above-stick-meta":"","header-main-stick-meta":"","header-below-stick-meta":"","astra-migrate-meta-layouts":"set","ast-page-background-enabled":"default","ast-page-background-meta":{"desktop":{"background-color":"","background-image":"","background-repeat":"repeat","background-position":"center center","background-size":"auto","background-attachment":"scroll","background-type":"","background-media":"","overlay-type":"","overlay-color":"","overlay-opacity":"","overlay-gradient":""},"tablet":{"background-color":"","background-image":"","background-repeat":"repeat","background-position":"center center","background-size":"auto","background-attachment":"scroll","background-type":"","background-media":"","overlay-type":"","overlay-color":"","overlay-opacity":"","overlay-gradient":""},"mobile":{"background-color":"","background-image":"","background-repeat":"repeat","background-position":"center center","background-size":"auto","background-attachment":"scroll","background-type":"","background-media":"","overlay-type":"","overlay-color":"","overlay-opacity":"","overlay-gradient":""}},"ast-content-background-meta":{"desktop":{"background-color":"var(--ast-global-color-5)","background-image":"","background-repeat":"repeat","background-position":"center center","background-size":"auto","background-attachment":"scroll","background-type":"","background-media":"","overlay-type":"","overlay-color":"","overlay-opacity":"","overlay-gradient":""},"tablet":{"background-color":"var(--ast-global-color-5)","background-image":"","background-repeat":"repeat","background-position":"center center","background-size":"auto","background-attachment":"scroll","background-type":"","background-media":"","overlay-type":"","overlay-color":"","overlay-opacity":"","overlay-gradient":""},"mobile":{"background-color":"var(--ast-global-color-5)","background-image":"","background-repeat":"repeat","background-position":"center center","background-size":"auto","background-attachment":"scroll","background-type":"","background-media":"","overlay-type":"","overlay-color":"","overlay-opacity":"","overlay-gradient":""}}},"product_brand":[],"product_cat":[18,465],"product_tag":[34,35,36,37,1146,39,40,1121,318,319,93,99],"class_list":{"0":"post-21534","1":"product","2":"type-product","3":"status-publish","4":"has-post-thumbnail","6":"product_cat-city-maps","7":"product_cat-featured_esp","8":"product_tag-30x40","9":"product_tag-40x50","10":"product_tag-50x70","11":"product_tag-70x100","12":"product_tag-alicante","13":"product_tag-canvas","14":"product_tag-city-map","15":"product_tag-comunitat-valenciana","16":"product_tag-espagne","17":"product_tag-espana","18":"product_tag-europe","19":"product_tag-spain","20":"desktop-align-left","21":"tablet-align-left","22":"mobile-align-left","24":"first","25":"instock","26":"shipping-taxable","27":"purchasable","28":"product-type-variable"},"aioseo_notices":[],"uagb_featured_image_src":{"full":["https:\/\/mapospheres.eu\/wp-content\/uploads\/2026\/03\/Z21_NIGHT_FULL__ALICANTE.jpg",1000,1000,false],"thumbnail":["https:\/\/mapospheres.eu\/wp-content\/uploads\/2026\/03\/Z21_NIGHT_FULL__ALICANTE-150x150.jpg",150,150,true],"medium":["https:\/\/mapospheres.eu\/wp-content\/uploads\/2026\/03\/Z21_NIGHT_FULL__ALICANTE-300x300.jpg",300,300,true],"medium_large":["https:\/\/mapospheres.eu\/wp-content\/uploads\/2026\/03\/Z21_NIGHT_FULL__ALICANTE-768x768.jpg",768,768,true],"large":["https:\/\/mapospheres.eu\/wp-content\/uploads\/2026\/03\/Z21_NIGHT_FULL__ALICANTE.jpg",1000,1000,false],"1536x1536":["https:\/\/mapospheres.eu\/wp-content\/uploads\/2026\/03\/Z21_NIGHT_FULL__ALICANTE.jpg",1000,1000,false],"2048x2048":["https:\/\/mapospheres.eu\/wp-content\/uploads\/2026\/03\/Z21_NIGHT_FULL__ALICANTE.jpg",1000,1000,false],"woocommerce_thumbnail":["https:\/\/mapospheres.eu\/wp-content\/uploads\/2026\/03\/Z21_NIGHT_FULL__ALICANTE-300x300.jpg",300,300,true],"woocommerce_single":["https:\/\/mapospheres.eu\/wp-content\/uploads\/2026\/03\/Z21_NIGHT_FULL__ALICANTE-600x600.jpg",600,600,true],"woocommerce_gallery_thumbnail":["https:\/\/mapospheres.eu\/wp-content\/uploads\/2026\/03\/Z21_NIGHT_FULL__ALICANTE-100x100.jpg",100,100,true]},"uagb_author_info":{"display_name":"sgainot04@gmail.com","author_link":"https:\/\/mapospheres.eu\/fr\/author\/"},"uagb_comment_info":0,"uagb_excerpt":"Achetez une City Map \u2013 Carte de ville murale - imprim\u00e9e de la ville d'Alicante, Espagne. Choisissez ci-dessous la taille, la couleur et le design de votre carte !","_links":{"self":[{"href":"https:\/\/mapospheres.eu\/fr\/wp-json\/wp\/v2\/product\/21534","targetHints":{"allow":["GET"]}}],"collection":[{"href":"https:\/\/mapospheres.eu\/fr\/wp-json\/wp\/v2\/product"}],"about":[{"href":"https:\/\/mapospheres.eu\/fr\/wp-json\/wp\/v2\/types\/product"}],"wp:featuredmedia":[{"embeddable":true,"href":"https:\/\/mapospheres.eu\/fr\/wp-json\/wp\/v2\/media\/25345"}],"wp:attachment":[{"href":"https:\/\/mapospheres.eu\/fr\/wp-json\/wp\/v2\/media?parent=21534"}],"wp:term":[{"taxonomy":"product_brand","embeddable":true,"href":"https:\/\/mapospheres.eu\/fr\/wp-json\/wp\/v2\/product_brand?post=21534"},{"taxonomy":"product_cat","embeddable":true,"href":"https:\/\/mapospheres.eu\/fr\/wp-json\/wp\/v2\/product_cat?post=21534"},{"taxonomy":"product_tag","embeddable":true,"href":"https:\/\/mapospheres.eu\/fr\/wp-json\/wp\/v2\/product_tag?post=21534"}],"curies":[{"name":"wp","href":"https:\/\/api.w.org\/{rel}","templated":true}]}}