{"id":21535,"date":"2026-03-17T13:56:56","date_gmt":"2026-03-17T13:56:56","guid":{"rendered":"https:\/\/mapospheres.eu\/product\/poster-of-almeria-spain\/"},"modified":"2026-04-14T08:02:02","modified_gmt":"2026-04-14T08:02:02","slug":"poster-of-almeria-spain","status":"publish","type":"product","link":"https:\/\/mapospheres.eu\/fr\/product\/poster-d-almeria-espagne\/","title":{"rendered":"Poster d'Almeria | Espagne"},"content":{"rendered":"<p><strong>Poster City map d&rsquo;Almer\u00eda, Espagne : Id\u00e9ale pour insuffler \u00e0 votre int\u00e9rieur une \u00e9l\u00e9gance empreinte d\u2019histoire et un souffle d\u2019\u00e9vasion g\u00e9ographique, cette carte d\u2019Almer\u00eda d\u00e9passe la simple d\u00e9coration \u2013 elle \u00e9voque l\u2019\u00e2me persistante d\u2019une ville fa\u00e7onn\u00e9e au carrefour des cultures et des paysages.<\/strong><\/p>\n<p>Partez \u00e0 la d\u00e9couverte de la ville d\u2019Almer\u00eda, en Espagne, \u00e0 travers cette carte saisissante qui r\u00e9v\u00e8le l\u2019alliance singuli\u00e8re entre beaut\u00e9 naturelle et h\u00e9ritage profond. Nich\u00e9e au pied des montagnes de la Sierra de Alhamilla, Almer\u00eda d\u00e9ploie un paysage contrast\u00e9, o\u00f9 les reliefs arides rencontrent un littoral \u00e9clatant, baign\u00e9 de lumi\u00e8re, o\u00f9 les plages dor\u00e9es s\u2019\u00e9tirent jusqu\u2019aux collines ondoyantes. La carte met en lumi\u00e8re les tr\u00e9sors embl\u00e9matiques de la ville, de l\u2019imposante forteresse de l\u2019Alcazaba, sentinelle silencieuse depuis le Xe si\u00e8cle, au d\u00e9dale de ruelles \u00e9troites qui serpentent \u00e0 travers le c\u0153ur historique. En suivant ses lignes, vous percevrez le contraste saisissant entre les \u00e9tendues s\u00e8ches aux accents d\u00e9sertiques qui entourent la cit\u00e9 et les havres de verdure qui l\u2019animent en son sein. Des lieux tels que le Parque de las Almadrabillas ou la douce promenade du Paseo de Almer\u00eda, inspir\u00e9e par la M\u00e9diterran\u00e9e, insufflent une respiration naturelle \u00e0 l\u2019espace urbain, entre s\u00e9r\u00e9nit\u00e9 et \u00e9clat. Le port ancien d\u2019Almer\u00eda s\u2019inscrit lui aussi dans la carte, m\u00e9moire vivante de son r\u00f4le essentiel au fil des si\u00e8cles, des Ph\u00e9niciens aux Maures. Que vous soyez captiv\u00e9 par son h\u00e9ritage andalou ou s\u00e9duit par son \u00e9nergie contemporaine, cette carte d\u00e9voile le portrait fascinant d\u2019une ville \u00e9panouie sous le soleil du sud.<\/br><\/p>\n","protected":false},"excerpt":{"rendered":"<p>Achetez une City Map \u2013 Carte de ville murale &#8211; imprim\u00e9e de la ville d&rsquo;Almeria, Espagne.<br \/>\nChoisissez ci-dessous la taille, la couleur et le design de votre carte !<\/p>\n","protected":false},"featured_media":25147,"template":"","meta":{"_uag_custom_page_level_css":"","_monsterinsights_skip_tracking":false,"_monsterinsights_sitenote_active":false,"_monsterinsights_sitenote_note":"","_monsterinsights_sitenote_category":0,"site-sidebar-layout":"default","site-content-layout":"","ast-site-content-layout":"default","site-content-style":"default","site-sidebar-style":"default","ast-global-header-display":"","ast-banner-title-visibility":"","ast-main-header-display":"","ast-hfb-above-header-display":"","ast-hfb-below-header-display":"","ast-hfb-mobile-header-display":"","site-post-title":"","ast-breadcrumbs-content":"","ast-featured-img":"","footer-sml-layout":"","ast-disable-related-posts":"","theme-transparent-header-meta":"default","adv-header-id-meta":"","stick-header-meta":"","header-above-stick-meta":"","header-main-stick-meta":"","header-below-stick-meta":"","astra-migrate-meta-layouts":"set","ast-page-background-enabled":"default","ast-page-background-meta":{"desktop":{"background-color":"","background-image":"","background-repeat":"repeat","background-position":"center center","background-size":"auto","background-attachment":"scroll","background-type":"","background-media":"","overlay-type":"","overlay-color":"","overlay-opacity":"","overlay-gradient":""},"tablet":{"background-color":"","background-image":"","background-repeat":"repeat","background-position":"center center","background-size":"auto","background-attachment":"scroll","background-type":"","background-media":"","overlay-type":"","overlay-color":"","overlay-opacity":"","overlay-gradient":""},"mobile":{"background-color":"","background-image":"","background-repeat":"repeat","background-position":"center center","background-size":"auto","background-attachment":"scroll","background-type":"","background-media":"","overlay-type":"","overlay-color":"","overlay-opacity":"","overlay-gradient":""}},"ast-content-background-meta":{"desktop":{"background-color":"var(--ast-global-color-5)","background-image":"","background-repeat":"repeat","background-position":"center center","background-size":"auto","background-attachment":"scroll","background-type":"","background-media":"","overlay-type":"","overlay-color":"","overlay-opacity":"","overlay-gradient":""},"tablet":{"background-color":"var(--ast-global-color-5)","background-image":"","background-repeat":"repeat","background-position":"center center","background-size":"auto","background-attachment":"scroll","background-type":"","background-media":"","overlay-type":"","overlay-color":"","overlay-opacity":"","overlay-gradient":""},"mobile":{"background-color":"var(--ast-global-color-5)","background-image":"","background-repeat":"repeat","background-position":"center center","background-size":"auto","background-attachment":"scroll","background-type":"","background-media":"","overlay-type":"","overlay-color":"","overlay-opacity":"","overlay-gradient":""}}},"product_brand":[],"product_cat":[18,465],"product_tag":[34,35,36,37,1144,1097,39,40,318,319,93,99],"class_list":{"0":"post-21535","1":"product","2":"type-product","3":"status-publish","4":"has-post-thumbnail","6":"product_cat-city-maps","7":"product_cat-featured_esp","8":"product_tag-30x40","9":"product_tag-40x50","10":"product_tag-50x70","11":"product_tag-70x100","12":"product_tag-almeria","13":"product_tag-andalucia","14":"product_tag-canvas","15":"product_tag-city-map","16":"product_tag-espagne","17":"product_tag-espana","18":"product_tag-europe","19":"product_tag-spain","20":"desktop-align-left","21":"tablet-align-left","22":"mobile-align-left","24":"first","25":"instock","26":"shipping-taxable","27":"purchasable","28":"product-type-variable"},"aioseo_notices":[],"uagb_featured_image_src":{"full":["https:\/\/mapospheres.eu\/wp-content\/uploads\/2026\/03\/CANVAS_13_BW_MP_3_ALMERIA.jpg",1000,1000,false],"thumbnail":["https:\/\/mapospheres.eu\/wp-content\/uploads\/2026\/03\/CANVAS_13_BW_MP_3_ALMERIA-150x150.jpg",150,150,true],"medium":["https:\/\/mapospheres.eu\/wp-content\/uploads\/2026\/03\/CANVAS_13_BW_MP_3_ALMERIA-300x300.jpg",300,300,true],"medium_large":["https:\/\/mapospheres.eu\/wp-content\/uploads\/2026\/03\/CANVAS_13_BW_MP_3_ALMERIA-768x768.jpg",768,768,true],"large":["https:\/\/mapospheres.eu\/wp-content\/uploads\/2026\/03\/CANVAS_13_BW_MP_3_ALMERIA.jpg",1000,1000,false],"1536x1536":["https:\/\/mapospheres.eu\/wp-content\/uploads\/2026\/03\/CANVAS_13_BW_MP_3_ALMERIA.jpg",1000,1000,false],"2048x2048":["https:\/\/mapospheres.eu\/wp-content\/uploads\/2026\/03\/CANVAS_13_BW_MP_3_ALMERIA.jpg",1000,1000,false],"woocommerce_thumbnail":["https:\/\/mapospheres.eu\/wp-content\/uploads\/2026\/03\/CANVAS_13_BW_MP_3_ALMERIA-300x300.jpg",300,300,true],"woocommerce_single":["https:\/\/mapospheres.eu\/wp-content\/uploads\/2026\/03\/CANVAS_13_BW_MP_3_ALMERIA-600x600.jpg",600,600,true],"woocommerce_gallery_thumbnail":["https:\/\/mapospheres.eu\/wp-content\/uploads\/2026\/03\/CANVAS_13_BW_MP_3_ALMERIA-100x100.jpg",100,100,true]},"uagb_author_info":{"display_name":"sgainot04@gmail.com","author_link":"https:\/\/mapospheres.eu\/fr\/author\/"},"uagb_comment_info":0,"uagb_excerpt":"Achetez une City Map \u2013 Carte de ville murale - imprim\u00e9e de la ville d'Almeria, Espagne. Choisissez ci-dessous la taille, la couleur et le design de votre carte !","_links":{"self":[{"href":"https:\/\/mapospheres.eu\/fr\/wp-json\/wp\/v2\/product\/21535","targetHints":{"allow":["GET"]}}],"collection":[{"href":"https:\/\/mapospheres.eu\/fr\/wp-json\/wp\/v2\/product"}],"about":[{"href":"https:\/\/mapospheres.eu\/fr\/wp-json\/wp\/v2\/types\/product"}],"wp:featuredmedia":[{"embeddable":true,"href":"https:\/\/mapospheres.eu\/fr\/wp-json\/wp\/v2\/media\/25147"}],"wp:attachment":[{"href":"https:\/\/mapospheres.eu\/fr\/wp-json\/wp\/v2\/media?parent=21535"}],"wp:term":[{"taxonomy":"product_brand","embeddable":true,"href":"https:\/\/mapospheres.eu\/fr\/wp-json\/wp\/v2\/product_brand?post=21535"},{"taxonomy":"product_cat","embeddable":true,"href":"https:\/\/mapospheres.eu\/fr\/wp-json\/wp\/v2\/product_cat?post=21535"},{"taxonomy":"product_tag","embeddable":true,"href":"https:\/\/mapospheres.eu\/fr\/wp-json\/wp\/v2\/product_tag?post=21535"}],"curies":[{"name":"wp","href":"https:\/\/api.w.org\/{rel}","templated":true}]}}