{"id":21537,"date":"2026-03-17T13:57:08","date_gmt":"2026-03-17T13:57:08","guid":{"rendered":"https:\/\/mapospheres.eu\/product\/poster-of-bilbao-spain\/"},"modified":"2026-04-14T08:02:07","modified_gmt":"2026-04-14T08:02:07","slug":"poster-of-bilbao-spain","status":"publish","type":"product","link":"https:\/\/mapospheres.eu\/fr\/product\/poster-de-bilbao-espagne\/","title":{"rendered":"Poster de Bilbao | Espagne"},"content":{"rendered":"<p><strong>Poster City map de Bilbao, Espagne : Un aper\u00e7u d\u2019une ville vibrante o\u00f9 nature et industrie tissent depuis toujours une alliance singuli\u00e8re.<\/strong><\/p>\n<p>Situ\u00e9e sur les rives du fleuve Nervi\u00f3n, Bilbao d\u00e9ploie un paysage fait de collines douces et de pentes escarp\u00e9es, h\u00e9ritage de ses origines de modeste port nich\u00e9 au creux d\u2019une vall\u00e9e. La carte en r\u00e9v\u00e8le toute la po\u00e9sie, capturant le trac\u00e9 sinueux du fleuve qui traverse la ville tel un fil de vie, tandis que les ponts \u2014 anciens et contemporains \u2014 s\u2019\u00e9lancent au-dessus de ses eaux comme des liens entre m\u00e9moire et devenir. Le relief de la ville offre un spectacle saisissant, o\u00f9 les collines environnantes et les espaces verdoyants contrastent avec l\u2019\u00e9tendue urbaine. Les parcs aux pentes d\u00e9licates et les for\u00eats, tels que le vaste Parque de Do\u00f1a Casilda, insufflent des touches de fra\u00eecheur au paysage citadin, tandis que le mont Artxanda s\u2019\u00e9l\u00e8ve au nord, offrant des panoramas grandioses sur la ville \u00e9tendue \u00e0 ses pieds. Depuis ses hauteurs, on devine encore l\u2019\u00e2me du Bilbao d\u2019autrefois, lorsque la ville n\u2019\u00e9tait qu\u2019un village de p\u00eacheurs tourn\u00e9 vers la mer, bien avant que l\u2019essor industriel ne la transforme en m\u00e9tropole cosmopolite. La carte met \u00e9galement en lumi\u00e8re les grands rep\u00e8res architecturaux qui fa\u00e7onnent l\u2019horizon de Bilbao, dont le plus embl\u00e9matique demeure le mus\u00e9e Guggenheim, ic\u00f4ne contemporaine du design et de la cr\u00e9ativit\u00e9. Ici, le pass\u00e9 et le pr\u00e9sent se rencontrent \u00e0 chaque coin de rue, o\u00f9 les places charg\u00e9es d\u2019histoire c\u00f4toient des espaces artistiques r\u00e9solument modernes, sans jamais rompre l\u2019harmonie vibrante de la ville. <\/p>\n<p>La g\u00e9ographie de Bilbao, entre douceur fluviale et collines ondoyantes, conf\u00e8re \u00e0 cette carte un caract\u00e8re unique \u2014 une invitation pour ceux qui aiment les villes o\u00f9 la nature dialogue avec la culture et l\u2019histoire. Des m\u00e9andres du fleuve aux hauteurs qui enlacent la cit\u00e9, cette carte c\u00e9l\u00e8bre un paysage en perp\u00e9tuelle m\u00e9tamorphose, o\u00f9 pass\u00e9 et avenir avancent c\u00f4te \u00e0 c\u00f4te, dans un \u00e9quilibre presque parfait.<\/p>\n","protected":false},"excerpt":{"rendered":"<p>Achetez une City Map \u2013 Carte de ville murale &#8211; imprim\u00e9e de la ville de Bilbao, Espagne.<br \/>\nChoisissez ci-dessous la taille, la couleur et le design de votre carte !<\/p>\n","protected":false},"featured_media":25121,"template":"","meta":{"_uag_custom_page_level_css":"","_monsterinsights_skip_tracking":false,"_monsterinsights_sitenote_active":false,"_monsterinsights_sitenote_note":"","_monsterinsights_sitenote_category":0,"site-sidebar-layout":"default","site-content-layout":"","ast-site-content-layout":"default","site-content-style":"default","site-sidebar-style":"default","ast-global-header-display":"","ast-banner-title-visibility":"","ast-main-header-display":"","ast-hfb-above-header-display":"","ast-hfb-below-header-display":"","ast-hfb-mobile-header-display":"","site-post-title":"","ast-breadcrumbs-content":"","ast-featured-img":"","footer-sml-layout":"","ast-disable-related-posts":"","theme-transparent-header-meta":"default","adv-header-id-meta":"","stick-header-meta":"","header-above-stick-meta":"","header-main-stick-meta":"","header-below-stick-meta":"","astra-migrate-meta-layouts":"set","ast-page-background-enabled":"default","ast-page-background-meta":{"desktop":{"background-color":"","background-image":"","background-repeat":"repeat","background-position":"center center","background-size":"auto","background-attachment":"scroll","background-type":"","background-media":"","overlay-type":"","overlay-color":"","overlay-opacity":"","overlay-gradient":""},"tablet":{"background-color":"","background-image":"","background-repeat":"repeat","background-position":"center center","background-size":"auto","background-attachment":"scroll","background-type":"","background-media":"","overlay-type":"","overlay-color":"","overlay-opacity":"","overlay-gradient":""},"mobile":{"background-color":"","background-image":"","background-repeat":"repeat","background-position":"center center","background-size":"auto","background-attachment":"scroll","background-type":"","background-media":"","overlay-type":"","overlay-color":"","overlay-opacity":"","overlay-gradient":""}},"ast-content-background-meta":{"desktop":{"background-color":"var(--ast-global-color-5)","background-image":"","background-repeat":"repeat","background-position":"center center","background-size":"auto","background-attachment":"scroll","background-type":"","background-media":"","overlay-type":"","overlay-color":"","overlay-opacity":"","overlay-gradient":""},"tablet":{"background-color":"var(--ast-global-color-5)","background-image":"","background-repeat":"repeat","background-position":"center center","background-size":"auto","background-attachment":"scroll","background-type":"","background-media":"","overlay-type":"","overlay-color":"","overlay-opacity":"","overlay-gradient":""},"mobile":{"background-color":"var(--ast-global-color-5)","background-image":"","background-repeat":"repeat","background-position":"center center","background-size":"auto","background-attachment":"scroll","background-type":"","background-media":"","overlay-type":"","overlay-color":"","overlay-opacity":"","overlay-gradient":""}}},"product_brand":[],"product_cat":[18,465],"product_tag":[34,35,36,37,1140,39,40,318,319,93,320,1125,99],"class_list":{"0":"post-21537","1":"product","2":"type-product","3":"status-publish","4":"has-post-thumbnail","6":"product_cat-city-maps","7":"product_cat-featured_esp","8":"product_tag-30x40","9":"product_tag-40x50","10":"product_tag-50x70","11":"product_tag-70x100","12":"product_tag-bilbao","13":"product_tag-canvas","14":"product_tag-city-map","15":"product_tag-espagne","16":"product_tag-espana","17":"product_tag-europe","18":"product_tag-euskal-herria","19":"product_tag-pais-vasco","20":"product_tag-spain","21":"desktop-align-left","22":"tablet-align-left","23":"mobile-align-left","25":"first","26":"instock","27":"shipping-taxable","28":"purchasable","29":"product-type-variable"},"aioseo_notices":[],"uagb_featured_image_src":{"full":["https:\/\/mapospheres.eu\/wp-content\/uploads\/2026\/03\/Z21_NIGHT_FULL__BILBAO.jpg",1000,1000,false],"thumbnail":["https:\/\/mapospheres.eu\/wp-content\/uploads\/2026\/03\/Z21_NIGHT_FULL__BILBAO-150x150.jpg",150,150,true],"medium":["https:\/\/mapospheres.eu\/wp-content\/uploads\/2026\/03\/Z21_NIGHT_FULL__BILBAO-300x300.jpg",300,300,true],"medium_large":["https:\/\/mapospheres.eu\/wp-content\/uploads\/2026\/03\/Z21_NIGHT_FULL__BILBAO-768x768.jpg",768,768,true],"large":["https:\/\/mapospheres.eu\/wp-content\/uploads\/2026\/03\/Z21_NIGHT_FULL__BILBAO.jpg",1000,1000,false],"1536x1536":["https:\/\/mapospheres.eu\/wp-content\/uploads\/2026\/03\/Z21_NIGHT_FULL__BILBAO.jpg",1000,1000,false],"2048x2048":["https:\/\/mapospheres.eu\/wp-content\/uploads\/2026\/03\/Z21_NIGHT_FULL__BILBAO.jpg",1000,1000,false],"woocommerce_thumbnail":["https:\/\/mapospheres.eu\/wp-content\/uploads\/2026\/03\/Z21_NIGHT_FULL__BILBAO-300x300.jpg",300,300,true],"woocommerce_single":["https:\/\/mapospheres.eu\/wp-content\/uploads\/2026\/03\/Z21_NIGHT_FULL__BILBAO-600x600.jpg",600,600,true],"woocommerce_gallery_thumbnail":["https:\/\/mapospheres.eu\/wp-content\/uploads\/2026\/03\/Z21_NIGHT_FULL__BILBAO-100x100.jpg",100,100,true]},"uagb_author_info":{"display_name":"sgainot04@gmail.com","author_link":"https:\/\/mapospheres.eu\/fr\/author\/"},"uagb_comment_info":0,"uagb_excerpt":"Achetez une City Map \u2013 Carte de ville murale - imprim\u00e9e de la ville de Bilbao, Espagne. Choisissez ci-dessous la taille, la couleur et le design de votre carte !","_links":{"self":[{"href":"https:\/\/mapospheres.eu\/fr\/wp-json\/wp\/v2\/product\/21537","targetHints":{"allow":["GET"]}}],"collection":[{"href":"https:\/\/mapospheres.eu\/fr\/wp-json\/wp\/v2\/product"}],"about":[{"href":"https:\/\/mapospheres.eu\/fr\/wp-json\/wp\/v2\/types\/product"}],"wp:featuredmedia":[{"embeddable":true,"href":"https:\/\/mapospheres.eu\/fr\/wp-json\/wp\/v2\/media\/25121"}],"wp:attachment":[{"href":"https:\/\/mapospheres.eu\/fr\/wp-json\/wp\/v2\/media?parent=21537"}],"wp:term":[{"taxonomy":"product_brand","embeddable":true,"href":"https:\/\/mapospheres.eu\/fr\/wp-json\/wp\/v2\/product_brand?post=21537"},{"taxonomy":"product_cat","embeddable":true,"href":"https:\/\/mapospheres.eu\/fr\/wp-json\/wp\/v2\/product_cat?post=21537"},{"taxonomy":"product_tag","embeddable":true,"href":"https:\/\/mapospheres.eu\/fr\/wp-json\/wp\/v2\/product_tag?post=21537"}],"curies":[{"name":"wp","href":"https:\/\/api.w.org\/{rel}","templated":true}]}}