{"id":21540,"date":"2026-03-17T13:57:25","date_gmt":"2026-03-17T13:57:25","guid":{"rendered":"https:\/\/mapospheres.eu\/product\/poster-of-malaga-spain\/"},"modified":"2026-04-13T14:50:49","modified_gmt":"2026-04-13T14:50:49","slug":"poster-of-malaga-spain","status":"publish","type":"product","link":"https:\/\/mapospheres.eu\/fr\/product\/poster-de-malaga-espagne\/","title":{"rendered":"Poster de Malaga | Espagne"},"content":{"rendered":"<p><strong>Poster City map de M\u00e1laga, Espagne : la carte illustre avec \u00e9l\u00e9gance ses rep\u00e8res historiques, les fondant harmonieusement dans un paysage urbain et un relief \u00e0 couper le souffle.<\/strong><\/p>\n<p>Situ\u00e9e sur la c\u00f4te m\u00e9ridionale, cette carte saisit l\u2019ampleur spectaculaire du littoral m\u00e9diterran\u00e9en, avec la mer d\u2019un bleu scintillant au sud et les contreforts escarp\u00e9s de la Sierra de Mijas au nord. Le relief ondule avec gr\u00e2ce, offrant texture et caract\u00e8re \u00e0 la ville, o\u00f9 rues sinueuses et collines racontent des si\u00e8cles d\u2019\u00e9volution. Ici et l\u00e0, surgissent de luxuriants espaces verts, tels que le vaste Parque de M\u00e1laga, havre de paix invitant habitants et voyageurs \u00e0 suspendre le temps au c\u0153ur de l\u2019effervescence urbaine.<\/p>\n<p>Les parcs et jardins de la ville, \u00e0 l\u2019image de l\u2019oasis botanique de La Concepci\u00f3n, contrastent avec les collines plus arides environnantes, cr\u00e9ant un \u00e9quilibre naturel empreint de po\u00e9sie. Les monuments historiques de M\u00e1laga se dressent fi\u00e8rement face \u00e0 l\u2019\u00e9nergie contemporaine. L\u2019embl\u00e9matique Alcazaba, forteresse d\u2019h\u00e9ritage andalou perch\u00e9e sur les hauteurs, veille sur la ville et rappelle son importance strat\u00e9gique au Moyen \u00c2ge. Non loin de l\u00e0, le majestueux Castillo de Gibralfaro offre des panoramas grandioses sur le port et la baie, o\u00f9 les navires accostent depuis des si\u00e8cles.<\/p>\n<p>Pour les amateurs d\u2019art et de culture, la carte met \u00e9galement en lumi\u00e8re le lieu de naissance de Pablo Picasso, capturant l\u2019\u00e2me de sa ville natale, o\u00f9 le charme d\u2019antan se m\u00eale \u00e0 l\u2019effervescence des caf\u00e9s et des galeries contemporaines. Le littoral, ponctu\u00e9 de plages dor\u00e9es et d\u2019une marina scintillante, apporte une touche moderne, r\u00e9v\u00e9lant la douceur de vivre lumineuse et ensoleill\u00e9e de la M\u00e1laga d\u2019aujourd\u2019hui.<\/p>\n","protected":false},"excerpt":{"rendered":"<p>Achetez une City Map \u2013 Carte de ville murale &#8211; imprim\u00e9e de la ville de Malaga, Espagne.<br \/>\nChoisissez ci-dessous la taille, la couleur et le design de votre carte !<\/p>\n","protected":false},"featured_media":24903,"template":"","meta":{"_uag_custom_page_level_css":"","_monsterinsights_skip_tracking":false,"_monsterinsights_sitenote_active":false,"_monsterinsights_sitenote_note":"","_monsterinsights_sitenote_category":0,"site-sidebar-layout":"default","site-content-layout":"","ast-site-content-layout":"default","site-content-style":"default","site-sidebar-style":"default","ast-global-header-display":"","ast-banner-title-visibility":"","ast-main-header-display":"","ast-hfb-above-header-display":"","ast-hfb-below-header-display":"","ast-hfb-mobile-header-display":"","site-post-title":"","ast-breadcrumbs-content":"","ast-featured-img":"","footer-sml-layout":"","ast-disable-related-posts":"","theme-transparent-header-meta":"default","adv-header-id-meta":"","stick-header-meta":"","header-above-stick-meta":"","header-main-stick-meta":"","header-below-stick-meta":"","astra-migrate-meta-layouts":"set","ast-page-background-enabled":"default","ast-page-background-meta":{"desktop":{"background-color":"","background-image":"","background-repeat":"repeat","background-position":"center center","background-size":"auto","background-attachment":"scroll","background-type":"","background-media":"","overlay-type":"","overlay-color":"","overlay-opacity":"","overlay-gradient":""},"tablet":{"background-color":"","background-image":"","background-repeat":"repeat","background-position":"center center","background-size":"auto","background-attachment":"scroll","background-type":"","background-media":"","overlay-type":"","overlay-color":"","overlay-opacity":"","overlay-gradient":""},"mobile":{"background-color":"","background-image":"","background-repeat":"repeat","background-position":"center center","background-size":"auto","background-attachment":"scroll","background-type":"","background-media":"","overlay-type":"","overlay-color":"","overlay-opacity":"","overlay-gradient":""}},"ast-content-background-meta":{"desktop":{"background-color":"var(--ast-global-color-5)","background-image":"","background-repeat":"repeat","background-position":"center center","background-size":"auto","background-attachment":"scroll","background-type":"","background-media":"","overlay-type":"","overlay-color":"","overlay-opacity":"","overlay-gradient":""},"tablet":{"background-color":"var(--ast-global-color-5)","background-image":"","background-repeat":"repeat","background-position":"center center","background-size":"auto","background-attachment":"scroll","background-type":"","background-media":"","overlay-type":"","overlay-color":"","overlay-opacity":"","overlay-gradient":""},"mobile":{"background-color":"var(--ast-global-color-5)","background-image":"","background-repeat":"repeat","background-position":"center center","background-size":"auto","background-attachment":"scroll","background-type":"","background-media":"","overlay-type":"","overlay-color":"","overlay-opacity":"","overlay-gradient":""}}},"product_brand":[],"product_cat":[18,465],"product_tag":[34,35,36,37,1136,39,40,318,319,93,878,99],"class_list":{"0":"post-21540","1":"product","2":"type-product","3":"status-publish","4":"has-post-thumbnail","6":"product_cat-city-maps","7":"product_cat-featured_esp","8":"product_tag-30x40","9":"product_tag-40x50","10":"product_tag-50x70","11":"product_tag-70x100","12":"product_tag-andalusia","13":"product_tag-canvas","14":"product_tag-city-map","15":"product_tag-espagne","16":"product_tag-espana","17":"product_tag-europe","18":"product_tag-malaga","19":"product_tag-spain","20":"desktop-align-left","21":"tablet-align-left","22":"mobile-align-left","24":"first","25":"instock","26":"shipping-taxable","27":"purchasable","28":"product-type-variable"},"aioseo_notices":[],"uagb_featured_image_src":{"full":["https:\/\/mapospheres.eu\/wp-content\/uploads\/2026\/03\/CANVAS_16_NIGHT_2ND_MALAGA.jpg",1000,1000,false],"thumbnail":["https:\/\/mapospheres.eu\/wp-content\/uploads\/2026\/03\/CANVAS_16_NIGHT_2ND_MALAGA-150x150.jpg",150,150,true],"medium":["https:\/\/mapospheres.eu\/wp-content\/uploads\/2026\/03\/CANVAS_16_NIGHT_2ND_MALAGA-300x300.jpg",300,300,true],"medium_large":["https:\/\/mapospheres.eu\/wp-content\/uploads\/2026\/03\/CANVAS_16_NIGHT_2ND_MALAGA-768x768.jpg",768,768,true],"large":["https:\/\/mapospheres.eu\/wp-content\/uploads\/2026\/03\/CANVAS_16_NIGHT_2ND_MALAGA.jpg",1000,1000,false],"1536x1536":["https:\/\/mapospheres.eu\/wp-content\/uploads\/2026\/03\/CANVAS_16_NIGHT_2ND_MALAGA.jpg",1000,1000,false],"2048x2048":["https:\/\/mapospheres.eu\/wp-content\/uploads\/2026\/03\/CANVAS_16_NIGHT_2ND_MALAGA.jpg",1000,1000,false],"woocommerce_thumbnail":["https:\/\/mapospheres.eu\/wp-content\/uploads\/2026\/03\/CANVAS_16_NIGHT_2ND_MALAGA-300x300.jpg",300,300,true],"woocommerce_single":["https:\/\/mapospheres.eu\/wp-content\/uploads\/2026\/03\/CANVAS_16_NIGHT_2ND_MALAGA-600x600.jpg",600,600,true],"woocommerce_gallery_thumbnail":["https:\/\/mapospheres.eu\/wp-content\/uploads\/2026\/03\/CANVAS_16_NIGHT_2ND_MALAGA-100x100.jpg",100,100,true]},"uagb_author_info":{"display_name":"sgainot04@gmail.com","author_link":"https:\/\/mapospheres.eu\/fr\/author\/"},"uagb_comment_info":0,"uagb_excerpt":"Achetez une City Map \u2013 Carte de ville murale - imprim\u00e9e de la ville de Malaga, Espagne. Choisissez ci-dessous la taille, la couleur et le design de votre carte !","_links":{"self":[{"href":"https:\/\/mapospheres.eu\/fr\/wp-json\/wp\/v2\/product\/21540","targetHints":{"allow":["GET"]}}],"collection":[{"href":"https:\/\/mapospheres.eu\/fr\/wp-json\/wp\/v2\/product"}],"about":[{"href":"https:\/\/mapospheres.eu\/fr\/wp-json\/wp\/v2\/types\/product"}],"wp:featuredmedia":[{"embeddable":true,"href":"https:\/\/mapospheres.eu\/fr\/wp-json\/wp\/v2\/media\/24903"}],"wp:attachment":[{"href":"https:\/\/mapospheres.eu\/fr\/wp-json\/wp\/v2\/media?parent=21540"}],"wp:term":[{"taxonomy":"product_brand","embeddable":true,"href":"https:\/\/mapospheres.eu\/fr\/wp-json\/wp\/v2\/product_brand?post=21540"},{"taxonomy":"product_cat","embeddable":true,"href":"https:\/\/mapospheres.eu\/fr\/wp-json\/wp\/v2\/product_cat?post=21540"},{"taxonomy":"product_tag","embeddable":true,"href":"https:\/\/mapospheres.eu\/fr\/wp-json\/wp\/v2\/product_tag?post=21540"}],"curies":[{"name":"wp","href":"https:\/\/api.w.org\/{rel}","templated":true}]}}