{"id":21541,"date":"2026-03-17T13:57:30","date_gmt":"2026-03-17T13:57:30","guid":{"rendered":"https:\/\/mapospheres.eu\/product\/poster-of-sevilla-spain\/"},"modified":"2026-04-13T14:50:52","modified_gmt":"2026-04-13T14:50:52","slug":"poster-of-sevilla-spain","status":"publish","type":"product","link":"https:\/\/mapospheres.eu\/fr\/product\/poster-de-seville-espagne\/","title":{"rendered":"Poster de S\u00e9ville | Espagne"},"content":{"rendered":"<p><strong>Poster City map de S\u00e9ville, Espagne : une repr\u00e9sentation \u00e9blouissante d\u2019une ville o\u00f9 l\u2019histoire et la beaut\u00e9 s\u2019\u00e9coulent avec la m\u00eame fluidit\u00e9 que le Guadalquivir qui serpente en son c\u0153ur.<\/strong><\/p>\n<p>Nich\u00e9e dans les plaines fertiles d\u2019Andalousie, S\u00e9ville est une ville d\u00e9finie par le charme de ses berges, la splendeur de son architecture et un paysage environnant vibrant de vie. La carte saisit avec finesse la courbe douce du Guadalquivir, qui traverse la cit\u00e9 comme un ruban vivant : autrefois porteur des explorateurs vers le Nouveau Monde, aujourd\u2019hui miroir des rues dor\u00e9es baign\u00e9es de soleil.<\/p>\n<p>Le long de ses rives, les espaces verts du Parque de Mar\u00eda Luisa offrent un havre de paix au c\u0153ur de l\u2019effervescence urbaine, avec ses all\u00e9es bord\u00e9es d\u2019arbres, ses jardins et ses fontaines invitant \u00e0 la fl\u00e2nerie et \u00e0 la contemplation. Le relief de S\u00e9ville, m\u00e9lange de plaines ouvertes et de douces ondulations, se devine dans les d\u00e9tails subtils de la carte. Tandis que le centre historique repose sur des fondations romaines et mauresques, les alentours se parent d\u2019oliveraies, de vergers d\u2019orangers et de champs de tournesols, dont les \u00e9clats dor\u00e9s r\u00e9pondent \u00e0 la lumi\u00e8re g\u00e9n\u00e9reuse du ciel s\u00e9villan.<\/p>\n<p>Le quartier ancien, avec ses ruelles \u00e9troites et sinueuses, se d\u00e9ploie comme un labyrinthe de r\u00e9cits et de secrets pr\u00eats \u00e0 \u00eatre d\u00e9couverts. Chaque rue \u00e9voque une m\u00e9moire : du vibrant Barrio de Santa Cruz, ancien quartier juif, jusqu\u2019\u00e0 la majestueuse Plaza de Espa\u00f1a, o\u00f9 la grandeur d\u2019antan dialogue avec la douceur de vivre contemporaine. La Giralda, ancienne minaret devenue clocher de la somptueuse Cath\u00e9drale de S\u00e9ville, domine l\u2019horizon comme un souvenir vertical du pass\u00e9 mauresque de la ville.<\/p>\n<p>La cath\u00e9drale elle-m\u00eame, la plus grande cath\u00e9drale gothique du monde, incarne \u00e0 la fois ferveur spirituelle et ambition architecturale, tandis que l\u2019Alc\u00e1zar, avec ses murs finement orn\u00e9s d\u2019azulejos et ses jardins luxuriants, \u00e9voque un univers d\u2019intrigues royales et d\u2019\u00e9l\u00e9gance andalouse suspendue dans le temps.<\/p>\n","protected":false},"excerpt":{"rendered":"<p>Achetez une City Map \u2013 Carte de ville murale &#8211; imprim\u00e9e de la ville de S\u00e9ville, Espagne.<br \/>\nChoisissez ci-dessous la taille, la couleur et le design de votre carte !<\/p>\n","protected":false},"featured_media":24887,"template":"","meta":{"_uag_custom_page_level_css":"","_monsterinsights_skip_tracking":false,"_monsterinsights_sitenote_active":false,"_monsterinsights_sitenote_note":"","_monsterinsights_sitenote_category":0,"site-sidebar-layout":"default","site-content-layout":"","ast-site-content-layout":"default","site-content-style":"default","site-sidebar-style":"default","ast-global-header-display":"","ast-banner-title-visibility":"","ast-main-header-display":"","ast-hfb-above-header-display":"","ast-hfb-below-header-display":"","ast-hfb-mobile-header-display":"","site-post-title":"","ast-breadcrumbs-content":"","ast-featured-img":"","footer-sml-layout":"","ast-disable-related-posts":"","theme-transparent-header-meta":"default","adv-header-id-meta":"","stick-header-meta":"","header-above-stick-meta":"","header-main-stick-meta":"","header-below-stick-meta":"","astra-migrate-meta-layouts":"set","ast-page-background-enabled":"default","ast-page-background-meta":{"desktop":{"background-color":"","background-image":"","background-repeat":"repeat","background-position":"center center","background-size":"auto","background-attachment":"scroll","background-type":"","background-media":"","overlay-type":"","overlay-color":"","overlay-opacity":"","overlay-gradient":""},"tablet":{"background-color":"","background-image":"","background-repeat":"repeat","background-position":"center center","background-size":"auto","background-attachment":"scroll","background-type":"","background-media":"","overlay-type":"","overlay-color":"","overlay-opacity":"","overlay-gradient":""},"mobile":{"background-color":"","background-image":"","background-repeat":"repeat","background-position":"center center","background-size":"auto","background-attachment":"scroll","background-type":"","background-media":"","overlay-type":"","overlay-color":"","overlay-opacity":"","overlay-gradient":""}},"ast-content-background-meta":{"desktop":{"background-color":"var(--ast-global-color-5)","background-image":"","background-repeat":"repeat","background-position":"center center","background-size":"auto","background-attachment":"scroll","background-type":"","background-media":"","overlay-type":"","overlay-color":"","overlay-opacity":"","overlay-gradient":""},"tablet":{"background-color":"var(--ast-global-color-5)","background-image":"","background-repeat":"repeat","background-position":"center center","background-size":"auto","background-attachment":"scroll","background-type":"","background-media":"","overlay-type":"","overlay-color":"","overlay-opacity":"","overlay-gradient":""},"mobile":{"background-color":"var(--ast-global-color-5)","background-image":"","background-repeat":"repeat","background-position":"center center","background-size":"auto","background-attachment":"scroll","background-type":"","background-media":"","overlay-type":"","overlay-color":"","overlay-opacity":"","overlay-gradient":""}}},"product_brand":[],"product_cat":[18,465],"product_tag":[34,35,36,37,1136,39,40,318,319,93,1137,99],"class_list":{"0":"post-21541","1":"product","2":"type-product","3":"status-publish","4":"has-post-thumbnail","6":"product_cat-city-maps","7":"product_cat-featured_esp","8":"product_tag-30x40","9":"product_tag-40x50","10":"product_tag-50x70","11":"product_tag-70x100","12":"product_tag-andalusia","13":"product_tag-canvas","14":"product_tag-city-map","15":"product_tag-espagne","16":"product_tag-espana","17":"product_tag-europe","18":"product_tag-sevilla","19":"product_tag-spain","20":"desktop-align-left","21":"tablet-align-left","22":"mobile-align-left","24":"first","25":"instock","26":"shipping-taxable","27":"purchasable","28":"product-type-variable"},"aioseo_notices":[],"uagb_featured_image_src":{"full":["https:\/\/mapospheres.eu\/wp-content\/uploads\/2026\/03\/CANVAS_13_BW_MP_3_SEVILLA.jpg",1000,1000,false],"thumbnail":["https:\/\/mapospheres.eu\/wp-content\/uploads\/2026\/03\/CANVAS_13_BW_MP_3_SEVILLA-150x150.jpg",150,150,true],"medium":["https:\/\/mapospheres.eu\/wp-content\/uploads\/2026\/03\/CANVAS_13_BW_MP_3_SEVILLA-300x300.jpg",300,300,true],"medium_large":["https:\/\/mapospheres.eu\/wp-content\/uploads\/2026\/03\/CANVAS_13_BW_MP_3_SEVILLA-768x768.jpg",768,768,true],"large":["https:\/\/mapospheres.eu\/wp-content\/uploads\/2026\/03\/CANVAS_13_BW_MP_3_SEVILLA.jpg",1000,1000,false],"1536x1536":["https:\/\/mapospheres.eu\/wp-content\/uploads\/2026\/03\/CANVAS_13_BW_MP_3_SEVILLA.jpg",1000,1000,false],"2048x2048":["https:\/\/mapospheres.eu\/wp-content\/uploads\/2026\/03\/CANVAS_13_BW_MP_3_SEVILLA.jpg",1000,1000,false],"woocommerce_thumbnail":["https:\/\/mapospheres.eu\/wp-content\/uploads\/2026\/03\/CANVAS_13_BW_MP_3_SEVILLA-300x300.jpg",300,300,true],"woocommerce_single":["https:\/\/mapospheres.eu\/wp-content\/uploads\/2026\/03\/CANVAS_13_BW_MP_3_SEVILLA-600x600.jpg",600,600,true],"woocommerce_gallery_thumbnail":["https:\/\/mapospheres.eu\/wp-content\/uploads\/2026\/03\/CANVAS_13_BW_MP_3_SEVILLA-100x100.jpg",100,100,true]},"uagb_author_info":{"display_name":"sgainot04@gmail.com","author_link":"https:\/\/mapospheres.eu\/fr\/author\/"},"uagb_comment_info":0,"uagb_excerpt":"Achetez une City Map \u2013 Carte de ville murale - imprim\u00e9e de la ville de S\u00e9ville, Espagne. Choisissez ci-dessous la taille, la couleur et le design de votre carte !","_links":{"self":[{"href":"https:\/\/mapospheres.eu\/fr\/wp-json\/wp\/v2\/product\/21541","targetHints":{"allow":["GET"]}}],"collection":[{"href":"https:\/\/mapospheres.eu\/fr\/wp-json\/wp\/v2\/product"}],"about":[{"href":"https:\/\/mapospheres.eu\/fr\/wp-json\/wp\/v2\/types\/product"}],"wp:featuredmedia":[{"embeddable":true,"href":"https:\/\/mapospheres.eu\/fr\/wp-json\/wp\/v2\/media\/24887"}],"wp:attachment":[{"href":"https:\/\/mapospheres.eu\/fr\/wp-json\/wp\/v2\/media?parent=21541"}],"wp:term":[{"taxonomy":"product_brand","embeddable":true,"href":"https:\/\/mapospheres.eu\/fr\/wp-json\/wp\/v2\/product_brand?post=21541"},{"taxonomy":"product_cat","embeddable":true,"href":"https:\/\/mapospheres.eu\/fr\/wp-json\/wp\/v2\/product_cat?post=21541"},{"taxonomy":"product_tag","embeddable":true,"href":"https:\/\/mapospheres.eu\/fr\/wp-json\/wp\/v2\/product_tag?post=21541"}],"curies":[{"name":"wp","href":"https:\/\/api.w.org\/{rel}","templated":true}]}}