{"id":21542,"date":"2026-03-17T13:57:35","date_gmt":"2026-03-17T13:57:35","guid":{"rendered":"https:\/\/mapospheres.eu\/product\/poster-of-leon-spain\/"},"modified":"2026-04-13T14:50:48","modified_gmt":"2026-04-13T14:50:48","slug":"poster-of-leon-spain","status":"publish","type":"product","link":"https:\/\/mapospheres.eu\/fr\/product\/poster-de-leon-espagne\/","title":{"rendered":"Poster de Leon | Espagne"},"content":{"rendered":"<p><strong>Poster City map de Le\u00f3n, Espagne : une invitation \u00e0 ralentir, \u00e0 contempler la beaut\u00e9 et \u00e0 d\u00e9couvrir les histoires cach\u00e9es dans ses rues.<\/strong><\/p>\n<p>Au pied de la Sierra de la Demanda, la carte r\u00e9v\u00e8le avec une clart\u00e9 saisissante l\u2019\u00e9crin naturel de la ville, des collines ondoyantes qui l\u2019entourent jusqu\u2019aux vastes plaines s\u2019\u00e9tirant vers l\u2019horizon. Le r\u00edo Bernesga traverse Le\u00f3n avec gr\u00e2ce, son cours sinueux apportant une touche de s\u00e9r\u00e9nit\u00e9 au paysage urbain. Ses berges, ponctu\u00e9es d\u2019arbres et d\u2019espaces verts, dessinent des respirations naturelles dans la trame de la ville, offrant des refuges paisibles o\u00f9 l\u2019on peut s\u2019arr\u00eater et se ressourcer.<\/p>\n<p>Le\u00f3n est r\u00e9put\u00e9e pour ses parcs et jardins empreints de douceur, et la carte met en lumi\u00e8re ces oasis de tranquillit\u00e9 qui font vibrer la ville. Le Parque de la Candamia, avec ses sentiers et ses vastes prairies, invite \u00e0 la fl\u00e2nerie ou \u00e0 la simplicit\u00e9 d\u2019un pique-nique sous le soleil espagnol. Plus pr\u00e8s du c\u0153ur urbain, les Jardines de San Marcelo, avec leurs all\u00e9es soign\u00e9es et leurs recoins apaisants, offrent une parenth\u00e8se de calme au centre de la ville.<\/p>\n<p>L\u2019histoire riche de Le\u00f3n s\u2019exprime pleinement dans l\u2019attention port\u00e9e \u00e0 ses monuments les plus embl\u00e9matiques. L\u2019imposante Cath\u00e9drale de Le\u00f3n, avec ses fl\u00e8ches gothiques qui s\u2019\u00e9lancent vers le ciel et ses vitraux \u00e9clatants, s\u2019impose comme la v\u00e9ritable \u00e9toile de la ville. Non loin, la Basilique de San Isidoro, empreinte de charme roman, t\u00e9moigne des racines m\u00e9di\u00e9vales profondes de Le\u00f3n. Les rues anciennes, en particulier celles du Barrio H\u00famedo, sont finement dessin\u00e9es sur la carte, avec leurs ruelles \u00e9troites et sinueuses qui semblent encore r\u00e9sonner des pas des voyageurs, marchands et p\u00e8lerins en route vers Saint-Jacques-de-Compostelle.<\/p>\n","protected":false},"excerpt":{"rendered":"<p>Achetez une City Map \u2013 Carte de ville murale &#8211; imprim\u00e9e de la ville de Leon, Espagne.<br \/>\nChoisissez ci-dessous la taille, la couleur et le design de votre carte !<\/p>\n","protected":false},"featured_media":24876,"template":"","meta":{"_uag_custom_page_level_css":"","_monsterinsights_skip_tracking":false,"_monsterinsights_sitenote_active":false,"_monsterinsights_sitenote_note":"","_monsterinsights_sitenote_category":0,"site-sidebar-layout":"default","site-content-layout":"","ast-site-content-layout":"default","site-content-style":"default","site-sidebar-style":"default","ast-global-header-display":"","ast-banner-title-visibility":"","ast-main-header-display":"","ast-hfb-above-header-display":"","ast-hfb-below-header-display":"","ast-hfb-mobile-header-display":"","site-post-title":"","ast-breadcrumbs-content":"","ast-featured-img":"","footer-sml-layout":"","ast-disable-related-posts":"","theme-transparent-header-meta":"default","adv-header-id-meta":"","stick-header-meta":"","header-above-stick-meta":"","header-main-stick-meta":"","header-below-stick-meta":"","astra-migrate-meta-layouts":"set","ast-page-background-enabled":"default","ast-page-background-meta":{"desktop":{"background-color":"","background-image":"","background-repeat":"repeat","background-position":"center center","background-size":"auto","background-attachment":"scroll","background-type":"","background-media":"","overlay-type":"","overlay-color":"","overlay-opacity":"","overlay-gradient":""},"tablet":{"background-color":"","background-image":"","background-repeat":"repeat","background-position":"center center","background-size":"auto","background-attachment":"scroll","background-type":"","background-media":"","overlay-type":"","overlay-color":"","overlay-opacity":"","overlay-gradient":""},"mobile":{"background-color":"","background-image":"","background-repeat":"repeat","background-position":"center center","background-size":"auto","background-attachment":"scroll","background-type":"","background-media":"","overlay-type":"","overlay-color":"","overlay-opacity":"","overlay-gradient":""}},"ast-content-background-meta":{"desktop":{"background-color":"var(--ast-global-color-5)","background-image":"","background-repeat":"repeat","background-position":"center center","background-size":"auto","background-attachment":"scroll","background-type":"","background-media":"","overlay-type":"","overlay-color":"","overlay-opacity":"","overlay-gradient":""},"tablet":{"background-color":"var(--ast-global-color-5)","background-image":"","background-repeat":"repeat","background-position":"center center","background-size":"auto","background-attachment":"scroll","background-type":"","background-media":"","overlay-type":"","overlay-color":"","overlay-opacity":"","overlay-gradient":""},"mobile":{"background-color":"var(--ast-global-color-5)","background-image":"","background-repeat":"repeat","background-position":"center center","background-size":"auto","background-attachment":"scroll","background-type":"","background-media":"","overlay-type":"","overlay-color":"","overlay-opacity":"","overlay-gradient":""}}},"product_brand":[],"product_cat":[18,465],"product_tag":[34,35,36,37,39,1113,40,318,319,93,1135,99],"class_list":{"0":"post-21542","1":"product","2":"type-product","3":"status-publish","4":"has-post-thumbnail","6":"product_cat-city-maps","7":"product_cat-featured_esp","8":"product_tag-30x40","9":"product_tag-40x50","10":"product_tag-50x70","11":"product_tag-70x100","12":"product_tag-canvas","13":"product_tag-castilla-y-leon","14":"product_tag-city-map","15":"product_tag-espagne","16":"product_tag-espana","17":"product_tag-europe","18":"product_tag-leon","19":"product_tag-spain","20":"desktop-align-left","21":"tablet-align-left","22":"mobile-align-left","24":"first","25":"instock","26":"shipping-taxable","27":"purchasable","28":"product-type-variable"},"aioseo_notices":[],"uagb_featured_image_src":{"full":["https:\/\/mapospheres.eu\/wp-content\/uploads\/2026\/03\/CANVAS_13_BW_MP_3_LEON.jpg",1000,1000,false],"thumbnail":["https:\/\/mapospheres.eu\/wp-content\/uploads\/2026\/03\/CANVAS_13_BW_MP_3_LEON-150x150.jpg",150,150,true],"medium":["https:\/\/mapospheres.eu\/wp-content\/uploads\/2026\/03\/CANVAS_13_BW_MP_3_LEON-300x300.jpg",300,300,true],"medium_large":["https:\/\/mapospheres.eu\/wp-content\/uploads\/2026\/03\/CANVAS_13_BW_MP_3_LEON-768x768.jpg",768,768,true],"large":["https:\/\/mapospheres.eu\/wp-content\/uploads\/2026\/03\/CANVAS_13_BW_MP_3_LEON.jpg",1000,1000,false],"1536x1536":["https:\/\/mapospheres.eu\/wp-content\/uploads\/2026\/03\/CANVAS_13_BW_MP_3_LEON.jpg",1000,1000,false],"2048x2048":["https:\/\/mapospheres.eu\/wp-content\/uploads\/2026\/03\/CANVAS_13_BW_MP_3_LEON.jpg",1000,1000,false],"woocommerce_thumbnail":["https:\/\/mapospheres.eu\/wp-content\/uploads\/2026\/03\/CANVAS_13_BW_MP_3_LEON-300x300.jpg",300,300,true],"woocommerce_single":["https:\/\/mapospheres.eu\/wp-content\/uploads\/2026\/03\/CANVAS_13_BW_MP_3_LEON-600x600.jpg",600,600,true],"woocommerce_gallery_thumbnail":["https:\/\/mapospheres.eu\/wp-content\/uploads\/2026\/03\/CANVAS_13_BW_MP_3_LEON-100x100.jpg",100,100,true]},"uagb_author_info":{"display_name":"sgainot04@gmail.com","author_link":"https:\/\/mapospheres.eu\/fr\/author\/"},"uagb_comment_info":0,"uagb_excerpt":"Achetez une City Map \u2013 Carte de ville murale - imprim\u00e9e de la ville de Leon, Espagne. Choisissez ci-dessous la taille, la couleur et le design de votre carte !","_links":{"self":[{"href":"https:\/\/mapospheres.eu\/fr\/wp-json\/wp\/v2\/product\/21542","targetHints":{"allow":["GET"]}}],"collection":[{"href":"https:\/\/mapospheres.eu\/fr\/wp-json\/wp\/v2\/product"}],"about":[{"href":"https:\/\/mapospheres.eu\/fr\/wp-json\/wp\/v2\/types\/product"}],"wp:featuredmedia":[{"embeddable":true,"href":"https:\/\/mapospheres.eu\/fr\/wp-json\/wp\/v2\/media\/24876"}],"wp:attachment":[{"href":"https:\/\/mapospheres.eu\/fr\/wp-json\/wp\/v2\/media?parent=21542"}],"wp:term":[{"taxonomy":"product_brand","embeddable":true,"href":"https:\/\/mapospheres.eu\/fr\/wp-json\/wp\/v2\/product_brand?post=21542"},{"taxonomy":"product_cat","embeddable":true,"href":"https:\/\/mapospheres.eu\/fr\/wp-json\/wp\/v2\/product_cat?post=21542"},{"taxonomy":"product_tag","embeddable":true,"href":"https:\/\/mapospheres.eu\/fr\/wp-json\/wp\/v2\/product_tag?post=21542"}],"curies":[{"name":"wp","href":"https:\/\/api.w.org\/{rel}","templated":true}]}}