{"id":21543,"date":"2026-03-17T13:57:39","date_gmt":"2026-03-17T13:57:39","guid":{"rendered":"https:\/\/mapospheres.eu\/product\/poster-of-valladolid-spain\/"},"modified":"2026-04-01T14:03:55","modified_gmt":"2026-04-01T14:03:55","slug":"poster-of-valladolid-spain","status":"publish","type":"product","link":"https:\/\/mapospheres.eu\/fr\/product\/poster-de-valladolid-espagne\/","title":{"rendered":"Poster de Valladolid | Espagne"},"content":{"rendered":"<p><strong>Poster City map de Valladolid, Espagne : dans un \u00e9quilibre parfait entre espaces verdoyants, tr\u00e9sors historiques et charme intemporel, elle vous invite \u00e0 suspendre le temps, \u00e0 contempler, et \u00e0 imaginer les r\u00e9cits que cette ville murmure depuis des si\u00e8cles.<\/strong><\/p>\n<p>Au c\u0153ur du plateau castillan, la carte d\u00e9voile avec \u00e9l\u00e9gance le relief paisible de la ville, o\u00f9 la terre semble s\u2019\u00e9tirer \u00e0 l\u2019infini, ponctu\u00e9e de rivi\u00e8res et d\u2019\u00e9crins de verdure. Le majestueux R\u00edo Pisuerga serpente \u00e0 travers Valladolid, traversant son \u00e2me comme un fil discret mais constant, insufflant vie et mouvement \u00e0 ce paysage empreint de s\u00e9r\u00e9nit\u00e9. Ce qui rend cette carte v\u00e9ritablement unique, c\u2019est la mani\u00e8re dont elle r\u00e9v\u00e8le l\u2019harmonie entre l\u2019effervescence urbaine et la douceur naturelle. Les nombreux parcs et jardins y sont mis en lumi\u00e8re avec d\u00e9licatesse, notamment le vaste Campo Grande, v\u00e9ritable refuge de verdure au c\u0153ur de la ville, o\u00f9 l\u2019on fl\u00e2ne sous l\u2019ombre d\u2019arbres centenaires ou au bord d\u2019un lac paisible. Ses all\u00e9es sinueuses \u00e9pousent les contours d\u2019\u00e9tangs tranquilles, tandis que ses jardins soigneusement entretenus offrent une parenth\u00e8se de qui\u00e9tude loin de l\u2019agitation citadine. Ces espaces vivants insufflent \u00e0 la carte une respiration po\u00e9tique, venant \u00e9quilibrer la rigueur des lignes trac\u00e9es par les rues et les places. La Plaza Mayor, vaste \u00e9crin bord\u00e9 d\u2019\u00e9l\u00e9gantes fa\u00e7ades, demeure l\u2019un des c\u0153urs battants de la ville, vibrant d\u2019une \u00e9nergie chaleureuse. L\u2019imposante Catedral de Valladolid, avec sa fa\u00e7ade classique, s\u2019\u00e9l\u00e8ve avec majest\u00e9, t\u00e9moignage silencieux de si\u00e8cles de foi et de grandeur architecturale. La carte saisit \u00e9galement la gr\u00e2ce de l\u2019Iglesia de San Pablo, chef-d\u2019\u0153uvre gothique qui murmure encore les \u00e9chos du pass\u00e9 m\u00e9di\u00e9val de la ville.<\/p>\n","protected":false},"excerpt":{"rendered":"<p>Obtenez une City Map \u2013 Carte de ville murale &#8211; imprim\u00e9e de la ville de Valladolid, Espagne. <\/p>\n","protected":false},"featured_media":24342,"template":"","meta":{"_uag_custom_page_level_css":"","_monsterinsights_skip_tracking":false,"_monsterinsights_sitenote_active":false,"_monsterinsights_sitenote_note":"","_monsterinsights_sitenote_category":0,"site-sidebar-layout":"default","site-content-layout":"","ast-site-content-layout":"default","site-content-style":"default","site-sidebar-style":"default","ast-global-header-display":"","ast-banner-title-visibility":"","ast-main-header-display":"","ast-hfb-above-header-display":"","ast-hfb-below-header-display":"","ast-hfb-mobile-header-display":"","site-post-title":"","ast-breadcrumbs-content":"","ast-featured-img":"","footer-sml-layout":"","ast-disable-related-posts":"","theme-transparent-header-meta":"default","adv-header-id-meta":"","stick-header-meta":"","header-above-stick-meta":"","header-main-stick-meta":"","header-below-stick-meta":"","astra-migrate-meta-layouts":"set","ast-page-background-enabled":"default","ast-page-background-meta":{"desktop":{"background-color":"","background-image":"","background-repeat":"repeat","background-position":"center center","background-size":"auto","background-attachment":"scroll","background-type":"","background-media":"","overlay-type":"","overlay-color":"","overlay-opacity":"","overlay-gradient":""},"tablet":{"background-color":"","background-image":"","background-repeat":"repeat","background-position":"center center","background-size":"auto","background-attachment":"scroll","background-type":"","background-media":"","overlay-type":"","overlay-color":"","overlay-opacity":"","overlay-gradient":""},"mobile":{"background-color":"","background-image":"","background-repeat":"repeat","background-position":"center center","background-size":"auto","background-attachment":"scroll","background-type":"","background-media":"","overlay-type":"","overlay-color":"","overlay-opacity":"","overlay-gradient":""}},"ast-content-background-meta":{"desktop":{"background-color":"var(--ast-global-color-5)","background-image":"","background-repeat":"repeat","background-position":"center center","background-size":"auto","background-attachment":"scroll","background-type":"","background-media":"","overlay-type":"","overlay-color":"","overlay-opacity":"","overlay-gradient":""},"tablet":{"background-color":"var(--ast-global-color-5)","background-image":"","background-repeat":"repeat","background-position":"center center","background-size":"auto","background-attachment":"scroll","background-type":"","background-media":"","overlay-type":"","overlay-color":"","overlay-opacity":"","overlay-gradient":""},"mobile":{"background-color":"var(--ast-global-color-5)","background-image":"","background-repeat":"repeat","background-position":"center center","background-size":"auto","background-attachment":"scroll","background-type":"","background-media":"","overlay-type":"","overlay-color":"","overlay-opacity":"","overlay-gradient":""}}},"product_brand":[],"product_cat":[18,465],"product_tag":[34,35,36,37,39,1113,40,318,319,93,99,1114],"class_list":{"0":"post-21543","1":"product","2":"type-product","3":"status-publish","4":"has-post-thumbnail","6":"product_cat-city-maps","7":"product_cat-featured_esp","8":"product_tag-30x40","9":"product_tag-40x50","10":"product_tag-50x70","11":"product_tag-70x100","12":"product_tag-canvas","13":"product_tag-castilla-y-leon","14":"product_tag-city-map","15":"product_tag-espagne","16":"product_tag-espana","17":"product_tag-europe","18":"product_tag-spain","19":"product_tag-valladolid","20":"desktop-align-left","21":"tablet-align-left","22":"mobile-align-left","24":"first","25":"instock","26":"shipping-taxable","27":"purchasable","28":"product-type-variable"},"aioseo_notices":[],"uagb_featured_image_src":{"full":["https:\/\/mapospheres.eu\/wp-content\/uploads\/2026\/03\/CANVAS_13_BW_MP_3_VALLADOLID.jpg",1000,1000,false],"thumbnail":["https:\/\/mapospheres.eu\/wp-content\/uploads\/2026\/03\/CANVAS_13_BW_MP_3_VALLADOLID-150x150.jpg",150,150,true],"medium":["https:\/\/mapospheres.eu\/wp-content\/uploads\/2026\/03\/CANVAS_13_BW_MP_3_VALLADOLID-300x300.jpg",300,300,true],"medium_large":["https:\/\/mapospheres.eu\/wp-content\/uploads\/2026\/03\/CANVAS_13_BW_MP_3_VALLADOLID-768x768.jpg",768,768,true],"large":["https:\/\/mapospheres.eu\/wp-content\/uploads\/2026\/03\/CANVAS_13_BW_MP_3_VALLADOLID.jpg",1000,1000,false],"1536x1536":["https:\/\/mapospheres.eu\/wp-content\/uploads\/2026\/03\/CANVAS_13_BW_MP_3_VALLADOLID.jpg",1000,1000,false],"2048x2048":["https:\/\/mapospheres.eu\/wp-content\/uploads\/2026\/03\/CANVAS_13_BW_MP_3_VALLADOLID.jpg",1000,1000,false],"woocommerce_thumbnail":["https:\/\/mapospheres.eu\/wp-content\/uploads\/2026\/03\/CANVAS_13_BW_MP_3_VALLADOLID-300x300.jpg",300,300,true],"woocommerce_single":["https:\/\/mapospheres.eu\/wp-content\/uploads\/2026\/03\/CANVAS_13_BW_MP_3_VALLADOLID-600x600.jpg",600,600,true],"woocommerce_gallery_thumbnail":["https:\/\/mapospheres.eu\/wp-content\/uploads\/2026\/03\/CANVAS_13_BW_MP_3_VALLADOLID-100x100.jpg",100,100,true]},"uagb_author_info":{"display_name":"sgainot04@gmail.com","author_link":"https:\/\/mapospheres.eu\/fr\/author\/"},"uagb_comment_info":0,"uagb_excerpt":"Obtenez une City Map \u2013 Carte de ville murale - imprim\u00e9e de la ville de Valladolid, Espagne.","_links":{"self":[{"href":"https:\/\/mapospheres.eu\/fr\/wp-json\/wp\/v2\/product\/21543","targetHints":{"allow":["GET"]}}],"collection":[{"href":"https:\/\/mapospheres.eu\/fr\/wp-json\/wp\/v2\/product"}],"about":[{"href":"https:\/\/mapospheres.eu\/fr\/wp-json\/wp\/v2\/types\/product"}],"wp:featuredmedia":[{"embeddable":true,"href":"https:\/\/mapospheres.eu\/fr\/wp-json\/wp\/v2\/media\/24342"}],"wp:attachment":[{"href":"https:\/\/mapospheres.eu\/fr\/wp-json\/wp\/v2\/media?parent=21543"}],"wp:term":[{"taxonomy":"product_brand","embeddable":true,"href":"https:\/\/mapospheres.eu\/fr\/wp-json\/wp\/v2\/product_brand?post=21543"},{"taxonomy":"product_cat","embeddable":true,"href":"https:\/\/mapospheres.eu\/fr\/wp-json\/wp\/v2\/product_cat?post=21543"},{"taxonomy":"product_tag","embeddable":true,"href":"https:\/\/mapospheres.eu\/fr\/wp-json\/wp\/v2\/product_tag?post=21543"}],"curies":[{"name":"wp","href":"https:\/\/api.w.org\/{rel}","templated":true}]}}