{"id":21544,"date":"2026-03-17T13:57:43","date_gmt":"2026-03-17T13:57:43","guid":{"rendered":"https:\/\/mapospheres.eu\/product\/poster-of-vigo-spain\/"},"modified":"2026-04-01T14:03:58","modified_gmt":"2026-04-01T14:03:58","slug":"poster-of-vigo-spain","status":"publish","type":"product","link":"https:\/\/mapospheres.eu\/fr\/product\/poster-de-vigo-espagne\/","title":{"rendered":"Poster de Vigo | Espagne"},"content":{"rendered":"<p><strong>Poster City map de Vigo, Espagne : d\u00e9couvrez une \u0153uvre cartographique qui saisit l\u2019\u00e2me de ce joyau c\u00f4tier de Galice, o\u00f9 dialoguent harmonieusement l\u2019ancien et le moderne, la terre et l\u2019oc\u00e9an.<\/strong><\/p>\n<p>Entre les collines de la R\u00eda de Vigo et l\u2019immensit\u00e9 de l\u2019oc\u00e9an Atlantique, la carte r\u00e9v\u00e8le avec po\u00e9sie la topographie spectaculaire de la ville. Le paysage se dessine en pentes escarp\u00e9es et en reliefs sauvages qui s\u2019\u00e9coulent doucement vers les eaux scintillantes de la baie, offrant un panorama vivant, en perp\u00e9tuelle m\u00e9tamorphose. Au nord, les hauteurs majestueuses de O Castro d\u00e9ploient une vue imprenable sur le port et les \u00eeles alentour, o\u00f9 l\u2019Isla de Toralla et les Islas C\u00edes semblent pos\u00e9es l\u00e0 comme par le geste d\u00e9licat d\u2019un peintre. Ces \u00eeles, appartenant au Parc national des \u00eeles Atlantiques de Galice, sont un refuge pour les amoureux de nature et \u00e9veillent un imaginaire peupl\u00e9 de myst\u00e8res et de l\u00e9gendes anciennes. La carte met \u00e9galement en lumi\u00e8re les \u00e9crins de verdure qui ponctuent la ville, offrant un contraste apaisant avec l\u2019effervescence urbaine et les rivages marins. Le Parque de Castrelos en est une illustration \u00e9clatante, avec ses all\u00e9es majestueuses bord\u00e9es d\u2019arbres, ses \u00e9tangs paisibles et son \u00e9l\u00e9gant manoir\u2026 Autant de lieux charg\u00e9s d\u2019histoires, o\u00f9 l\u2019on devine les pas des p\u00eacheurs, marchands et aventuriers d\u2019autrefois, tourn\u00e9s vers la mer qui fa\u00e7onna leur destin. Au c\u0153ur vibrant de la ville se d\u00e9voile la Plaza de la Constituci\u00f3n, point de rencontre anim\u00e9 o\u00f9 habitants et voyageurs partagent l\u2019\u00e9nergie singuli\u00e8re de ce port vivant. Depuis cette place, la carte serpente \u00e0 travers les ruelles \u00e9troites et sinueuses jusqu\u2019au Porto de Vigo, l\u2019un des ports les plus importants d\u2019Espagne, toujours anim\u00e9 par les bateaux de p\u00eache et les ferries reliant les \u00eeles voisines. Elle souligne enfin la pr\u00e9sence de l\u2019Iglesia de Santa Mar\u00eda \u2014 subtile alliance d\u2019architecture m\u00e9di\u00e9vale et baroque \u2014 ainsi que le Museo de Arte Contempor\u00e1neo (MARCO), t\u00e9moin moderne de l\u2019essor culturel de Vigo.<\/p>\n","protected":false},"excerpt":{"rendered":"<p>Obtenez une City Map \u2013 Carte de ville murale &#8211; imprim\u00e9e de la ville de Vigo, Espagne.<br \/>\nChoisissez ci-dessous la taille, la couleur et le design de votre carte !<\/p>\n","protected":false},"featured_media":24352,"template":"","meta":{"_uag_custom_page_level_css":"","_monsterinsights_skip_tracking":false,"_monsterinsights_sitenote_active":false,"_monsterinsights_sitenote_note":"","_monsterinsights_sitenote_category":0,"site-sidebar-layout":"default","site-content-layout":"","ast-site-content-layout":"default","site-content-style":"default","site-sidebar-style":"default","ast-global-header-display":"","ast-banner-title-visibility":"","ast-main-header-display":"","ast-hfb-above-header-display":"","ast-hfb-below-header-display":"","ast-hfb-mobile-header-display":"","site-post-title":"","ast-breadcrumbs-content":"","ast-featured-img":"","footer-sml-layout":"","ast-disable-related-posts":"","theme-transparent-header-meta":"default","adv-header-id-meta":"","stick-header-meta":"","header-above-stick-meta":"","header-main-stick-meta":"","header-below-stick-meta":"","astra-migrate-meta-layouts":"set","ast-page-background-enabled":"default","ast-page-background-meta":{"desktop":{"background-color":"","background-image":"","background-repeat":"repeat","background-position":"center center","background-size":"auto","background-attachment":"scroll","background-type":"","background-media":"","overlay-type":"","overlay-color":"","overlay-opacity":"","overlay-gradient":""},"tablet":{"background-color":"","background-image":"","background-repeat":"repeat","background-position":"center center","background-size":"auto","background-attachment":"scroll","background-type":"","background-media":"","overlay-type":"","overlay-color":"","overlay-opacity":"","overlay-gradient":""},"mobile":{"background-color":"","background-image":"","background-repeat":"repeat","background-position":"center center","background-size":"auto","background-attachment":"scroll","background-type":"","background-media":"","overlay-type":"","overlay-color":"","overlay-opacity":"","overlay-gradient":""}},"ast-content-background-meta":{"desktop":{"background-color":"var(--ast-global-color-5)","background-image":"","background-repeat":"repeat","background-position":"center center","background-size":"auto","background-attachment":"scroll","background-type":"","background-media":"","overlay-type":"","overlay-color":"","overlay-opacity":"","overlay-gradient":""},"tablet":{"background-color":"var(--ast-global-color-5)","background-image":"","background-repeat":"repeat","background-position":"center center","background-size":"auto","background-attachment":"scroll","background-type":"","background-media":"","overlay-type":"","overlay-color":"","overlay-opacity":"","overlay-gradient":""},"mobile":{"background-color":"var(--ast-global-color-5)","background-image":"","background-repeat":"repeat","background-position":"center center","background-size":"auto","background-attachment":"scroll","background-type":"","background-media":"","overlay-type":"","overlay-color":"","overlay-opacity":"","overlay-gradient":""}}},"product_brand":[],"product_cat":[18,465],"product_tag":[34,35,36,37,39,40,318,319,93,346,99,1115],"class_list":{"0":"post-21544","1":"product","2":"type-product","3":"status-publish","4":"has-post-thumbnail","6":"product_cat-city-maps","7":"product_cat-featured_esp","8":"product_tag-30x40","9":"product_tag-40x50","10":"product_tag-50x70","11":"product_tag-70x100","12":"product_tag-canvas","13":"product_tag-city-map","14":"product_tag-espagne","15":"product_tag-espana","16":"product_tag-europe","17":"product_tag-galicia","18":"product_tag-spain","19":"product_tag-vigo","20":"desktop-align-left","21":"tablet-align-left","22":"mobile-align-left","24":"first","25":"instock","26":"shipping-taxable","27":"purchasable","28":"product-type-variable"},"aioseo_notices":[],"uagb_featured_image_src":{"full":["https:\/\/mapospheres.eu\/wp-content\/uploads\/2026\/03\/CANVAS_11_NIGHT_3RD_1_VIGO.jpg",1000,1000,false],"thumbnail":["https:\/\/mapospheres.eu\/wp-content\/uploads\/2026\/03\/CANVAS_11_NIGHT_3RD_1_VIGO-150x150.jpg",150,150,true],"medium":["https:\/\/mapospheres.eu\/wp-content\/uploads\/2026\/03\/CANVAS_11_NIGHT_3RD_1_VIGO-300x300.jpg",300,300,true],"medium_large":["https:\/\/mapospheres.eu\/wp-content\/uploads\/2026\/03\/CANVAS_11_NIGHT_3RD_1_VIGO-768x768.jpg",768,768,true],"large":["https:\/\/mapospheres.eu\/wp-content\/uploads\/2026\/03\/CANVAS_11_NIGHT_3RD_1_VIGO.jpg",1000,1000,false],"1536x1536":["https:\/\/mapospheres.eu\/wp-content\/uploads\/2026\/03\/CANVAS_11_NIGHT_3RD_1_VIGO.jpg",1000,1000,false],"2048x2048":["https:\/\/mapospheres.eu\/wp-content\/uploads\/2026\/03\/CANVAS_11_NIGHT_3RD_1_VIGO.jpg",1000,1000,false],"woocommerce_thumbnail":["https:\/\/mapospheres.eu\/wp-content\/uploads\/2026\/03\/CANVAS_11_NIGHT_3RD_1_VIGO-300x300.jpg",300,300,true],"woocommerce_single":["https:\/\/mapospheres.eu\/wp-content\/uploads\/2026\/03\/CANVAS_11_NIGHT_3RD_1_VIGO-600x600.jpg",600,600,true],"woocommerce_gallery_thumbnail":["https:\/\/mapospheres.eu\/wp-content\/uploads\/2026\/03\/CANVAS_11_NIGHT_3RD_1_VIGO-100x100.jpg",100,100,true]},"uagb_author_info":{"display_name":"sgainot04@gmail.com","author_link":"https:\/\/mapospheres.eu\/fr\/author\/"},"uagb_comment_info":0,"uagb_excerpt":"Obtenez une City Map \u2013 Carte de ville murale - imprim\u00e9e de la ville de Vigo, Espagne. Choisissez ci-dessous la taille, la couleur et le design de votre carte !","_links":{"self":[{"href":"https:\/\/mapospheres.eu\/fr\/wp-json\/wp\/v2\/product\/21544","targetHints":{"allow":["GET"]}}],"collection":[{"href":"https:\/\/mapospheres.eu\/fr\/wp-json\/wp\/v2\/product"}],"about":[{"href":"https:\/\/mapospheres.eu\/fr\/wp-json\/wp\/v2\/types\/product"}],"wp:featuredmedia":[{"embeddable":true,"href":"https:\/\/mapospheres.eu\/fr\/wp-json\/wp\/v2\/media\/24352"}],"wp:attachment":[{"href":"https:\/\/mapospheres.eu\/fr\/wp-json\/wp\/v2\/media?parent=21544"}],"wp:term":[{"taxonomy":"product_brand","embeddable":true,"href":"https:\/\/mapospheres.eu\/fr\/wp-json\/wp\/v2\/product_brand?post=21544"},{"taxonomy":"product_cat","embeddable":true,"href":"https:\/\/mapospheres.eu\/fr\/wp-json\/wp\/v2\/product_cat?post=21544"},{"taxonomy":"product_tag","embeddable":true,"href":"https:\/\/mapospheres.eu\/fr\/wp-json\/wp\/v2\/product_tag?post=21544"}],"curies":[{"name":"wp","href":"https:\/\/api.w.org\/{rel}","templated":true}]}}