{"id":21545,"date":"2026-03-17T13:57:50","date_gmt":"2026-03-17T13:57:50","guid":{"rendered":"https:\/\/mapospheres.eu\/product\/poster-of-santiago-spain\/"},"modified":"2026-04-01T14:03:53","modified_gmt":"2026-04-01T14:03:53","slug":"poster-of-santiago-spain","status":"publish","type":"product","link":"https:\/\/mapospheres.eu\/fr\/product\/poster-de-saint-jacques-de-compostelle-espagne\/","title":{"rendered":"Poster de Saint Jacques de Compostelle | Espagne"},"content":{"rendered":"<p><strong>Poster City map de Saint Jacques de Compostelle, Espagne : la carte de Santiago est un hommage saisissant \u00e0 une ville o\u00f9 l\u2019histoire, la spiritualit\u00e9 et la nature s\u2019unissent en une harmonie empreinte de po\u00e9sie.<\/strong><\/p>\n<p>Nich\u00e9e au c\u0153ur des collines verdoyantes et ondoyantes de la Galice, Santiago d\u00e9voile un relief captur\u00e9 avec d\u00e9licatesse, de ses ruelles sinueuses et pleines de charme aux paysages luxuriants qui l\u2019enlacent. La carte esquisse avec \u00e9l\u00e9gance les pentes douces qui s\u2019\u00e9l\u00e8vent depuis le centre, o\u00f9 la vieille ville \u2014 class\u00e9e au patrimoine mondial de l\u2019UNESCO \u2014 se d\u00e9ploie comme un livre ancien que l\u2019on feuillette avec \u00e9motion. Les collines bois\u00e9es, \u00e9crin naturel de la cit\u00e9, instaurent une atmosph\u00e8re paisible et presque hors du temps, source d\u2019inspiration pour p\u00e8lerins et artistes depuis des si\u00e8cles. Le Parque de la Alameda, offrant des perspectives majestueuses sur la Catedral de Santiago \u2014 symbole grandiose du p\u00e8lerinage chr\u00e9tien \u2014 invite \u00e0 la contemplation, tandis que le Jard\u00edn Bot\u00e1nico ouvre une parenth\u00e8se de s\u00e9r\u00e9nit\u00e9, o\u00f9 arbres, fleurs et plantes murmurent la beaut\u00e9 naturelle qui entoure cette ville historique. L\u2019\u00e9l\u00e9ment le plus embl\u00e9matique de Santiago \u2014 l\u2019impressionnante Catedral de Santiago \u2014 y appara\u00eet dans toute sa splendeur. Elle repr\u00e9sente l\u2019ultime destination de milliers de p\u00e8lerins parcourant le mythique Camino de Santiago, chemin l\u00e9gendaire charg\u00e9 de foi et d\u2019histoire. Autour d\u2019elle, les ruelles sinueuses aux pav\u00e9s anciens, empreintes de charme m\u00e9di\u00e9val, racontent les si\u00e8cles pass\u00e9s, lorsque des voyageurs venus du monde entier se rassemblaient ici pour c\u00e9l\u00e9brer l\u2019aboutissement de leur qu\u00eate spirituelle.<\/p>\n","protected":false},"excerpt":{"rendered":"<p>Obtenez une City Map \u2013 Carte de ville murale &#8211; imprim\u00e9e de la ville de Saint Jacques de Compostelle, Espagne. <\/p>\n","protected":false},"featured_media":24369,"template":"","meta":{"_uag_custom_page_level_css":"","_monsterinsights_skip_tracking":false,"_monsterinsights_sitenote_active":false,"_monsterinsights_sitenote_note":"","_monsterinsights_sitenote_category":0,"site-sidebar-layout":"default","site-content-layout":"","ast-site-content-layout":"default","site-content-style":"default","site-sidebar-style":"default","ast-global-header-display":"","ast-banner-title-visibility":"","ast-main-header-display":"","ast-hfb-above-header-display":"","ast-hfb-below-header-display":"","ast-hfb-mobile-header-display":"","site-post-title":"","ast-breadcrumbs-content":"","ast-featured-img":"","footer-sml-layout":"","ast-disable-related-posts":"","theme-transparent-header-meta":"default","adv-header-id-meta":"","stick-header-meta":"","header-above-stick-meta":"","header-main-stick-meta":"","header-below-stick-meta":"","astra-migrate-meta-layouts":"set","ast-page-background-enabled":"default","ast-page-background-meta":{"desktop":{"background-color":"","background-image":"","background-repeat":"repeat","background-position":"center center","background-size":"auto","background-attachment":"scroll","background-type":"","background-media":"","overlay-type":"","overlay-color":"","overlay-opacity":"","overlay-gradient":""},"tablet":{"background-color":"","background-image":"","background-repeat":"repeat","background-position":"center center","background-size":"auto","background-attachment":"scroll","background-type":"","background-media":"","overlay-type":"","overlay-color":"","overlay-opacity":"","overlay-gradient":""},"mobile":{"background-color":"","background-image":"","background-repeat":"repeat","background-position":"center center","background-size":"auto","background-attachment":"scroll","background-type":"","background-media":"","overlay-type":"","overlay-color":"","overlay-opacity":"","overlay-gradient":""}},"ast-content-background-meta":{"desktop":{"background-color":"var(--ast-global-color-5)","background-image":"","background-repeat":"repeat","background-position":"center center","background-size":"auto","background-attachment":"scroll","background-type":"","background-media":"","overlay-type":"","overlay-color":"","overlay-opacity":"","overlay-gradient":""},"tablet":{"background-color":"var(--ast-global-color-5)","background-image":"","background-repeat":"repeat","background-position":"center center","background-size":"auto","background-attachment":"scroll","background-type":"","background-media":"","overlay-type":"","overlay-color":"","overlay-opacity":"","overlay-gradient":""},"mobile":{"background-color":"var(--ast-global-color-5)","background-image":"","background-repeat":"repeat","background-position":"center center","background-size":"auto","background-attachment":"scroll","background-type":"","background-media":"","overlay-type":"","overlay-color":"","overlay-opacity":"","overlay-gradient":""}}},"product_brand":[],"product_cat":[18,465],"product_tag":[34,35,36,37,39,40,318,319,93,346,753,1116,99],"class_list":{"0":"post-21545","1":"product","2":"type-product","3":"status-publish","4":"has-post-thumbnail","6":"product_cat-city-maps","7":"product_cat-featured_esp","8":"product_tag-30x40","9":"product_tag-40x50","10":"product_tag-50x70","11":"product_tag-70x100","12":"product_tag-canvas","13":"product_tag-city-map","14":"product_tag-espagne","15":"product_tag-espana","16":"product_tag-europe","17":"product_tag-galicia","18":"product_tag-santiago","19":"product_tag-santiago-de-compostela","20":"product_tag-spain","21":"desktop-align-left","22":"tablet-align-left","23":"mobile-align-left","25":"first","26":"instock","27":"shipping-taxable","28":"purchasable","29":"product-type-variable"},"aioseo_notices":[],"uagb_featured_image_src":{"full":["https:\/\/mapospheres.eu\/wp-content\/uploads\/2026\/03\/CANVAS_16_NIGHT_2ND_SANTIAGO_COMPOSTELA.jpg",1000,1000,false],"thumbnail":["https:\/\/mapospheres.eu\/wp-content\/uploads\/2026\/03\/CANVAS_16_NIGHT_2ND_SANTIAGO_COMPOSTELA-150x150.jpg",150,150,true],"medium":["https:\/\/mapospheres.eu\/wp-content\/uploads\/2026\/03\/CANVAS_16_NIGHT_2ND_SANTIAGO_COMPOSTELA-300x300.jpg",300,300,true],"medium_large":["https:\/\/mapospheres.eu\/wp-content\/uploads\/2026\/03\/CANVAS_16_NIGHT_2ND_SANTIAGO_COMPOSTELA-768x768.jpg",768,768,true],"large":["https:\/\/mapospheres.eu\/wp-content\/uploads\/2026\/03\/CANVAS_16_NIGHT_2ND_SANTIAGO_COMPOSTELA.jpg",1000,1000,false],"1536x1536":["https:\/\/mapospheres.eu\/wp-content\/uploads\/2026\/03\/CANVAS_16_NIGHT_2ND_SANTIAGO_COMPOSTELA.jpg",1000,1000,false],"2048x2048":["https:\/\/mapospheres.eu\/wp-content\/uploads\/2026\/03\/CANVAS_16_NIGHT_2ND_SANTIAGO_COMPOSTELA.jpg",1000,1000,false],"woocommerce_thumbnail":["https:\/\/mapospheres.eu\/wp-content\/uploads\/2026\/03\/CANVAS_16_NIGHT_2ND_SANTIAGO_COMPOSTELA-300x300.jpg",300,300,true],"woocommerce_single":["https:\/\/mapospheres.eu\/wp-content\/uploads\/2026\/03\/CANVAS_16_NIGHT_2ND_SANTIAGO_COMPOSTELA-600x600.jpg",600,600,true],"woocommerce_gallery_thumbnail":["https:\/\/mapospheres.eu\/wp-content\/uploads\/2026\/03\/CANVAS_16_NIGHT_2ND_SANTIAGO_COMPOSTELA-100x100.jpg",100,100,true]},"uagb_author_info":{"display_name":"sgainot04@gmail.com","author_link":"https:\/\/mapospheres.eu\/fr\/author\/"},"uagb_comment_info":0,"uagb_excerpt":"Obtenez une City Map \u2013 Carte de ville murale - imprim\u00e9e de la ville de Saint Jacques de Compostelle, Espagne.","_links":{"self":[{"href":"https:\/\/mapospheres.eu\/fr\/wp-json\/wp\/v2\/product\/21545","targetHints":{"allow":["GET"]}}],"collection":[{"href":"https:\/\/mapospheres.eu\/fr\/wp-json\/wp\/v2\/product"}],"about":[{"href":"https:\/\/mapospheres.eu\/fr\/wp-json\/wp\/v2\/types\/product"}],"wp:featuredmedia":[{"embeddable":true,"href":"https:\/\/mapospheres.eu\/fr\/wp-json\/wp\/v2\/media\/24369"}],"wp:attachment":[{"href":"https:\/\/mapospheres.eu\/fr\/wp-json\/wp\/v2\/media?parent=21545"}],"wp:term":[{"taxonomy":"product_brand","embeddable":true,"href":"https:\/\/mapospheres.eu\/fr\/wp-json\/wp\/v2\/product_brand?post=21545"},{"taxonomy":"product_cat","embeddable":true,"href":"https:\/\/mapospheres.eu\/fr\/wp-json\/wp\/v2\/product_cat?post=21545"},{"taxonomy":"product_tag","embeddable":true,"href":"https:\/\/mapospheres.eu\/fr\/wp-json\/wp\/v2\/product_tag?post=21545"}],"curies":[{"name":"wp","href":"https:\/\/api.w.org\/{rel}","templated":true}]}}