{"id":21546,"date":"2026-03-17T13:57:57","date_gmt":"2026-03-17T13:57:57","guid":{"rendered":"https:\/\/mapospheres.eu\/product\/poster-of-santander-spain\/"},"modified":"2026-04-01T14:03:52","modified_gmt":"2026-04-01T14:03:52","slug":"poster-of-santander-spain","status":"publish","type":"product","link":"https:\/\/mapospheres.eu\/fr\/product\/poster-de-santander-espagne\/","title":{"rendered":"Poster de Santander | Espagne"},"content":{"rendered":"<p><strong>Poster City map de Santander, Espagne : une d\u00e9licate alliance entre art et g\u00e9ographie, qui r\u00e9v\u00e8le toute la splendeur c\u00f4ti\u00e8re et la beaut\u00e9 naturelle de ce joyau du nord. Cette carte est une fen\u00eatre ouverte sur un lieu o\u00f9 chaque recoin raconte une histoire, et o\u00f9 chaque courbe du littoral murmure des r\u00e9cits d\u2019aventures maritimes.<\/strong><\/p>\n<p>Situ\u00e9e sur les rives scintillantes du golfe de Gascogne, Santander est une ville o\u00f9 la mer et la terre se fa\u00e7onnent mutuellement depuis des si\u00e8cles, et la carte en saisit chaque nuance avec une finesse remarquable. Le relief s\u2019y d\u00e9ploie comme un tableau vivant : des collines ondoyantes glissent doucement vers des plages dor\u00e9es, envelopp\u00e9es par le bleu profond de l\u2019oc\u00e9an. \u00c0 l\u2019ouest, les falaises escarp\u00e9es de la Pen\u00ednsula de la Magdalena dressent leur silhouette dramatique, veillant sur la baie telles d\u2019antiques sentinelles. Le Parque de la Vaguada et les Jardines de Pereda comptent parmi les refuges verdoyants de la ville, offrant des parenth\u00e8ses de calme au c\u0153ur de l\u2019effervescence urbaine. Ces jardins, ainsi que les avenues bord\u00e9es d\u2019arbres, insufflent \u00e0 la carte une respiration organique, en harmonie avec la rigueur des trac\u00e9s urbains et les courbes naturelles du littoral. Les lieux embl\u00e9matiques de Santander y sont magnifi\u00e9s, chacun porteur d\u2019un fragment de son histoire maritime et culturelle. Le majestueux Palacio de la Magdalena, perch\u00e9 sur sa colline face \u00e0 l\u2019oc\u00e9an, \u00e9voque l\u2019\u00e9l\u00e9gance des s\u00e9jours royaux, lorsque ce promontoire accueillait la famille royale d\u2019Espagne durant l\u2019\u00e9t\u00e9. La c\u00e9l\u00e8bre plage du Sardinero d\u00e9ploie ses courbes gracieuses, invitant habitants et voyageurs \u00e0 s\u2019abandonner \u00e0 la douceur de ses sables dor\u00e9s, face \u00e0 l\u2019horizon mouvant. Enfin, la charmante Catedral de Santander, m\u00ealant influences romanes et gothiques, s\u2019\u00e9l\u00e8ve avec sobri\u00e9t\u00e9 au c\u0153ur de la ville, t\u00e9moin silencieux de si\u00e8cles de foi et de d\u00e9votion.<\/p>\n","protected":false},"excerpt":{"rendered":"<p>Obtenez une City Map \u2013 Carte de ville murale &#8211; imprim\u00e9e de la ville de Santander, Espagne. <\/p>\n","protected":false},"featured_media":24382,"template":"","meta":{"_uag_custom_page_level_css":"","_monsterinsights_skip_tracking":false,"_monsterinsights_sitenote_active":false,"_monsterinsights_sitenote_note":"","_monsterinsights_sitenote_category":0,"site-sidebar-layout":"default","site-content-layout":"","ast-site-content-layout":"default","site-content-style":"default","site-sidebar-style":"default","ast-global-header-display":"","ast-banner-title-visibility":"","ast-main-header-display":"","ast-hfb-above-header-display":"","ast-hfb-below-header-display":"","ast-hfb-mobile-header-display":"","site-post-title":"","ast-breadcrumbs-content":"","ast-featured-img":"","footer-sml-layout":"","ast-disable-related-posts":"","theme-transparent-header-meta":"default","adv-header-id-meta":"","stick-header-meta":"","header-above-stick-meta":"","header-main-stick-meta":"","header-below-stick-meta":"","astra-migrate-meta-layouts":"set","ast-page-background-enabled":"default","ast-page-background-meta":{"desktop":{"background-color":"","background-image":"","background-repeat":"repeat","background-position":"center center","background-size":"auto","background-attachment":"scroll","background-type":"","background-media":"","overlay-type":"","overlay-color":"","overlay-opacity":"","overlay-gradient":""},"tablet":{"background-color":"","background-image":"","background-repeat":"repeat","background-position":"center center","background-size":"auto","background-attachment":"scroll","background-type":"","background-media":"","overlay-type":"","overlay-color":"","overlay-opacity":"","overlay-gradient":""},"mobile":{"background-color":"","background-image":"","background-repeat":"repeat","background-position":"center center","background-size":"auto","background-attachment":"scroll","background-type":"","background-media":"","overlay-type":"","overlay-color":"","overlay-opacity":"","overlay-gradient":""}},"ast-content-background-meta":{"desktop":{"background-color":"var(--ast-global-color-5)","background-image":"","background-repeat":"repeat","background-position":"center center","background-size":"auto","background-attachment":"scroll","background-type":"","background-media":"","overlay-type":"","overlay-color":"","overlay-opacity":"","overlay-gradient":""},"tablet":{"background-color":"var(--ast-global-color-5)","background-image":"","background-repeat":"repeat","background-position":"center center","background-size":"auto","background-attachment":"scroll","background-type":"","background-media":"","overlay-type":"","overlay-color":"","overlay-opacity":"","overlay-gradient":""},"mobile":{"background-color":"var(--ast-global-color-5)","background-image":"","background-repeat":"repeat","background-position":"center center","background-size":"auto","background-attachment":"scroll","background-type":"","background-media":"","overlay-type":"","overlay-color":"","overlay-opacity":"","overlay-gradient":""}}},"product_brand":[],"product_cat":[18,465],"product_tag":[34,35,36,37,1117,39,40,318,319,93,1118,99],"class_list":{"0":"post-21546","1":"product","2":"type-product","3":"status-publish","4":"has-post-thumbnail","6":"product_cat-city-maps","7":"product_cat-featured_esp","8":"product_tag-30x40","9":"product_tag-40x50","10":"product_tag-50x70","11":"product_tag-70x100","12":"product_tag-cantabria","13":"product_tag-canvas","14":"product_tag-city-map","15":"product_tag-espagne","16":"product_tag-espana","17":"product_tag-europe","18":"product_tag-santander","19":"product_tag-spain","20":"desktop-align-left","21":"tablet-align-left","22":"mobile-align-left","24":"first","25":"instock","26":"shipping-taxable","27":"purchasable","28":"product-type-variable"},"aioseo_notices":[],"uagb_featured_image_src":{"full":["https:\/\/mapospheres.eu\/wp-content\/uploads\/2026\/03\/Z21_NIGHT_FULL__SANTANDER.jpg",1000,1000,false],"thumbnail":["https:\/\/mapospheres.eu\/wp-content\/uploads\/2026\/03\/Z21_NIGHT_FULL__SANTANDER-150x150.jpg",150,150,true],"medium":["https:\/\/mapospheres.eu\/wp-content\/uploads\/2026\/03\/Z21_NIGHT_FULL__SANTANDER-300x300.jpg",300,300,true],"medium_large":["https:\/\/mapospheres.eu\/wp-content\/uploads\/2026\/03\/Z21_NIGHT_FULL__SANTANDER-768x768.jpg",768,768,true],"large":["https:\/\/mapospheres.eu\/wp-content\/uploads\/2026\/03\/Z21_NIGHT_FULL__SANTANDER.jpg",1000,1000,false],"1536x1536":["https:\/\/mapospheres.eu\/wp-content\/uploads\/2026\/03\/Z21_NIGHT_FULL__SANTANDER.jpg",1000,1000,false],"2048x2048":["https:\/\/mapospheres.eu\/wp-content\/uploads\/2026\/03\/Z21_NIGHT_FULL__SANTANDER.jpg",1000,1000,false],"woocommerce_thumbnail":["https:\/\/mapospheres.eu\/wp-content\/uploads\/2026\/03\/Z21_NIGHT_FULL__SANTANDER-300x300.jpg",300,300,true],"woocommerce_single":["https:\/\/mapospheres.eu\/wp-content\/uploads\/2026\/03\/Z21_NIGHT_FULL__SANTANDER-600x600.jpg",600,600,true],"woocommerce_gallery_thumbnail":["https:\/\/mapospheres.eu\/wp-content\/uploads\/2026\/03\/Z21_NIGHT_FULL__SANTANDER-100x100.jpg",100,100,true]},"uagb_author_info":{"display_name":"sgainot04@gmail.com","author_link":"https:\/\/mapospheres.eu\/fr\/author\/"},"uagb_comment_info":0,"uagb_excerpt":"Obtenez une City Map \u2013 Carte de ville murale - imprim\u00e9e de la ville de Santander, Espagne.","_links":{"self":[{"href":"https:\/\/mapospheres.eu\/fr\/wp-json\/wp\/v2\/product\/21546","targetHints":{"allow":["GET"]}}],"collection":[{"href":"https:\/\/mapospheres.eu\/fr\/wp-json\/wp\/v2\/product"}],"about":[{"href":"https:\/\/mapospheres.eu\/fr\/wp-json\/wp\/v2\/types\/product"}],"wp:featuredmedia":[{"embeddable":true,"href":"https:\/\/mapospheres.eu\/fr\/wp-json\/wp\/v2\/media\/24382"}],"wp:attachment":[{"href":"https:\/\/mapospheres.eu\/fr\/wp-json\/wp\/v2\/media?parent=21546"}],"wp:term":[{"taxonomy":"product_brand","embeddable":true,"href":"https:\/\/mapospheres.eu\/fr\/wp-json\/wp\/v2\/product_brand?post=21546"},{"taxonomy":"product_cat","embeddable":true,"href":"https:\/\/mapospheres.eu\/fr\/wp-json\/wp\/v2\/product_cat?post=21546"},{"taxonomy":"product_tag","embeddable":true,"href":"https:\/\/mapospheres.eu\/fr\/wp-json\/wp\/v2\/product_tag?post=21546"}],"curies":[{"name":"wp","href":"https:\/\/api.w.org\/{rel}","templated":true}]}}