{"id":21548,"date":"2026-03-17T13:58:06","date_gmt":"2026-03-17T13:58:06","guid":{"rendered":"https:\/\/mapospheres.eu\/product\/poster-of-valencia-spain\/"},"modified":"2026-04-08T14:06:41","modified_gmt":"2026-04-08T14:06:41","slug":"poster-of-valencia-spain","status":"publish","type":"product","link":"https:\/\/mapospheres.eu\/fr\/product\/poster-de-valence-espagne\/","title":{"rendered":"Poster de Valence | Espagne"},"content":{"rendered":"<p><strong>Poster City map de Valence, Espagne : Des canaux paisibles de l\u2019Albufera \u00e0 l\u2019\u00e9clat futuriste de la Cit\u00e9 des Arts et des Sciences, cette carte d\u00e9voile une ville o\u00f9 chaque regard devient un voyage, un lieu o\u00f9 tradition et innovation s\u2019entrelacent avec une harmonie presque magique.<\/strong><\/p>\n<p>Valence s\u2019\u00e9tire avec gr\u00e2ce sur la c\u00f4te orientale de l\u2019Espagne, enlac\u00e9e par l\u2019immensit\u00e9 azur\u00e9e de la mer M\u00e9diterran\u00e9e et entour\u00e9e de plaines fertiles et de rivi\u00e8res sinueuses. La carte donne vie \u00e0 ce contraste saisissant, o\u00f9 le relief ondule en douceur, des terres basses proches de la mer jusqu\u2019aux hauteurs discr\u00e8tes qui bordent la ville. Le fleuve Turia, autrefois c\u0153ur battant de la cit\u00e9, trace aujourd\u2019hui son chemin \u00e0 travers le vaste parc qui porte son nom, offrant un ruban de verdure au c\u0153ur de Valence. L\u2019un des charmes les plus marquants de cette carte r\u00e9side dans ses espaces verts g\u00e9n\u00e9reux, parsem\u00e9s comme des respirations dans le paysage urbain. Les jardins du Turia s\u2019\u00e9tendent tels une oasis vivante, traversant la ville d\u2019ouest en est, reliant parcs, ponts et sentiers o\u00f9 la vie s\u2019\u00e9coule paisiblement sous le soleil. H\u00e9ritage du lit ancien du fleuve, ce parc est devenu l\u2019un des plus vastes espaces verts d\u2019Europe, symbole d\u2019un \u00e9quilibre pr\u00e9cieux entre nature et modernit\u00e9. Plus au sud, le parc naturel de l\u2019Albufera invite \u00e0 l\u2019\u00e9vasion, l\u00e0 o\u00f9 les rizi\u00e8res embrassent les eaux calmes, offrant refuge aux oiseaux et aux amoureux de paysages apaisants. En contraste saisissant, la majestueuse Cit\u00e9 des Arts et des Sciences d\u00e9ploie ses lignes audacieuses et futuristes, insufflant \u00e0 la ville une \u00e9nergie contemporaine vibrante. La carte met \u00e9galement en lumi\u00e8re la splendide Plaza de la Virgen, o\u00f9 la cath\u00e9drale historique et sa fontaine sculpturale rappellent la richesse d\u2019un pass\u00e9 qui remonte \u00e0 l\u2019\u00e9poque romaine et \u00e0 la splendeur de l\u2019Empire espagnol. Non loin de l\u00e0, les anciennes Torres de Serranos et Torres de Quart se dressent telles des gardiennes du temps, leurs pierres charg\u00e9es d\u2019histoire murmurant les r\u00e9cits de la Valence m\u00e9di\u00e9vale.<\/p>\n","protected":false},"excerpt":{"rendered":"<p>Achetez une City Map \u2013 Carte de ville murale &#8211; imprim\u00e9e de la ville de Valence, Espagne.<br \/>\nChoisissez ci-dessous la taille, la couleur et le design de votre carte !<\/p>\n","protected":false},"featured_media":24585,"template":"","meta":{"_uag_custom_page_level_css":"","_monsterinsights_skip_tracking":false,"_monsterinsights_sitenote_active":false,"_monsterinsights_sitenote_note":"","_monsterinsights_sitenote_category":0,"site-sidebar-layout":"default","site-content-layout":"","ast-site-content-layout":"default","site-content-style":"default","site-sidebar-style":"default","ast-global-header-display":"","ast-banner-title-visibility":"","ast-main-header-display":"","ast-hfb-above-header-display":"","ast-hfb-below-header-display":"","ast-hfb-mobile-header-display":"","site-post-title":"","ast-breadcrumbs-content":"","ast-featured-img":"","footer-sml-layout":"","ast-disable-related-posts":"","theme-transparent-header-meta":"default","adv-header-id-meta":"","stick-header-meta":"","header-above-stick-meta":"","header-main-stick-meta":"","header-below-stick-meta":"","astra-migrate-meta-layouts":"set","ast-page-background-enabled":"default","ast-page-background-meta":{"desktop":{"background-color":"","background-image":"","background-repeat":"repeat","background-position":"center center","background-size":"auto","background-attachment":"scroll","background-type":"","background-media":"","overlay-type":"","overlay-color":"","overlay-opacity":"","overlay-gradient":""},"tablet":{"background-color":"","background-image":"","background-repeat":"repeat","background-position":"center center","background-size":"auto","background-attachment":"scroll","background-type":"","background-media":"","overlay-type":"","overlay-color":"","overlay-opacity":"","overlay-gradient":""},"mobile":{"background-color":"","background-image":"","background-repeat":"repeat","background-position":"center center","background-size":"auto","background-attachment":"scroll","background-type":"","background-media":"","overlay-type":"","overlay-color":"","overlay-opacity":"","overlay-gradient":""}},"ast-content-background-meta":{"desktop":{"background-color":"var(--ast-global-color-5)","background-image":"","background-repeat":"repeat","background-position":"center center","background-size":"auto","background-attachment":"scroll","background-type":"","background-media":"","overlay-type":"","overlay-color":"","overlay-opacity":"","overlay-gradient":""},"tablet":{"background-color":"var(--ast-global-color-5)","background-image":"","background-repeat":"repeat","background-position":"center center","background-size":"auto","background-attachment":"scroll","background-type":"","background-media":"","overlay-type":"","overlay-color":"","overlay-opacity":"","overlay-gradient":""},"mobile":{"background-color":"var(--ast-global-color-5)","background-image":"","background-repeat":"repeat","background-position":"center center","background-size":"auto","background-attachment":"scroll","background-type":"","background-media":"","overlay-type":"","overlay-color":"","overlay-opacity":"","overlay-gradient":""}}},"product_brand":[],"product_cat":[18,465],"product_tag":[34,35,36,37,39,40,1121,318,319,93,99,1122],"class_list":{"0":"post-21548","1":"product","2":"type-product","3":"status-publish","4":"has-post-thumbnail","6":"product_cat-city-maps","7":"product_cat-featured_esp","8":"product_tag-30x40","9":"product_tag-40x50","10":"product_tag-50x70","11":"product_tag-70x100","12":"product_tag-canvas","13":"product_tag-city-map","14":"product_tag-comunitat-valenciana","15":"product_tag-espagne","16":"product_tag-espana","17":"product_tag-europe","18":"product_tag-spain","19":"product_tag-valencia","20":"desktop-align-left","21":"tablet-align-left","22":"mobile-align-left","24":"first","25":"instock","26":"shipping-taxable","27":"purchasable","28":"product-type-variable"},"aioseo_notices":[],"uagb_featured_image_src":{"full":["https:\/\/mapospheres.eu\/wp-content\/uploads\/2026\/03\/CANVAS_14_NIGHTROUND_4_VALENCIA.jpg",1000,1000,false],"thumbnail":["https:\/\/mapospheres.eu\/wp-content\/uploads\/2026\/03\/CANVAS_14_NIGHTROUND_4_VALENCIA-150x150.jpg",150,150,true],"medium":["https:\/\/mapospheres.eu\/wp-content\/uploads\/2026\/03\/CANVAS_14_NIGHTROUND_4_VALENCIA-300x300.jpg",300,300,true],"medium_large":["https:\/\/mapospheres.eu\/wp-content\/uploads\/2026\/03\/CANVAS_14_NIGHTROUND_4_VALENCIA-768x768.jpg",768,768,true],"large":["https:\/\/mapospheres.eu\/wp-content\/uploads\/2026\/03\/CANVAS_14_NIGHTROUND_4_VALENCIA.jpg",1000,1000,false],"1536x1536":["https:\/\/mapospheres.eu\/wp-content\/uploads\/2026\/03\/CANVAS_14_NIGHTROUND_4_VALENCIA.jpg",1000,1000,false],"2048x2048":["https:\/\/mapospheres.eu\/wp-content\/uploads\/2026\/03\/CANVAS_14_NIGHTROUND_4_VALENCIA.jpg",1000,1000,false],"woocommerce_thumbnail":["https:\/\/mapospheres.eu\/wp-content\/uploads\/2026\/03\/CANVAS_14_NIGHTROUND_4_VALENCIA-300x300.jpg",300,300,true],"woocommerce_single":["https:\/\/mapospheres.eu\/wp-content\/uploads\/2026\/03\/CANVAS_14_NIGHTROUND_4_VALENCIA-600x600.jpg",600,600,true],"woocommerce_gallery_thumbnail":["https:\/\/mapospheres.eu\/wp-content\/uploads\/2026\/03\/CANVAS_14_NIGHTROUND_4_VALENCIA-100x100.jpg",100,100,true]},"uagb_author_info":{"display_name":"sgainot04@gmail.com","author_link":"https:\/\/mapospheres.eu\/fr\/author\/"},"uagb_comment_info":0,"uagb_excerpt":"Achetez une City Map \u2013 Carte de ville murale - imprim\u00e9e de la ville de Valence, Espagne. Choisissez ci-dessous la taille, la couleur et le design de votre carte !","_links":{"self":[{"href":"https:\/\/mapospheres.eu\/fr\/wp-json\/wp\/v2\/product\/21548","targetHints":{"allow":["GET"]}}],"collection":[{"href":"https:\/\/mapospheres.eu\/fr\/wp-json\/wp\/v2\/product"}],"about":[{"href":"https:\/\/mapospheres.eu\/fr\/wp-json\/wp\/v2\/types\/product"}],"wp:featuredmedia":[{"embeddable":true,"href":"https:\/\/mapospheres.eu\/fr\/wp-json\/wp\/v2\/media\/24585"}],"wp:attachment":[{"href":"https:\/\/mapospheres.eu\/fr\/wp-json\/wp\/v2\/media?parent=21548"}],"wp:term":[{"taxonomy":"product_brand","embeddable":true,"href":"https:\/\/mapospheres.eu\/fr\/wp-json\/wp\/v2\/product_brand?post=21548"},{"taxonomy":"product_cat","embeddable":true,"href":"https:\/\/mapospheres.eu\/fr\/wp-json\/wp\/v2\/product_cat?post=21548"},{"taxonomy":"product_tag","embeddable":true,"href":"https:\/\/mapospheres.eu\/fr\/wp-json\/wp\/v2\/product_tag?post=21548"}],"curies":[{"name":"wp","href":"https:\/\/api.w.org\/{rel}","templated":true}]}}