{"id":21549,"date":"2026-03-17T13:58:11","date_gmt":"2026-03-17T13:58:11","guid":{"rendered":"https:\/\/mapospheres.eu\/product\/poster-of-san-sebastian-spain\/"},"modified":"2026-04-08T14:06:37","modified_gmt":"2026-04-08T14:06:37","slug":"poster-of-san-sebastian-spain","status":"publish","type":"product","link":"https:\/\/mapospheres.eu\/fr\/product\/poster-de-san-sebastian-espagne\/","title":{"rendered":"Poster de San Sebastian | Espagne"},"content":{"rendered":"<p><strong>Poster City map de San Sebasti\u00e1n, Espagne : Que vous soyez attir\u00e9 par des panoramas \u00e0 couper le souffle, des monuments embl\u00e9matiques, ou tout simplement par le charme envo\u00fbtant de ce joyau basque, cette carte vous transporte \u00e0 San Sebasti\u00e1n \u00e0 chaque regard, devenant ainsi une pi\u00e8ce id\u00e9ale pour sublimer vos murs.<\/strong><\/p>\n<p>La carte de San Sebasti\u00e1n, ou Donostia, saisit l\u2019\u00e2me de cette somptueuse cit\u00e9 c\u00f4ti\u00e8re, o\u00f9 la beaut\u00e9 naturelle s\u2019entrelace avec une \u00e9l\u00e9gance architecturale remarquable. Blottie au creux du golfe de Gascogne, la ville se dessine entre collines verdoyantes et mer d\u2019un bleu scintillant, offrant un contraste \u00e0 la fois apaisant et majestueux. Depuis les hauteurs luxuriantes du mont Urgull, veillant sur la ville tel un gardien silencieux, jusqu\u2019\u00e0 la courbe d\u00e9licate de la baie de La Concha, la carte r\u00e9v\u00e8le les reliefs vari\u00e9s qui rendent San Sebasti\u00e1n si singuli\u00e8re. Les pentes douces et les collines forment un amphith\u00e9\u00e2tre naturel, o\u00f9 le paysage urbain se fond avec gr\u00e2ce dans l\u2019\u00e9crin montagneux et verdoyant. Laissez-vous porter jusqu\u2019au parc de Cristina Enea, havre de qui\u00e9tude o\u00f9 les habitants viennent se ressourcer parmi les arbres, les \u00e9tangs et les sentiers sinueux. Ou fl\u00e2nez dans les jardins du palais de Miramar, autrefois pris\u00e9s par la royaut\u00e9 pour leurs vues imprenables sur la baie, et aujourd\u2019hui encore refuge de s\u00e9r\u00e9nit\u00e9 au c\u0153ur de la ville. Ces oasis de verdure, accompagn\u00e9es des plages qui longent le littoral, insufflent une harmonie paisible \u00e0 l\u2019\u00e9nergie vibrante de San Sebasti\u00e1n. La carte met \u00e9galement en lumi\u00e8re la vieille ville historique (Parte Vieja), o\u00f9 les ruelles \u00e9troites bord\u00e9es de bars \u00e0 pintxos invitent \u00e0 savourer les d\u00e9lices culinaires qui font la renomm\u00e9e de la cit\u00e9. Dominant cet ensemble, le majestueux mus\u00e9e San Telmo et l\u2019imposant palais de la Diputaci\u00f3n s\u2019\u00e9rigent en gardiens culturels, t\u00e9moins du riche h\u00e9ritage artistique de la ville.<\/p>\n","protected":false},"excerpt":{"rendered":"<p>Achetez une City Map \u2013 Carte de ville murale &#8211; imprim\u00e9e de la ville de Guntersville, Espagne.<br \/>\nChoisissez ci-dessous la taille, la couleur et le design de votre carte !<\/p>\n","protected":false},"featured_media":24594,"template":"","meta":{"_uag_custom_page_level_css":"","_monsterinsights_skip_tracking":false,"_monsterinsights_sitenote_active":false,"_monsterinsights_sitenote_note":"","_monsterinsights_sitenote_category":0,"site-sidebar-layout":"default","site-content-layout":"","ast-site-content-layout":"default","site-content-style":"default","site-sidebar-style":"default","ast-global-header-display":"","ast-banner-title-visibility":"","ast-main-header-display":"","ast-hfb-above-header-display":"","ast-hfb-below-header-display":"","ast-hfb-mobile-header-display":"","site-post-title":"","ast-breadcrumbs-content":"","ast-featured-img":"","footer-sml-layout":"","ast-disable-related-posts":"","theme-transparent-header-meta":"default","adv-header-id-meta":"","stick-header-meta":"","header-above-stick-meta":"","header-main-stick-meta":"","header-below-stick-meta":"","astra-migrate-meta-layouts":"set","ast-page-background-enabled":"default","ast-page-background-meta":{"desktop":{"background-color":"","background-image":"","background-repeat":"repeat","background-position":"center center","background-size":"auto","background-attachment":"scroll","background-type":"","background-media":"","overlay-type":"","overlay-color":"","overlay-opacity":"","overlay-gradient":""},"tablet":{"background-color":"","background-image":"","background-repeat":"repeat","background-position":"center center","background-size":"auto","background-attachment":"scroll","background-type":"","background-media":"","overlay-type":"","overlay-color":"","overlay-opacity":"","overlay-gradient":""},"mobile":{"background-color":"","background-image":"","background-repeat":"repeat","background-position":"center center","background-size":"auto","background-attachment":"scroll","background-type":"","background-media":"","overlay-type":"","overlay-color":"","overlay-opacity":"","overlay-gradient":""}},"ast-content-background-meta":{"desktop":{"background-color":"var(--ast-global-color-5)","background-image":"","background-repeat":"repeat","background-position":"center center","background-size":"auto","background-attachment":"scroll","background-type":"","background-media":"","overlay-type":"","overlay-color":"","overlay-opacity":"","overlay-gradient":""},"tablet":{"background-color":"var(--ast-global-color-5)","background-image":"","background-repeat":"repeat","background-position":"center center","background-size":"auto","background-attachment":"scroll","background-type":"","background-media":"","overlay-type":"","overlay-color":"","overlay-opacity":"","overlay-gradient":""},"mobile":{"background-color":"var(--ast-global-color-5)","background-image":"","background-repeat":"repeat","background-position":"center center","background-size":"auto","background-attachment":"scroll","background-type":"","background-media":"","overlay-type":"","overlay-color":"","overlay-opacity":"","overlay-gradient":""}}},"product_brand":[],"product_cat":[18,464,465],"product_tag":[34,35,36,37,1123,39,40,1124,318,319,93,320,1125,1126,99],"class_list":{"0":"post-21549","1":"product","2":"type-product","3":"status-publish","4":"has-post-thumbnail","6":"product_cat-city-maps","7":"product_cat-featured_fr","8":"product_cat-featured_esp","9":"product_tag-30x40","10":"product_tag-40x50","11":"product_tag-50x70","12":"product_tag-70x100","13":"product_tag-basque","14":"product_tag-canvas","15":"product_tag-city-map","16":"product_tag-donostia","17":"product_tag-espagne","18":"product_tag-espana","19":"product_tag-europe","20":"product_tag-euskal-herria","21":"product_tag-pais-vasco","22":"product_tag-san-sebastian","23":"product_tag-spain","24":"desktop-align-left","25":"tablet-align-left","26":"mobile-align-left","28":"first","29":"instock","30":"shipping-taxable","31":"purchasable","32":"product-type-variable"},"aioseo_notices":[],"uagb_featured_image_src":{"full":["https:\/\/mapospheres.eu\/wp-content\/uploads\/2026\/03\/CANVAS_11_NIGHT_3RD_1_SANSEBASTIAN.jpg",1000,1000,false],"thumbnail":["https:\/\/mapospheres.eu\/wp-content\/uploads\/2026\/03\/CANVAS_11_NIGHT_3RD_1_SANSEBASTIAN-150x150.jpg",150,150,true],"medium":["https:\/\/mapospheres.eu\/wp-content\/uploads\/2026\/03\/CANVAS_11_NIGHT_3RD_1_SANSEBASTIAN-300x300.jpg",300,300,true],"medium_large":["https:\/\/mapospheres.eu\/wp-content\/uploads\/2026\/03\/CANVAS_11_NIGHT_3RD_1_SANSEBASTIAN-768x768.jpg",768,768,true],"large":["https:\/\/mapospheres.eu\/wp-content\/uploads\/2026\/03\/CANVAS_11_NIGHT_3RD_1_SANSEBASTIAN.jpg",1000,1000,false],"1536x1536":["https:\/\/mapospheres.eu\/wp-content\/uploads\/2026\/03\/CANVAS_11_NIGHT_3RD_1_SANSEBASTIAN.jpg",1000,1000,false],"2048x2048":["https:\/\/mapospheres.eu\/wp-content\/uploads\/2026\/03\/CANVAS_11_NIGHT_3RD_1_SANSEBASTIAN.jpg",1000,1000,false],"woocommerce_thumbnail":["https:\/\/mapospheres.eu\/wp-content\/uploads\/2026\/03\/CANVAS_11_NIGHT_3RD_1_SANSEBASTIAN-300x300.jpg",300,300,true],"woocommerce_single":["https:\/\/mapospheres.eu\/wp-content\/uploads\/2026\/03\/CANVAS_11_NIGHT_3RD_1_SANSEBASTIAN-600x600.jpg",600,600,true],"woocommerce_gallery_thumbnail":["https:\/\/mapospheres.eu\/wp-content\/uploads\/2026\/03\/CANVAS_11_NIGHT_3RD_1_SANSEBASTIAN-100x100.jpg",100,100,true]},"uagb_author_info":{"display_name":"sgainot04@gmail.com","author_link":"https:\/\/mapospheres.eu\/fr\/author\/"},"uagb_comment_info":0,"uagb_excerpt":"Achetez une City Map \u2013 Carte de ville murale - imprim\u00e9e de la ville de Guntersville, Espagne. Choisissez ci-dessous la taille, la couleur et le design de votre carte !","_links":{"self":[{"href":"https:\/\/mapospheres.eu\/fr\/wp-json\/wp\/v2\/product\/21549","targetHints":{"allow":["GET"]}}],"collection":[{"href":"https:\/\/mapospheres.eu\/fr\/wp-json\/wp\/v2\/product"}],"about":[{"href":"https:\/\/mapospheres.eu\/fr\/wp-json\/wp\/v2\/types\/product"}],"wp:featuredmedia":[{"embeddable":true,"href":"https:\/\/mapospheres.eu\/fr\/wp-json\/wp\/v2\/media\/24594"}],"wp:attachment":[{"href":"https:\/\/mapospheres.eu\/fr\/wp-json\/wp\/v2\/media?parent=21549"}],"wp:term":[{"taxonomy":"product_brand","embeddable":true,"href":"https:\/\/mapospheres.eu\/fr\/wp-json\/wp\/v2\/product_brand?post=21549"},{"taxonomy":"product_cat","embeddable":true,"href":"https:\/\/mapospheres.eu\/fr\/wp-json\/wp\/v2\/product_cat?post=21549"},{"taxonomy":"product_tag","embeddable":true,"href":"https:\/\/mapospheres.eu\/fr\/wp-json\/wp\/v2\/product_tag?post=21549"}],"curies":[{"name":"wp","href":"https:\/\/api.w.org\/{rel}","templated":true}]}}