{"id":21550,"date":"2026-03-17T13:58:15","date_gmt":"2026-03-17T13:58:15","guid":{"rendered":"https:\/\/mapospheres.eu\/product\/poster-of-palma-spain\/"},"modified":"2026-04-08T14:06:35","modified_gmt":"2026-04-08T14:06:35","slug":"poster-of-palma-spain","status":"publish","type":"product","link":"https:\/\/mapospheres.eu\/fr\/product\/poster-de-palma-espagne\/","title":{"rendered":"Poster de Palma | Espagne"},"content":{"rendered":"<p><strong>Poster City map de La Palma, Majorque, Espagne : cette carte vous transporte au c\u0153ur de la M\u00e9diterran\u00e9e, insufflant \u00e0 vos murs un souffle d\u2019\u00e9vasion et de douceur insulaire.<\/strong><\/p>\n<p>Au c\u0153ur de la M\u00e9diterran\u00e9e, La Palma se r\u00e9v\u00e8le comme une cit\u00e9 empreinte de r\u00e9cits anciens, baign\u00e9e de soleil et caress\u00e9e par la mer \u00e9ternelle. La carte c\u00e9l\u00e8bre la richesse de ses paysages, des collines majestueuses aux rivages apaisants. En suivant ses reliefs, l\u2019on d\u00e9couvre une terre vivante, faite de mont\u00e9es et de descentes, de falaises et de hauteurs silencieuses qui veillent sur la ville depuis des si\u00e8cles. Au nord, le Puig de la Creu s\u2019\u00e9l\u00e8ve fi\u00e8rement, offrant des panoramas saisissants sur l\u2019\u00eele, tandis qu\u2019au sud, les pentes douces glissent vers l\u2019immensit\u00e9 bleut\u00e9e de la mer M\u00e9diterran\u00e9e. Parmi les tr\u00e9sors r\u00e9v\u00e9l\u00e9s par la carte, les espaces verts apparaissent comme des havres pr\u00e9cieux, contrastant avec la rudesse min\u00e9rale du paysage. Le luxuriant parc de la Feixina, avec ses all\u00e9es ombrag\u00e9es et son atmosph\u00e8re paisible, invite \u00e0 la contemplation et au repos. Plus \u00e0 l\u2019ouest, le c\u00e9l\u00e8bre sanctuaire de Lluc, nich\u00e9 dans les montagnes, offre \u00e0 la fois un refuge spirituel et une immersion dans une nature pr\u00e9serv\u00e9e. Ces oasis verdoyantes t\u00e9moignent de l\u2019attachement profond de l\u2019\u00eele \u00e0 son patrimoine naturel et culturel. Au c\u0153ur de la ville, la majestueuse cath\u00e9drale Santa Mar\u00eda s\u2019\u00e9l\u00e8ve avec noblesse, rappelant le pass\u00e9 m\u00e9di\u00e9val de l\u2019\u00eele, autrefois \u00e9tape essentielle des voyageurs et p\u00e8lerins de la M\u00e9diterran\u00e9e. Non loin de l\u00e0, l\u2019embl\u00e9matique ch\u00e2teau de Bellver, forteresse circulaire aux vues imprenables, \u00e9voque une \u00e9poque o\u00f9 rois et chevaliers veillaient sur ces terres. Le long du littoral, le port anim\u00e9 vibre au rythme des embarcations de p\u00eache qui dansent doucement sur l\u2019eau, perp\u00e9tuant le lien ancien entre la ville et la mer.<\/p>\n","protected":false},"excerpt":{"rendered":"<p>Achetez une City Map \u2013 Carte de ville murale &#8211; imprim\u00e9e de la ville de Palma, Espagne.<br \/>\nChoisissez ci-dessous la taille, la couleur et le design de votre carte !<\/p>\n","protected":false},"featured_media":24606,"template":"","meta":{"_uag_custom_page_level_css":"","_monsterinsights_skip_tracking":false,"_monsterinsights_sitenote_active":false,"_monsterinsights_sitenote_note":"","_monsterinsights_sitenote_category":0,"site-sidebar-layout":"default","site-content-layout":"","ast-site-content-layout":"default","site-content-style":"default","site-sidebar-style":"default","ast-global-header-display":"","ast-banner-title-visibility":"","ast-main-header-display":"","ast-hfb-above-header-display":"","ast-hfb-below-header-display":"","ast-hfb-mobile-header-display":"","site-post-title":"","ast-breadcrumbs-content":"","ast-featured-img":"","footer-sml-layout":"","ast-disable-related-posts":"","theme-transparent-header-meta":"default","adv-header-id-meta":"","stick-header-meta":"","header-above-stick-meta":"","header-main-stick-meta":"","header-below-stick-meta":"","astra-migrate-meta-layouts":"set","ast-page-background-enabled":"default","ast-page-background-meta":{"desktop":{"background-color":"","background-image":"","background-repeat":"repeat","background-position":"center center","background-size":"auto","background-attachment":"scroll","background-type":"","background-media":"","overlay-type":"","overlay-color":"","overlay-opacity":"","overlay-gradient":""},"tablet":{"background-color":"","background-image":"","background-repeat":"repeat","background-position":"center center","background-size":"auto","background-attachment":"scroll","background-type":"","background-media":"","overlay-type":"","overlay-color":"","overlay-opacity":"","overlay-gradient":""},"mobile":{"background-color":"","background-image":"","background-repeat":"repeat","background-position":"center center","background-size":"auto","background-attachment":"scroll","background-type":"","background-media":"","overlay-type":"","overlay-color":"","overlay-opacity":"","overlay-gradient":""}},"ast-content-background-meta":{"desktop":{"background-color":"var(--ast-global-color-5)","background-image":"","background-repeat":"repeat","background-position":"center center","background-size":"auto","background-attachment":"scroll","background-type":"","background-media":"","overlay-type":"","overlay-color":"","overlay-opacity":"","overlay-gradient":""},"tablet":{"background-color":"var(--ast-global-color-5)","background-image":"","background-repeat":"repeat","background-position":"center center","background-size":"auto","background-attachment":"scroll","background-type":"","background-media":"","overlay-type":"","overlay-color":"","overlay-opacity":"","overlay-gradient":""},"mobile":{"background-color":"var(--ast-global-color-5)","background-image":"","background-repeat":"repeat","background-position":"center center","background-size":"auto","background-attachment":"scroll","background-type":"","background-media":"","overlay-type":"","overlay-color":"","overlay-opacity":"","overlay-gradient":""}}},"product_brand":[],"product_cat":[18,465],"product_tag":[34,35,36,37,1127,1128,39,40,318,319,93,1129,99],"class_list":{"0":"post-21550","1":"product","2":"type-product","3":"status-publish","4":"has-post-thumbnail","6":"product_cat-city-maps","7":"product_cat-featured_esp","8":"product_tag-30x40","9":"product_tag-40x50","10":"product_tag-50x70","11":"product_tag-70x100","12":"product_tag-baleares","13":"product_tag-balearic","14":"product_tag-canvas","15":"product_tag-city-map","16":"product_tag-espagne","17":"product_tag-espana","18":"product_tag-europe","19":"product_tag-palma","20":"product_tag-spain","21":"desktop-align-left","22":"tablet-align-left","23":"mobile-align-left","25":"first","26":"instock","27":"shipping-taxable","28":"purchasable","29":"product-type-variable"},"aioseo_notices":[],"uagb_featured_image_src":{"full":["https:\/\/mapospheres.eu\/wp-content\/uploads\/2026\/03\/CANVAS_11_NIGHT_3RD_1_PALMA.jpg",1000,1000,false],"thumbnail":["https:\/\/mapospheres.eu\/wp-content\/uploads\/2026\/03\/CANVAS_11_NIGHT_3RD_1_PALMA-150x150.jpg",150,150,true],"medium":["https:\/\/mapospheres.eu\/wp-content\/uploads\/2026\/03\/CANVAS_11_NIGHT_3RD_1_PALMA-300x300.jpg",300,300,true],"medium_large":["https:\/\/mapospheres.eu\/wp-content\/uploads\/2026\/03\/CANVAS_11_NIGHT_3RD_1_PALMA-768x768.jpg",768,768,true],"large":["https:\/\/mapospheres.eu\/wp-content\/uploads\/2026\/03\/CANVAS_11_NIGHT_3RD_1_PALMA.jpg",1000,1000,false],"1536x1536":["https:\/\/mapospheres.eu\/wp-content\/uploads\/2026\/03\/CANVAS_11_NIGHT_3RD_1_PALMA.jpg",1000,1000,false],"2048x2048":["https:\/\/mapospheres.eu\/wp-content\/uploads\/2026\/03\/CANVAS_11_NIGHT_3RD_1_PALMA.jpg",1000,1000,false],"woocommerce_thumbnail":["https:\/\/mapospheres.eu\/wp-content\/uploads\/2026\/03\/CANVAS_11_NIGHT_3RD_1_PALMA-300x300.jpg",300,300,true],"woocommerce_single":["https:\/\/mapospheres.eu\/wp-content\/uploads\/2026\/03\/CANVAS_11_NIGHT_3RD_1_PALMA-600x600.jpg",600,600,true],"woocommerce_gallery_thumbnail":["https:\/\/mapospheres.eu\/wp-content\/uploads\/2026\/03\/CANVAS_11_NIGHT_3RD_1_PALMA-100x100.jpg",100,100,true]},"uagb_author_info":{"display_name":"sgainot04@gmail.com","author_link":"https:\/\/mapospheres.eu\/fr\/author\/"},"uagb_comment_info":0,"uagb_excerpt":"Achetez une City Map \u2013 Carte de ville murale - imprim\u00e9e de la ville de Palma, Espagne. Choisissez ci-dessous la taille, la couleur et le design de votre carte !","_links":{"self":[{"href":"https:\/\/mapospheres.eu\/fr\/wp-json\/wp\/v2\/product\/21550","targetHints":{"allow":["GET"]}}],"collection":[{"href":"https:\/\/mapospheres.eu\/fr\/wp-json\/wp\/v2\/product"}],"about":[{"href":"https:\/\/mapospheres.eu\/fr\/wp-json\/wp\/v2\/types\/product"}],"wp:featuredmedia":[{"embeddable":true,"href":"https:\/\/mapospheres.eu\/fr\/wp-json\/wp\/v2\/media\/24606"}],"wp:attachment":[{"href":"https:\/\/mapospheres.eu\/fr\/wp-json\/wp\/v2\/media?parent=21550"}],"wp:term":[{"taxonomy":"product_brand","embeddable":true,"href":"https:\/\/mapospheres.eu\/fr\/wp-json\/wp\/v2\/product_brand?post=21550"},{"taxonomy":"product_cat","embeddable":true,"href":"https:\/\/mapospheres.eu\/fr\/wp-json\/wp\/v2\/product_cat?post=21550"},{"taxonomy":"product_tag","embeddable":true,"href":"https:\/\/mapospheres.eu\/fr\/wp-json\/wp\/v2\/product_tag?post=21550"}],"curies":[{"name":"wp","href":"https:\/\/api.w.org\/{rel}","templated":true}]}}