{"id":21551,"date":"2026-03-17T13:58:20","date_gmt":"2026-03-17T13:58:20","guid":{"rendered":"https:\/\/mapospheres.eu\/product\/poster-of-zaragoza-spain\/"},"modified":"2026-04-08T14:06:43","modified_gmt":"2026-04-08T14:06:43","slug":"poster-of-zaragoza-spain","status":"publish","type":"product","link":"https:\/\/mapospheres.eu\/fr\/product\/poster-de-saragosse-espagne\/","title":{"rendered":"Poster de Saragosse | Espagne"},"content":{"rendered":"<p><strong>Poster City map de Saragosse, Espagne : bien plus qu\u2019une simple repr\u00e9sentation g\u00e9ographique \u2014 une invitation \u00e0 voyager \u00e0 travers le temps, r\u00e9v\u00e9lant l\u2019harmonie subtile entre nature et histoire qui rend la ville si singuli\u00e8re.<\/strong><\/p>\n<p>Le long des rives du majestueux fleuve \u00c8bre, la carte d\u00e9voile la position unique de Saragosse, o\u00f9 le cours paisible de l\u2019eau traverse la ville comme un fil conducteur entre pass\u00e9 et pr\u00e9sent. Le trac\u00e9 sinueux de l\u2019\u00c8bre dessine une fronti\u00e8re naturelle, s\u00e9parant les quartiers anciens, empreints d\u2019histoire, des zones modernes et anim\u00e9es, fa\u00e7onnant une ville de contrastes \u2014 \u00e0 l\u2019image m\u00eame de cette carte. En suivant ses contours, se r\u00e9v\u00e8lent les lignes douces du paysage environnant : des plaines fertiles du fleuve aux collines l\u00e9g\u00e8rement ondul\u00e9es qui s\u2019\u00e9l\u00e8vent vers le sud, offrant un relief discret mais vivant. \u00c0 l\u2019est, la vall\u00e9e de l\u2019\u00c8bre s\u2019\u00e9tend \u00e0 perte de vue, tandis qu\u2019au loin, les montagnes dessinent un horizon saisissant. Les espaces verts, tels que le vaste parc Grande Jos\u00e9 Antonio Labordeta, apparaissent comme des refuges de s\u00e9r\u00e9nit\u00e9 au c\u0153ur de la trame urbaine, o\u00f9 l\u2019on vient se promener, r\u00eaver ou se reposer \u00e0 l\u2019ombre d\u2019arbres centenaires. Dominant la ville de toute sa splendeur, la majestueuse basilique del Pilar d\u00e9ploie ses silhouettes \u00e9lanc\u00e9es au-dessus du fleuve, v\u00e9ritable phare spirituel et architectural pour les voyageurs et les p\u00e8lerins. \u00c0 quelques pas, les vestiges antiques de Caesaraugusta, dont l\u2019impressionnant th\u00e9\u00e2tre romain, murmurent l\u2019histoire d\u2019une cit\u00e9 vieille de plus de deux mill\u00e9naires. Au c\u0153ur de Saragosse, le palais de l\u2019Aljafer\u00eda, chef-d\u2019\u0153uvre de l\u2019architecture mauresque, enrichit la carte de ses d\u00e9tails d\u00e9licats et de son h\u00e9ritage culturel fascinant.<\/p>\n","protected":false},"excerpt":{"rendered":"<p>Achetez une City Map \u2013 Carte de ville murale &#8211; imprim\u00e9e de la ville de Saragosse, Espagne.<br \/>\nChoisissez ci-dessous la taille, la couleur et le design de votre carte !<\/p>\n","protected":false},"featured_media":24620,"template":"","meta":{"_uag_custom_page_level_css":"","_monsterinsights_skip_tracking":false,"_monsterinsights_sitenote_active":false,"_monsterinsights_sitenote_note":"","_monsterinsights_sitenote_category":0,"site-sidebar-layout":"default","site-content-layout":"","ast-site-content-layout":"default","site-content-style":"default","site-sidebar-style":"default","ast-global-header-display":"","ast-banner-title-visibility":"","ast-main-header-display":"","ast-hfb-above-header-display":"","ast-hfb-below-header-display":"","ast-hfb-mobile-header-display":"","site-post-title":"","ast-breadcrumbs-content":"","ast-featured-img":"","footer-sml-layout":"","ast-disable-related-posts":"","theme-transparent-header-meta":"default","adv-header-id-meta":"","stick-header-meta":"","header-above-stick-meta":"","header-main-stick-meta":"","header-below-stick-meta":"","astra-migrate-meta-layouts":"set","ast-page-background-enabled":"default","ast-page-background-meta":{"desktop":{"background-color":"","background-image":"","background-repeat":"repeat","background-position":"center center","background-size":"auto","background-attachment":"scroll","background-type":"","background-media":"","overlay-type":"","overlay-color":"","overlay-opacity":"","overlay-gradient":""},"tablet":{"background-color":"","background-image":"","background-repeat":"repeat","background-position":"center center","background-size":"auto","background-attachment":"scroll","background-type":"","background-media":"","overlay-type":"","overlay-color":"","overlay-opacity":"","overlay-gradient":""},"mobile":{"background-color":"","background-image":"","background-repeat":"repeat","background-position":"center center","background-size":"auto","background-attachment":"scroll","background-type":"","background-media":"","overlay-type":"","overlay-color":"","overlay-opacity":"","overlay-gradient":""}},"ast-content-background-meta":{"desktop":{"background-color":"var(--ast-global-color-5)","background-image":"","background-repeat":"repeat","background-position":"center center","background-size":"auto","background-attachment":"scroll","background-type":"","background-media":"","overlay-type":"","overlay-color":"","overlay-opacity":"","overlay-gradient":""},"tablet":{"background-color":"var(--ast-global-color-5)","background-image":"","background-repeat":"repeat","background-position":"center center","background-size":"auto","background-attachment":"scroll","background-type":"","background-media":"","overlay-type":"","overlay-color":"","overlay-opacity":"","overlay-gradient":""},"mobile":{"background-color":"var(--ast-global-color-5)","background-image":"","background-repeat":"repeat","background-position":"center center","background-size":"auto","background-attachment":"scroll","background-type":"","background-media":"","overlay-type":"","overlay-color":"","overlay-opacity":"","overlay-gradient":""}}},"product_brand":[],"product_cat":[18,465],"product_tag":[34,35,36,37,1130,39,40,318,319,93,99,1131],"class_list":{"0":"post-21551","1":"product","2":"type-product","3":"status-publish","4":"has-post-thumbnail","6":"product_cat-city-maps","7":"product_cat-featured_esp","8":"product_tag-30x40","9":"product_tag-40x50","10":"product_tag-50x70","11":"product_tag-70x100","12":"product_tag-aragon","13":"product_tag-canvas","14":"product_tag-city-map","15":"product_tag-espagne","16":"product_tag-espana","17":"product_tag-europe","18":"product_tag-spain","19":"product_tag-zaragoza","20":"desktop-align-left","21":"tablet-align-left","22":"mobile-align-left","24":"first","25":"instock","26":"shipping-taxable","27":"purchasable","28":"product-type-variable"},"aioseo_notices":[],"uagb_featured_image_src":{"full":["https:\/\/mapospheres.eu\/wp-content\/uploads\/2026\/03\/CANVAS_13_BW_MP_3_ZARAGOZA.jpg",1000,1000,false],"thumbnail":["https:\/\/mapospheres.eu\/wp-content\/uploads\/2026\/03\/CANVAS_13_BW_MP_3_ZARAGOZA-150x150.jpg",150,150,true],"medium":["https:\/\/mapospheres.eu\/wp-content\/uploads\/2026\/03\/CANVAS_13_BW_MP_3_ZARAGOZA-300x300.jpg",300,300,true],"medium_large":["https:\/\/mapospheres.eu\/wp-content\/uploads\/2026\/03\/CANVAS_13_BW_MP_3_ZARAGOZA-768x768.jpg",768,768,true],"large":["https:\/\/mapospheres.eu\/wp-content\/uploads\/2026\/03\/CANVAS_13_BW_MP_3_ZARAGOZA.jpg",1000,1000,false],"1536x1536":["https:\/\/mapospheres.eu\/wp-content\/uploads\/2026\/03\/CANVAS_13_BW_MP_3_ZARAGOZA.jpg",1000,1000,false],"2048x2048":["https:\/\/mapospheres.eu\/wp-content\/uploads\/2026\/03\/CANVAS_13_BW_MP_3_ZARAGOZA.jpg",1000,1000,false],"woocommerce_thumbnail":["https:\/\/mapospheres.eu\/wp-content\/uploads\/2026\/03\/CANVAS_13_BW_MP_3_ZARAGOZA-300x300.jpg",300,300,true],"woocommerce_single":["https:\/\/mapospheres.eu\/wp-content\/uploads\/2026\/03\/CANVAS_13_BW_MP_3_ZARAGOZA-600x600.jpg",600,600,true],"woocommerce_gallery_thumbnail":["https:\/\/mapospheres.eu\/wp-content\/uploads\/2026\/03\/CANVAS_13_BW_MP_3_ZARAGOZA-100x100.jpg",100,100,true]},"uagb_author_info":{"display_name":"sgainot04@gmail.com","author_link":"https:\/\/mapospheres.eu\/fr\/author\/"},"uagb_comment_info":0,"uagb_excerpt":"Achetez une City Map \u2013 Carte de ville murale - imprim\u00e9e de la ville de Saragosse, Espagne. Choisissez ci-dessous la taille, la couleur et le design de votre carte !","_links":{"self":[{"href":"https:\/\/mapospheres.eu\/fr\/wp-json\/wp\/v2\/product\/21551","targetHints":{"allow":["GET"]}}],"collection":[{"href":"https:\/\/mapospheres.eu\/fr\/wp-json\/wp\/v2\/product"}],"about":[{"href":"https:\/\/mapospheres.eu\/fr\/wp-json\/wp\/v2\/types\/product"}],"wp:featuredmedia":[{"embeddable":true,"href":"https:\/\/mapospheres.eu\/fr\/wp-json\/wp\/v2\/media\/24620"}],"wp:attachment":[{"href":"https:\/\/mapospheres.eu\/fr\/wp-json\/wp\/v2\/media?parent=21551"}],"wp:term":[{"taxonomy":"product_brand","embeddable":true,"href":"https:\/\/mapospheres.eu\/fr\/wp-json\/wp\/v2\/product_brand?post=21551"},{"taxonomy":"product_cat","embeddable":true,"href":"https:\/\/mapospheres.eu\/fr\/wp-json\/wp\/v2\/product_cat?post=21551"},{"taxonomy":"product_tag","embeddable":true,"href":"https:\/\/mapospheres.eu\/fr\/wp-json\/wp\/v2\/product_tag?post=21551"}],"curies":[{"name":"wp","href":"https:\/\/api.w.org\/{rel}","templated":true}]}}