{"id":21553,"date":"2026-03-17T13:58:29","date_gmt":"2026-03-17T13:58:29","guid":{"rendered":"https:\/\/mapospheres.eu\/product\/poster-of-bologna-italy\/"},"modified":"2026-04-08T14:06:31","modified_gmt":"2026-04-08T14:06:31","slug":"poster-of-bologna-italy","status":"publish","type":"product","link":"https:\/\/mapospheres.eu\/fr\/product\/poster-de-bologne-italie\/","title":{"rendered":"Poster de Bologne | Italie"},"content":{"rendered":"<p><strong>Poster City map de Bologne, Italie : son charme r\u00e9side dans son \u00e9quilibre \u2014 l\u00e0 o\u00f9 l\u2019ancien et le nouveau, la nature et l\u2019architecture, dialoguent en une tension d\u00e9licieuse, donnant naissance \u00e0 une ville \u00e0 la fois intemporelle et intens\u00e9ment vivante.<\/strong><\/p>\n<p>La carte de la ville de Bologne, en Italie, se d\u00e9ploie comme une tapisserie envo\u00fbtante, m\u00ealant le charme m\u00e9di\u00e9val \u00e0 l\u2019effervescence contemporaine, sur fond de collines ondoyantes et de plaines fertiles. Nich\u00e9e entre le fleuve P\u00f4 et les montagnes des Apennins, elle r\u00e9v\u00e8le avec finesse une g\u00e9ographie singuli\u00e8re. Au sud, les collines s\u2019\u00e9l\u00e8vent doucement, offrant des panoramas ouverts sur les toits de tuiles rouges et les embl\u00e9matiques Torri degli Asinelli \u2014 ces c\u00e9l\u00e8bres tours pench\u00e9es qui semblent d\u00e9fier le temps. Immortalis\u00e9es \u00e0 travers d\u2019innombrables r\u00e9cits, elles s\u2019inclinent l\u00e9g\u00e8rement, conf\u00e9rant \u00e0 la ville une allure \u00e0 la fois po\u00e9tique et subtilement d\u00e9cal\u00e9e. Bologne est aussi une ville de verdure, o\u00f9 les Giardini Margherita, plus grand parc public, invitent \u00e0 la fl\u00e2nerie entre all\u00e9es bord\u00e9es d\u2019arbres et \u00e9tendues d\u2019eau paisibles, en contraste avec l\u2019animation des rues. Le Parco della Montagnola, quant \u00e0 lui, offre un \u00e9crin de fra\u00eecheur au c\u0153ur du centre historique, o\u00f9 l\u2019on se repose \u00e0 l\u2019ombre d\u2019arbres anciens, berc\u00e9 par les \u00e9chos du pass\u00e9. La carte met en lumi\u00e8re les joyaux architecturaux qui fa\u00e7onnent l\u2019\u00e2me de la ville : la majestueuse Piazza Maggiore, o\u00f9 s\u2019\u00e9l\u00e8ve la basilique San Petronio, l\u2019une des plus vastes au monde, ainsi que le Palazzo d&rsquo;Accursio, symbole \u00e9clatant du riche h\u00e9ritage culturel et intellectuel de Bologne.<\/p>\n","protected":false},"excerpt":{"rendered":"<p>Achetez une City Map \u2013 Carte de ville murale &#8211; imprim\u00e9e de la ville de Bologne, Italie.<br \/>\nChoisissez ci-dessous la taille, la couleur et le design de votre carte !<\/p>\n","protected":false},"featured_media":24642,"template":"","meta":{"_uag_custom_page_level_css":"","_monsterinsights_skip_tracking":false,"_monsterinsights_sitenote_active":false,"_monsterinsights_sitenote_note":"","_monsterinsights_sitenote_category":0,"site-sidebar-layout":"default","site-content-layout":"","ast-site-content-layout":"default","site-content-style":"default","site-sidebar-style":"default","ast-global-header-display":"","ast-banner-title-visibility":"","ast-main-header-display":"","ast-hfb-above-header-display":"","ast-hfb-below-header-display":"","ast-hfb-mobile-header-display":"","site-post-title":"","ast-breadcrumbs-content":"","ast-featured-img":"","footer-sml-layout":"","ast-disable-related-posts":"","theme-transparent-header-meta":"default","adv-header-id-meta":"","stick-header-meta":"","header-above-stick-meta":"","header-main-stick-meta":"","header-below-stick-meta":"","astra-migrate-meta-layouts":"set","ast-page-background-enabled":"default","ast-page-background-meta":{"desktop":{"background-color":"","background-image":"","background-repeat":"repeat","background-position":"center center","background-size":"auto","background-attachment":"scroll","background-type":"","background-media":"","overlay-type":"","overlay-color":"","overlay-opacity":"","overlay-gradient":""},"tablet":{"background-color":"","background-image":"","background-repeat":"repeat","background-position":"center center","background-size":"auto","background-attachment":"scroll","background-type":"","background-media":"","overlay-type":"","overlay-color":"","overlay-opacity":"","overlay-gradient":""},"mobile":{"background-color":"","background-image":"","background-repeat":"repeat","background-position":"center center","background-size":"auto","background-attachment":"scroll","background-type":"","background-media":"","overlay-type":"","overlay-color":"","overlay-opacity":"","overlay-gradient":""}},"ast-content-background-meta":{"desktop":{"background-color":"var(--ast-global-color-5)","background-image":"","background-repeat":"repeat","background-position":"center center","background-size":"auto","background-attachment":"scroll","background-type":"","background-media":"","overlay-type":"","overlay-color":"","overlay-opacity":"","overlay-gradient":""},"tablet":{"background-color":"var(--ast-global-color-5)","background-image":"","background-repeat":"repeat","background-position":"center center","background-size":"auto","background-attachment":"scroll","background-type":"","background-media":"","overlay-type":"","overlay-color":"","overlay-opacity":"","overlay-gradient":""},"mobile":{"background-color":"var(--ast-global-color-5)","background-image":"","background-repeat":"repeat","background-position":"center center","background-size":"auto","background-attachment":"scroll","background-type":"","background-media":"","overlay-type":"","overlay-color":"","overlay-opacity":"","overlay-gradient":""}}},"product_brand":[],"product_cat":[18],"product_tag":[34,35,36,37,1133,39,40,93,180,913,181],"class_list":{"0":"post-21553","1":"product","2":"type-product","3":"status-publish","4":"has-post-thumbnail","6":"product_cat-city-maps","7":"product_tag-30x40","8":"product_tag-40x50","9":"product_tag-50x70","10":"product_tag-70x100","11":"product_tag-bologna","12":"product_tag-canvas","13":"product_tag-city-map","14":"product_tag-europe","15":"product_tag-italia","16":"product_tag-italie","17":"product_tag-italy","18":"desktop-align-left","19":"tablet-align-left","20":"mobile-align-left","22":"first","23":"instock","24":"shipping-taxable","25":"purchasable","26":"product-type-variable"},"aioseo_notices":[],"uagb_featured_image_src":{"full":["https:\/\/mapospheres.eu\/wp-content\/uploads\/2026\/03\/CANVAS_11_NIGHT_3RD_1_BOLOGNA.jpg",1000,1000,false],"thumbnail":["https:\/\/mapospheres.eu\/wp-content\/uploads\/2026\/03\/CANVAS_11_NIGHT_3RD_1_BOLOGNA-150x150.jpg",150,150,true],"medium":["https:\/\/mapospheres.eu\/wp-content\/uploads\/2026\/03\/CANVAS_11_NIGHT_3RD_1_BOLOGNA-300x300.jpg",300,300,true],"medium_large":["https:\/\/mapospheres.eu\/wp-content\/uploads\/2026\/03\/CANVAS_11_NIGHT_3RD_1_BOLOGNA-768x768.jpg",768,768,true],"large":["https:\/\/mapospheres.eu\/wp-content\/uploads\/2026\/03\/CANVAS_11_NIGHT_3RD_1_BOLOGNA.jpg",1000,1000,false],"1536x1536":["https:\/\/mapospheres.eu\/wp-content\/uploads\/2026\/03\/CANVAS_11_NIGHT_3RD_1_BOLOGNA.jpg",1000,1000,false],"2048x2048":["https:\/\/mapospheres.eu\/wp-content\/uploads\/2026\/03\/CANVAS_11_NIGHT_3RD_1_BOLOGNA.jpg",1000,1000,false],"woocommerce_thumbnail":["https:\/\/mapospheres.eu\/wp-content\/uploads\/2026\/03\/CANVAS_11_NIGHT_3RD_1_BOLOGNA-300x300.jpg",300,300,true],"woocommerce_single":["https:\/\/mapospheres.eu\/wp-content\/uploads\/2026\/03\/CANVAS_11_NIGHT_3RD_1_BOLOGNA-600x600.jpg",600,600,true],"woocommerce_gallery_thumbnail":["https:\/\/mapospheres.eu\/wp-content\/uploads\/2026\/03\/CANVAS_11_NIGHT_3RD_1_BOLOGNA-100x100.jpg",100,100,true]},"uagb_author_info":{"display_name":"sgainot04@gmail.com","author_link":"https:\/\/mapospheres.eu\/fr\/author\/"},"uagb_comment_info":0,"uagb_excerpt":"Achetez une City Map \u2013 Carte de ville murale - imprim\u00e9e de la ville de Bologne, Italie. Choisissez ci-dessous la taille, la couleur et le design de votre carte !","_links":{"self":[{"href":"https:\/\/mapospheres.eu\/fr\/wp-json\/wp\/v2\/product\/21553","targetHints":{"allow":["GET"]}}],"collection":[{"href":"https:\/\/mapospheres.eu\/fr\/wp-json\/wp\/v2\/product"}],"about":[{"href":"https:\/\/mapospheres.eu\/fr\/wp-json\/wp\/v2\/types\/product"}],"wp:featuredmedia":[{"embeddable":true,"href":"https:\/\/mapospheres.eu\/fr\/wp-json\/wp\/v2\/media\/24642"}],"wp:attachment":[{"href":"https:\/\/mapospheres.eu\/fr\/wp-json\/wp\/v2\/media?parent=21553"}],"wp:term":[{"taxonomy":"product_brand","embeddable":true,"href":"https:\/\/mapospheres.eu\/fr\/wp-json\/wp\/v2\/product_brand?post=21553"},{"taxonomy":"product_cat","embeddable":true,"href":"https:\/\/mapospheres.eu\/fr\/wp-json\/wp\/v2\/product_cat?post=21553"},{"taxonomy":"product_tag","embeddable":true,"href":"https:\/\/mapospheres.eu\/fr\/wp-json\/wp\/v2\/product_tag?post=21553"}],"curies":[{"name":"wp","href":"https:\/\/api.w.org\/{rel}","templated":true}]}}