{"id":21554,"date":"2026-03-17T13:58:33","date_gmt":"2026-03-17T13:58:33","guid":{"rendered":"https:\/\/mapospheres.eu\/product\/poster-of-cagliari-italy\/"},"modified":"2026-03-31T14:14:50","modified_gmt":"2026-03-31T14:14:50","slug":"poster-of-cagliari-italy","status":"publish","type":"product","link":"https:\/\/mapospheres.eu\/fr\/product\/poster-de-cagliari-italie\/","title":{"rendered":"Poster de Cagliari | Italie"},"content":{"rendered":"<p><strong>Poster City map de Cagliari, Italie : Des vestiges antiques au port vibrant de vie, des reflets azur\u00e9s de la M\u00e9diterran\u00e9e aux collines verdoyantes, cette carte de Cagliari saisit l\u2019\u00e2me d\u2019une cit\u00e9 o\u00f9 l\u2019histoire, la nature et la culture s\u2019\u00e9panouissent \u00e0 l\u2019unisson.<\/strong><\/p>\n<p>Lov\u00e9e \u00e0 l\u2019extr\u00e9mit\u00e9 m\u00e9ridionale de la Sardaigne, Cagliari se d\u00e9ploie entre les eaux scintillantes de la M\u00e9diterran\u00e9e et les reliefs escarp\u00e9s qui s\u2019\u00e9l\u00e8vent avec caract\u00e8re depuis le littoral. La carte en r\u00e9v\u00e8le avec finesse la topographie saisissante, des rivages dor\u00e9s de la plage de Poetto, \u00e9tir\u00e9s le long de la baie, jusqu\u2019aux hauteurs du Bastione di Saint Remy, offrant des panoramas majestueux sur la ville et ses horizons. Le paysage de Cagliari compose une symphonie o\u00f9 la vie urbaine dialogue avec la beaut\u00e9 sauvage. Le Parco della Musica et l\u2019Orto Botanico invitent \u00e0 la qui\u00e9tude, promenades parfum\u00e9es entre essences m\u00e9diterran\u00e9ennes, berc\u00e9es par les senteurs m\u00eal\u00e9es des fleurs sauvages et de l\u2019air marin. Ces \u00e9crins de verdure contrastent avec les pierres anciennes et les ruelles sinueuses du quartier historique de Castello, perch\u00e9 tel un gardien intemporel, veillant sur les si\u00e8cles \u00e9coul\u00e9s. Le dessin de la carte met en lumi\u00e8re les joyaux architecturaux de Cagliari. La Cattedrale di Santa Maria tr\u00f4ne avec \u00e9l\u00e9gance au c\u0153ur du centre ancien, r\u00e9v\u00e9lant dans chaque pierre son h\u00e9ritage m\u00e9di\u00e9val. Non loin, l\u2019amphith\u00e9\u00e2tre romain murmure les r\u00e9cits d\u2019un pass\u00e9 antique, tandis que la Torre dell&rsquo;Elefante et la Torre di San Pancrazio rappellent les fortifications s\u00e9culaires, dress\u00e9es comme des sentinelles, observant encore la ville moderne avec la m\u00eame vigilance qu\u2019autrefois.<\/p>\n","protected":false},"excerpt":{"rendered":"<p>Obtenez une City Map \u2013 Carte de ville murale &#8211; imprim\u00e9e de la ville de Cagliari, Italie.<br \/>\nChoisissez ci-dessous la taille, la couleur et le design de votre carte !<\/p>\n","protected":false},"featured_media":24147,"template":"","meta":{"_uag_custom_page_level_css":"","_monsterinsights_skip_tracking":false,"_monsterinsights_sitenote_active":false,"_monsterinsights_sitenote_note":"","_monsterinsights_sitenote_category":0,"site-sidebar-layout":"default","site-content-layout":"","ast-site-content-layout":"default","site-content-style":"default","site-sidebar-style":"default","ast-global-header-display":"","ast-banner-title-visibility":"","ast-main-header-display":"","ast-hfb-above-header-display":"","ast-hfb-below-header-display":"","ast-hfb-mobile-header-display":"","site-post-title":"","ast-breadcrumbs-content":"","ast-featured-img":"","footer-sml-layout":"","ast-disable-related-posts":"","theme-transparent-header-meta":"default","adv-header-id-meta":"","stick-header-meta":"","header-above-stick-meta":"","header-main-stick-meta":"","header-below-stick-meta":"","astra-migrate-meta-layouts":"set","ast-page-background-enabled":"default","ast-page-background-meta":{"desktop":{"background-color":"","background-image":"","background-repeat":"repeat","background-position":"center center","background-size":"auto","background-attachment":"scroll","background-type":"","background-media":"","overlay-type":"","overlay-color":"","overlay-opacity":"","overlay-gradient":""},"tablet":{"background-color":"","background-image":"","background-repeat":"repeat","background-position":"center center","background-size":"auto","background-attachment":"scroll","background-type":"","background-media":"","overlay-type":"","overlay-color":"","overlay-opacity":"","overlay-gradient":""},"mobile":{"background-color":"","background-image":"","background-repeat":"repeat","background-position":"center center","background-size":"auto","background-attachment":"scroll","background-type":"","background-media":"","overlay-type":"","overlay-color":"","overlay-opacity":"","overlay-gradient":""}},"ast-content-background-meta":{"desktop":{"background-color":"var(--ast-global-color-5)","background-image":"","background-repeat":"repeat","background-position":"center center","background-size":"auto","background-attachment":"scroll","background-type":"","background-media":"","overlay-type":"","overlay-color":"","overlay-opacity":"","overlay-gradient":""},"tablet":{"background-color":"var(--ast-global-color-5)","background-image":"","background-repeat":"repeat","background-position":"center center","background-size":"auto","background-attachment":"scroll","background-type":"","background-media":"","overlay-type":"","overlay-color":"","overlay-opacity":"","overlay-gradient":""},"mobile":{"background-color":"var(--ast-global-color-5)","background-image":"","background-repeat":"repeat","background-position":"center center","background-size":"auto","background-attachment":"scroll","background-type":"","background-media":"","overlay-type":"","overlay-color":"","overlay-opacity":"","overlay-gradient":""}}},"product_brand":[],"product_cat":[18],"product_tag":[34,35,36,37,1111,39,40,93,180,913,181,1112],"class_list":{"0":"post-21554","1":"product","2":"type-product","3":"status-publish","4":"has-post-thumbnail","6":"product_cat-city-maps","7":"product_tag-30x40","8":"product_tag-40x50","9":"product_tag-50x70","10":"product_tag-70x100","11":"product_tag-cagliari","12":"product_tag-canvas","13":"product_tag-city-map","14":"product_tag-europe","15":"product_tag-italia","16":"product_tag-italie","17":"product_tag-italy","18":"product_tag-sardinia","19":"desktop-align-left","20":"tablet-align-left","21":"mobile-align-left","23":"first","24":"instock","25":"shipping-taxable","26":"product-type-variable"},"aioseo_notices":[],"uagb_featured_image_src":{"full":["https:\/\/mapospheres.eu\/wp-content\/uploads\/2026\/03\/CANVAS_13_BW_MP_3_CAGLIARI.jpg",1000,1000,false],"thumbnail":["https:\/\/mapospheres.eu\/wp-content\/uploads\/2026\/03\/CANVAS_13_BW_MP_3_CAGLIARI-150x150.jpg",150,150,true],"medium":["https:\/\/mapospheres.eu\/wp-content\/uploads\/2026\/03\/CANVAS_13_BW_MP_3_CAGLIARI-300x300.jpg",300,300,true],"medium_large":["https:\/\/mapospheres.eu\/wp-content\/uploads\/2026\/03\/CANVAS_13_BW_MP_3_CAGLIARI-768x768.jpg",768,768,true],"large":["https:\/\/mapospheres.eu\/wp-content\/uploads\/2026\/03\/CANVAS_13_BW_MP_3_CAGLIARI.jpg",1000,1000,false],"1536x1536":["https:\/\/mapospheres.eu\/wp-content\/uploads\/2026\/03\/CANVAS_13_BW_MP_3_CAGLIARI.jpg",1000,1000,false],"2048x2048":["https:\/\/mapospheres.eu\/wp-content\/uploads\/2026\/03\/CANVAS_13_BW_MP_3_CAGLIARI.jpg",1000,1000,false],"woocommerce_thumbnail":["https:\/\/mapospheres.eu\/wp-content\/uploads\/2026\/03\/CANVAS_13_BW_MP_3_CAGLIARI-300x300.jpg",300,300,true],"woocommerce_single":["https:\/\/mapospheres.eu\/wp-content\/uploads\/2026\/03\/CANVAS_13_BW_MP_3_CAGLIARI-600x600.jpg",600,600,true],"woocommerce_gallery_thumbnail":["https:\/\/mapospheres.eu\/wp-content\/uploads\/2026\/03\/CANVAS_13_BW_MP_3_CAGLIARI-100x100.jpg",100,100,true]},"uagb_author_info":{"display_name":"sgainot04@gmail.com","author_link":"https:\/\/mapospheres.eu\/fr\/author\/"},"uagb_comment_info":0,"uagb_excerpt":"Obtenez une City Map \u2013 Carte de ville murale - imprim\u00e9e de la ville de Cagliari, Italie. Choisissez ci-dessous la taille, la couleur et le design de votre carte !","_links":{"self":[{"href":"https:\/\/mapospheres.eu\/fr\/wp-json\/wp\/v2\/product\/21554","targetHints":{"allow":["GET"]}}],"collection":[{"href":"https:\/\/mapospheres.eu\/fr\/wp-json\/wp\/v2\/product"}],"about":[{"href":"https:\/\/mapospheres.eu\/fr\/wp-json\/wp\/v2\/types\/product"}],"wp:featuredmedia":[{"embeddable":true,"href":"https:\/\/mapospheres.eu\/fr\/wp-json\/wp\/v2\/media\/24147"}],"wp:attachment":[{"href":"https:\/\/mapospheres.eu\/fr\/wp-json\/wp\/v2\/media?parent=21554"}],"wp:term":[{"taxonomy":"product_brand","embeddable":true,"href":"https:\/\/mapospheres.eu\/fr\/wp-json\/wp\/v2\/product_brand?post=21554"},{"taxonomy":"product_cat","embeddable":true,"href":"https:\/\/mapospheres.eu\/fr\/wp-json\/wp\/v2\/product_cat?post=21554"},{"taxonomy":"product_tag","embeddable":true,"href":"https:\/\/mapospheres.eu\/fr\/wp-json\/wp\/v2\/product_tag?post=21554"}],"curies":[{"name":"wp","href":"https:\/\/api.w.org\/{rel}","templated":true}]}}