{"id":21555,"date":"2026-03-17T13:58:38","date_gmt":"2026-03-17T13:58:38","guid":{"rendered":"https:\/\/mapospheres.eu\/product\/poster-of-naples-italy\/"},"modified":"2026-03-31T14:29:41","modified_gmt":"2026-03-31T14:29:41","slug":"poster-of-naples-italy","status":"publish","type":"product","link":"https:\/\/mapospheres.eu\/fr\/product\/poster-de-naples-italie\/","title":{"rendered":"Poster de Naples | Italie"},"content":{"rendered":"<p><strong>Poster City map de Naples, Italie : Des contours audacieux du relief aux ruelles enchev\u00eatr\u00e9es, cette carte invite \u00e0 un voyage visuel au c\u0153ur de l\u2019une des villes les plus envo\u00fbtantes d\u2019Italie.<\/strong><\/p>\n<p>Entre les eaux miroitantes de la baie de Naples et la pr\u00e9sence imposante du mont V\u00e9suve, la carte r\u00e9v\u00e8le toute la dramaturgie du paysage napolitain. Les collines abruptes et les ruelles \u00e9troites qui serpentent \u00e0 travers Naples t\u00e9moignent d\u2019une g\u00e9ographie singuli\u00e8re, o\u00f9 chaque d\u00e9tour d\u00e9voile une nouvelle perspective \u2014 tant\u00f4t le littoral s\u2019\u00e9tirant vers l\u2019infini marin, tant\u00f4t la silhouette majestueuse du V\u00e9suve, veillant sur la ville d\u2019une force silencieuse et \u00e9nigmatique. La carte met en lumi\u00e8re les espaces de verdure de Naples, o\u00f9 nature et histoire s\u2019entrelacent harmonieusement. Le Parco Virgiliano, perch\u00e9 sur les hauteurs face au golfe, offre une parenth\u00e8se de s\u00e9r\u00e9nit\u00e9 loin de l\u2019effervescence urbaine, tandis que la Villa Comunale ouvre une \u00e9chapp\u00e9e douce en bord de mer. Ces havres de verdure contrastent avec l\u2019\u00e9nergie vibrante des rues, anim\u00e9es par le bourdonnement des Vespas et les effluves envo\u00fbtantes de pizza fra\u00eechement sortie du four. Les monuments embl\u00e9matiques de Naples surgissent sur la carte comme autant de r\u00e9cits grav\u00e9s dans le temps. Le Castel dell&rsquo;Ovo, pos\u00e9 au bord de l\u2019eau, semble prot\u00e9ger la ville de ses remparts ancestraux, tandis que le majestueux Duomo di Napoli s\u2019\u00e9l\u00e8ve fi\u00e8rement au c\u0153ur du centre historique, t\u00e9moin d\u2019une spiritualit\u00e9 profonde et d\u2019un riche h\u00e9ritage m\u00e9di\u00e9val. Enfin, la carte souligne avec finesse la Spaccanapoli, art\u00e8re \u00e9troite et anim\u00e9e qui traverse la vieille ville comme une colonne vert\u00e9brale, bord\u00e9e d\u2019\u00e9glises, d\u2019\u00e9choppes et de ce tumulte vivant qui fait battre le c\u0153ur de Naples.<\/p>\n","protected":false},"excerpt":{"rendered":"<p>Obtenez une City Map \u2013 Carte de ville murale &#8211; imprim\u00e9e de la ville de Naples, Italie.<br \/>\nChoisissez ci-dessous la taille, la couleur et le design de votre carte !<\/p>\n","protected":false},"featured_media":24139,"template":"","meta":{"_uag_custom_page_level_css":"","_monsterinsights_skip_tracking":false,"_monsterinsights_sitenote_active":false,"_monsterinsights_sitenote_note":"","_monsterinsights_sitenote_category":0,"site-sidebar-layout":"default","site-content-layout":"","ast-site-content-layout":"default","site-content-style":"default","site-sidebar-style":"default","ast-global-header-display":"","ast-banner-title-visibility":"","ast-main-header-display":"","ast-hfb-above-header-display":"","ast-hfb-below-header-display":"","ast-hfb-mobile-header-display":"","site-post-title":"","ast-breadcrumbs-content":"","ast-featured-img":"","footer-sml-layout":"","ast-disable-related-posts":"","theme-transparent-header-meta":"default","adv-header-id-meta":"","stick-header-meta":"","header-above-stick-meta":"","header-main-stick-meta":"","header-below-stick-meta":"","astra-migrate-meta-layouts":"set","ast-page-background-enabled":"default","ast-page-background-meta":{"desktop":{"background-color":"","background-image":"","background-repeat":"repeat","background-position":"center center","background-size":"auto","background-attachment":"scroll","background-type":"","background-media":"","overlay-type":"","overlay-color":"","overlay-opacity":"","overlay-gradient":""},"tablet":{"background-color":"","background-image":"","background-repeat":"repeat","background-position":"center center","background-size":"auto","background-attachment":"scroll","background-type":"","background-media":"","overlay-type":"","overlay-color":"","overlay-opacity":"","overlay-gradient":""},"mobile":{"background-color":"","background-image":"","background-repeat":"repeat","background-position":"center center","background-size":"auto","background-attachment":"scroll","background-type":"","background-media":"","overlay-type":"","overlay-color":"","overlay-opacity":"","overlay-gradient":""}},"ast-content-background-meta":{"desktop":{"background-color":"var(--ast-global-color-5)","background-image":"","background-repeat":"repeat","background-position":"center center","background-size":"auto","background-attachment":"scroll","background-type":"","background-media":"","overlay-type":"","overlay-color":"","overlay-opacity":"","overlay-gradient":""},"tablet":{"background-color":"var(--ast-global-color-5)","background-image":"","background-repeat":"repeat","background-position":"center center","background-size":"auto","background-attachment":"scroll","background-type":"","background-media":"","overlay-type":"","overlay-color":"","overlay-opacity":"","overlay-gradient":""},"mobile":{"background-color":"var(--ast-global-color-5)","background-image":"","background-repeat":"repeat","background-position":"center center","background-size":"auto","background-attachment":"scroll","background-type":"","background-media":"","overlay-type":"","overlay-color":"","overlay-opacity":"","overlay-gradient":""}}},"product_brand":[],"product_cat":[18,338,464],"product_tag":[34,35,36,37,1107,39,40,93,180,913,181,1108,1109,1110],"class_list":{"0":"post-21555","1":"product","2":"type-product","3":"status-publish","4":"has-post-thumbnail","6":"product_cat-city-maps","7":"product_cat-featured_eng","8":"product_cat-featured_fr","9":"product_tag-30x40","10":"product_tag-40x50","11":"product_tag-50x70","12":"product_tag-70x100","13":"product_tag-campania","14":"product_tag-canvas","15":"product_tag-city-map","16":"product_tag-europe","17":"product_tag-italia","18":"product_tag-italie","19":"product_tag-italy","20":"product_tag-naples","21":"product_tag-napoli","22":"product_tag-napule","23":"desktop-align-left","24":"tablet-align-left","25":"mobile-align-left","27":"first","28":"instock","29":"shipping-taxable","30":"product-type-variable"},"aioseo_notices":[],"uagb_featured_image_src":{"full":["https:\/\/mapospheres.eu\/wp-content\/uploads\/2026\/03\/Z21_NIGHT_FULL__NAPLES.jpg",1000,1000,false],"thumbnail":["https:\/\/mapospheres.eu\/wp-content\/uploads\/2026\/03\/Z21_NIGHT_FULL__NAPLES-150x150.jpg",150,150,true],"medium":["https:\/\/mapospheres.eu\/wp-content\/uploads\/2026\/03\/Z21_NIGHT_FULL__NAPLES-300x300.jpg",300,300,true],"medium_large":["https:\/\/mapospheres.eu\/wp-content\/uploads\/2026\/03\/Z21_NIGHT_FULL__NAPLES-768x768.jpg",768,768,true],"large":["https:\/\/mapospheres.eu\/wp-content\/uploads\/2026\/03\/Z21_NIGHT_FULL__NAPLES.jpg",1000,1000,false],"1536x1536":["https:\/\/mapospheres.eu\/wp-content\/uploads\/2026\/03\/Z21_NIGHT_FULL__NAPLES.jpg",1000,1000,false],"2048x2048":["https:\/\/mapospheres.eu\/wp-content\/uploads\/2026\/03\/Z21_NIGHT_FULL__NAPLES.jpg",1000,1000,false],"woocommerce_thumbnail":["https:\/\/mapospheres.eu\/wp-content\/uploads\/2026\/03\/Z21_NIGHT_FULL__NAPLES-300x300.jpg",300,300,true],"woocommerce_single":["https:\/\/mapospheres.eu\/wp-content\/uploads\/2026\/03\/Z21_NIGHT_FULL__NAPLES-600x600.jpg",600,600,true],"woocommerce_gallery_thumbnail":["https:\/\/mapospheres.eu\/wp-content\/uploads\/2026\/03\/Z21_NIGHT_FULL__NAPLES-100x100.jpg",100,100,true]},"uagb_author_info":{"display_name":"sgainot04@gmail.com","author_link":"https:\/\/mapospheres.eu\/fr\/author\/"},"uagb_comment_info":0,"uagb_excerpt":"Obtenez une City Map \u2013 Carte de ville murale - imprim\u00e9e de la ville de Naples, Italie. Choisissez ci-dessous la taille, la couleur et le design de votre carte !","_links":{"self":[{"href":"https:\/\/mapospheres.eu\/fr\/wp-json\/wp\/v2\/product\/21555","targetHints":{"allow":["GET"]}}],"collection":[{"href":"https:\/\/mapospheres.eu\/fr\/wp-json\/wp\/v2\/product"}],"about":[{"href":"https:\/\/mapospheres.eu\/fr\/wp-json\/wp\/v2\/types\/product"}],"wp:featuredmedia":[{"embeddable":true,"href":"https:\/\/mapospheres.eu\/fr\/wp-json\/wp\/v2\/media\/24139"}],"wp:attachment":[{"href":"https:\/\/mapospheres.eu\/fr\/wp-json\/wp\/v2\/media?parent=21555"}],"wp:term":[{"taxonomy":"product_brand","embeddable":true,"href":"https:\/\/mapospheres.eu\/fr\/wp-json\/wp\/v2\/product_brand?post=21555"},{"taxonomy":"product_cat","embeddable":true,"href":"https:\/\/mapospheres.eu\/fr\/wp-json\/wp\/v2\/product_cat?post=21555"},{"taxonomy":"product_tag","embeddable":true,"href":"https:\/\/mapospheres.eu\/fr\/wp-json\/wp\/v2\/product_tag?post=21555"}],"curies":[{"name":"wp","href":"https:\/\/api.w.org\/{rel}","templated":true}]}}