{"id":21556,"date":"2026-03-17T13:58:44","date_gmt":"2026-03-17T13:58:44","guid":{"rendered":"https:\/\/mapospheres.eu\/product\/poster-of-syracuse-italy\/"},"modified":"2026-03-31T14:12:39","modified_gmt":"2026-03-31T14:12:39","slug":"poster-of-syracuse-italy","status":"publish","type":"product","link":"https:\/\/mapospheres.eu\/fr\/product\/poster-de-syracuse-italie\/","title":{"rendered":"Poster de Syracuse | Italie"},"content":{"rendered":"<p><strong>Poster City map de Syracuse, Italie : entre rivages m\u00e9diterran\u00e9ens, \u00e9crins de verdure et monuments saisissants, cette carte de Syracuse ouvre une fen\u00eatre sur une cit\u00e9 qui, depuis des si\u00e8cles, enchante voyageurs, philosophes et po\u00e8tes.<\/strong><\/p>\n<p>La carte de la ville de Syracuse, en Sicile, est une \u0153uvre fascinante qui capture avec d\u00e9licatesse le charme antique et la g\u00e9ographie spectaculaire de la cit\u00e9. Nich\u00e9e sur la c\u00f4te sud-est de l\u2019\u00eele, elle met en lumi\u00e8re les eaux scintillantes de la mer Ionienne qui enlacent doucement le littoral, tandis que les plaines fertiles s\u2019\u00e9tendent \u00e0 perte de vue. La mer n\u2019est pas qu\u2019un d\u00e9cor : elle est l\u2019\u00e2me m\u00eame de la ville, l\u2019ayant fa\u00e7onn\u00e9e au fil des mill\u00e9naires, depuis sa grandeur en tant que colonie grecque jusqu\u2019\u00e0 son attrait d\u2019aujourd\u2019hui. Syracuse se r\u00e9v\u00e8le aussi verdoyante qu\u2019historique, parsem\u00e9e de parcs et de jardins luxuriants offrant ombre et qui\u00e9tude. Le Parco Archeologico della Neapolis en est l\u2019exemple le plus saisissant, o\u00f9 th\u00e9\u00e2tres antiques et vestiges de temples reposent au c\u0153ur d\u2019un paysage harmonieux, m\u00ealant nature et m\u00e9moire des \u00e2ges pass\u00e9s. La carte d\u00e9voile ces espaces verts comme autant d\u2019invitations \u00e0 ralentir, qu\u2019il s\u2019agisse du paisible Giardino Bellini ou des promenades c\u00f4ti\u00e8res offrant des panoramas inoubliables sur la M\u00e9diterran\u00e9e. Le souci du d\u00e9tail r\u00e9v\u00e8le \u00e9galement les tr\u00e9sors embl\u00e9matiques de la ville. L\u2019incontournable Isola di Ortigia, c\u0153ur vibrant de Syracuse, se distingue par ses ruelles \u00e9troites, ses \u00e9difices anciens et les reflets chatoyants de son port, composant une vision hors du temps. Dominant cet ensemble, le Duomo di Siracusa s\u2019\u00e9l\u00e8ve avec majest\u00e9, \u00e9difi\u00e9 dans les vestiges d\u2019un ancien temple grec, o\u00f9 les strates de l\u2019histoire se superposent avec gr\u00e2ce. Le puissant Teatro Greco et la spectaculaire Latomia del Paradiso \u2014 anciennes carri\u00e8res de pierre devenues jardins paisibles \u2014 enrichissent encore la carte de leur beaut\u00e9 intemporelle. En parcourant cette carte, Syracuse se d\u00e9voile comme bien plus qu\u2019une ville de pierres et de ruelles : c\u2019est un lieu o\u00f9 la nature, l\u2019histoire et la culture s\u2019entrelacent avec harmonie. Et peut-\u00eatre, en pr\u00eatant l\u2019oreille, entendrez-vous murmurer les pens\u00e9es d\u2019Archim\u00e8de, s\u2019\u00e9levant doucement de la carte, comme un \u00e9cho \u00e0 la beaut\u00e9 \u00e9ternelle de sa cit\u00e9 bien-aim\u00e9e.<\/p>\n","protected":false},"excerpt":{"rendered":"<p>Obtenez une City Map \u2013 Carte de ville murale &#8211; imprim\u00e9e de la ville de Syracuse, Italie.<br \/>\nChoisissez ci-dessous la taille, la couleur et le design de votre carte !<\/p>\n","protected":false},"featured_media":24114,"template":"","meta":{"_uag_custom_page_level_css":"","_monsterinsights_skip_tracking":false,"_monsterinsights_sitenote_active":false,"_monsterinsights_sitenote_note":"","_monsterinsights_sitenote_category":0,"site-sidebar-layout":"default","site-content-layout":"","ast-site-content-layout":"default","site-content-style":"default","site-sidebar-style":"default","ast-global-header-display":"","ast-banner-title-visibility":"","ast-main-header-display":"","ast-hfb-above-header-display":"","ast-hfb-below-header-display":"","ast-hfb-mobile-header-display":"","site-post-title":"","ast-breadcrumbs-content":"","ast-featured-img":"","footer-sml-layout":"","ast-disable-related-posts":"","theme-transparent-header-meta":"default","adv-header-id-meta":"","stick-header-meta":"","header-above-stick-meta":"","header-main-stick-meta":"","header-below-stick-meta":"","astra-migrate-meta-layouts":"set","ast-page-background-enabled":"default","ast-page-background-meta":{"desktop":{"background-color":"","background-image":"","background-repeat":"repeat","background-position":"center center","background-size":"auto","background-attachment":"scroll","background-type":"","background-media":"","overlay-type":"","overlay-color":"","overlay-opacity":"","overlay-gradient":""},"tablet":{"background-color":"","background-image":"","background-repeat":"repeat","background-position":"center center","background-size":"auto","background-attachment":"scroll","background-type":"","background-media":"","overlay-type":"","overlay-color":"","overlay-opacity":"","overlay-gradient":""},"mobile":{"background-color":"","background-image":"","background-repeat":"repeat","background-position":"center center","background-size":"auto","background-attachment":"scroll","background-type":"","background-media":"","overlay-type":"","overlay-color":"","overlay-opacity":"","overlay-gradient":""}},"ast-content-background-meta":{"desktop":{"background-color":"var(--ast-global-color-5)","background-image":"","background-repeat":"repeat","background-position":"center center","background-size":"auto","background-attachment":"scroll","background-type":"","background-media":"","overlay-type":"","overlay-color":"","overlay-opacity":"","overlay-gradient":""},"tablet":{"background-color":"var(--ast-global-color-5)","background-image":"","background-repeat":"repeat","background-position":"center center","background-size":"auto","background-attachment":"scroll","background-type":"","background-media":"","overlay-type":"","overlay-color":"","overlay-opacity":"","overlay-gradient":""},"mobile":{"background-color":"var(--ast-global-color-5)","background-image":"","background-repeat":"repeat","background-position":"center center","background-size":"auto","background-attachment":"scroll","background-type":"","background-media":"","overlay-type":"","overlay-color":"","overlay-opacity":"","overlay-gradient":""}}},"product_brand":[],"product_cat":[18],"product_tag":[34,35,36,37,39,40,93,180,913,181,1104,546,1105,1106],"class_list":{"0":"post-21556","1":"product","2":"type-product","3":"status-publish","4":"has-post-thumbnail","6":"product_cat-city-maps","7":"product_tag-30x40","8":"product_tag-40x50","9":"product_tag-50x70","10":"product_tag-70x100","11":"product_tag-canvas","12":"product_tag-city-map","13":"product_tag-europe","14":"product_tag-italia","15":"product_tag-italie","16":"product_tag-italy","17":"product_tag-sicilia","18":"product_tag-sicily","19":"product_tag-siracusa","20":"product_tag-syracuse","21":"desktop-align-left","22":"tablet-align-left","23":"mobile-align-left","25":"first","26":"instock","27":"shipping-taxable","28":"product-type-variable"},"aioseo_notices":[],"uagb_featured_image_src":{"full":["https:\/\/mapospheres.eu\/wp-content\/uploads\/2026\/03\/CANVAS_16_BWROUND_2ND_6_SIRACUSA.jpg",1000,1000,false],"thumbnail":["https:\/\/mapospheres.eu\/wp-content\/uploads\/2026\/03\/CANVAS_16_BWROUND_2ND_6_SIRACUSA-150x150.jpg",150,150,true],"medium":["https:\/\/mapospheres.eu\/wp-content\/uploads\/2026\/03\/CANVAS_16_BWROUND_2ND_6_SIRACUSA-300x300.jpg",300,300,true],"medium_large":["https:\/\/mapospheres.eu\/wp-content\/uploads\/2026\/03\/CANVAS_16_BWROUND_2ND_6_SIRACUSA-768x768.jpg",768,768,true],"large":["https:\/\/mapospheres.eu\/wp-content\/uploads\/2026\/03\/CANVAS_16_BWROUND_2ND_6_SIRACUSA.jpg",1000,1000,false],"1536x1536":["https:\/\/mapospheres.eu\/wp-content\/uploads\/2026\/03\/CANVAS_16_BWROUND_2ND_6_SIRACUSA.jpg",1000,1000,false],"2048x2048":["https:\/\/mapospheres.eu\/wp-content\/uploads\/2026\/03\/CANVAS_16_BWROUND_2ND_6_SIRACUSA.jpg",1000,1000,false],"woocommerce_thumbnail":["https:\/\/mapospheres.eu\/wp-content\/uploads\/2026\/03\/CANVAS_16_BWROUND_2ND_6_SIRACUSA-300x300.jpg",300,300,true],"woocommerce_single":["https:\/\/mapospheres.eu\/wp-content\/uploads\/2026\/03\/CANVAS_16_BWROUND_2ND_6_SIRACUSA-600x600.jpg",600,600,true],"woocommerce_gallery_thumbnail":["https:\/\/mapospheres.eu\/wp-content\/uploads\/2026\/03\/CANVAS_16_BWROUND_2ND_6_SIRACUSA-100x100.jpg",100,100,true]},"uagb_author_info":{"display_name":"sgainot04@gmail.com","author_link":"https:\/\/mapospheres.eu\/fr\/author\/"},"uagb_comment_info":0,"uagb_excerpt":"Obtenez une City Map \u2013 Carte de ville murale - imprim\u00e9e de la ville de Syracuse, Italie. Choisissez ci-dessous la taille, la couleur et le design de votre carte !","_links":{"self":[{"href":"https:\/\/mapospheres.eu\/fr\/wp-json\/wp\/v2\/product\/21556","targetHints":{"allow":["GET"]}}],"collection":[{"href":"https:\/\/mapospheres.eu\/fr\/wp-json\/wp\/v2\/product"}],"about":[{"href":"https:\/\/mapospheres.eu\/fr\/wp-json\/wp\/v2\/types\/product"}],"wp:featuredmedia":[{"embeddable":true,"href":"https:\/\/mapospheres.eu\/fr\/wp-json\/wp\/v2\/media\/24114"}],"wp:attachment":[{"href":"https:\/\/mapospheres.eu\/fr\/wp-json\/wp\/v2\/media?parent=21556"}],"wp:term":[{"taxonomy":"product_brand","embeddable":true,"href":"https:\/\/mapospheres.eu\/fr\/wp-json\/wp\/v2\/product_brand?post=21556"},{"taxonomy":"product_cat","embeddable":true,"href":"https:\/\/mapospheres.eu\/fr\/wp-json\/wp\/v2\/product_cat?post=21556"},{"taxonomy":"product_tag","embeddable":true,"href":"https:\/\/mapospheres.eu\/fr\/wp-json\/wp\/v2\/product_tag?post=21556"}],"curies":[{"name":"wp","href":"https:\/\/api.w.org\/{rel}","templated":true}]}}